{"id":379,"date":"2024-08-22T11:47:10","date_gmt":"2024-08-22T09:47:10","guid":{"rendered":"https:\/\/powerockpharma.com\/?page_id=379"},"modified":"2024-09-19T12:46:52","modified_gmt":"2024-09-19T10:46:52","slug":"about-us","status":"publish","type":"page","link":"https:\/\/powerockpharma.com\/cs\/o-nas\/","title":{"rendered":"O n\u00e1s"},"content":{"rendered":"<div id=\"cs-content\" class=\"cs-content\"><div class=\"x-section e379-e1 maj-0 maj-1 maj-2\"><div class=\"x-row x-container max width e379-e2 maj-8 maj-9 maj-d maj-e\"><div class=\"x-row-inner\"><div class=\"x-col e379-e3 maj-m maj-n\"><div class=\"x-text x-text-headline e379-e4 maj-q maj-r maj-s maj-t maj-u maj-v\"><div class=\"x-text-content\"><div class=\"x-text-content-text\"><h1 class=\"x-text-content-text-primary\">O n\u00e1s<\/h1><\/div><\/div><\/div><\/div><\/div><\/div><div class=\"x-row x-container max width e379-e5 maj-8 maj-9 maj-a maj-d maj-f\"><div class=\"x-row-inner\"><div class=\"x-col e379-e6 maj-m maj-o\"><div class=\"x-text x-text-headline e379-e7 maj-r maj-v maj-w maj-x maj-y maj-z maj-10\"><div class=\"x-text-content\"><div class=\"x-text-content-text\"><h2 class=\"x-text-content-text-primary\">Kdo jsme<\/h2><\/div><\/div><\/div><div class=\"x-text x-content e379-e8 maj-13 maj-14 maj-15 maj-16 maj-17\">Powerock Pharma je rychle rostouc\u00ed zdravotnick\u00e1 spole\u010dnost, kter\u00e1 se specializuje na v\u00fdrobu vysoce kvalitn\u00edch chemick\u00fdch \u010dinidel a dopl\u0148k\u016f stravy. Na\u0161e portfolio v\u00fdrobk\u016f zahrnuje \u0161irokou \u0161k\u00e1lu produkt\u016f, jako jsou peptidov\u00e9 lyofiliz\u00e1ty, SARM, nootropika, kter\u00e1 podporuj\u00ed kognitivn\u00ed funkce, a r\u016fzn\u00e9 formy yohimbin\u016f a dopl\u0148k\u016f stravy. Na\u0161i produktovou \u0159adu neust\u00e1le roz\u0161i\u0159ujeme zav\u00e1d\u011bn\u00edm nov\u00fdch chemick\u00fdch \u010dinidel. Krom\u011b toho m\u00e1me k dispozici \u0161irokou \u0161k\u00e1lu dal\u0161\u00edch \u010dinidel na p\u0159\u00e1n\u00ed z\u00e1kazn\u00edka.<\/div><\/div><div class=\"x-col e379-e9 maj-m maj-n\"><span class=\"x-image e379-e10 maj-1d maj-1e\"><img decoding=\"async\" src=\"https:\/\/powerockpharma.com\/wp-content\/uploads\/2024\/08\/about-us-power-pharma.webp\" width=\"1000\" height=\"667\" alt=\"O n\u00e1s power pharma\" loading=\"lazy\"><\/span><\/div><\/div><\/div><\/div><div class=\"x-section e379-e11 maj-0 maj-3 maj-4 maj-5\"><div class=\"x-bg\"><div class=\"x-bg-layer-lower-img\"><img decoding=\"async\" src=\"https:\/\/powerockpharma.com\/wp-content\/uploads\/2024\/08\/our-mission.webp\" alt=\"Image\" loading=\"lazy\" style=\"object-fit: cover; object-position: center;\"\/><\/div><div class=\"x-bg-layer-upper-color\" aria-hidden=\"true\" style=\" background-color: rgba(0, 0, 0, 0.5);\"><\/div><\/div><div class=\"x-row x-container max width e379-e12 maj-9 maj-b maj-d maj-g\"><div class=\"x-row-inner\"><div class=\"x-col e379-e13 maj-m maj-p\"><div class=\"x-text x-text-headline e379-e14 maj-r maj-t maj-w maj-x maj-10 maj-11\"><div class=\"x-text-content\"><div class=\"x-text-content-text\"><h2 class=\"x-text-content-text-primary\">Na\u0161e posl\u00e1n\u00ed<\/h2><\/div><\/div><\/div><div class=\"x-text x-content e379-e15 maj-13 maj-15 maj-16 maj-18 maj-19\">Na\u0161\u00edm posl\u00e1n\u00edm je zlep\u0161ovat zdrav\u00ed a pohodu poskytov\u00e1n\u00edm inovativn\u00edch a \u00fa\u010dinn\u00fdch chemick\u00fdch \u0159e\u0161en\u00ed a dopl\u0148k\u016f stravy. Zav\u00e1zali jsme se zvy\u0161ovat standardy ve farmaceutick\u00e9m pr\u016fmyslu a up\u0159ednost\u0148ujeme kvalitu, bezpe\u010dnost a \u00fa\u010dinnost na\u0161ich v\u00fdrobk\u016f.<\/div><\/div><div class=\"x-col e379-e16 maj-m maj-p\"><div class=\"x-text x-text-headline e379-e17 maj-r maj-t maj-w maj-x maj-10 maj-11\"><div class=\"x-text-content\"><div class=\"x-text-content-text\"><h2 class=\"x-text-content-text-primary\">Na\u0161e vize<\/h2><\/div><\/div><\/div><div class=\"x-text x-content e379-e18 maj-13 maj-15 maj-16 maj-18 maj-1a\">Na\u0161\u00edm c\u00edlem je zaujmout vedouc\u00ed postaven\u00ed v oblasti biotechnologi\u00ed a dopl\u0148k\u016f stravy a poskytovat v\u00fdrobky, kter\u00e9 spl\u0148uj\u00ed nejvy\u0161\u0161\u00ed standardy na\u0161ich z\u00e1kazn\u00edk\u016f. V\u011b\u0159\u00edme v s\u00edlu v\u011bdy a technologie, a proto neust\u00e1le investujeme do v\u00fdzkumu a v\u00fdvoje, abychom poskytovali \u0161pi\u010dkov\u00e1 \u0159e\u0161en\u00ed podporuj\u00edc\u00ed zdrav\u00ed.<\/div><\/div><\/div><\/div><\/div><div class=\"x-section e379-e19 maj-0 maj-2 maj-3 maj-4\"><div class=\"x-row x-container max width e379-e20 maj-8 maj-9 maj-d maj-h\"><div class=\"x-row-inner\"><div class=\"x-col e379-e21 maj-m maj-n\"><div class=\"x-text x-text-headline e379-e22 maj-q maj-r maj-v maj-x maj-y maj-z maj-10\"><div class=\"x-text-content\"><div class=\"x-text-content-text\"><h2 class=\"x-text-content-text-primary\">Na\u0161e hodnoty<\/h2><\/div><\/div><\/div><\/div><\/div><\/div><div class=\"x-row x-container max width e379-e23 maj-8 maj-9 maj-c maj-d maj-i\"><div class=\"x-row-inner\"><div class=\"x-col e379-e24 maj-m maj-n\"><div class=\"x-grid x-container max width e379-e25 maj-1g maj-1h maj-1i\"><div class=\"x-cell e379-e26 maj-1m maj-1n maj-1o\"><div class=\"x-text x-text-headline e379-e27 maj-r maj-u maj-w maj-y maj-10 maj-12\"><div class=\"x-text-content\"><div class=\"x-text-content-text\"><p class=\"x-text-content-text-primary\">Kvalita<\/p><\/div><\/div><\/div><div class=\"x-text x-content e379-e28 maj-13 maj-14 maj-15 maj-1b\"><p>Ka\u017ed\u00fd v\u00fdrobek, kter\u00fd opust\u00ed na\u0161i spole\u010dnost, proch\u00e1z\u00ed p\u0159\u00edsn\u00fdm testov\u00e1n\u00edm kvality. Jsme<br \/>\nzajistit, aby na\u0161e v\u00fdrobky byly bezpe\u010dn\u00e9 a \u00fa\u010dinn\u00e9.<\/p><\/div><\/div><div class=\"x-cell e379-e29 maj-1m maj-1n maj-1p\"><i class=\"x-icon e379-e30 maj-1z\" aria-hidden=\"true\" data-x-icon-o=\"&#xe41c;\"><\/i><\/div><div class=\"x-cell e379-e31 maj-1m maj-1n maj-1o\"><div class=\"x-text x-text-headline e379-e32 maj-r maj-u maj-w maj-y maj-10 maj-12\"><div class=\"x-text-content\"><div class=\"x-text-content-text\"><p class=\"x-text-content-text-primary\">Inovace<\/p><\/div><\/div><\/div><div class=\"x-text x-content e379-e33 maj-13 maj-14 maj-15 maj-1b\"><p>Neust\u00e1le hled\u00e1me nov\u00e9 metody a technologie, abychom zlep\u0161ili na\u0161i pr\u00e1ci.<br \/>\na p\u0159in\u00e1\u0161et na trh inovativn\u00ed \u0159e\u0161en\u00ed.<\/p><\/div><\/div><div class=\"x-cell e379-e34 maj-1m maj-1n maj-1p\"><i class=\"x-icon e379-e35 maj-1z\" aria-hidden=\"true\" data-x-icon-l=\"&#xe027;\"><\/i><\/div><\/div><\/div><div class=\"x-col x-hide-md x-hide-sm x-hide-xs e379-e36 maj-m maj-n\"><span class=\"x-image e379-e37 maj-1d maj-1e\"><img decoding=\"async\" src=\"https:\/\/powerockpharma.com\/wp-content\/uploads\/2024\/08\/HARDCORE-sarm.webp\" width=\"1200\" height=\"1261\" alt=\"Hardcore sarm\" loading=\"lazy\"><\/span><\/div><div class=\"x-col e379-e38 maj-m maj-n\"><div class=\"x-grid x-container max width e379-e39 maj-1g maj-1h maj-1j maj-1k\"><div class=\"x-cell e379-e40 maj-1m maj-1n maj-1p\"><i class=\"x-icon e379-e41 maj-1z\" aria-hidden=\"true\" data-x-icon-l=\"&#xf4c6;\"><\/i><\/div><div class=\"x-cell e379-e42 maj-1m maj-1n maj-1o\"><div class=\"x-text x-text-headline e379-e43 maj-r maj-u maj-w maj-y maj-10 maj-12\"><div class=\"x-text-content\"><div class=\"x-text-content-text\"><p class=\"x-text-content-text-primary\">Trust<\/p><\/div><\/div><\/div><div class=\"x-text x-content e379-e44 maj-13 maj-14 maj-15 maj-1b\"><p>S na\u0161imi z\u00e1kazn\u00edky budujeme dlouhodob\u00e9 vztahy zalo\u017een\u00e9 na transparentnosti a<br \/>\nd\u016fv\u011bru.<\/p><\/div><\/div><div class=\"x-cell e379-e45 maj-1m maj-1n maj-1p\"><i class=\"x-icon e379-e46 maj-1z\" aria-hidden=\"true\" data-x-icon-l=\"&#xf0ac;\"><\/i><\/div><div class=\"x-cell e379-e47 maj-1m maj-1n maj-1o\"><div class=\"x-text x-text-headline e379-e48 maj-r maj-u maj-w maj-y maj-10 maj-12\"><div class=\"x-text-content\"><div class=\"x-text-content-text\"><p class=\"x-text-content-text-primary\">Odpov\u011bdnost<\/p><\/div><\/div><\/div><div class=\"x-text x-content e379-e49 maj-13 maj-14 maj-15 maj-1b\"><p>Jsme zodpov\u011bdn\u00ed za dopad na\u0161ich \u010dinnost\u00ed na \u017eivotn\u00ed prost\u0159ed\u00ed a<br \/>\nspole\u010dnost. Pracujeme v souladu s nejvy\u0161\u0161\u00edmi etick\u00fdmi a pr\u00e1vn\u00edmi normami.<\/p><\/div><\/div><\/div><\/div><\/div><\/div><\/div><div class=\"x-section e379-e50 maj-0 maj-2 maj-3 maj-6\"><div class=\"x-row x-container max width e379-e51 maj-8 maj-9 maj-d maj-j\"><div class=\"x-row-inner\"><div class=\"x-col e379-e52 maj-m maj-n\"><div class=\"x-text x-text-headline e379-e53 maj-q maj-r maj-v maj-x maj-y maj-z maj-10\"><div class=\"x-text-content\"><div class=\"x-text-content-text\"><h2 class=\"x-text-content-text-primary\">N\u00e1\u0161 t\u00fdm<\/h2><\/div><\/div><\/div><span class=\"x-image e379-e54 maj-1d maj-1f\"><img decoding=\"async\" src=\"https:\/\/powerockpharma.com\/wp-content\/uploads\/2024\/08\/our-team-powerock-pharma.webp\" width=\"1400\" height=\"785\" alt=\"N\u00e1\u0161 t\u00fdm Powerock Pharma\" loading=\"lazy\"><\/span><div class=\"x-text x-content e379-e55 maj-13 maj-14 maj-16 maj-17 maj-1c\"><p>N\u00e1\u0161 t\u00fdm se skl\u00e1d\u00e1 ze zku\u0161en\u00fdch odborn\u00edk\u016f v oblasti chemie, biotechnologie a medic\u00edny, kte\u0159\u00ed s nad\u0161en\u00edm a odhodl\u00e1n\u00edm vytv\u00e1\u0159ej\u00ed produkty nejvy\u0161\u0161\u00ed kvality. D\u00edky jejich znalostem a zku\u0161enostem je Powerock Pharma synonymem pro inovace a spolehlivost ve farmaceutick\u00e9m pr\u016fmyslu.<\/p>\n<p>Zveme v\u00e1s ke spolupr\u00e1ci a p\u0159ipojte se k \u0159ad\u011b spokojen\u00fdch z\u00e1kazn\u00edk\u016f spole\u010dnosti Powerock Pharma, kde kvalita a inovace jdou ruku v ruce se z\u00e1vazkem ke zdrav\u00ed a pohod\u011b na\u0161ich u\u017eivatel\u016f.<\/p><\/div><\/div><\/div><\/div><\/div><div class=\"x-section e379-e56 maj-0 maj-2 maj-3 maj-7\"><div class=\"x-row x-container max width e379-e57 maj-8 maj-9 maj-d maj-k\"><div class=\"x-row-inner\"><div class=\"x-col e379-e58 maj-m maj-n\"><div class=\"x-text x-text-headline e379-e59 maj-q maj-r maj-v maj-x maj-y maj-z maj-10\"><div class=\"x-text-content\"><div class=\"x-text-content-text\"><h2 class=\"x-text-content-text-primary\">Na\u0161e produkty<\/h2><\/div><\/div><\/div><\/div><\/div><\/div><div class=\"x-row x-container max width e379-e60 maj-8 maj-9 maj-d maj-l\"><div class=\"x-row-inner\"><div class=\"x-col e379-e61 maj-m maj-n\"><div class=\"x-grid x-container max width e379-e62 maj-1g maj-1j maj-1l\"><div class=\"x-cell e379-e63 maj-1n maj-1o maj-1q maj-1r maj-1s\"><a class=\"x-div e379-e64 maj-20\" href=\"\/cs\/peptide-lyophilizates\/\"><div class=\"x-text x-text-headline e379-e65 maj-r maj-u maj-w maj-y maj-10 maj-12\"><div class=\"x-text-content\"><div class=\"x-text-content-text\"><p class=\"x-text-content-text-primary\">Peptidov\u00e9 lyofiliz\u00e1ty<\/p><\/div><\/div><\/div><div class=\"x-text x-content e379-e66 maj-13 maj-14 maj-15 maj-1b\"><p>Kl\u00ed\u010dov\u00e9 n\u00e1stroje ve v\u011bdeck\u00e9m v\u00fdzkumu a medic\u00edn\u011b, kter\u00e9 nab\u00edzej\u00ed \u0161irok\u00fd\nvyu\u017eit\u00ed v diagnostice a terapii.<\/p><\/div><\/a><\/div><div class=\"x-cell e379-e67 maj-1n maj-1o maj-1r maj-1s maj-1t maj-1u\"><a class=\"x-div e379-e68 maj-20\" href=\"\/cs\/sarms\/\"><div class=\"x-text x-text-headline e379-e69 maj-r maj-u maj-w maj-y maj-10 maj-12\"><div class=\"x-text-content\"><div class=\"x-text-content-text\"><p class=\"x-text-content-text-primary\">SARM<\/p><\/div><\/div><\/div><div class=\"x-text x-content e379-e70 maj-13 maj-14 maj-15 maj-1b\"><p>Selektivn\u00ed modul\u00e1tory androgenn\u00edch receptor\u016f s vyu\u017eit\u00edm p\u0159i budov\u00e1n\u00ed sval\u016f a terapii r\u016fzn\u00fdch onemocn\u011bn\u00ed.<\/p><\/div><\/a><\/div><div class=\"x-cell e379-e71 maj-1n maj-1o maj-1r maj-1u maj-1v maj-1w\"><a class=\"x-div e379-e72 maj-20\" href=\"\/cs\/nootropics\/\"><div class=\"x-text x-text-headline e379-e73 maj-r maj-u maj-w maj-y maj-10 maj-12\"><div class=\"x-text-content\"><div class=\"x-text-content-text\"><p class=\"x-text-content-text-primary\">Nootropika<\/p><\/div><\/div><\/div><div class=\"x-text x-content e379-e74 maj-13 maj-14 maj-15 maj-1b\">L\u00e1tky podporuj\u00edc\u00ed kognitivn\u00ed funkce, pam\u011b\u0165 a koncentraci, ide\u00e1ln\u00ed pro\npro ty, kte\u0159\u00ed hledaj\u00ed intelektu\u00e1ln\u00ed podporu, pom\u00e1haj\u00ed zvy\u0161ovat produktivitu a du\u0161evn\u00ed jasnost.<\/div><\/a><\/div><div class=\"x-cell e379-e75 maj-1n maj-1o maj-1r maj-1u maj-1w maj-1x\"><div class=\"x-div e379-e76 maj-20\"><div class=\"x-text x-text-headline e379-e77 maj-r maj-u maj-w maj-y maj-10 maj-12\"><div class=\"x-text-content\"><div class=\"x-text-content-text\"><p class=\"x-text-content-text-primary\">Yohimbin<\/p><\/div><\/div><\/div><div class=\"x-text x-content e379-e78 maj-13 maj-14 maj-15 maj-1b\">P\u0159\u00edrodn\u00ed alkaloid, kter\u00fd se pou\u017e\u00edv\u00e1 jako dopln\u011bk stravy ke sn\u00ed\u017een\u00ed t\u011blesn\u00e9ho tuku a zlep\u0161en\u00ed fyzick\u00e9 v\u00fdkonnosti.<\/div><\/div><\/div><div class=\"x-cell e379-e79 maj-1n maj-1o maj-1r maj-1u maj-1w maj-1y\"><div class=\"x-div e379-e80 maj-20\"><div class=\"x-text x-text-headline e379-e81 maj-r maj-u maj-w maj-y maj-10 maj-12\"><div class=\"x-text-content\"><div class=\"x-text-content-text\"><p class=\"x-text-content-text-primary\">Ostatn\u00ed \u010dinidla<\/p><\/div><\/div><\/div><div class=\"x-text x-content e379-e82 maj-13 maj-14 maj-15 maj-1b\"><p>Neust\u00e1le roz\u0161i\u0159ujeme na\u0161i produktovou \u0159adu o nov\u00e9 chemick\u00e9 l\u00e1tky.\n\u010dinidel. Krom\u011b toho m\u00e1me k dispozici \u0161irokou \u0161k\u00e1lu dal\u0161\u00edch \u010dinidel na p\u0159\u00e1n\u00ed z\u00e1kazn\u00edka.<\/p><\/div><\/div><\/div><\/div><\/div><\/div><\/div><\/div><\/div>","protected":false},"excerpt":{"rendered":"<p>About usWho we arePowerock Pharma is a rapidly growing medical company that specializes in the production of top-quality chemical reagents and dietary supplements. Our product portfolio includes a wide range of products such as peptide lyophilizates, SARMs, nootropics, which support cognitive function, and various forms of yohimbine and supplements. We are constantly expanding our product line by introducing new chemical &#8230; <\/p>\n<div><a href=\"https:\/\/powerockpharma.com\/cs\/o-nas\/\" class=\"more-link\">Read More<\/a><\/div>","protected":false},"author":1,"featured_media":0,"parent":0,"menu_order":0,"comment_status":"closed","ping_status":"closed","template":"template-blank-4.php","meta":{"_acf_changed":false,"rank_math_lock_modified_date":false,"inline_featured_image":false,"footnotes":""},"class_list":["post-379","page","type-page","status-publish","hentry","no-post-thumbnail"],"acf":[],"_links":{"self":[{"href":"https:\/\/powerockpharma.com\/cs\/wp-json\/wp\/v2\/pages\/379","targetHints":{"allow":["GET"]}}],"collection":[{"href":"https:\/\/powerockpharma.com\/cs\/wp-json\/wp\/v2\/pages"}],"about":[{"href":"https:\/\/powerockpharma.com\/cs\/wp-json\/wp\/v2\/types\/page"}],"author":[{"embeddable":true,"href":"https:\/\/powerockpharma.com\/cs\/wp-json\/wp\/v2\/users\/1"}],"replies":[{"embeddable":true,"href":"https:\/\/powerockpharma.com\/cs\/wp-json\/wp\/v2\/comments?post=379"}],"version-history":[{"count":11,"href":"https:\/\/powerockpharma.com\/cs\/wp-json\/wp\/v2\/pages\/379\/revisions"}],"predecessor-version":[{"id":412,"href":"https:\/\/powerockpharma.com\/cs\/wp-json\/wp\/v2\/pages\/379\/revisions\/412"}],"wp:attachment":[{"href":"https:\/\/powerockpharma.com\/cs\/wp-json\/wp\/v2\/media?parent=379"}],"curies":[{"name":"wp","href":"https:\/\/api.w.org\/{rel}","templated":true}]}}