{"id":416,"date":"2024-08-23T07:31:15","date_gmt":"2024-08-23T05:31:15","guid":{"rendered":"https:\/\/powerockpharma.com\/?page_id=416"},"modified":"2024-08-24T12:54:22","modified_gmt":"2024-08-24T10:54:22","slug":"quality-control","status":"publish","type":"page","link":"https:\/\/powerockpharma.com\/cs\/kontrola-kvality\/","title":{"rendered":"Kontrola kvality"},"content":{"rendered":"<div id=\"cs-content\" class=\"cs-content\"><div class=\"x-section e416-e1 mbk-0\"><div class=\"x-row x-container max width e416-e2 mbk-1 mbk-2 mbk-5 mbk-6\"><div class=\"x-row-inner\"><div class=\"x-col e416-e3 mbk-c\"><div class=\"x-text x-text-headline e416-e4 mbk-d mbk-e mbk-f\"><div class=\"x-text-content\"><div class=\"x-text-content-text\"><h1 class=\"x-text-content-text-primary\">Kontrola kvality<\/h1><\/div><\/div><\/div><\/div><\/div><\/div><div class=\"x-row x-container max width e416-e5 mbk-1 mbk-2 mbk-5 mbk-7\"><div class=\"x-row-inner\"><div class=\"x-col e416-e6 mbk-c\"><div class=\"x-text x-content e416-e7 mbk-i mbk-j\">Ve spole\u010dnosti Powerock Pharma klademe velk\u00fd d\u016fraz na kvalitu na\u0161ich v\u00fdrobk\u016f. Prost\u0159ednictv\u00edm p\u0159\u00edsn\u00fdch norem a p\u0159\u00edsn\u00fdch postup\u016f kontroly kvality zaji\u0161\u0165ujeme, aby na\u0161e chemick\u00e1 \u010dinidla a dopl\u0148ky stravy spl\u0148ovaly nejvy\u0161\u0161\u00ed po\u017eadavky na bezpe\u010dnost a \u00fa\u010dinnost. Na\u0161e spole\u010dnost dodr\u017euje normy GMP, HACCP a ISO 13485.<\/div><\/div><\/div><\/div><div class=\"x-row x-container max width e416-e8 mbk-1 mbk-3 mbk-5 mbk-8\"><div class=\"x-row-inner\"><div class=\"x-col e416-e9 mbk-c\"><span class=\"x-image e416-e10 mbk-l mbk-m\"><img decoding=\"async\" src=\"https:\/\/powerockpharma.com\/wp-content\/uploads\/2024\/08\/logo-gmp-black.svg\" width=\"300\" height=\"300\" alt=\"\u010cern\u00fd certifik\u00e1t GMP\" loading=\"lazy\"><\/span><\/div><div class=\"x-col e416-e11 mbk-c\"><div class=\"x-text x-text-headline e416-e12 mbk-d mbk-g mbk-h\"><div class=\"x-text-content\"><div class=\"x-text-content-text\"><h2 class=\"x-text-content-text-primary\">GMP (spr\u00e1vn\u00e1 v\u00fdrobn\u00ed praxe)<\/h2><\/div><\/div><\/div><div class=\"x-text x-content e416-e13 mbk-i mbk-j\"><p><strong>Spr\u00e1vn\u00e1 v\u00fdrobn\u00ed praxe (GMP)<\/strong> je soubor pravidel a postup\u016f, kter\u00e9 je t\u0159eba dodr\u017eovat p\u0159i v\u00fdrob\u011b l\u00e9\u010div, dopl\u0148k\u016f stravy a chemick\u00fdch \u010dinidel. Na adrese <strong>Powerock Pharma<\/strong>, dodr\u017eujeme standardy SVP, abychom zajistili:<\/p>\n\n<ul>\n \t<li style=\"text-align: left;\">\u010cistota a hygiena b\u011bhem cel\u00e9ho v\u00fdrobn\u00edho procesu.<\/li>\n \t<li style=\"text-align: left;\">D\u016fsledn\u00e1 kontrola kvality v ka\u017ed\u00e9 f\u00e1zi v\u00fdroby.<\/li>\n \t<li style=\"text-align: left;\">Bezpe\u010dnost a \u00fa\u010dinnost na\u0161ich v\u00fdrobk\u016f.<\/li>\n \t<li style=\"text-align: left;\">D\u016fkladn\u00e1 dokumentace v\u0161ech proces\u016f, kter\u00e1 umo\u017e\u0148uje sledovatelnost ka\u017ed\u00e9ho kroku v\u00fdroby.<\/li>\n<\/ul>\n<div id=\"gtx-trans\" style=\"position: absolute; left: 21px; top: 78px;\">\n<div class=\"gtx-trans-icon\"><\/div>\n<\/div><\/div><\/div><\/div><\/div><div class=\"x-row x-container max width e416-e14 mbk-1 mbk-3 mbk-4 mbk-5 mbk-9 haacp-row\"><div class=\"x-row-inner\"><div class=\"x-col e416-e15 mbk-c haacp-row-2\"><div class=\"x-text x-text-headline e416-e16 mbk-d mbk-g mbk-h\"><div class=\"x-text-content\"><div class=\"x-text-content-text\"><h2 class=\"x-text-content-text-primary\">HACCP (anal\u00fdza rizik a kritick\u00fdch kontroln\u00edch bod\u016f)<\/h2><\/div><\/div><\/div><div class=\"x-text x-content e416-e17 mbk-i mbk-j\"><p>Nebezpe\u010d\u00ed <strong>Anal\u00fdza a kritick\u00e9 kontroln\u00ed body (HACCP)<\/strong> je syst\u00e9m \u0159\u00edzen\u00ed ur\u010den\u00fd k identifikaci, hodnocen\u00ed a kontrole rizik, kter\u00e1 mohou ovlivnit bezpe\u010dnost potravin. Na adrese <strong>Powerock Pharma<\/strong>, jsme zavedli syst\u00e9m HACCP, kter\u00fd:<\/p>\n\n<ul>\n \t<li style=\"text-align: left;\">Identifikujte potenci\u00e1ln\u00ed nebezpe\u010d\u00ed v ka\u017ed\u00e9 f\u00e1zi v\u00fdroby.<\/li>\n \t<li style=\"text-align: left;\">Ur\u010dete kritick\u00e9 kontroln\u00ed body, kde lze \u00fa\u010dinn\u011b \u0159\u00eddit nebezpe\u010d\u00ed.<\/li>\n \t<li style=\"text-align: left;\">Sledovat kritick\u00e9 kontroln\u00ed body a p\u0159i zji\u0161t\u011bn\u00ed nesrovnalost\u00ed p\u0159ij\u00edmat n\u00e1pravn\u00e1 opat\u0159en\u00ed.<\/li>\n \t<li style=\"text-align: left;\">Zajistit bezpe\u010dnost a nejvy\u0161\u0161\u00ed kvalitu na\u0161ich dopl\u0148k\u016f stravy.<\/li>\n<\/ul><\/div><\/div><div class=\"x-col e416-e18 mbk-c .haacp-row-1\"><span class=\"x-image e416-e19 mbk-l mbk-m\"><img decoding=\"async\" src=\"https:\/\/powerockpharma.com\/wp-content\/uploads\/2024\/08\/logo-haacp-black.svg\" width=\"300\" height=\"300\" alt=\"\u010cern\u00fd certifik\u00e1t HACCP\" loading=\"lazy\"><\/span><\/div><\/div><\/div><div class=\"x-row x-container max width e416-e20 mbk-1 mbk-3 mbk-5 mbk-a\"><div class=\"x-row-inner\"><div class=\"x-col e416-e21 mbk-c\"><span class=\"x-image e416-e22 mbk-l mbk-m\"><img decoding=\"async\" src=\"https:\/\/powerockpharma.com\/wp-content\/uploads\/2024\/08\/logo-iso-black.svg\" width=\"300\" height=\"300\" alt=\"\u010cern\u00fd certifik\u00e1t ISO 13485\" loading=\"lazy\"><\/span><\/div><div class=\"x-col e416-e23 mbk-c\"><div class=\"x-text x-text-headline e416-e24 mbk-d mbk-g mbk-h\"><div class=\"x-text-content\"><div class=\"x-text-content-text\"><h2 class=\"x-text-content-text-primary\">Certifikace ISO 13485<\/h2><\/div><\/div><\/div><div class=\"x-text x-content e416-e25 mbk-i mbk-j\"><p>ISO 13485 je mezin\u00e1rodn\u00ed norma pro syst\u00e9my \u0159\u00edzen\u00ed kvality ve zdravotnictv\u00ed. Certifikace podle ISO 13485 potvrzuje, \u017ee Powerock Pharma:<\/p>\n\n<ul>\n \t<li style=\"text-align: left;\">Dodr\u017euje p\u0159\u00edsn\u00e9 postupy \u0159\u00edzen\u00ed kvality.<\/li>\n \t<li style=\"text-align: left;\">Udr\u017euje vysok\u00e9 v\u00fdrobn\u00ed standardy, kter\u00e9 jsou ve zdravotnictv\u00ed nezbytn\u00e9.<\/li>\n \t<li style=\"text-align: left;\">Zaji\u0161\u0165uje soulad s pr\u00e1vn\u00edmi a regula\u010dn\u00edmi po\u017eadavky na zdravotnick\u00e9 prost\u0159edky.<\/li>\n \t<li style=\"text-align: left;\">Prov\u00e1d\u00ed systematick\u00e9 audity a kontroly za \u00fa\u010delem neust\u00e1l\u00e9ho zlep\u0161ov\u00e1n\u00ed proces\u016f.<\/li>\n<\/ul><\/div><\/div><\/div><\/div><div class=\"x-row x-container max width e416-e26 mbk-1 mbk-2 mbk-5 mbk-b\"><div class=\"x-row-inner\"><div class=\"x-col e416-e27 mbk-c\"><div class=\"x-text x-text-headline e416-e28 mbk-d mbk-f mbk-g\"><div class=\"x-text-content\"><div class=\"x-text-content-text\"><h2 class=\"x-text-content-text-primary\">Ve spole\u010dnosti Powerock Pharma:<\/h2><\/div><\/div><\/div><span class=\"x-image e416-e29 mbk-l mbk-n\"><img decoding=\"async\" src=\"https:\/\/powerockpharma.com\/wp-content\/uploads\/2024\/08\/what-we-do.webp\" width=\"1300\" height=\"500\" alt=\"co d\u011bl\u00e1me\" loading=\"lazy\"><\/span><div class=\"x-text x-content e416-e30 mbk-j mbk-k\"><div class=\"timeline\">\n<div class=\"timeline-item\">\n<div class=\"circle\"><i class=\"fa-solid fa-user-graduate\"><\/i><\/div>\n<div class=\"content\">\n<h3>\u0160kol\u00edme na\u0161e zam\u011bstnance<\/h3>\n<p>Na\u0161e zam\u011bstnance \u0161kol\u00edme v nejnov\u011bj\u0161\u00edch standardech a postupech kvality.<\/p>\n\n<\/div>\n<\/div>\n<div class=\"timeline-item\">\n<div class=\"circle\"><i class=\"fa-solid fa-vials\"><\/i><\/div>\n<div class=\"content\">\n<h3>Investujeme do technologi\u00ed<\/h3>\n<p>Investujeme do nejmodern\u011bj\u0161\u00edch technologi\u00ed a za\u0159\u00edzen\u00ed pro p\u0159esnou kontrolu kvality.<\/p>\n\n<\/div>\n<\/div>\n<div class=\"timeline-item\">\n<div class=\"circle\"><i class=\"fa-solid fa-microscope\"><\/i><\/div>\n<div class=\"content\">\n<h3>Spolupracujeme extern\u011b<\/h3>\n<p>Spolupracujeme s extern\u00edmi laborato\u0159emi a odborn\u00edky, abychom zajistili nez\u00e1visl\u00e9 hodnocen\u00ed na\u0161ich v\u00fdrobk\u016f.<\/p>\n\n<\/div>\n<\/div>\n<div class=\"timeline-item\">\n<div class=\"circle\"><i class=\"fa-solid fa-shield-alt\"><\/i><\/div>\n<div class=\"content\">\n<h3>Usilujeme o dokonalost<\/h3>\n<p>Neust\u00e1le usilujeme o dokonalost, abychom na\u0161im z\u00e1kazn\u00edk\u016fm poskytovali produkty, kter\u00fdm mohou d\u016fv\u011b\u0159ovat.<\/p>\n\n<\/div>\n<\/div>\n<\/div><\/div><div class=\"x-text x-content e416-e31 mbk-j mbk-k\"><div class=\"quality-banner\">\n    Zaveden\u00edm a p\u0159\u00edsn\u00fdm dodr\u017eov\u00e1n\u00edm <strong>GMP<\/strong>, <strong>HACCP<\/strong>a <strong>ISO 13485<\/strong> Powerock Pharma zaji\u0161\u0165uje, \u017ee ka\u017ed\u00fd produkt opou\u0161t\u011bj\u00edc\u00ed na\u0161e za\u0159\u00edzen\u00ed je bezpe\u010dn\u00fd, \u00fa\u010dinn\u00fd a v nejvy\u0161\u0161\u00ed kvalit\u011b.\n<\/div>\n<\/div><\/div><\/div><\/div><\/div><\/div>","protected":false},"excerpt":{"rendered":"<p>Quality controlAt Powerock Pharma, we place great emphasis on the quality of our products. Through rigorous standards and strict quality control procedures, we ensure that our chemical reagents and dietary supplements meet the highest safety and efficacy requirements. Our company adheres to GMP, HACCP, and ISO 13485 standards.GMP (Good Manufacturing Practice)Good Manufacturing Practice (GMP) is a set of rules and &#8230; <\/p>\n<div><a href=\"https:\/\/powerockpharma.com\/cs\/kontrola-kvality\/\" class=\"more-link\">Read More<\/a><\/div>","protected":false},"author":1,"featured_media":0,"parent":0,"menu_order":0,"comment_status":"closed","ping_status":"closed","template":"template-blank-4.php","meta":{"_acf_changed":false,"rank_math_lock_modified_date":false,"inline_featured_image":false,"footnotes":""},"class_list":["post-416","page","type-page","status-publish","hentry","no-post-thumbnail"],"acf":[],"_links":{"self":[{"href":"https:\/\/powerockpharma.com\/cs\/wp-json\/wp\/v2\/pages\/416","targetHints":{"allow":["GET"]}}],"collection":[{"href":"https:\/\/powerockpharma.com\/cs\/wp-json\/wp\/v2\/pages"}],"about":[{"href":"https:\/\/powerockpharma.com\/cs\/wp-json\/wp\/v2\/types\/page"}],"author":[{"embeddable":true,"href":"https:\/\/powerockpharma.com\/cs\/wp-json\/wp\/v2\/users\/1"}],"replies":[{"embeddable":true,"href":"https:\/\/powerockpharma.com\/cs\/wp-json\/wp\/v2\/comments?post=416"}],"version-history":[{"count":5,"href":"https:\/\/powerockpharma.com\/cs\/wp-json\/wp\/v2\/pages\/416\/revisions"}],"predecessor-version":[{"id":430,"href":"https:\/\/powerockpharma.com\/cs\/wp-json\/wp\/v2\/pages\/416\/revisions\/430"}],"wp:attachment":[{"href":"https:\/\/powerockpharma.com\/cs\/wp-json\/wp\/v2\/media?parent=416"}],"curies":[{"name":"wp","href":"https:\/\/api.w.org\/{rel}","templated":true}]}}