{"id":100,"date":"2024-08-04T17:10:52","date_gmt":"2024-08-04T15:10:52","guid":{"rendered":"https:\/\/powerockpharma.com\/?post_type=product&#038;p=100"},"modified":"2025-11-12T07:05:15","modified_gmt":"2025-11-12T06:05:15","slug":"ghrp-6","status":"publish","type":"product","link":"https:\/\/powerockpharma.com\/cs\/peptide-lyophilizates\/ghrp-6\/","title":{"rendered":"GHRP-6"},"content":{"rendered":"<h2>Vlastnosti:<\/h2>\n<p>GHRP-6 neboli peptid uvol\u0148uj\u00edc\u00ed r\u016fstov\u00fd hormon 6 je siln\u00fd peptid, kter\u00fd je zn\u00e1m\u00fd sv\u00fdm v\u00fdznamn\u00fdm vlivem na uvol\u0148ov\u00e1n\u00ed r\u016fstov\u00e9ho hormonu, co\u017e z n\u011bj \u010din\u00ed cenn\u00fd n\u00e1stroj ve v\u00fdzkumu zam\u011b\u0159en\u00e9m na r\u016fst sval\u016f, \u00fabytek tuku a celkov\u00e9 fyzick\u00e9 zlep\u0161en\u00ed. Tato slou\u010denina je obl\u00edben\u00e1 zejm\u00e9na mezi v\u00fdzkumn\u00edky zkoumaj\u00edc\u00edmi pokro\u010dil\u00e9 metody zlep\u0161ov\u00e1n\u00ed postavy a v\u00fdkonnosti. T\u00edm, \u017ee napodobuje ghrelin, GHRP-6 \u00fa\u010dinn\u011b stimuluje hypof\u00fdzu k uvol\u0148ov\u00e1n\u00ed r\u016fstov\u00e9ho hormonu, co\u017e vede k n\u011bkolika \u017e\u00e1douc\u00edm fyziologick\u00fdm \u00fa\u010dink\u016fm, jako je zv\u00fd\u0161en\u00e1 synt\u00e9za b\u00edlkovin, lep\u0161\u00ed regenerace sval\u016f a sn\u00ed\u017een\u00ed mno\u017estv\u00ed t\u011blesn\u00e9ho tuku.<\/p>\n<h2>Mechanismus \u00fa\u010dinku:<\/h2>\n<p>Prim\u00e1rn\u00ed mechanismus GHRP-6 zahrnuje stimulaci hypof\u00fdzy, kter\u00e1 zvy\u0161uje sekreci endogenn\u00edho r\u016fstov\u00e9ho hormonu. Tento \u00fa\u010dinek nejen podporuje r\u016fst sval\u016f urychlen\u00edm synt\u00e9zy b\u00edlkovin, ale tak\u00e9 zvy\u0161uje lipol\u00fdzu, co\u017e napom\u00e1h\u00e1 odbour\u00e1v\u00e1n\u00ed tuk\u016f. Krom\u011b toho m\u00e1 uvol\u0148ov\u00e1n\u00ed r\u016fstov\u00e9ho hormonu sekund\u00e1rn\u00ed vliv na zlep\u0161en\u00ed kvality sp\u00e1nku, pos\u00edlen\u00ed imunitn\u00edch funkc\u00ed a podporu celkov\u00e9 pohody. Na rozd\u00edl od syntetick\u00fdch anabolick\u00fdch l\u00e1tek pracuje GHRP-6 s p\u0159irozen\u00fdmi procesy v t\u011ble, \u010d\u00edm\u017e sni\u017euje pravd\u011bpodobnost ne\u017e\u00e1douc\u00edch vedlej\u0161\u00edch \u00fa\u010dink\u016f a z\u00e1rove\u0148 p\u0159in\u00e1\u0161\u00ed c\u00edlen\u00e9 v\u00fdhody. Toto selektivn\u00ed p\u016fsoben\u00ed zaji\u0161\u0165uje, \u017ee peptid prim\u00e1rn\u011b ovliv\u0148uje tk\u00e1n\u011b pod\u00edlej\u00edc\u00ed se na r\u016fstu a regeneraci a minimalizuje dopady na ostatn\u00ed syst\u00e9my.<\/p>\n<h2>V\u00fdhody:<\/h2>\n<p>Pravideln\u00e9 u\u017e\u00edv\u00e1n\u00ed GHRP-6 ve v\u00fdzkumn\u00fdch podm\u00ednk\u00e1ch vedlo k v\u00fdznamn\u00e9mu n\u00e1r\u016fstu svalov\u00e9 hmoty, zv\u00fd\u0161en\u00ed s\u00edly a zrychlen\u00ed doby regenerace. Krom\u011b toho peptid prok\u00e1zal \u00fa\u010dinnost p\u0159i redukci tukov\u00e9 tk\u00e1n\u011b, zlep\u0161en\u00ed sp\u00e1nkov\u00e9ho re\u017eimu a pos\u00edlen\u00ed imunitn\u00edho syst\u00e9mu. V\u00fdzkumn\u00edci, kte\u0159\u00ed se zam\u011b\u0159uj\u00ed na zvy\u0161ov\u00e1n\u00ed v\u00fdkonnosti, boj proti st\u00e1rnut\u00ed a metabolick\u00e9 studie, mohou GHRP-6 pova\u017eovat za obzvl\u00e1\u0161t\u011b \u00fa\u010dinn\u00fd d\u00edky jeho \u0161irok\u00fdm v\u00fdhod\u00e1m. Krom\u011b toho je tato slou\u010denina schopna zlep\u0161ovat elasticitu k\u016f\u017ee a podporovat hojen\u00ed, co\u017e z n\u00ed \u010din\u00ed univerz\u00e1ln\u00ed dopln\u011bk r\u016fzn\u00fdch v\u00fdzkumn\u00fdch protokol\u016f.<\/p>\n<h2>Pro\u010d Powerock Pharma:<\/h2>\n<p>Ve spole\u010dnosti Powerock Pharma klademe d\u016fraz na dokonalost a bezpe\u010dnost ka\u017ed\u00e9ho produktu, kter\u00fd vyr\u00e1b\u00edme. N\u00e1\u0161 p\u0159\u00edpravek GHRP-6 se vyr\u00e1b\u00ed v nejmodern\u011bj\u0161\u00edch za\u0159\u00edzen\u00edch, kter\u00e1 dodr\u017euj\u00ed nejp\u0159\u00edsn\u011bj\u0161\u00ed pr\u016fmyslov\u00e9 normy, v\u010detn\u011b certifikac\u00ed GMP, HACCP a ISO 13485. Ka\u017ed\u00e1 \u0161ar\u017ee proch\u00e1z\u00ed p\u0159\u00edsn\u00fdm testov\u00e1n\u00edm, kter\u00e9 zaji\u0161\u0165uje \u010distotu, \u00fa\u010dinnost a konzistenci, co\u017e umo\u017e\u0148uje v\u00fdzkumn\u00fdm pracovn\u00edk\u016fm s jistotou dosahovat spolehliv\u00fdch v\u00fdsledk\u016f. P\u0159i ov\u011b\u0159ov\u00e1n\u00ed na\u0161ich produkt\u016f spolupracujeme s p\u0159edn\u00edmi laborato\u0159emi, co\u017e zaru\u010duje, \u017ee obdr\u017e\u00edte peptid, kter\u00fd spl\u0148uje nejvy\u0161\u0161\u00ed standardy kvality a \u00fa\u010dinnosti. Kdy\u017e si vyberete spole\u010dnost Powerock Pharma, vyb\u00edr\u00e1te si produkt, kter\u00e9mu pro jeho integritu a \u00fa\u010dinnost d\u016fv\u011b\u0159uj\u00ed v\u00fdzkumn\u00edci po cel\u00e9m sv\u011bt\u011b.<\/p>\n<h3>Shrnut\u00ed:<\/h3>\n<p>Pokud je c\u00edlem va\u0161eho v\u00fdzkumu prozkoumat pokro\u010dil\u00e9 metody pro r\u016fst sval\u016f, redukci tuku nebo celkov\u00e9 zlep\u0161en\u00ed fyzick\u00e9 kondice, je GHRP-6 od spole\u010dnosti Powerock Pharma ide\u00e1ln\u00ed volbou. Tento peptid, kter\u00fd je podporov\u00e1n na\u0161imi p\u0159\u00edsn\u00fdmi opat\u0159en\u00edmi pro kontrolu kvality a vyr\u00e1b\u011bn podle nejvy\u0161\u0161\u00edch standard\u016f, poskytuje spolehliv\u00e9 v\u00fdsledky, kter\u00e9 pot\u0159ebujete. Zvy\u0161te \u00farove\u0148 sv\u00e9ho v\u00fdzkumu t\u00edm, \u017ee si GHRP-6 objedn\u00e1te je\u0161t\u011b dnes, a poznejte rozd\u00edl, kter\u00fd m\u016f\u017ee p\u0159in\u00e9st prvot\u0159\u00eddn\u00ed kvalita.<\/p>","protected":false},"excerpt":{"rendered":"<p>GHRP-6 zvy\u0161uje r\u016fst a regeneraci sval\u016f t\u00edm, \u017ee stimuluje uvol\u0148ov\u00e1n\u00ed r\u016fstov\u00e9ho hormonu. Pom\u00e1h\u00e1 p\u0159i odbour\u00e1v\u00e1n\u00ed tuk\u016f, zlep\u0161uje sp\u00e1nek a imunitn\u00ed funkce. D\u016fv\u011b\u0159ujte spole\u010dnosti Powerock Pharma, kter\u00e1 nab\u00edz\u00ed prvot\u0159\u00eddn\u00ed kvalitu a spolehliv\u00e9 v\u00fdsledky v\u00fdzkumu.<\/p>","protected":false},"featured_media":195,"template":"","meta":{"_acf_changed":false,"rank_math_lock_modified_date":false,"inline_featured_image":false},"product_cat":[17],"product_tag":[],"class_list":{"0":"post-100","1":"product","2":"type-product","3":"status-publish","4":"has-post-thumbnail","6":"product_cat-peptide-lyophilizates","9":"first","10":"instock","11":"shipping-taxable","12":"product-type-simple"},"acf":{"chromatogram":659,"metoda":{"acftf":{"v":"1.3.24"},"p":{"o":{"uh":0},"ca":""},"c":[{"p":""}],"h":[{"c":""}],"b":[[{"c":""}]]}},"_links":{"self":[{"href":"https:\/\/powerockpharma.com\/cs\/wp-json\/wp\/v2\/product\/100","targetHints":{"allow":["GET"]}}],"collection":[{"href":"https:\/\/powerockpharma.com\/cs\/wp-json\/wp\/v2\/product"}],"about":[{"href":"https:\/\/powerockpharma.com\/cs\/wp-json\/wp\/v2\/types\/product"}],"wp:featuredmedia":[{"embeddable":true,"href":"https:\/\/powerockpharma.com\/cs\/wp-json\/wp\/v2\/media\/195"}],"wp:attachment":[{"href":"https:\/\/powerockpharma.com\/cs\/wp-json\/wp\/v2\/media?parent=100"}],"wp:term":[{"taxonomy":"product_cat","embeddable":true,"href":"https:\/\/powerockpharma.com\/cs\/wp-json\/wp\/v2\/product_cat?post=100"},{"taxonomy":"product_tag","embeddable":true,"href":"https:\/\/powerockpharma.com\/cs\/wp-json\/wp\/v2\/product_tag?post=100"}],"curies":[{"name":"wp","href":"https:\/\/api.w.org\/{rel}","templated":true}]}}