{"id":101,"date":"2024-08-04T17:11:22","date_gmt":"2024-08-04T15:11:22","guid":{"rendered":"https:\/\/powerockpharma.com\/?post_type=product&#038;p=101"},"modified":"2025-11-12T07:05:29","modified_gmt":"2025-11-12T06:05:29","slug":"ghrp-2","status":"publish","type":"product","link":"https:\/\/powerockpharma.com\/cs\/peptide-lyophilizates\/ghrp-2\/","title":{"rendered":"GHRP-2"},"content":{"rendered":"<h2>Vlastnosti:<\/h2>\n<p>GHRP-2 (Growth Hormone Releasing Peptide-2) je siln\u00fd sekretagog r\u016fstov\u00e9ho hormonu, kter\u00fd je zn\u00e1m\u00fd sv\u00fdmi v\u00fdznamn\u00fdmi \u00fa\u010dinky na zv\u00fd\u0161en\u00ed svalov\u00e9 hmoty, sn\u00ed\u017een\u00ed t\u011blesn\u00e9ho tuku a zlep\u0161en\u00ed celkov\u00e9 fyzick\u00e9 v\u00fdkonnosti. Tento peptid je v\u0161eobecn\u011b zn\u00e1m\u00fd pro svou schopnost stimulovat hypof\u00fdzu ke zv\u00fd\u0161en\u00ed p\u0159irozen\u00e9 sekrece r\u016fstov\u00e9ho hormonu (GH), co\u017e vede ke kask\u00e1d\u011b anabolick\u00fdch \u00fa\u010dink\u016f v t\u011ble. Zv\u00fd\u0161en\u00edm hladiny GH podporuje GHRP-2 synt\u00e9zu b\u00edlkovin, kter\u00e1 hraje kl\u00ed\u010dovou roli p\u0159i rozvoji a regeneraci sval\u016f. Krom\u011b toho pom\u00e1h\u00e1 p\u0159i odbour\u00e1v\u00e1n\u00ed tukov\u00e9 tk\u00e1n\u011b, co\u017e z n\u011bj \u010din\u00ed \u00fa\u010dinn\u00fd n\u00e1stroj pro ty, kte\u0159\u00ed cht\u011bj\u00ed sn\u00ed\u017eit mno\u017estv\u00ed t\u011blesn\u00e9ho tuku a z\u00e1rove\u0148 zachovat svalovou hmotu.<\/p>\n<h2>Mechanismus \u00fa\u010dinku:<\/h2>\n<p>\u00da\u010dinek GHRP-2 spo\u010d\u00edv\u00e1 v jeho schopnosti v\u00e1zat se na specifick\u00e9 receptory v hypof\u00fdze, co\u017e stimuluje sekreci r\u016fstov\u00e9ho hormonu. Toto zv\u00fd\u0161en\u00ed hladiny GH n\u00e1sledn\u011b zvy\u0161uje produkci inzulinu podobn\u00e9ho r\u016fstov\u00e9ho faktoru 1 (IGF-1) v j\u00e1trech, kter\u00fd je p\u0159\u00edmo zodpov\u011bdn\u00fd za mnoho anabolick\u00fdch \u00fa\u010dink\u016f spojen\u00fdch s GH. Peptid tak\u00e9 inhibuje somatostatin, hormon, kter\u00fd obvykle tlum\u00ed uvol\u0148ov\u00e1n\u00ed GH, \u010d\u00edm\u017e zaji\u0161\u0165uje trvalou hladinu GH. D\u00edky tomuto dvoj\u00edmu mechanismu stimulace uvol\u0148ov\u00e1n\u00ed GH a inhibice somatostatinu je GHRP-2 obzvl\u00e1\u0161t\u011b \u00fa\u010dinn\u00fd p\u0159i zvy\u0161ov\u00e1n\u00ed svalov\u00e9 hmoty, redukci tuku a zlep\u0161ov\u00e1n\u00ed doby regenerace. Selektivn\u00ed p\u016fsoben\u00ed GHRP-2 zaji\u0161\u0165uje, \u017ee se prim\u00e1rn\u011b zam\u011b\u0159uje na uvol\u0148ov\u00e1n\u00ed GH, ani\u017e by v\u00fdrazn\u011b ovliv\u0148oval ostatn\u00ed hormony, \u010d\u00edm\u017e minimalizuje riziko ne\u017e\u00e1douc\u00edch vedlej\u0161\u00edch \u00fa\u010dink\u016f.<\/p>\n<h2>V\u00fdhody:<\/h2>\n<p>D\u016fsledn\u00e9 u\u017e\u00edv\u00e1n\u00ed GHRP-2 ve v\u00fdzkumu prok\u00e1zalo \u0159adu v\u00fdhod, v\u010detn\u011b v\u00fdznamn\u00e9ho n\u00e1r\u016fstu svalov\u00e9 hmoty, zv\u00fd\u0161en\u00e9ho \u00fabytku tuku, zrychlen\u00ed regenerace a zlep\u0161en\u00ed celkov\u00e9 fyzick\u00e9 v\u00fdkonnosti. Tyto \u00fa\u010dinky jsou zvl\u00e1\u0161t\u011b prosp\u011b\u0161n\u00e9 pro kulturisty, sportovce a jedince podstupuj\u00edc\u00ed cyklus \u0159ez\u00e1n\u00ed. Krom\u011b anabolick\u00fdch \u00fa\u010dink\u016f je GHRP-2 spojov\u00e1n tak\u00e9 se zlep\u0161en\u00edm kvality sp\u00e1nku a zv\u00fd\u0161en\u00edm elasticity poko\u017eky, co\u017e p\u0159isp\u00edv\u00e1 k jeho popularit\u011b ve v\u00fdzkumu proti st\u00e1rnut\u00ed. V\u00fdzkumn\u00edci pozorovali, \u017ee subjekty u\u017e\u00edvaj\u00edc\u00ed GHRP-2 maj\u00ed lep\u0161\u00ed hladinu energie, stabilizaci n\u00e1lady a celkov\u00fd pocit pohody, co\u017e z n\u011bj \u010din\u00ed univerz\u00e1ln\u00ed slou\u010deninu pro r\u016fzn\u00e9 v\u00fdzkumn\u00e9 aplikace.<\/p>\n<h2>Pro\u010d Powerock Pharma:<\/h2>\n<p>Ve spole\u010dnosti Powerock Pharma je n\u00e1\u0161 z\u00e1vazek ke kvalit\u011b bezkonkuren\u010dn\u00ed. Ka\u017ed\u00e1 \u0161ar\u017ee p\u0159\u00edpravku GHRP-2 se vyr\u00e1b\u00ed v za\u0159\u00edzen\u00edch, kter\u00e1 dodr\u017euj\u00ed nejp\u0159\u00edsn\u011bj\u0161\u00ed normy GMP, HACCP a ISO 13485, co\u017e zaru\u010duje, \u017ee obdr\u017e\u00edte \u00fa\u010dinn\u00fd a bezpe\u010dn\u00fd produkt. Na\u0161e pokro\u010dil\u00e9 testovac\u00ed protokoly, prov\u00e1d\u011bn\u00e9 ve spolupr\u00e1ci s p\u0159edn\u00edmi laborato\u0159emi, zaru\u010duj\u00ed \u010distotu a \u00fa\u010dinnost GHRP-2, co\u017e umo\u017e\u0148uje v\u00fdzkumn\u00fdm pracovn\u00edk\u016fm prov\u00e1d\u011bt studie s d\u016fv\u011brou. Spole\u010dnost Powerock Pharma si stoj\u00ed za kvalitou sv\u00fdch produkt\u016f a poskytuje spolehliv\u00e9 a konzistentn\u00ed v\u00fdsledky pro va\u0161e v\u00fdzkumn\u00e9 pot\u0159eby. Pokud jde o GHRP-2, d\u016fv\u011b\u0159ujte spole\u010dnosti Powerock Pharma, \u017ee poskytuje nejvy\u0161\u0161\u00ed standardy dokonalosti.<\/p>\n<h3>Shrnut\u00ed:<\/h3>\n<p>Pokud chcete zlep\u0161it sv\u016fj v\u00fdzkum v oblasti r\u016fstu sval\u016f, \u00fabytku tuku nebo celkov\u00e9 fyzick\u00e9 v\u00fdkonnosti, GHRP-2 je ide\u00e1ln\u00edm peptidem k prozkoum\u00e1n\u00ed. D\u00edky p\u0159\u00edsn\u00fdm opat\u0159en\u00edm spole\u010dnosti Powerock Pharma v oblasti kontroly kvality si m\u016f\u017eete b\u00fdt jisti \u010distotou a \u00fa\u010dinnost\u00ed t\u00e9to slou\u010deniny, tak\u017ee v\u00e1\u0161 v\u00fdzkum bude efektivn\u00ed a spolehliv\u00fd. Ned\u011blejte kompromisy v kvalit\u011b - objednejte si GHRP-2 od spole\u010dnosti Powerock Pharma je\u0161t\u011b dnes a posu\u0148te sv\u00e9 studie na vy\u0161\u0161\u00ed \u00farove\u0148.<\/p>","protected":false},"excerpt":{"rendered":"<p>GHRP-2 podporuje uvol\u0148ov\u00e1n\u00ed r\u016fstov\u00e9ho hormonu stimulac\u00ed hypof\u00fdzy. P\u0159in\u00e1\u0161\u00ed v\u00fdhody, jako je zv\u00fd\u0161en\u00ed svalov\u00e9 hmoty, \u00fabytek tuku a zrychlen\u00ed regenerace. Vyberte si Powerock Pharma pro \u010distotu, \u00fa\u010dinnost a konzistentn\u00ed v\u00fdsledky.<\/p>","protected":false},"featured_media":193,"template":"","meta":{"_acf_changed":false,"rank_math_lock_modified_date":false,"inline_featured_image":false},"product_cat":[17],"product_tag":[],"class_list":{"0":"post-101","1":"product","2":"type-product","3":"status-publish","4":"has-post-thumbnail","6":"product_cat-peptide-lyophilizates","9":"first","10":"instock","11":"shipping-taxable","12":"product-type-simple"},"acf":{"chromatogram":660,"metoda":{"acftf":{"v":"1.3.24"},"p":{"o":{"uh":0},"ca":""},"c":[{"p":""}],"h":[{"c":""}],"b":[[{"c":""}]]}},"_links":{"self":[{"href":"https:\/\/powerockpharma.com\/cs\/wp-json\/wp\/v2\/product\/101","targetHints":{"allow":["GET"]}}],"collection":[{"href":"https:\/\/powerockpharma.com\/cs\/wp-json\/wp\/v2\/product"}],"about":[{"href":"https:\/\/powerockpharma.com\/cs\/wp-json\/wp\/v2\/types\/product"}],"wp:featuredmedia":[{"embeddable":true,"href":"https:\/\/powerockpharma.com\/cs\/wp-json\/wp\/v2\/media\/193"}],"wp:attachment":[{"href":"https:\/\/powerockpharma.com\/cs\/wp-json\/wp\/v2\/media?parent=101"}],"wp:term":[{"taxonomy":"product_cat","embeddable":true,"href":"https:\/\/powerockpharma.com\/cs\/wp-json\/wp\/v2\/product_cat?post=101"},{"taxonomy":"product_tag","embeddable":true,"href":"https:\/\/powerockpharma.com\/cs\/wp-json\/wp\/v2\/product_tag?post=101"}],"curies":[{"name":"wp","href":"https:\/\/api.w.org\/{rel}","templated":true}]}}