{"id":102,"date":"2024-08-04T17:11:58","date_gmt":"2024-08-04T15:11:58","guid":{"rendered":"https:\/\/powerockpharma.com\/?post_type=product&#038;p=102"},"modified":"2025-11-12T07:08:17","modified_gmt":"2025-11-12T06:08:17","slug":"cjc-1295-dac","status":"publish","type":"product","link":"https:\/\/powerockpharma.com\/cs\/peptide-lyophilizates\/cjc-1295-dac\/","title":{"rendered":"CJC-1295 DAC"},"content":{"rendered":"<h2>Vlastnosti:<\/h2>\n<p>CJC-1295 DAC je siln\u00fd peptid zn\u00e1m\u00fd sv\u00fdm v\u00fdznamn\u00fdm vlivem na r\u016fst sval\u016f, redukci tuku a boj proti st\u00e1rnut\u00ed. Tento syntetick\u00fd analog hormonu uvol\u0148uj\u00edc\u00edho r\u016fstov\u00fd hormon (GHRH) je navr\u017een tak, aby zvy\u0161oval mno\u017estv\u00ed a d\u00e9lku uvol\u0148ov\u00e1n\u00ed r\u016fstov\u00e9ho hormonu (GH), co\u017e vede ke zv\u00fd\u0161en\u00ed hladiny r\u016fstov\u00e9ho faktoru 1 podobn\u00e9ho inzul\u00ednu (IGF-1) v t\u011ble. IGF-1 je rozhoduj\u00edc\u00edm faktorem p\u0159i podpo\u0159e svalov\u00e9 hypertrofie, zlep\u0161ov\u00e1n\u00ed metabolismu tuk\u016f a podpo\u0159e celkov\u00e9 obnovy a regenerace tk\u00e1n\u00ed. Prodlou\u017een\u00fd polo\u010das rozpadu CJC-1295 DAC znamen\u00e1, \u017ee stimuluje uvol\u0148ov\u00e1n\u00ed GH je\u0161t\u011b n\u011bkolik dn\u00ed, co\u017e z n\u011bj \u010din\u00ed \u00fa\u010dinnou volbu pro ty, kte\u0159\u00ed usiluj\u00ed o optimalizaci sv\u00e9 postavy, zv\u00fd\u0161en\u00ed v\u00fdkonnosti nebo zm\u00edrn\u011bn\u00ed \u00fa\u010dink\u016f st\u00e1rnut\u00ed.<\/p>\n<h2>Mechanismus \u00fa\u010dinku:<\/h2>\n<p>CJC-1295 DAC funguje tak, \u017ee se v\u00e1\u017ee na receptory hormonu uvol\u0148uj\u00edc\u00edho r\u016fstov\u00fd hormon (GHRH) v hypof\u00fdze, co\u017e vede ke zv\u00fd\u0161en\u00ed sekrece GH. Na rozd\u00edl od jin\u00fdch analog\u016f GHRH je CJC-1295 DAC modifikov\u00e1n komplexem afinity k l\u00e9\u010divu (DAC), kter\u00fd prodlu\u017euje jeho polo\u010das rozpadu na p\u0159ibli\u017en\u011b 8 dn\u00ed, co\u017e umo\u017e\u0148uje trvalej\u0161\u00ed a kontrolovan\u011bj\u0161\u00ed uvol\u0148ov\u00e1n\u00ed GH. Toto trval\u00e9 uvol\u0148ov\u00e1n\u00ed vede k trval\u00e9mu zv\u00fd\u0161en\u00ed hladiny IGF-1, kter\u00fd hraje kl\u00ed\u010dovou roli p\u0159i r\u016fstu sval\u016f, \u00fabytku tuku a obnov\u011b tk\u00e1n\u00ed. Selektivn\u00ed podporou t\u011bchto anabolick\u00fdch proces\u016f pom\u00e1h\u00e1 CJC-1295 DAC u\u017eivatel\u016fm dos\u00e1hnout jejich c\u00edl\u016f bez vedlej\u0161\u00edch \u00fa\u010dink\u016f spojen\u00fdch s tradi\u010dn\u011bj\u0161\u00edmi anabolick\u00fdmi slou\u010deninami, jako jsou steroidy.<\/p>\n<h2>V\u00fdhody:<\/h2>\n<p>Pravideln\u00e9 u\u017e\u00edv\u00e1n\u00ed p\u0159\u00edpravku CJC-1295 DAC m\u016f\u017ee v\u00e9st ke znateln\u00e9mu zlep\u0161en\u00ed svalov\u00e9 hmoty a s\u00edly a k v\u00fdrazn\u00e9mu sn\u00ed\u017een\u00ed t\u011blesn\u00e9ho tuku. V\u00fdzkumn\u00edci pozorovali, \u017ee zlep\u0161uje dobu regenerace, co\u017e umo\u017e\u0148uje \u010dast\u011bj\u0161\u00ed a intenzivn\u011bj\u0161\u00ed tr\u00e9ninky. Nav\u00edc jeho schopnost zvy\u0161ovat hladinu IGF-1 p\u0159isp\u00edv\u00e1 ke zlep\u0161en\u00ed pru\u017enosti poko\u017eky, hustoty kost\u00ed a celkov\u00e9 vitality, co\u017e z n\u011bj \u010din\u00ed siln\u00fd prost\u0159edek proti st\u00e1rnut\u00ed. Mezi sekund\u00e1rn\u00ed p\u0159\u00ednosy pat\u0159\u00ed zv\u00fd\u0161en\u00ed hladiny energie, zlep\u0161en\u00ed kvality sp\u00e1nku a celkov\u00fd pocit pohody. CJC-1295 DAC je obzvl\u00e1\u0161t\u011b \u00fa\u010dinn\u00fd pro kulturisty, sportovce a jedince, kte\u0159\u00ed cht\u011bj\u00ed zpomalit proces st\u00e1rnut\u00ed a z\u00e1rove\u0148 udr\u017eet nebo zlep\u0161it fyzickou v\u00fdkonnost.<\/p>\n<h2>Pro\u010d Powerock Pharma:<\/h2>\n<p>Ve spole\u010dnosti Powerock Pharma je pro n\u00e1s kvalita a bezpe\u010dnost na prvn\u00edm m\u00edst\u011b. N\u00e1\u0161 CJC-1295 DAC se vyr\u00e1b\u00ed v za\u0159\u00edzen\u00edch, kter\u00e1 dodr\u017euj\u00ed nejp\u0159\u00edsn\u011bj\u0161\u00ed normy, v\u010detn\u011b GMP, HACCP a ISO 13485. Ka\u017ed\u00e1 \u0161ar\u017ee proch\u00e1z\u00ed p\u0159\u00edsn\u00fdm testov\u00e1n\u00edm, aby byla zaji\u0161t\u011bna \u010distota, \u00fa\u010dinnost a konzistence, co\u017e v\u00fdzkumn\u00fdm pracovn\u00edk\u016fm poskytuje pot\u0159ebnou spolehlivost. P\u0159i ov\u011b\u0159ov\u00e1n\u00ed \u00fa\u010dinnosti na\u0161ich produkt\u016f spolupracujeme se \u0161pi\u010dkov\u00fdmi laborato\u0159emi, kter\u00e9 zaru\u010duj\u00ed, \u017ee n\u00e1\u0161 CJC-1295 DAC spl\u0148uje a p\u0159ekra\u010duje pr\u016fmyslov\u00e9 normy. Se spole\u010dnost\u00ed Powerock Pharma nekupujete pouze produkt - investujete do kvalitn\u00edho v\u00fdzkumu a konzistentn\u00edch v\u00fdsledk\u016f.<\/p>\n<h3>Shrnut\u00ed:<\/h3>\n<p>Pokud se v\u00e1\u0161 v\u00fdzkum zam\u011b\u0159uje na r\u016fst sval\u016f, odbour\u00e1v\u00e1n\u00ed tuk\u016f nebo boj proti st\u00e1rnut\u00ed, je CJC-1295 DAC ide\u00e1ln\u00edm peptidem, kter\u00fd m\u016f\u017eete zahrnout do sv\u00fdch studi\u00ed. D\u00edky z\u00e1vazku spole\u010dnosti Powerock Pharma k dokonalosti se m\u016f\u017eete spolehnout, \u017ee tento produkt bezpe\u010dn\u011b a efektivn\u011b p\u0159inese v\u00fdsledky, kter\u00e9 pot\u0159ebujete. Ned\u011blejte kompromisy v kvalit\u011b - objednejte si CJC-1295 DAC je\u0161t\u011b dnes a posu\u0148te sv\u016fj v\u00fdzkum do nov\u00fdch v\u00fd\u0161in.<\/p>\n<div id=\"gtx-trans\" style=\"position: absolute; left: 267px; top: 690.969px;\">\n<div class=\"gtx-trans-icon\"><\/div>\n<\/div>","protected":false},"excerpt":{"rendered":"<p>CJC-1295 DAC podporuje r\u016fst sval\u016f a \u00fabytek tuku zv\u00fd\u0161en\u00edm hladiny IGF-1 prost\u0159ednictv\u00edm prodlou\u017een\u00e9ho uvol\u0148ov\u00e1n\u00ed GH. Nab\u00edz\u00ed zv\u00fd\u0161enou regeneraci, udr\u017een\u00ed svalov\u00e9 hmoty a \u00fa\u010dinky proti st\u00e1rnut\u00ed. Vyberte si Powerock Pharma pro bezkonkuren\u010dn\u00ed kvalitu a spolehliv\u00e9 v\u00fdsledky.<\/p>","protected":false},"featured_media":187,"template":"","meta":{"_acf_changed":false,"rank_math_lock_modified_date":false,"inline_featured_image":false},"product_cat":[17],"product_tag":[],"class_list":{"0":"post-102","1":"product","2":"type-product","3":"status-publish","4":"has-post-thumbnail","6":"product_cat-peptide-lyophilizates","9":"first","10":"instock","11":"shipping-taxable","12":"product-type-simple"},"acf":{"chromatogram":671,"metoda":{"acftf":{"v":"1.3.24"},"p":{"o":{"uh":0},"ca":""},"c":[{"p":""}],"h":[{"c":""}],"b":[[{"c":""}]]}},"_links":{"self":[{"href":"https:\/\/powerockpharma.com\/cs\/wp-json\/wp\/v2\/product\/102","targetHints":{"allow":["GET"]}}],"collection":[{"href":"https:\/\/powerockpharma.com\/cs\/wp-json\/wp\/v2\/product"}],"about":[{"href":"https:\/\/powerockpharma.com\/cs\/wp-json\/wp\/v2\/types\/product"}],"wp:featuredmedia":[{"embeddable":true,"href":"https:\/\/powerockpharma.com\/cs\/wp-json\/wp\/v2\/media\/187"}],"wp:attachment":[{"href":"https:\/\/powerockpharma.com\/cs\/wp-json\/wp\/v2\/media?parent=102"}],"wp:term":[{"taxonomy":"product_cat","embeddable":true,"href":"https:\/\/powerockpharma.com\/cs\/wp-json\/wp\/v2\/product_cat?post=102"},{"taxonomy":"product_tag","embeddable":true,"href":"https:\/\/powerockpharma.com\/cs\/wp-json\/wp\/v2\/product_tag?post=102"}],"curies":[{"name":"wp","href":"https:\/\/api.w.org\/{rel}","templated":true}]}}