{"id":103,"date":"2024-08-04T17:12:52","date_gmt":"2024-08-04T15:12:52","guid":{"rendered":"https:\/\/powerockpharma.com\/?post_type=product&#038;p=103"},"modified":"2025-11-12T07:08:32","modified_gmt":"2025-11-12T06:08:32","slug":"cjc-1295","status":"publish","type":"product","link":"https:\/\/powerockpharma.com\/cs\/peptide-lyophilizates\/cjc-1295\/","title":{"rendered":"CJC-1295"},"content":{"rendered":"<h2>Vlastnosti:<\/h2>\n<p>CJC-1295 je siln\u00fd peptid, kter\u00fd je zn\u00e1m\u00fd sv\u00fdmi v\u00fdznamn\u00fdmi \u00fa\u010dinky na podporu r\u016fstu sval\u016f a \u00fabytku tuku, co\u017e z n\u011bj \u010din\u00ed \u0161pi\u010dkovou volbu pro v\u00fdzkumn\u00edky zam\u011b\u0159en\u00e9 na zvy\u0161ov\u00e1n\u00ed fyzick\u00e9 v\u00fdkonnosti a t\u011blesn\u00e9ho slo\u017een\u00ed. Tato slou\u010denina funguje tak, \u017ee zvy\u0161uje uvol\u0148ov\u00e1n\u00ed r\u016fstov\u00e9ho hormonu (GH) z hypof\u00fdzy, co\u017e vede ke kask\u00e1d\u011b p\u0159\u00edzniv\u00fdch fyziologick\u00fdch zm\u011bn, v\u010detn\u011b zv\u00fd\u0161en\u00e9 synt\u00e9zy b\u00edlkovin, lep\u0161\u00edho metabolismu tuk\u016f a zlep\u0161en\u00ed doby regenerace. CJC-1295 je cen\u011bn zejm\u00e9na pro svou schopnost prodlou\u017eit polo\u010das rozpadu endogenn\u00edho r\u016fstov\u00e9ho hormonu, \u010d\u00edm\u017e zesiluje jeho \u00fa\u010dinky bez nutnosti \u010dast\u00e9ho pod\u00e1v\u00e1n\u00ed.<\/p>\n<h2>Mechanismus \u00fa\u010dinku:<\/h2>\n<p>CJC-1295 p\u016fsob\u00ed tak, \u017ee se v\u00e1\u017ee na receptory hormonu uvol\u0148uj\u00edc\u00edho r\u016fstov\u00fd hormon (GHRH) a stimuluje uvol\u0148ov\u00e1n\u00ed GH. Tento \u00fa\u010dinek nejen zvy\u0161uje hladinu GH, ale tak\u00e9 prodlu\u017euje jeho aktivitu v t\u011ble t\u00edm, \u017ee inhibuje odbour\u00e1v\u00e1n\u00ed peptid\u016f uvol\u0148uj\u00edc\u00edch GH. V\u00fdsledkem je trval\u00e9 zv\u00fd\u0161en\u00ed hladiny GH, kter\u00e9 vede ke zv\u00fd\u0161en\u00ed svalov\u00e9ho r\u016fstu, sn\u00ed\u017een\u00ed mno\u017estv\u00ed t\u011blesn\u00e9ho tuku a rychlej\u0161\u00ed regeneraci po intenzivn\u00ed fyzick\u00e9 aktivit\u011b. Na rozd\u00edl od n\u011bkter\u00fdch anabolick\u00fdch l\u00e1tek zaji\u0161\u0165uje selektivn\u00ed mechanismus CJC-1295 minim\u00e1ln\u00ed vedlej\u0161\u00ed \u00fa\u010dinky s men\u0161\u00edm dopadem na nec\u00edlov\u00e9 tk\u00e1n\u011b, co\u017e z n\u011bj \u010din\u00ed bezpe\u010dn\u011bj\u0161\u00ed alternativu pro v\u00fdzkum zam\u011b\u0159en\u00fd na zlep\u0161en\u00ed t\u011blesn\u00e9ho slo\u017een\u00ed.<\/p>\n<h2>V\u00fdhody:<\/h2>\n<p>Pravideln\u00e9 u\u017e\u00edv\u00e1n\u00ed p\u0159\u00edpravku CJC-1295 ve v\u00fdzkumn\u00fdch podm\u00ednk\u00e1ch prok\u00e1zalo v\u00fdznamn\u00fd n\u00e1r\u016fst svalov\u00e9 hmoty, sn\u00ed\u017een\u00ed procenta t\u011blesn\u00e9ho tuku a zkr\u00e1cen\u00ed doby regenerace mezi tr\u00e9ninky. V\u00fdzkumn\u00edci zaznamenali tak\u00e9 sekund\u00e1rn\u00ed p\u0159\u00ednosy, v\u010detn\u011b zlep\u0161en\u00ed kvality sp\u00e1nku, zv\u00fd\u0161en\u00ed hladiny energie a zlep\u0161en\u00ed celkov\u00e9 vitality. Tento peptid je obzvl\u00e1\u0161t\u011b \u00fa\u010dinn\u00fd pro studie zahrnuj\u00edc\u00ed kulturisty, sportovce nebo jedince, kte\u0159\u00ed si cht\u011bj\u00ed udr\u017eet svalovou hmotu a z\u00e1rove\u0148 sn\u00ed\u017eit mno\u017estv\u00ed t\u011blesn\u00e9ho tuku b\u011bhem kalorick\u00e9ho deficitu. Jeho schopnost podporovat regeneraci a zachov\u00e1n\u00ed svalov\u00e9 hmoty z n\u011bj \u010din\u00ed univerz\u00e1ln\u00ed n\u00e1stroj v oblasti zvy\u0161ov\u00e1n\u00ed v\u00fdkonnosti.<\/p>\n<h2>Pro\u010d Powerock Pharma:<\/h2>\n<p>Spole\u010dnost Powerock Pharma db\u00e1 na to, aby ka\u017ed\u00e1 \u0161ar\u017ee p\u0159\u00edpravku CJC-1295 spl\u0148ovala nejvy\u0161\u0161\u00ed standardy kvality a bezpe\u010dnosti. N\u00e1\u0161 CJC-1295 se vyr\u00e1b\u00ed v za\u0159\u00edzen\u00edch, kter\u00e1 dodr\u017euj\u00ed certifikace GMP, HACCP a ISO 13485, a proch\u00e1z\u00ed p\u0159\u00edsn\u00fdm testov\u00e1n\u00edm, kter\u00e9 ov\u011b\u0159uje jeho \u010distotu a \u00fa\u010dinnost. D\u00edky spolupr\u00e1ci s p\u0159edn\u00edmi laborato\u0159emi zaru\u010dujeme, \u017ee to, co obdr\u017e\u00edte, je \u00fa\u010dinn\u00e9 a spolehliv\u00e9. Se spole\u010dnost\u00ed Powerock Pharma se m\u016f\u017eete spolehnout, \u017ee v\u00e1\u0161 v\u00fdzkum p\u0159inese konzistentn\u00ed a reprodukovateln\u00e9 v\u00fdsledky d\u00edky \u0161pi\u010dkov\u00e9 kvalit\u011b na\u0161ich produkt\u016f.<\/p>\n<h3>Shrnut\u00ed:<\/h3>\n<p>Pro v\u00fdzkumn\u00e9 pracovn\u00edky, kte\u0159\u00ed cht\u011bj\u00ed prozkoumat cel\u00fd potenci\u00e1l modulace r\u016fstov\u00e9ho hormonu, nab\u00edz\u00ed CJC-1295 robustn\u00ed a spolehliv\u00e9 \u0159e\u0161en\u00ed. Tento produkt, za kter\u00fdm stoj\u00ed p\u0159\u00edsn\u00e9 kontroly kvality spole\u010dnosti Powerock Pharma, je navr\u017een tak, aby v\u00e1m pomohl dos\u00e1hnout va\u0161ich v\u00fdzkumn\u00fdch c\u00edl\u016f s p\u0159esnost\u00ed a jistotou. Ned\u011blejte kompromisy v kvalit\u011b - objednejte si CJC-1295 je\u0161t\u011b dnes a poznejte rozd\u00edl, kter\u00fd do va\u0161eho v\u00fdzkumu p\u0159in\u00e1\u0161\u00ed spole\u010dnost Powerock Pharma.<\/p>","protected":false},"excerpt":{"rendered":"<p>CJC-1295 podporuje zv\u00fd\u0161en\u00fd r\u016fst sval\u016f a \u00fabytek tuku t\u00edm, \u017ee podporuje zv\u00fd\u0161en\u00e9 uvol\u0148ov\u00e1n\u00ed r\u016fstov\u00e9ho hormonu. Nab\u00edz\u00ed lep\u0161\u00ed regeneraci, n\u00e1r\u016fst svalov\u00e9 hmoty a redukci tuku. Vyberte si Powerock Pharma pro prvot\u0159\u00eddn\u00ed kvalitu a konzistentn\u00ed v\u00fdsledky.<\/p>","protected":false},"featured_media":186,"template":"","meta":{"_acf_changed":false,"rank_math_lock_modified_date":false,"inline_featured_image":false},"product_cat":[17],"product_tag":[],"class_list":{"0":"post-103","1":"product","2":"type-product","3":"status-publish","4":"has-post-thumbnail","6":"product_cat-peptide-lyophilizates","9":"first","10":"instock","11":"shipping-taxable","12":"product-type-simple"},"acf":{"chromatogram":672,"metoda":{"acftf":{"v":"1.3.24"},"p":{"o":{"uh":0},"ca":""},"c":[{"p":""}],"h":[{"c":""}],"b":[[{"c":""}]]}},"_links":{"self":[{"href":"https:\/\/powerockpharma.com\/cs\/wp-json\/wp\/v2\/product\/103","targetHints":{"allow":["GET"]}}],"collection":[{"href":"https:\/\/powerockpharma.com\/cs\/wp-json\/wp\/v2\/product"}],"about":[{"href":"https:\/\/powerockpharma.com\/cs\/wp-json\/wp\/v2\/types\/product"}],"wp:featuredmedia":[{"embeddable":true,"href":"https:\/\/powerockpharma.com\/cs\/wp-json\/wp\/v2\/media\/186"}],"wp:attachment":[{"href":"https:\/\/powerockpharma.com\/cs\/wp-json\/wp\/v2\/media?parent=103"}],"wp:term":[{"taxonomy":"product_cat","embeddable":true,"href":"https:\/\/powerockpharma.com\/cs\/wp-json\/wp\/v2\/product_cat?post=103"},{"taxonomy":"product_tag","embeddable":true,"href":"https:\/\/powerockpharma.com\/cs\/wp-json\/wp\/v2\/product_tag?post=103"}],"curies":[{"name":"wp","href":"https:\/\/api.w.org\/{rel}","templated":true}]}}