{"id":104,"date":"2024-08-04T17:19:33","date_gmt":"2024-08-04T15:19:33","guid":{"rendered":"https:\/\/powerockpharma.com\/?post_type=product&#038;p=104"},"modified":"2025-11-12T07:04:14","modified_gmt":"2025-11-12T06:04:14","slug":"hardcore","status":"publish","type":"product","link":"https:\/\/powerockpharma.com\/cs\/sarms\/hardcore\/","title":{"rendered":"HARDCORE"},"content":{"rendered":"<h2>Vlastnosti:<\/h2>\n<p>HARDCORE je pokro\u010dil\u00fd p\u0159\u00edpravek ur\u010den\u00fd pro v\u00fdzkumn\u00edky zam\u011b\u0159en\u00e9 na r\u016fst svalov\u00e9 hmoty, zv\u00fd\u0161en\u00ed s\u00edly a odbour\u00e1v\u00e1n\u00ed tuk\u016f. Tato siln\u00e1 kombinace obsahuje MK-677, RAD-140, LGD-4033 a MK-2866, z nich\u017e ka\u017ed\u00fd byl vybr\u00e1n pro sv\u00e9 jedine\u010dn\u00e9 a siln\u00e9 \u00fa\u010dinky na slo\u017een\u00ed t\u011bla a v\u00fdkonnost. MK-677 je zn\u00e1m\u00fd t\u00edm, \u017ee zvy\u0161uje hladinu r\u016fstov\u00e9ho hormonu, co\u017e vede ke zlep\u0161en\u00ed svalov\u00e9 hmoty a regenerace. RAD-140 a LGD-4033 jsou selektivn\u00ed modul\u00e1tory androgenn\u00edch receptor\u016f (SARM), kter\u00e9 se selektivn\u011b zam\u011b\u0159uj\u00ed na svalovou tk\u00e1\u0148 a podporuj\u00ed r\u016fst sval\u016f a s\u00edly bez ne\u017e\u00e1douc\u00edch vedlej\u0161\u00edch \u00fa\u010dink\u016f, kter\u00e9 jsou b\u011b\u017en\u011b spojov\u00e1ny s anabolick\u00fdmi steroidy. MK-2866 podporuje zachov\u00e1n\u00ed svalov\u00e9 hmoty a zvy\u0161uje \u00fabytek tuku, tak\u017ee tato sm\u011bs je ide\u00e1ln\u00ed pro f\u00e1ze redukce a rekonvalescence.<\/p>\n<h2>Mechanismus \u00fa\u010dinku:<\/h2>\n<p>Spole\u010dnost HARDCORE pracuje na z\u00e1klad\u011b synergick\u00e9ho p\u0159\u00edstupu. MK-677 stimuluje sekreci r\u016fstov\u00e9ho hormonu a IGF-1, kter\u00e9 jsou kl\u00ed\u010dov\u00e9 pro r\u016fst sval\u016f, regeneraci a metabolismus tuk\u016f. RAD-140 a LGD-4033 p\u016fsob\u00ed tak, \u017ee se selektivn\u011b v\u00e1\u017eou na androgenn\u00ed receptory ve svalov\u00fdch tk\u00e1n\u00edch, co\u017e vede ke zv\u00fd\u0161en\u00e9 synt\u00e9ze b\u00edlkovin, r\u016fstu sval\u016f a zv\u00fd\u0161en\u00ed s\u00edly. MK-2866 (Ostarine) je siln\u00fd SARM, kter\u00fd pom\u00e1h\u00e1 udr\u017eovat svalovou hmotu p\u0159i kalorick\u00e9m deficitu t\u00edm, \u017ee podporuje anabolickou aktivitu ve svalov\u00fdch tk\u00e1n\u00edch. Selektivn\u00ed mechanismy t\u011bchto l\u00e1tek zaji\u0161\u0165uj\u00ed, \u017ee prim\u00e1rn\u00edm c\u00edlem je svalov\u00e1 tk\u00e1\u0148, \u010d\u00edm\u017e se minimalizuje dopad na nec\u00edlov\u00e9 tk\u00e1n\u011b, a sni\u017euje se tak riziko vedlej\u0161\u00edch \u00fa\u010dink\u016f, kter\u00e9 se b\u011b\u017en\u011b vyskytuj\u00ed u tradi\u010dn\u00edch anabolick\u00fdch l\u00e1tek.<\/p>\n<h2>V\u00fdhody:<\/h2>\n<p>P\u0159i d\u016fsledn\u00e9m pou\u017e\u00edv\u00e1n\u00ed ve v\u00fdzkumu p\u0159in\u00e1\u0161\u00ed HARDCORE znateln\u00fd n\u00e1r\u016fst svalov\u00e9 hmoty, s\u00edly a vytrvalosti. V\u00fdzkumn\u00edci zaznamenali zrychlen\u00ed doby regenerace, co\u017e z n\u011bj \u010din\u00ed vynikaj\u00edc\u00ed volbu pro studie zam\u011b\u0159en\u00e9 na zvy\u0161ov\u00e1n\u00ed v\u00fdkonnosti. HARDCORE nav\u00edc podporuje \u00fabytek tuku, zachov\u00e1n\u00ed svalov\u00e9 hmoty a celkovou t\u011blesnou rekondici, tak\u017ee je univerz\u00e1ln\u00ed pro r\u016fzn\u00e9 v\u00fdzkumn\u00e9 aplikace. Mezi sekund\u00e1rn\u00ed p\u0159\u00ednosy m\u016f\u017ee pat\u0159it zlep\u0161en\u00ed prokrven\u00ed, lep\u0161\u00ed hladina energie a zlep\u0161en\u00ed n\u00e1lady, co\u017e je v\u00fdhodn\u00e9 pro subjekty podstupuj\u00edc\u00ed n\u00e1ro\u010dn\u00fd tr\u00e9nink nebo dietn\u00ed omezen\u00ed.<\/p>\n<h2>Pro\u010d Powerock Pharma:<\/h2>\n<p>Ve spole\u010dnosti Powerock Pharma se vyzna\u010dujeme kvalitou a p\u0159esnost\u00ed. Ka\u017ed\u00e1 \u0161ar\u017ee produktu HARDCORE je vyr\u00e1b\u011bna v za\u0159\u00edzen\u00edch, kter\u00e1 p\u0159ekra\u010duj\u00ed normy GMP, HACCP a ISO 13485, co\u017e zaru\u010duje, \u017ee na\u0161e produkty jsou bezpe\u010dn\u00e9, spolehliv\u00e9 a v nejvy\u0161\u0161\u00ed kvalit\u011b. Pou\u017e\u00edv\u00e1me nejmodern\u011bj\u0161\u00ed testovac\u00ed postupy a spolupracujeme s p\u0159edn\u00edmi laborato\u0159emi, abychom ov\u011b\u0159ili \u010distotu a \u00fa\u010dinnost na\u0161ich p\u0159\u00edpravk\u016f. Kdy\u017e si vyberete p\u0159\u00edpravek HARDCORE od spole\u010dnosti Powerock Pharma, vyb\u00edr\u00e1te si produkt, kter\u00fd poskytuje konzistentn\u00ed a spolehliv\u00e9 v\u00fdsledky podpo\u0159en\u00e9 p\u0159\u00edsnou kontrolou kvality.<\/p>\n<h3>Shrnut\u00ed:<\/h3>\n<p>Pokud se v\u00e1\u0161 v\u00fdzkum zam\u011b\u0159uje na maximalizaci svalov\u00e9ho r\u016fstu, zlep\u0161en\u00ed v\u00fdkonnosti nebo zlep\u0161en\u00ed t\u011blesn\u00e9 kompozice, je HARDCORE \u0159e\u0161en\u00edm, kter\u00e9 pot\u0159ebujete. Tato pokro\u010dil\u00e1 sm\u011bs MK-677, RAD-140, LGD-4033 a MK-2866, za kterou stoj\u00ed z\u00e1vazek spole\u010dnosti Powerock Pharma ke kvalit\u011b, je navr\u017eena tak, aby v\u00e1m pomohla dos\u00e1hnout v\u00fdznamn\u00fdch v\u00fdsledk\u016f ve va\u0161ich studi\u00edch. Nespokojte se s hor\u0161\u00edmi v\u00fdsledky - objednejte si HARDCORE je\u0161t\u011b dnes a poznejte rozd\u00edl ve v\u00fdsledc\u00edch sv\u00e9ho v\u00fdzkumu d\u00edky spole\u010dnosti Powerock Pharma.<\/p>","protected":false},"excerpt":{"rendered":"<p>HARDCORE kombinuje MK-677, RAD-140, LGD-4033 a MK-2866, aby zes\u00edlil r\u016fst sval\u016f, s\u00edlu a \u00fabytek tuku modulac\u00ed androgenn\u00edch receptor\u016f a zv\u00fd\u0161en\u00edm hladiny r\u016fstov\u00e9ho hormonu. Za\u017eijte zv\u00fd\u0161enou regeneraci a v\u00fdkonnost se sm\u011bs\u00ed nejvy\u0161\u0161\u00ed kvality od spole\u010dnosti Powerock Pharma.<\/p>","protected":false},"featured_media":218,"template":"","meta":{"_acf_changed":false,"rank_math_lock_modified_date":false,"inline_featured_image":false},"product_cat":[18],"product_tag":[],"class_list":{"0":"post-104","1":"product","2":"type-product","3":"status-publish","4":"has-post-thumbnail","6":"product_cat-sarms","9":"first","10":"instock","11":"shipping-taxable","12":"product-type-simple"},"acf":{"chromatogram":656,"metoda":""},"_links":{"self":[{"href":"https:\/\/powerockpharma.com\/cs\/wp-json\/wp\/v2\/product\/104","targetHints":{"allow":["GET"]}}],"collection":[{"href":"https:\/\/powerockpharma.com\/cs\/wp-json\/wp\/v2\/product"}],"about":[{"href":"https:\/\/powerockpharma.com\/cs\/wp-json\/wp\/v2\/types\/product"}],"wp:featuredmedia":[{"embeddable":true,"href":"https:\/\/powerockpharma.com\/cs\/wp-json\/wp\/v2\/media\/218"}],"wp:attachment":[{"href":"https:\/\/powerockpharma.com\/cs\/wp-json\/wp\/v2\/media?parent=104"}],"wp:term":[{"taxonomy":"product_cat","embeddable":true,"href":"https:\/\/powerockpharma.com\/cs\/wp-json\/wp\/v2\/product_cat?post=104"},{"taxonomy":"product_tag","embeddable":true,"href":"https:\/\/powerockpharma.com\/cs\/wp-json\/wp\/v2\/product_tag?post=104"}],"curies":[{"name":"wp","href":"https:\/\/api.w.org\/{rel}","templated":true}]}}