{"id":106,"date":"2024-08-04T17:20:52","date_gmt":"2024-08-04T15:20:52","guid":{"rendered":"https:\/\/powerockpharma.com\/?post_type=product&#038;p=106"},"modified":"2025-11-12T06:56:41","modified_gmt":"2025-11-12T05:56:41","slug":"performance","status":"publish","type":"product","link":"https:\/\/powerockpharma.com\/cs\/sarms\/performance\/","title":{"rendered":"V\u00ddKON"},"content":{"rendered":"<h2>Vlastnosti:<\/h2>\n<p>Sm\u011bs Performance, kter\u00e1 obsahuje SR-9009, MK-2866 a GW-501516, je ur\u010dena pro ty, kte\u0159\u00ed cht\u011bj\u00ed optimalizovat r\u016fst sval\u016f, \u00fabytek tuku a celkovou vytrvalost. SR-9009, zn\u00e1m\u00fd jako Stenabolic, ovliv\u0148uje p\u0159edev\u0161\u00edm metabolick\u00e9 funkce aktivac\u00ed Rev-ErbA, co\u017e vede ke zv\u00fd\u0161en\u00e9 oxidaci tuk\u016f a zv\u00fd\u0161en\u00ed vytrvalosti. MK-2866 neboli Ostarine je selektivn\u00ed modul\u00e1tor androgenn\u00edch receptor\u016f (SARM), kter\u00fd podporuje zachov\u00e1n\u00ed a r\u016fst svalov\u00e9 hmoty vazbou na androgenn\u00ed receptory ve svalov\u00e9 tk\u00e1ni. GW-501516, b\u011b\u017en\u011b ozna\u010dovan\u00fd jako Cardarine, zvy\u0161uje vytrvalost stimulac\u00ed dr\u00e1hy PPAR-delta, kter\u00e1 zvy\u0161uje metabolismus mastn\u00fdch kyselin a zvy\u0161uje v\u00fddej energie.<\/p>\n<h2>Mechanismus \u00fa\u010dinku:<\/h2>\n<p>Jedine\u010dn\u00fd mechanismus p\u0159\u00edpravku SR-9009 zahrnuje regulaci cirkadi\u00e1nn\u00edch rytm\u016f a metabolick\u00fdch drah, co\u017e vede ke zv\u00fd\u0161en\u00ed v\u00fddr\u017ee a sn\u00ed\u017een\u00ed ukl\u00e1d\u00e1n\u00ed tuk\u016f. MK-2866 se selektivn\u011b v\u00e1\u017ee na androgenn\u00ed receptory ve svalov\u00e9 a kostn\u00ed tk\u00e1ni, \u010d\u00edm\u017e stimuluje anabolickou aktivitu bez androgenn\u00edch vedlej\u0161\u00edch \u00fa\u010dink\u016f typick\u00fdch pro anabolick\u00e9 steroidy. GW-501516 p\u016fsob\u00ed prost\u0159ednictv\u00edm aktivace PPAR-delta, proteinu, kter\u00fd zvy\u0161uje schopnost organismu spalovat tuky a zlep\u0161uje vytrvalost t\u00edm, \u017ee zvy\u0161uje \u00fa\u010dinnost vyu\u017eit\u00ed energie ve svalov\u00fdch bu\u0148k\u00e1ch. Tato synergick\u00e1 kombinace zaji\u0161\u0165uje maxim\u00e1ln\u00ed \u00fabytek tuku, r\u016fst sval\u016f a zv\u00fd\u0161en\u00ed v\u00fdkonnosti bez ne\u017e\u00e1douc\u00edch vedlej\u0161\u00edch \u00fa\u010dink\u016f.<\/p>\n<h2>V\u00fdhody:<\/h2>\n<p>D\u016fsledn\u00e9 pou\u017e\u00edv\u00e1n\u00ed t\u00e9to sm\u011bsi vede k v\u00fdrazn\u00e9mu zlep\u0161en\u00ed svalov\u00e9 hmoty, s\u00edly a vytrvalosti. SR-9009 p\u0159isp\u00edv\u00e1 k redukci tuku a udr\u017een\u00ed energetick\u00e9 hladiny, tak\u017ee je ide\u00e1ln\u00ed pro sportovce a kulturisty ve f\u00e1z\u00edch \u0159ez\u00e1n\u00ed. MK-2866 je proslul\u00fd svou schopnost\u00ed budovat a udr\u017eovat svalovou hmotu i p\u0159i kalorick\u00e9m deficitu, \u010d\u00edm\u017e podporuje c\u00edle v oblasti t\u011blesn\u00e9 rekompozice. GW-501516 zvy\u0161uje vytrvalost, co\u017e u\u017eivatel\u016fm umo\u017e\u0148uje p\u0159ekon\u00e1vat intenzivn\u00ed tr\u00e9ninky s lep\u0161\u00ed v\u00fddr\u017e\u00ed a regenerac\u00ed. Spole\u010dn\u011b tyto slou\u010deniny poskytuj\u00ed komplexn\u00ed \u0159e\u0161en\u00ed pro ty, kte\u0159\u00ed usiluj\u00ed o zv\u00fd\u0161en\u00ed sv\u00e9 fyzick\u00e9 v\u00fdkonnosti, redukci tuku a efektivn\u00ed budov\u00e1n\u00ed svalov\u00e9 hmoty.<\/p>\n<h2>Pro\u010d Powerock Pharma:<\/h2>\n<p>Ve spole\u010dnosti Powerock Pharma se sna\u017e\u00edme poskytovat produkty, kter\u00e9 spl\u0148uj\u00ed nejvy\u0161\u0161\u00ed standardy bezpe\u010dnosti, \u00fa\u010dinnosti a \u010distoty. Na\u0161e sm\u011bs Performance se vyr\u00e1b\u00ed v za\u0159\u00edzen\u00edch, kter\u00e1 p\u0159ekra\u010duj\u00ed normy GMP, HACCP a ISO 13485, co\u017e zaru\u010duje, \u017ee obdr\u017e\u00edte produkt, kter\u00fd je \u00fa\u010dinn\u00fd a bezpe\u010dn\u00fd pro v\u00fdzkumn\u00e9 \u00fa\u010dely. Ka\u017ed\u00e1 \u0161ar\u017ee proch\u00e1z\u00ed p\u0159\u00edsn\u00fdm testov\u00e1n\u00edm v p\u0159edn\u00edch laborato\u0159\u00edch, kter\u00e9 potvrzuje \u010distotu a konzistenci slou\u010denin, co\u017e v\u00e1m d\u00e1v\u00e1 jistotu v ka\u017ed\u00e9 kapsli. V\u00fdb\u011brem spole\u010dnosti Powerock Pharma investujete do produktu, kter\u00fd poka\u017ed\u00e9 p\u0159in\u00e1\u0161\u00ed konzistentn\u00ed a vysoce kvalitn\u00ed v\u00fdsledky.<\/p>\n<h3>P\u0159ehled :<\/h3>\n<p>Zlep\u0161ete sv\u016fj v\u00fdzkum a v\u00fdkon d\u00edky sm\u011bsi SR-9009, MK-2866 a GW-501516. Tento produkt, za kter\u00fdm stoj\u00ed z\u00e1vazek spole\u010dnosti Powerock Pharma ke kvalit\u011b, je navr\u017een tak, aby v\u00e1m pomohl bezpe\u010dn\u011b a efektivn\u011b dos\u00e1hnout va\u0161ich c\u00edl\u016f v oblasti r\u016fstu svalov\u00e9 hmoty, \u00fabytku tuku a vytrvalosti. Ned\u011blejte kompromisy ohledn\u011b sv\u00fdch v\u00fdsledk\u016f - objednejte si sm\u011bs Performance je\u0161t\u011b dnes a za\u010dn\u011bte poci\u0165ovat rozd\u00edl.<\/p>","protected":false},"excerpt":{"rendered":"<p>SR-9009, MK-2866 a GW-501516 zvy\u0161uj\u00ed r\u016fst sval\u016f, \u00fabytek tuku a vytrvalost modulac\u00ed metabolismu a androgenn\u00edch receptor\u016f. Tato v\u00fdkonn\u00e1 sm\u011bs urychluje regeneraci a zlep\u0161uje v\u00fdkonnost. D\u016fv\u011b\u0159ujte spole\u010dnosti Powerock Pharma, pokud jde o kvalitu a v\u00fdsledky.<\/p>","protected":false},"featured_media":222,"template":"","meta":{"_acf_changed":false,"rank_math_lock_modified_date":false,"inline_featured_image":false},"product_cat":[18],"product_tag":[],"class_list":{"0":"post-106","1":"product","2":"type-product","3":"status-publish","4":"has-post-thumbnail","6":"product_cat-sarms","9":"first","10":"instock","11":"shipping-taxable","12":"product-type-simple"},"acf":{"chromatogram":629,"metoda":""},"_links":{"self":[{"href":"https:\/\/powerockpharma.com\/cs\/wp-json\/wp\/v2\/product\/106","targetHints":{"allow":["GET"]}}],"collection":[{"href":"https:\/\/powerockpharma.com\/cs\/wp-json\/wp\/v2\/product"}],"about":[{"href":"https:\/\/powerockpharma.com\/cs\/wp-json\/wp\/v2\/types\/product"}],"wp:featuredmedia":[{"embeddable":true,"href":"https:\/\/powerockpharma.com\/cs\/wp-json\/wp\/v2\/media\/222"}],"wp:attachment":[{"href":"https:\/\/powerockpharma.com\/cs\/wp-json\/wp\/v2\/media?parent=106"}],"wp:term":[{"taxonomy":"product_cat","embeddable":true,"href":"https:\/\/powerockpharma.com\/cs\/wp-json\/wp\/v2\/product_cat?post=106"},{"taxonomy":"product_tag","embeddable":true,"href":"https:\/\/powerockpharma.com\/cs\/wp-json\/wp\/v2\/product_tag?post=106"}],"curies":[{"name":"wp","href":"https:\/\/api.w.org\/{rel}","templated":true}]}}