{"id":108,"date":"2024-08-04T17:21:37","date_gmt":"2024-08-04T15:21:37","guid":{"rendered":"https:\/\/powerockpharma.com\/?post_type=product&#038;p=108"},"modified":"2025-11-12T06:52:37","modified_gmt":"2025-11-12T05:52:37","slug":"shred","status":"publish","type":"product","link":"https:\/\/powerockpharma.com\/cs\/sarms\/shred\/","title":{"rendered":"SHRED"},"content":{"rendered":"<h2>Vlastnosti:<\/h2>\n<p>SHRED je siln\u00e1 sm\u011bs t\u0159\u00ed \u00fa\u010dinn\u00fdch l\u00e1tek - RAD-140 (10 mg), GW-501516 (15 mg) a andarinu (25 mg) - vytvo\u0159en\u00e1 tak, aby poskytovala v\u00fdjime\u010dn\u00e9 v\u00fdsledky p\u0159i odbour\u00e1v\u00e1n\u00ed tuk\u016f, udr\u017eov\u00e1n\u00ed svalov\u00e9 hmoty a zvy\u0161ov\u00e1n\u00ed vytrvalosti. Tato synergick\u00e1 kombinace se zam\u011b\u0159uje na specifick\u00e9 dr\u00e1hy v t\u011ble, co\u017e z n\u00ed \u010din\u00ed ide\u00e1ln\u00ed volbu pro ty, kte\u0159\u00ed usiluj\u00ed o zdokonalen\u00ed sv\u00e9 postavy p\u0159i zachov\u00e1n\u00ed \u0161pi\u010dkov\u00e9 v\u00fdkonnosti. RAD-140, selektivn\u00ed modul\u00e1tor androgenn\u00edch receptor\u016f (SARM), je zn\u00e1m\u00fd sv\u00fdmi anabolick\u00fdmi \u00fa\u010dinky na svalovou tk\u00e1\u0148, podporuje r\u016fst svalov\u00e9 hmoty a regeneraci. GW-501516, zn\u00e1m\u00fd tak\u00e9 pod n\u00e1zvem Cardarine, p\u016fsob\u00ed na dr\u00e1hu PPAR\u03b4, \u010d\u00edm\u017e zvy\u0161uje oxidaci tuk\u016f a zvy\u0161uje vytrvalost, a je tak obl\u00edben\u00fd u sportovc\u016f a osob v reduk\u010dn\u00edch cyklech. Andarin (S4) se selektivn\u011b v\u00e1\u017ee na androgenn\u00ed receptory, co\u017e vede ke zv\u00fd\u0161en\u00ed svalov\u00e9 hustoty a s\u00edly a z\u00e1rove\u0148 zabra\u0148uje \u00fabytku svalov\u00e9 hmoty p\u0159i kalorick\u00e9m deficitu.<\/p>\n<h2>Mechanismus \u00fa\u010dinku:<\/h2>\n<p>Mechanismus \u00fa\u010dinku p\u0159\u00edpravku SHRED spo\u010d\u00edv\u00e1 v selektivn\u00ed modulaci a aktivaci specifick\u00fdch receptor\u016f a drah. RAD-140 se v\u00e1\u017ee na androgenn\u00ed receptory ve svalov\u00e9 a kostn\u00ed tk\u00e1ni, \u010d\u00edm\u017e spou\u0161t\u00ed anabolickou aktivitu bez ovlivn\u011bn\u00ed jin\u00fdch tk\u00e1n\u00ed, co\u017e minimalizuje ne\u017e\u00e1douc\u00ed vedlej\u0161\u00ed \u00fa\u010dinky. GW-501516 aktivuje dr\u00e1hu PPAR\u03b4, \u010d\u00edm\u017e zvy\u0161uje schopnost organismu spalovat tuky a zlep\u0161uje vytrvalost d\u00edky regulaci exprese gen\u016f pod\u00edlej\u00edc\u00edch se na energetick\u00e9m v\u00fddeji. Andarin zvy\u0161uje svalovou hmotu a s\u00edlu selektivn\u00ed vazbou na androgenn\u00ed receptory v kostern\u00edm svalstvu, \u010d\u00edm\u017e podporuje anabolick\u00e9 procesy a z\u00e1rove\u0148 minimalizuje androgenn\u00ed \u00fa\u010dinky. Toto selektivn\u00ed p\u016fsoben\u00ed zaji\u0161\u0165uje, \u017ee SHRED poskytuje siln\u00e9 v\u00fdsledky s ni\u017e\u0161\u00edm rizikem ne\u017e\u00e1douc\u00edch \u00fa\u010dink\u016f ve srovn\u00e1n\u00ed s tradi\u010dn\u00edmi anaboliky.<\/p>\n<h2>V\u00fdhody:<\/h2>\n<p>Pravideln\u00e9 pou\u017e\u00edv\u00e1n\u00ed SHRED ve v\u00fdzkumn\u00fdch za\u0159\u00edzen\u00edch m\u016f\u017ee v\u00e9st k v\u00fdrazn\u00e9mu zlep\u0161en\u00ed t\u011blesn\u00e9ho slo\u017een\u00ed a sportovn\u00edho v\u00fdkonu. Mezi v\u00fdhody pat\u0159\u00ed zrychlen\u00fd \u00fabytek tuku, zv\u00fd\u0161en\u00ed svalov\u00e9 hmoty, zlep\u0161en\u00ed vytrvalosti a zkr\u00e1cen\u00ed doby regenerace. U\u017eivatel\u00e9 mohou tak\u00e9 zaznamenat lep\u0161\u00ed prokrven\u00ed, zlep\u0161en\u00ed energetick\u00e9 hladiny a celkov\u00e9 zlep\u0161en\u00ed n\u00e1lady d\u00edky \u00fa\u010dink\u016fm slou\u010denin na metabolismus a fyzickou kondici. SHRED je obzvl\u00e1\u0161t\u011b \u00fa\u010dinn\u00fd pro kulturisty, sportovce a v\u00fdzkumn\u00edky zam\u011b\u0159en\u00e9 na reduk\u010dn\u00ed cykly nebo studie zam\u011b\u0159en\u00e9 na zachov\u00e1n\u00ed svalov\u00e9 hmoty p\u0159i kalorick\u00e9m deficitu.<\/p>\n<h2>Pro\u010d Powerock Pharma:<\/h2>\n<p>Spole\u010dnost Powerock Pharma se zav\u00e1zala dod\u00e1vat v\u00fdzkumn\u00e9 slou\u010deniny nejvy\u0161\u0161\u00ed kvality. Ka\u017ed\u00e1 \u0161ar\u017ee p\u0159\u00edpravku SHRED se vyr\u00e1b\u00ed v nejmodern\u011bj\u0161\u00edch za\u0159\u00edzen\u00edch, kter\u00e1 spl\u0148uj\u00ed normy GMP, HACCP a ISO 13485, co\u017e zaji\u0161\u0165uje bezkonkuren\u010dn\u00ed kvalitu a konzistenci. P\u0159\u00edsn\u00e9 testovac\u00ed postupy, v\u010detn\u011b validace t\u0159et\u00ed stranou, potvrzuj\u00ed \u010distotu, \u00fa\u010dinnost a bezpe\u010dnost na\u0161ich produkt\u016f. Kdy\u017e si vyberete spole\u010dnost Powerock Pharma, vyb\u00edr\u00e1te si zna\u010dku, kter\u00e1 up\u0159ednost\u0148uje v\u00fdsledky va\u0161eho v\u00fdzkumu a nab\u00edz\u00ed spolehliv\u00e9 a \u00fa\u010dinn\u00e9 slou\u010deniny, kter\u00e9 poskytuj\u00ed konzistentn\u00ed a opakovateln\u00e9 v\u00fdsledky. Na\u0161e oddanost kvalit\u011b znamen\u00e1, \u017ee SHRED nen\u00ed jen produktem, ale n\u00e1strojem, kter\u00e9mu m\u016f\u017eete d\u016fv\u011b\u0159ovat pro va\u0161e nejkriti\u010dt\u011bj\u0161\u00ed v\u00fdzkumn\u00e9 pot\u0159eby.<\/p>\n<h3>Shrnut\u00ed:<\/h3>\n<p>SHRED je dokonal\u00fdm \u0159e\u0161en\u00edm pro v\u00fdzkumn\u00edky, kte\u0159\u00ed cht\u011bj\u00ed zkoumat \u00fa\u010dinky \u00fabytku tuku, zachov\u00e1n\u00ed svalov\u00e9 hmoty a zv\u00fd\u0161en\u00ed vytrvalosti. D\u00edky p\u0159\u00edsn\u00fdm kontrol\u00e1m kvality spole\u010dnosti Powerock Pharma poskytuje SHRED spolehlivou, \u00fa\u010dinnou a bezpe\u010dnou mo\u017enost pro pokro\u010dil\u00fd v\u00fdzkum. Ned\u011blejte kompromisy ve sv\u00fdch studi\u00edch - vyberte si SHRED a objevte potenci\u00e1l pro p\u0159evratn\u00e9 v\u00fdsledky ve sv\u00e9m v\u00fdzkumu. Objednejte si je\u0161t\u011b dnes a ud\u011blejte prvn\u00ed krok k dosa\u017een\u00ed bezkonkuren\u010dn\u00edho \u00fasp\u011bchu ve sv\u00fdch projektech.<\/p>","protected":false},"excerpt":{"rendered":"<p>SHRED kombinuje RAD-140, GW-501516 a Andarine pro podporu rychl\u00e9ho \u00fabytku tuku, zachov\u00e1n\u00ed svalov\u00e9 hmoty a zv\u00fd\u0161en\u00ed vytrvalosti. Funguje na z\u00e1klad\u011b selektivn\u00ed modulace androgenn\u00edch receptor\u016f a zlep\u0161en\u00ed metabolismu tuk\u016f, \u010d\u00edm\u017e nab\u00edz\u00ed vynikaj\u00edc\u00ed v\u00fdsledky. D\u016fv\u011b\u0159ujte spole\u010dnosti Powerock Pharma, kter\u00e1 nab\u00edz\u00ed prvot\u0159\u00eddn\u00ed kvalitu a \u00fa\u010dinnost.<\/p>","protected":false},"featured_media":224,"template":"","meta":{"_acf_changed":false,"rank_math_lock_modified_date":false,"inline_featured_image":false},"product_cat":[18],"product_tag":[],"class_list":{"0":"post-108","1":"product","2":"type-product","3":"status-publish","4":"has-post-thumbnail","6":"product_cat-sarms","9":"first","10":"instock","11":"shipping-taxable","12":"product-type-simple"},"acf":{"chromatogram":616,"metoda":""},"_links":{"self":[{"href":"https:\/\/powerockpharma.com\/cs\/wp-json\/wp\/v2\/product\/108","targetHints":{"allow":["GET"]}}],"collection":[{"href":"https:\/\/powerockpharma.com\/cs\/wp-json\/wp\/v2\/product"}],"about":[{"href":"https:\/\/powerockpharma.com\/cs\/wp-json\/wp\/v2\/types\/product"}],"wp:featuredmedia":[{"embeddable":true,"href":"https:\/\/powerockpharma.com\/cs\/wp-json\/wp\/v2\/media\/224"}],"wp:attachment":[{"href":"https:\/\/powerockpharma.com\/cs\/wp-json\/wp\/v2\/media?parent=108"}],"wp:term":[{"taxonomy":"product_cat","embeddable":true,"href":"https:\/\/powerockpharma.com\/cs\/wp-json\/wp\/v2\/product_cat?post=108"},{"taxonomy":"product_tag","embeddable":true,"href":"https:\/\/powerockpharma.com\/cs\/wp-json\/wp\/v2\/product_tag?post=108"}],"curies":[{"name":"wp","href":"https:\/\/api.w.org\/{rel}","templated":true}]}}