{"id":109,"date":"2024-08-04T17:25:27","date_gmt":"2024-08-04T15:25:27","guid":{"rendered":"https:\/\/powerockpharma.com\/?post_type=product&#038;p=109"},"modified":"2025-11-12T07:01:11","modified_gmt":"2025-11-12T06:01:11","slug":"mk-2866","status":"publish","type":"product","link":"https:\/\/powerockpharma.com\/cs\/sarms\/mk-2866\/","title":{"rendered":"MK-2866"},"content":{"rendered":"<h2>Vlastnosti:<\/h2>\n<p>Ostarin, zn\u00e1m\u00fd tak\u00e9 pod chemick\u00fdm n\u00e1zvem MK-2866, je zn\u00e1m\u00fd pro svou silnou schopnost zvy\u0161ovat r\u016fst sval\u016f a zachov\u00e1vat svalovou hmotu, co\u017e z n\u011bj \u010din\u00ed nejlep\u0161\u00ed volbu pro v\u00fdzkumn\u00edky zam\u011b\u0159en\u00e9 na optimalizaci t\u011blesn\u00e9ho slo\u017een\u00ed. Tento selektivn\u00ed modul\u00e1tor androgenn\u00edch receptor\u016f (SARM) je obzvl\u00e1\u0161t\u011b \u00fa\u010dinn\u00fd ve studi\u00edch zam\u011b\u0159en\u00fdch na podporu anabolick\u00e9 aktivity ve svalov\u00e9 tk\u00e1ni bez ne\u017e\u00e1douc\u00edch vedlej\u0161\u00edch \u00fa\u010dink\u016f, kter\u00e9 jsou b\u011b\u017en\u011b spojov\u00e1ny s anabolick\u00fdmi steroidy. D\u00edky c\u00edlen\u00e9mu p\u016fsoben\u00ed je ostarin ide\u00e1ln\u00ed pro zkoum\u00e1n\u00ed potenci\u00e1ln\u00edch p\u0159\u00ednos\u016f zv\u00fd\u0161en\u00ed svalov\u00e9 hmoty, zlep\u0161en\u00ed s\u00edly a zlep\u0161en\u00ed regenerace p\u0159i kalorick\u00e9m nadbytku i deficitu.<\/p>\n<h2>Mechanismus \u00fa\u010dinku:<\/h2>\n<p>\u00da\u010dinek p\u0159\u00edpravku Ostarine se soust\u0159ed\u00ed na selektivn\u00ed modulaci androgenn\u00edch receptor\u016f ve svalov\u00e9 a kostn\u00ed tk\u00e1ni. Vazbou na tyto receptory stimuluje Ostarine anabolickou aktivitu, co\u017e vede ke zv\u00fd\u0161en\u00e9 synt\u00e9ze b\u00edlkovin a n\u00e1sledn\u00e9mu n\u00e1r\u016fstu svalov\u00e9 hmoty. Na rozd\u00edl od anabolick\u00fdch steroid\u016f selektivn\u00ed mechanismus p\u0159\u00edpravku Ostarine znamen\u00e1, \u017ee se zam\u011b\u0159uje p\u0159ev\u00e1\u017en\u011b na svalovou a kostn\u00ed tk\u00e1\u0148 s minim\u00e1ln\u00edm dopadem na jin\u00e9 org\u00e1ny, \u010d\u00edm\u017e se sni\u017euje riziko vedlej\u0161\u00edch \u00fa\u010dink\u016f, jako je toxicita jater nebo hormon\u00e1ln\u00ed nerovnov\u00e1ha. Tento selektivn\u00ed mechanismus tak\u00e9 podporuje zachov\u00e1n\u00ed svalov\u00e9 hmoty b\u011bhem kalorick\u00e9 restrikce, co\u017e je obzvl\u00e1\u0161t\u011b cenn\u00e9 v cyklech sni\u017eov\u00e1n\u00ed nebo ve v\u00fdzkumu zam\u011b\u0159en\u00e9m na regulaci hmotnosti.<\/p>\n<h2>V\u00fdhody:<\/h2>\n<p>Ve v\u00fdzkumn\u00fdch studi\u00edch bylo prok\u00e1z\u00e1no, \u017ee d\u016fsledn\u00e9 u\u017e\u00edv\u00e1n\u00ed p\u0159\u00edpravku Ostarine vede k v\u00fdrazn\u00e9mu n\u00e1r\u016fstu svalov\u00e9 hmoty, zv\u00fd\u0161en\u00ed s\u00edly a zrychlen\u00ed regenerace. Krom\u011b toho se u subjekt\u016f \u010dasto projevuje zlep\u0161en\u00ed vytrvalosti a sn\u00ed\u017een\u00ed \u00fabytku svalov\u00e9 hmoty, co\u017e m\u016f\u017ee b\u00fdt zvl\u00e1\u0161t\u011b p\u0159\u00ednosn\u00e9 ve studi\u00edch zahrnuj\u00edc\u00edch st\u00e1rnouc\u00ed populaci nebo osoby zotavuj\u00edc\u00ed se po zran\u011bn\u00ed. Schopnost ostarinu zvy\u0161ovat prokrven\u00ed a podporovat hladinu energie d\u00e1le roz\u0161i\u0159uje jeho pou\u017eitelnost ve v\u00fdzkumu zam\u011b\u0159en\u00e9m na v\u00fdkon. Pro kulturisty, sportovce nebo ty, kte\u0159\u00ed studuj\u00ed zachov\u00e1n\u00ed svalov\u00e9 hmoty p\u0159i hubnut\u00ed, p\u0159edstavuje Ostarine spolehlivou a \u00fa\u010dinnou v\u00fdzkumnou slou\u010deninu.<\/p>\n<h2>Pro\u010d Powerock Pharma:<\/h2>\n<p>Ve spole\u010dnosti Powerock Pharma je na\u0161e oddanost kvalit\u011b bezkonkuren\u010dn\u00ed. Ka\u017ed\u00e1 \u0161ar\u017ee p\u0159\u00edpravku Ostarine (MK-2866) je vyr\u00e1b\u011bna v za\u0159\u00edzen\u00edch, kter\u00e1 dodr\u017euj\u00ed nejvy\u0161\u0161\u00ed standardy, v\u010detn\u011b certifikac\u00ed GMP, HACCP a ISO 13485. P\u0159\u00edsn\u00e9 testovac\u00ed protokoly zaji\u0161\u0165uj\u00ed, \u017ee ka\u017ed\u00e1 kapsle obsahuje \u010dist\u00fd a \u00fa\u010dinn\u00fd Ostarine, bez kontaminant\u016f a p\u0159esn\u011b d\u00e1vkovan\u00fd. Spolupracujeme s p\u0159edn\u00edmi laborato\u0159emi na ov\u011b\u0159ov\u00e1n\u00ed \u010distoty a \u00fa\u010dinnosti na\u0161ich produkt\u016f, co\u017e v\u00e1m d\u00e1v\u00e1 jistotu, \u017ee v\u00fdsledky va\u0161eho v\u00fdzkumu jsou podpo\u0159eny konzistentn\u00edmi a vysoce kvalitn\u00edmi materi\u00e1ly. Zvolte si spole\u010dnost Powerock Pharma pro p\u0159\u00edpravek Ostarine, kter\u00fd v\u017edy p\u0159in\u00e1\u0161\u00ed spolehliv\u00e9 v\u00fdsledky.<\/p>\n<h3>Shrnut\u00ed:<\/h3>\n<p>Pokud se v\u00e1\u0161 v\u00fdzkum zam\u011b\u0159uje na zkoum\u00e1n\u00ed \u00fa\u010dink\u016f svalov\u00e9ho r\u016fstu, lep\u0161\u00ed regenerace a zachov\u00e1n\u00ed svalov\u00e9 hmoty, je ostarin (MK-2866) ide\u00e1ln\u00ed l\u00e1tkou. Tento produkt, za kter\u00fdm stoj\u00ed p\u0159\u00edsn\u00e9 kontroly kvality spole\u010dnosti Powerock Pharma, je vytvo\u0159en tak, aby v\u00e1m pomohl dos\u00e1hnout spolehliv\u00fdch a reprodukovateln\u00fdch v\u00fdsledk\u016f. Ned\u011blejte kompromisy v kvalit\u011b - objednejte si Ostarine je\u0161t\u011b dnes a pozvedn\u011bte v\u00fdsledky sv\u00e9ho v\u00fdzkumu na vy\u0161\u0161\u00ed \u00farove\u0148.<\/p>","protected":false},"excerpt":{"rendered":"<p>Ostarin (MK-2866) podporuje r\u016fst svalov\u00e9 hmoty selektivn\u00ed modulac\u00ed androgenn\u00edch receptor\u016f, \u010d\u00edm\u017e napom\u00e1h\u00e1 zachov\u00e1n\u00ed a regeneraci sval\u016f. Vyberte si Powerock Pharma pro konzistentn\u00ed kvalitu a siln\u00e9 v\u00fdsledky.<\/p>","protected":false},"featured_media":226,"template":"","meta":{"_acf_changed":false,"rank_math_lock_modified_date":false,"inline_featured_image":false},"product_cat":[18],"product_tag":[],"class_list":{"0":"post-109","1":"product","2":"type-product","3":"status-publish","4":"has-post-thumbnail","6":"product_cat-sarms","9":"first","10":"instock","11":"shipping-taxable","12":"product-type-simple"},"acf":{"chromatogram":644,"metoda":{"acftf":{"v":"1.3.24"},"p":{"o":{"uh":0},"ca":""},"c":[{"p":""}],"h":[{"c":""}],"b":[[{"c":""}]]}},"_links":{"self":[{"href":"https:\/\/powerockpharma.com\/cs\/wp-json\/wp\/v2\/product\/109","targetHints":{"allow":["GET"]}}],"collection":[{"href":"https:\/\/powerockpharma.com\/cs\/wp-json\/wp\/v2\/product"}],"about":[{"href":"https:\/\/powerockpharma.com\/cs\/wp-json\/wp\/v2\/types\/product"}],"wp:featuredmedia":[{"embeddable":true,"href":"https:\/\/powerockpharma.com\/cs\/wp-json\/wp\/v2\/media\/226"}],"wp:attachment":[{"href":"https:\/\/powerockpharma.com\/cs\/wp-json\/wp\/v2\/media?parent=109"}],"wp:term":[{"taxonomy":"product_cat","embeddable":true,"href":"https:\/\/powerockpharma.com\/cs\/wp-json\/wp\/v2\/product_cat?post=109"},{"taxonomy":"product_tag","embeddable":true,"href":"https:\/\/powerockpharma.com\/cs\/wp-json\/wp\/v2\/product_tag?post=109"}],"curies":[{"name":"wp","href":"https:\/\/api.w.org\/{rel}","templated":true}]}}