{"id":111,"date":"2024-08-04T17:25:54","date_gmt":"2024-08-04T15:25:54","guid":{"rendered":"https:\/\/powerockpharma.com\/?post_type=product&#038;p=111"},"modified":"2025-11-12T07:00:55","modified_gmt":"2025-11-12T06:00:55","slug":"mk-677","status":"publish","type":"product","link":"https:\/\/powerockpharma.com\/cs\/sarms\/mk-677\/","title":{"rendered":"MK-677"},"content":{"rendered":"<h2>Vlastnosti:<\/h2>\n<p>Ibutamoren (MK-677) je siln\u00fd sekretagog r\u016fstov\u00e9ho hormonu, zn\u00e1m\u00fd sv\u00fdm v\u00fdznamn\u00fdm vlivem na r\u016fst sval\u016f a celkov\u00e9 fyzick\u00e9 zlep\u0161en\u00ed. Je vysoce cen\u011bn v\u011bdci a sportovci, kte\u0159\u00ed se sna\u017e\u00ed optimalizovat svou postavu a v\u00fdkonnost. Ibutamoren funguje tak, \u017ee napodobuje p\u016fsoben\u00ed ghrelinu, p\u0159irozen\u00e9ho hormonu v t\u011ble, kter\u00fd n\u00e1sledn\u011b stimuluje uvol\u0148ov\u00e1n\u00ed r\u016fstov\u00e9ho hormonu z hypof\u00fdzy. To vede ke kask\u00e1d\u011b p\u0159\u00edzniv\u00fdch fyziologick\u00fdch \u00fa\u010dink\u016f, v\u010detn\u011b zv\u00fd\u0161en\u00ed svalov\u00e9 hmoty, zlep\u0161en\u00ed doby regenerace a zlep\u0161en\u00ed metabolick\u00fdch funkc\u00ed. Na rozd\u00edl od tradi\u010dn\u00edch anabolick\u00fdch slou\u010denin umo\u017e\u0148uje jedine\u010dn\u00fd mechanismus Ibutamorenu dos\u00e1hnout v\u00fdrazn\u00fdch p\u0159\u00edr\u016fstk\u016f bez souvisej\u00edc\u00edch rizik androgenn\u00edch vedlej\u0161\u00edch \u00fa\u010dink\u016f.<\/p>\n<h2>Mechanismus \u00fa\u010dinku:<\/h2>\n<p>Prim\u00e1rn\u00ed mechanismus \u00fa\u010dinku ibutamorenu spo\u010d\u00edv\u00e1 v jeho schopnosti stimulovat ghrelinov\u00fd receptor (GHS-R1a), co\u017e vede ke zv\u00fd\u0161en\u00ed endogenn\u00edch hladin r\u016fstov\u00e9ho hormonu (GH) a n\u00e1sledn\u011b inzulinu podobn\u00e9ho r\u016fstov\u00e9ho faktoru 1 (IGF-1). Tato stimulace podporuje anabolickou aktivitu ve svalov\u00fdch tk\u00e1n\u00edch, zvy\u0161uje synt\u00e9zu b\u00edlkovin a sni\u017euje svalov\u00fd katabolismus. Zv\u00fd\u0161en\u00e1 hladina GH tak\u00e9 p\u0159isp\u00edv\u00e1 ke zlep\u0161en\u00ed hustoty kost\u00ed, lep\u0161\u00ed kvalit\u011b sp\u00e1nku a efektivn\u011bj\u0161\u00edmu metabolismu. Ibutamoren se selektivn\u00edm zac\u00edlen\u00edm na ghrelinov\u00fd receptor vyh\u00fdb\u00e1 potla\u010den\u00ed p\u0159irozen\u00e9 produkce testosteronu, co\u017e z n\u011bj \u010din\u00ed atraktivn\u00ed volbu pro ty, kte\u0159\u00ed se b\u011bhem sv\u00e9ho v\u00fdzkumu zam\u011b\u0159uj\u00ed na zachov\u00e1n\u00ed hormon\u00e1ln\u00ed rovnov\u00e1hy.<\/p>\n<h2>V\u00fdhody:<\/h2>\n<p>D\u016fsledn\u00fd v\u00fdzkum s Ibutamorenem vede k v\u00fdznamn\u00e9mu n\u00e1r\u016fstu svalov\u00e9 hmoty a s\u00edly a k rychlej\u0161\u00edmu zotaven\u00ed po fyzick\u00e9 n\u00e1maze. U\u017eivatel\u00e9 mohou tak\u00e9 pozorovat zv\u00fd\u0161en\u00fd \u00fabytek tuku v d\u016fsledku metabolick\u00e9ho impulzu, kter\u00fd poskytuje vy\u0161\u0161\u00ed hladina GH. Krom\u011b toho byl Ibutamoren zaznamen\u00e1n pro sv\u00e9 pozitivn\u00ed \u00fa\u010dinky na kvalitu sp\u00e1nku, kter\u00e1 je kl\u00ed\u010dov\u00e1 pro regeneraci sval\u016f a celkovou pohodu. Mezi dal\u0161\u00ed potenci\u00e1ln\u00ed p\u0159\u00ednosy pat\u0159\u00ed lep\u0161\u00ed pru\u017enost poko\u017eky, zv\u00fd\u0161en\u00e1 hladina energie a lep\u0161\u00ed stabilizace n\u00e1lady. Tato slou\u010denina je obzvl\u00e1\u0161t\u011b \u00fa\u010dinn\u00e1 pro ty, kte\u0159\u00ed se zab\u00fdvaj\u00ed kulturistikou, zvy\u0161ov\u00e1n\u00edm sportovn\u00edho v\u00fdkonu nebo v\u00fdzkumem proti st\u00e1rnut\u00ed, a nab\u00edz\u00ed komplexn\u00ed p\u0159\u00edstup k fyzick\u00e9 optimalizaci.<\/p>\n<h2>Pro\u010d Powerock Pharma:<\/h2>\n<p>Ve spole\u010dnosti Powerock Pharma klademe d\u016fraz na dokonalost v ka\u017ed\u00e9m kroku na\u0161eho v\u00fdrobn\u00edho procesu. N\u00e1\u0161 ibutamoren (MK-677) se vyr\u00e1b\u00ed v za\u0159\u00edzen\u00edch, kter\u00e1 p\u0159ekra\u010duj\u00ed normy GMP, HACCP a ISO 13485, co\u017e zaji\u0161\u0165uje nejvy\u0161\u0161\u00ed \u00farove\u0148 \u010distoty a \u00fa\u010dinnosti. Vyu\u017e\u00edv\u00e1me nejmodern\u011bj\u0161\u00ed testovac\u00ed metodiky, abychom potvrdili, \u017ee ka\u017ed\u00e1 \u0161ar\u017ee spl\u0148uje na\u0161e p\u0159\u00edsn\u00e1 krit\u00e9ria kvality, co\u017e zaru\u010duje spolehliv\u00e9 a reprodukovateln\u00e9 v\u00fdsledky p\u0159i ka\u017ed\u00e9 aplikaci. N\u00e1\u0161 z\u00e1vazek ke kvalit\u011b a bezpe\u010dnosti je bezkonkuren\u010dn\u00ed, d\u00edky \u010demu\u017e je spole\u010dnost Powerock Pharma d\u016fv\u011bryhodnou volbou pro v\u00fdzkumn\u00edky i sportovce. Kdy\u017e si vyberete Ibutamoren od spole\u010dnosti Powerock Pharma, vyb\u00edr\u00e1te si produkt, kter\u00fd je v\u011bdecky formulov\u00e1n, p\u0159\u00edsn\u011b testov\u00e1n a vytvo\u0159en tak, aby poskytoval v\u00fdsledky, kter\u00e9 hled\u00e1te.<\/p>\n<h3>Shrnut\u00ed:<\/h3>\n<p>Pokud se sna\u017e\u00edte zv\u00fd\u0161it r\u016fst sval\u016f, v\u00fdkon a regeneraci, Ibutamoren (MK-677) od spole\u010dnosti Powerock Pharma je ide\u00e1ln\u00ed volbou. Tento produkt, za kter\u00fdm stoj\u00ed na\u0161e p\u0159\u00edsn\u00e1 kontrola kvality a v\u011bdeck\u00e1 integrita, je navr\u017een tak, aby efektivn\u011b a bezpe\u010dn\u011b podporoval v\u00e1\u0161 v\u00fdzkum a c\u00edle. Ned\u011blejte kompromisy v kvalit\u011b - objednejte si Ibutamoren je\u0161t\u011b dnes a vyzkou\u0161ejte si transforma\u010dn\u00ed v\u00fdhody \u0161pi\u010dkov\u00e9 v\u00fdzkumn\u00e9 technologie.<\/p>","protected":false},"excerpt":{"rendered":"<p>Ibutamoren (MK-677) podporuje r\u016fst sval\u016f a lep\u0161\u00ed regeneraci t\u00edm, \u017ee stimuluje sekreci r\u016fstov\u00e9ho hormonu. Podporuje n\u00e1r\u016fst svalov\u00e9 hmoty, zlep\u0161en\u00ed kvality sp\u00e1nku a rychlej\u0161\u00ed hojen\u00ed. D\u016fv\u011b\u0159ujte spole\u010dnosti Powerock Pharma pro nekompromisn\u00ed kvalitu a konzistentn\u00ed v\u00fdsledky.<\/p>","protected":false},"featured_media":227,"template":"","meta":{"_acf_changed":false,"rank_math_lock_modified_date":false,"inline_featured_image":false},"product_cat":[18],"product_tag":[],"class_list":{"0":"post-111","1":"product","2":"type-product","3":"status-publish","4":"has-post-thumbnail","6":"product_cat-sarms","9":"first","10":"instock","11":"shipping-taxable","12":"product-type-simple"},"acf":{"chromatogram":643,"metoda":{"acftf":{"v":"1.3.24"},"p":{"o":{"uh":0},"ca":""},"c":[{"p":""}],"h":[{"c":""}],"b":[[{"c":""}]]}},"_links":{"self":[{"href":"https:\/\/powerockpharma.com\/cs\/wp-json\/wp\/v2\/product\/111","targetHints":{"allow":["GET"]}}],"collection":[{"href":"https:\/\/powerockpharma.com\/cs\/wp-json\/wp\/v2\/product"}],"about":[{"href":"https:\/\/powerockpharma.com\/cs\/wp-json\/wp\/v2\/types\/product"}],"wp:featuredmedia":[{"embeddable":true,"href":"https:\/\/powerockpharma.com\/cs\/wp-json\/wp\/v2\/media\/227"}],"wp:attachment":[{"href":"https:\/\/powerockpharma.com\/cs\/wp-json\/wp\/v2\/media?parent=111"}],"wp:term":[{"taxonomy":"product_cat","embeddable":true,"href":"https:\/\/powerockpharma.com\/cs\/wp-json\/wp\/v2\/product_cat?post=111"},{"taxonomy":"product_tag","embeddable":true,"href":"https:\/\/powerockpharma.com\/cs\/wp-json\/wp\/v2\/product_tag?post=111"}],"curies":[{"name":"wp","href":"https:\/\/api.w.org\/{rel}","templated":true}]}}