{"id":112,"date":"2024-08-04T17:26:48","date_gmt":"2024-08-04T15:26:48","guid":{"rendered":"https:\/\/powerockpharma.com\/?post_type=product&#038;p=112"},"modified":"2025-11-12T07:04:30","modified_gmt":"2025-11-12T06:04:30","slug":"gw501516","status":"publish","type":"product","link":"https:\/\/powerockpharma.com\/cs\/sarms\/gw501516\/","title":{"rendered":"GW501516"},"content":{"rendered":"<h2>Vlastnosti:<\/h2>\n<p>Cardarine (GW501516) je vysoce cen\u011bn\u00e1 slou\u010denina zn\u00e1m\u00e1 pro sv\u00e9 siln\u00e9 \u00fa\u010dinky na zv\u00fd\u0161en\u00ed vytrvalosti a podporu odbour\u00e1v\u00e1n\u00ed tuk\u016f. Je \u0161iroce pou\u017e\u00edv\u00e1n ve v\u00fdzkumn\u00fdch za\u0159\u00edzen\u00edch pro svou schopnost v\u00fdrazn\u011b zlep\u0161it metabolickou \u00fa\u010dinnost a fyzickou v\u00fdkonnost. D\u00edky tomu je Cardarine ide\u00e1ln\u00ed volbou pro ty, kte\u0159\u00ed usiluj\u00ed o maximalizaci sv\u00e9 vytrvalosti, dosa\u017een\u00ed vynikaj\u00edc\u00edho \u00fabytku tuku a zv\u00fd\u0161en\u00ed celkov\u00e9ho sportovn\u00edho v\u00fdkonu. Slou\u010denina je zvl\u00e1\u0161t\u011b prosp\u011b\u0161n\u00e1 pro sportovce, kulturisty a osoby zapojen\u00e9 do n\u00e1ro\u010dn\u00fdch tr\u00e9ninkov\u00fdch re\u017eim\u016f.<\/p>\n<h2>Mechanismus \u00fa\u010dinku:<\/h2>\n<p>Kardarin p\u016fsob\u00ed aktivac\u00ed dr\u00e1hy peroxizomov\u00e9ho prolifer\u00e1torem aktivovan\u00e9ho receptoru delta (PPAR\u03b4). Tato aktivace vede ke kask\u00e1d\u011b metabolick\u00fdch d\u011bj\u016f, kter\u00e9 zvy\u0161uj\u00ed schopnost t\u011bla spalovat tuky na energii a z\u00e1rove\u0148 \u0161et\u0159it gluk\u00f3zu. T\u00edm Cardarine zvy\u0161uje vytrvalost t\u00edm, \u017ee zlep\u0161uje vyu\u017eit\u00ed energie v t\u011ble, co\u017e umo\u017e\u0148uje del\u0161\u00ed obdob\u00ed intenzivn\u00ed fyzick\u00e9 aktivity bez rychl\u00e9ho n\u00e1stupu \u00fanavy. Krom\u011b toho pom\u00e1h\u00e1 regulovat expresi gen\u016f pod\u00edlej\u00edc\u00edch se na energetick\u00e9m v\u00fddeji, metabolismu lipid\u016f a citlivosti na inzul\u00edn, co\u017e spole\u010dn\u011b p\u0159isp\u00edv\u00e1 k jeho siln\u00fdm vlastnostem zvy\u0161uj\u00edc\u00edm spalov\u00e1n\u00ed tuk\u016f a vytrvalost.<\/p>\n<h2>V\u00fdhody:<\/h2>\n<p>D\u016fsledn\u00fd v\u00fdzkum s pou\u017eit\u00edm Cardarine (GW501516) prok\u00e1zal pozoruhodn\u00e9 v\u00fdhody, v\u010detn\u011b v\u00fdznamn\u00e9ho zv\u00fd\u0161en\u00ed vytrvalosti, zlep\u0161en\u00ed oxidace tuk\u016f a rychlej\u0161\u00ed regenerace. U\u017eivatel\u00e9 mohou o\u010dek\u00e1vat znateln\u00e9 zlep\u0161en\u00ed vytrvalosti, co\u017e umo\u017e\u0148uje del\u0161\u00ed a efektivn\u011bj\u0161\u00ed tr\u00e9ninky. Cardarine nav\u00edc podporuje zachov\u00e1n\u00ed svalov\u00e9 hmoty i p\u0159i kalorick\u00e9m deficitu, tak\u017ee je obzvl\u00e1\u0161t\u011b \u00fa\u010dinn\u00fd b\u011bhem reduk\u010dn\u00edch cykl\u016f. Mezi sekund\u00e1rn\u00ed v\u00fdhody pat\u0159\u00ed lep\u0161\u00ed kardiovaskul\u00e1rn\u00ed zdrav\u00ed, proto\u017ee bylo prok\u00e1z\u00e1no, \u017ee slou\u010denina zlep\u0161uje hladinu cholesterolu zv\u00fd\u0161en\u00edm HDL (dobr\u00e9ho cholesterolu) a sn\u00ed\u017een\u00edm LDL (\u0161patn\u00e9ho cholesterolu). Cardarine m\u00e1 nav\u00edc potenci\u00e1ln\u00ed protiz\u00e1n\u011btliv\u00e9 \u00fa\u010dinky, co\u017e p\u0159isp\u00edv\u00e1 k celkov\u00e9 pohod\u011b a regeneraci.<\/p>\n<h2>Pro\u010d Powerock Pharma:<\/h2>\n<p>Ve spole\u010dnosti Powerock Pharma se sna\u017e\u00edme dod\u00e1vat v\u00fdzkumn\u00e9 slou\u010deniny nejvy\u0161\u0161\u00ed kvality. N\u00e1\u0161 Cardarine (GW501516) se vyr\u00e1b\u00ed v nejmodern\u011bj\u0161\u00edch za\u0159\u00edzen\u00edch, kter\u00e1 spl\u0148uj\u00ed a p\u0159ekra\u010duj\u00ed normy GMP, HACCP a ISO 13485. Ka\u017ed\u00e1 \u0161ar\u017ee proch\u00e1z\u00ed p\u0159\u00edsn\u00fdm testov\u00e1n\u00edm, aby byla zaji\u0161t\u011bna \u010distota, \u00fa\u010dinnost a konzistence. P\u0159i ov\u011b\u0159ov\u00e1n\u00ed na\u0161ich produkt\u016f spolupracujeme s p\u0159edn\u00edmi laborato\u0159emi, tak\u017ee se m\u016f\u017eete spolehnout, \u017ee n\u00e1\u0161 Cardarine poskytuje v\u00fdsledky, kter\u00e9 pot\u0159ebujete, s o\u010dek\u00e1vanou spolehlivost\u00ed. Vyberte si spole\u010dnost Powerock Pharma pro \u0161pi\u010dkovou kvalitu a klid, proto\u017ee v\u00edte, \u017ee v\u00e1\u0161 v\u00fdzkum je podporov\u00e1n t\u011bmi nejlep\u0161\u00edmi.<\/p>\n<h3>Shrnut\u00ed:<\/h3>\n<p>Pokud chcete posunout sv\u016fj v\u00fdzkum vytrvalosti a odbour\u00e1v\u00e1n\u00ed tuk\u016f do nov\u00fdch v\u00fd\u0161in, Cardarine (GW501516) od spole\u010dnosti Powerock Pharma je \u0159e\u0161en\u00ed, kter\u00e9 pot\u0159ebujete. Tento produkt, kter\u00fd je podporov\u00e1n na\u0161imi p\u0159\u00edsn\u00fdmi kontrolami kvality, je navr\u017een tak, aby v\u00e1m pomohl bezpe\u010dn\u011b a efektivn\u011b dos\u00e1hnout va\u0161ich v\u00fdzkumn\u00fdch c\u00edl\u016f. Nespokojte se s ni\u010d\u00edm men\u0161\u00edm ne\u017e s t\u00edm nejlep\u0161\u00edm - objednejte si Cardarine je\u0161t\u011b dnes a za\u010dn\u011bte vid\u011bt v\u00fdsledky, kter\u00e9 si zaslou\u017e\u00edte.<\/p>","protected":false},"excerpt":{"rendered":"<p>Cardarine (GW501516) podporuje zv\u00fd\u0161enou vytrvalost a odbour\u00e1v\u00e1n\u00ed tuk\u016f aktivac\u00ed dr\u00e1hy PPAR\u03b4, \u010d\u00edm\u017e zlep\u0161uje \u00fa\u010dinnost metabolismu a hladinu energie. Nab\u00edz\u00ed v\u00fdhody, jako je zv\u00fd\u0161en\u00e1 vytrvalost, oxidace tuk\u016f a lep\u0161\u00ed regenerace. Vyberte si Powerock Pharma pro prvot\u0159\u00eddn\u00ed kvalitu a konzistentn\u00ed v\u00fdsledky.<\/p>","protected":false},"featured_media":228,"template":"","meta":{"_acf_changed":false,"rank_math_lock_modified_date":false,"inline_featured_image":false},"product_cat":[18],"product_tag":[],"class_list":{"0":"post-112","1":"product","2":"type-product","3":"status-publish","4":"has-post-thumbnail","6":"product_cat-sarms","9":"first","10":"instock","11":"shipping-taxable","12":"product-type-simple"},"acf":{"chromatogram":657,"metoda":{"acftf":{"v":"1.3.24"},"p":{"o":{"uh":0},"ca":""},"c":[{"p":""}],"h":[{"c":""}],"b":[[{"c":""}]]}},"_links":{"self":[{"href":"https:\/\/powerockpharma.com\/cs\/wp-json\/wp\/v2\/product\/112","targetHints":{"allow":["GET"]}}],"collection":[{"href":"https:\/\/powerockpharma.com\/cs\/wp-json\/wp\/v2\/product"}],"about":[{"href":"https:\/\/powerockpharma.com\/cs\/wp-json\/wp\/v2\/types\/product"}],"wp:featuredmedia":[{"embeddable":true,"href":"https:\/\/powerockpharma.com\/cs\/wp-json\/wp\/v2\/media\/228"}],"wp:attachment":[{"href":"https:\/\/powerockpharma.com\/cs\/wp-json\/wp\/v2\/media?parent=112"}],"wp:term":[{"taxonomy":"product_cat","embeddable":true,"href":"https:\/\/powerockpharma.com\/cs\/wp-json\/wp\/v2\/product_cat?post=112"},{"taxonomy":"product_tag","embeddable":true,"href":"https:\/\/powerockpharma.com\/cs\/wp-json\/wp\/v2\/product_tag?post=112"}],"curies":[{"name":"wp","href":"https:\/\/api.w.org\/{rel}","templated":true}]}}