{"id":113,"date":"2024-08-04T17:27:13","date_gmt":"2024-08-04T15:27:13","guid":{"rendered":"https:\/\/powerockpharma.com\/?post_type=product&#038;p=113"},"modified":"2025-11-12T06:44:34","modified_gmt":"2025-11-12T05:44:34","slug":"yk-11","status":"publish","type":"product","link":"https:\/\/powerockpharma.com\/cs\/sarms\/yk-11\/","title":{"rendered":"YK-11"},"content":{"rendered":"<h2>Vlastnosti:<\/h2>\n<p>YK-11, zn\u00e1m\u00fd tak\u00e9 jako Myanabol, je siln\u00fd selektivn\u00ed modul\u00e1tor androgenn\u00edch receptor\u016f (SARM), kter\u00fd je zn\u00e1m\u00fd pro svou jedine\u010dnou schopnost podporovat v\u00fdrazn\u00fd r\u016fst sval\u016f a n\u00e1r\u016fst s\u00edly t\u00edm, \u017ee inhibuje myostatin, protein, kter\u00fd obvykle omezuje v\u00fdvoj sval\u016f. Tato inhibice umo\u017e\u0148uje v\u00fdrazn\u00fd n\u00e1r\u016fst svalov\u00e9 hmoty, d\u00edky \u010demu\u017e je YK-11 obl\u00edbenou volbou mezi kulturisty a sportovci, kte\u0159\u00ed cht\u011bj\u00ed maximalizovat svou postavu a v\u00fdkonnost.<\/p>\n<h2>Mechanismus \u00fa\u010dinku:<\/h2>\n<p>Mechanismus \u00fa\u010dinku YK-11 se soust\u0159ed\u00ed na jeho dvoj\u00ed funkci jako SARM a inhibitoru myostatinu. Vazbou na androgenn\u00ed receptory nejen\u017ee spou\u0161t\u00ed dr\u00e1hy, kter\u00e9 podporuj\u00ed r\u016fst sval\u016f, ale tak\u00e9 inhibuje aktivitu myostatinu, co\u017e d\u00e1le zvy\u0161uje svalovou hypertrofii. Tento dvoj\u00ed \u00fa\u010dinek odli\u0161uje YK-11 od ostatn\u00edch SARM a nab\u00edz\u00ed jedine\u010dnou v\u00fdhodu p\u0159i budov\u00e1n\u00ed zna\u010dn\u00e9 svalov\u00e9 hmoty bez typick\u00fdch vedlej\u0161\u00edch \u00fa\u010dink\u016f spojen\u00fdch s anabolick\u00fdmi steroidy.<\/p>\n<h2>V\u00fdhody:<\/h2>\n<p>V\u00fdhody d\u016fsledn\u00e9ho pou\u017e\u00edv\u00e1n\u00ed YK-11 jsou rozs\u00e1hl\u00e9. U\u017eivatel\u00e9 mohou o\u010dek\u00e1vat znateln\u00fd n\u00e1r\u016fst svalov\u00e9 hmoty, v\u00fdrazn\u00e9 zv\u00fd\u0161en\u00ed s\u00edly, zrychlen\u00ed regenerace a zv\u00fd\u0161en\u00ed vytrvalosti. Krom\u011b toho YK-11 pom\u00e1h\u00e1 p\u0159i zachov\u00e1n\u00ed svalov\u00e9 hmoty b\u011bhem kalorick\u00e9ho deficitu, co\u017e z n\u011bj \u010din\u00ed vynikaj\u00edc\u00ed volbu pro ty, kte\u0159\u00ed se nach\u00e1zej\u00ed ve f\u00e1zi redukce. Mezi sekund\u00e1rn\u00ed v\u00fdhody pat\u0159\u00ed lep\u0161\u00ed prokrven\u00ed, lep\u0161\u00ed celkov\u00e1 energetick\u00e1 hladina a potenci\u00e1ln\u00ed stabilizace n\u00e1lady, co\u017e p\u0159isp\u00edv\u00e1 ke komplexn\u011bj\u0161\u00edmu zv\u00fd\u0161en\u00ed fyzick\u00e9 a psychick\u00e9 v\u00fdkonnosti.<\/p>\n<h2>Pro\u010d Powerock Pharma:<\/h2>\n<p>Spole\u010dnost Powerock Pharma se zav\u00e1zala dod\u00e1vat v\u00fdzkumn\u00e9 slou\u010deniny nejvy\u0161\u0161\u00ed kvality. Ka\u017ed\u00e1 \u0161ar\u017ee p\u0159\u00edpravku YK-11 se vyr\u00e1b\u00ed v na\u0161ich nejmodern\u011bj\u0161\u00edch za\u0159\u00edzen\u00edch, kter\u00e1 p\u0159\u00edsn\u011b dodr\u017euj\u00ed normy GMP, HACCP a ISO 13485. Ve spolupr\u00e1ci s p\u0159edn\u00edmi laborato\u0159emi pou\u017e\u00edv\u00e1me p\u0159\u00edsn\u00e9 testovac\u00ed protokoly, abychom zajistili \u010distotu, \u00fa\u010dinnost a bezpe\u010dnost na\u0161ich produkt\u016f. Se spole\u010dnost\u00ed Powerock Pharma se m\u016f\u017eete spolehnout, \u017ee ka\u017ed\u00e1 kapsle p\u0159\u00edpravku YK-11 je pe\u010dliv\u011b vyrobena tak, aby spl\u0148ovala nejp\u0159\u00edsn\u011bj\u0161\u00ed pr\u016fmyslov\u00e9 standardy, a poskytuje v\u00e1m spolehliv\u00e9 a \u00fa\u010dinn\u00e9 v\u00fdsledky, kter\u00e9 po\u017eadujete.<\/p>\n<h3>Shrnut\u00ed:<\/h3>\n<p>Pokud je va\u0161\u00edm c\u00edlem posunout r\u016fst sval\u016f a v\u00fdkonnost do nov\u00fdch v\u00fd\u0161in, YK-11 je \u0159e\u0161en\u00ed, kter\u00e9 pot\u0159ebujete. Tento produkt, kter\u00fd je podporov\u00e1n p\u0159\u00edsn\u00fdmi kontrolami kvality spole\u010dnosti Powerock Pharma, je navr\u017een tak, aby v\u00e1m pomohl bezpe\u010dn\u011b a efektivn\u011b dos\u00e1hnout va\u0161ich c\u00edl\u016f. Nespokojte se s men\u0161\u00edm mno\u017estv\u00edm - objednejte si YK-11 je\u0161t\u011b dnes a za\u010dn\u011bte vid\u011bt v\u00fdsledky, kter\u00e9 si zaslou\u017e\u00edte.<\/p>","protected":false},"excerpt":{"rendered":"<p>YK-11 podporuje r\u016fst sval\u016f inhibic\u00ed myostatinu, co\u017e vede ke zv\u00fd\u0161en\u00ed s\u00edly a zlep\u0161en\u00ed regenerace. Nab\u00edz\u00ed zachov\u00e1n\u00ed svalov\u00e9 hmoty a sn\u00ed\u017een\u00ed hromad\u011bn\u00ed tuku. Vyberte si Powerock Pharma pro nekompromisn\u00ed kvalitu a konzistentn\u00ed v\u00fdsledky.<\/p>","protected":false},"featured_media":229,"template":"","meta":{"_acf_changed":false,"rank_math_lock_modified_date":false,"inline_featured_image":false},"product_cat":[18],"product_tag":[],"class_list":{"0":"post-113","1":"product","2":"type-product","3":"status-publish","4":"has-post-thumbnail","6":"product_cat-sarms","9":"first","10":"instock","11":"shipping-taxable","12":"product-type-simple"},"acf":{"chromatogram":599,"metoda":""},"_links":{"self":[{"href":"https:\/\/powerockpharma.com\/cs\/wp-json\/wp\/v2\/product\/113","targetHints":{"allow":["GET"]}}],"collection":[{"href":"https:\/\/powerockpharma.com\/cs\/wp-json\/wp\/v2\/product"}],"about":[{"href":"https:\/\/powerockpharma.com\/cs\/wp-json\/wp\/v2\/types\/product"}],"wp:featuredmedia":[{"embeddable":true,"href":"https:\/\/powerockpharma.com\/cs\/wp-json\/wp\/v2\/media\/229"}],"wp:attachment":[{"href":"https:\/\/powerockpharma.com\/cs\/wp-json\/wp\/v2\/media?parent=113"}],"wp:term":[{"taxonomy":"product_cat","embeddable":true,"href":"https:\/\/powerockpharma.com\/cs\/wp-json\/wp\/v2\/product_cat?post=113"},{"taxonomy":"product_tag","embeddable":true,"href":"https:\/\/powerockpharma.com\/cs\/wp-json\/wp\/v2\/product_tag?post=113"}],"curies":[{"name":"wp","href":"https:\/\/api.w.org\/{rel}","templated":true}]}}