{"id":114,"date":"2024-08-04T17:27:44","date_gmt":"2024-08-04T15:27:44","guid":{"rendered":"https:\/\/powerockpharma.com\/?post_type=product&#038;p=114"},"modified":"2025-11-12T07:02:30","modified_gmt":"2025-11-12T06:02:30","slug":"lgd-4033","status":"publish","type":"product","link":"https:\/\/powerockpharma.com\/cs\/sarms\/lgd-4033\/","title":{"rendered":"LGD-4033"},"content":{"rendered":"<h2>Vlastnosti:<\/h2>\n<p>Ligandrol (LGD-4033) je siln\u00fd selektivn\u00ed modul\u00e1tor androgenn\u00edch receptor\u016f (SARM), kter\u00fd je zn\u00e1m\u00fd sv\u00fdmi siln\u00fdmi anabolick\u00fdmi \u00fa\u010dinky, zejm\u00e9na p\u0159i r\u016fstu sval\u016f a zvy\u0161ov\u00e1n\u00ed s\u00edly. Tato slou\u010denina se stala preferovanou volbou pro v\u00fdzkumn\u00edky, kte\u0159\u00ed se sna\u017e\u00ed prozkoumat jej\u00ed potenci\u00e1l p\u0159i zlep\u0161ov\u00e1n\u00ed t\u011blesn\u00e9ho slo\u017een\u00ed a sportovn\u00edho v\u00fdkonu. LGD-4033 funguje tak, \u017ee se selektivn\u011b v\u00e1\u017ee na androgenn\u00ed receptory, p\u0159edev\u0161\u00edm ve svalov\u00e9 a kostn\u00ed tk\u00e1ni, co\u017e vede ke zv\u00fd\u0161en\u00ed synt\u00e9zy b\u00edlkovin a svalov\u00e9 hypertrofie p\u0159i minimalizaci ne\u017e\u00e1douc\u00edch \u00fa\u010dink\u016f na nec\u00edlov\u00e9 tk\u00e1n\u011b. D\u00edky t\u00e9to selektivit\u011b je Ligandrol atraktivn\u00edm kandid\u00e1tem pro ty, kte\u0159\u00ed zkoumaj\u00ed stavy svalov\u00e9ho \u00fabytku, osteopor\u00f3zy a celkov\u00e9ho zlep\u0161en\u00ed postavy.<\/p>\n<h2>Mechanismus \u00fa\u010dinku:<\/h2>\n<p>P\u016fsoben\u00ed p\u0159\u00edpravku Ligandrol se soust\u0159ed\u00ed na selektivn\u00ed modulaci androgenn\u00edch receptor\u016f, co\u017e mu umo\u017e\u0148uje napodobit \u00fa\u010dinky anabolick\u00fdch steroid\u016f bez souvisej\u00edc\u00edch vedlej\u0161\u00edch \u00fa\u010dink\u016f. Po vazb\u011b na androgenn\u00ed receptory stimuluje LGD-4033 kask\u00e1du anabolick\u00fdch proces\u016f, v\u010detn\u011b zv\u00fd\u0161en\u00e9 retence dus\u00edku, zv\u00fd\u0161en\u00e9 synt\u00e9zy svalov\u00fdch b\u00edlkovin a sn\u00ed\u017een\u00ed svalov\u00e9ho katabolismu. Na rozd\u00edl od tradi\u010dn\u00edch anabolik zaji\u0161\u0165uje selektivn\u00ed povaha Ligandrolu minim\u00e1ln\u00ed dopad na org\u00e1ny, jako je prostata, co\u017e z n\u011bj \u010din\u00ed bezpe\u010dn\u011bj\u0161\u00ed alternativu pro v\u00fdzkum svalov\u00e9ho r\u016fstu. LGD-4033 nav\u00edc prok\u00e1zal potenci\u00e1l pro zachov\u00e1n\u00ed svalov\u00e9 hmoty p\u0159i kalorick\u00e9m deficitu, co\u017e je zvl\u00e1\u0161t\u011b v\u00fdhodn\u00e9 pro studie zam\u011b\u0159en\u00e9 na odbour\u00e1v\u00e1n\u00ed tuk\u016f a t\u011blesnou rekompozici.<\/p>\n<h2>V\u00fdhody:<\/h2>\n<p>D\u016fsledn\u00e9 u\u017e\u00edv\u00e1n\u00ed Ligandrolu (LGD-4033) ve v\u00fdzkumn\u00fdch podm\u00ednk\u00e1ch prok\u00e1zalo v\u00fdznamn\u00e9 v\u00fdhody, v\u010detn\u011b znateln\u00e9ho n\u00e1r\u016fstu svalov\u00e9 hmoty, v\u00fdrazn\u00e9ho zv\u00fd\u0161en\u00ed s\u00edly a rychlej\u0161\u00ed regenerace po cvi\u010den\u00ed. V\u00fdzkumn\u00edci tak\u00e9 pozorovali zv\u00fd\u0161enou vytrvalost a lep\u0161\u00ed zachov\u00e1n\u00ed svalov\u00e9 hmoty, co\u017e z n\u011bj \u010din\u00ed univerz\u00e1ln\u00ed n\u00e1stroj ve studi\u00edch zam\u011b\u0159en\u00fdch na zvy\u0161ov\u00e1n\u00ed v\u00fdkonnosti a optimalizaci postavy. Ligandrol byl nav\u00edc zaznamen\u00e1n pro svou schopnost podporovat lep\u0161\u00ed prokrven\u00ed a energetickou hladinu, p\u0159i\u010dem\u017e n\u011bkter\u00e9 studie nazna\u010duj\u00ed potenci\u00e1ln\u00ed \u00fa\u010dinky na stabilizaci n\u00e1lady. D\u00edky t\u011bmto v\u00fdhod\u00e1m je LGD-4033 obzvl\u00e1\u0161t\u011b \u00fa\u010dinn\u00fd pro v\u00fdzkumy zahrnuj\u00edc\u00ed kulturisty, sportovce a jedince podstupuj\u00edc\u00ed cyklus \u0159ez\u00e1n\u00ed.<\/p>\n<h2>Pro\u010d Powerock Pharma:<\/h2>\n<p>Ve spole\u010dnosti Powerock Pharma se sna\u017e\u00edme poskytovat \u0161pi\u010dkov\u00e9 v\u00fdzkumn\u00e9 slou\u010deniny, kter\u00e9 spl\u0148uj\u00ed nejvy\u0161\u0161\u00ed standardy kvality. Ka\u017ed\u00e1 \u0161ar\u017ee p\u0159\u00edpravku Ligandrol (LGD-4033) se vyr\u00e1b\u00ed v za\u0159\u00edzen\u00edch, kter\u00e1 spl\u0148uj\u00ed a p\u0159ekra\u010duj\u00ed p\u0159edpisy GMP, HACCP a ISO 13485, co\u017e zaji\u0161\u0165uje, \u017ee na\u0161e produkty jsou bezpe\u010dn\u00e9 a \u00fa\u010dinn\u00e9. Na\u0161e p\u0159\u00edsn\u00e9 testovac\u00ed protokoly, prov\u00e1d\u011bn\u00e9 ve spolupr\u00e1ci s p\u0159edn\u00edmi laborato\u0159emi, ov\u011b\u0159uj\u00ed \u010distotu a \u00fa\u010dinnost na\u0161ich SARM, co\u017e zaru\u010duje, \u017ee p\u0159i ka\u017ed\u00e9m n\u00e1kupu obdr\u017e\u00edte konzistentn\u00ed v\u00fdsledky. Kdy\u017e si vyberete Ligandrol od spole\u010dnosti Powerock Pharma, investujete do produktu, kter\u00fd je podlo\u017een v\u011bdeck\u00fdmi poznatky a jemu\u017e profesion\u00e1lov\u00e9 d\u016fv\u011b\u0159uj\u00ed pro jeho \u0161pi\u010dkovou kvalitu.<\/p>\n<h3>Shrnut\u00ed:<\/h3>\n<p>Pokud se v\u00e1\u0161 v\u00fdzkum zam\u011b\u0159uje na r\u016fst svalov\u00e9 hmoty, zv\u00fd\u0161en\u00ed s\u00edly nebo t\u011blesnou rekonstrukci, je Ligandrol (LGD-4033) slou\u010denina, kterou pot\u0159ebujete. Tento SARM je podporov\u00e1n p\u0159\u00edsn\u00fdmi kontrolami kvality a pokro\u010dil\u00fdmi v\u00fdrobn\u00edmi postupy spole\u010dnosti Powerock Pharma a je navr\u017een tak, aby v\u00e1m pomohl dos\u00e1hnout spolehliv\u00fdch a v\u00fdznamn\u00fdch v\u00fdsledk\u016f ve va\u0161ich studi\u00edch. Ned\u011blejte kompromisy v kvalit\u011b - objednejte si Ligandrol (LGD-4033) je\u0161t\u011b dnes a posu\u0148te sv\u016fj v\u00fdzkum na vy\u0161\u0161\u00ed \u00farove\u0148.<\/p>","protected":false},"excerpt":{"rendered":"<p>Ligandrol (LGD-4033) podporuje v\u00fdrazn\u00fd r\u016fst sval\u016f selektivn\u00ed modulac\u00ed androgenn\u00edch receptor\u016f. Nab\u00edz\u00ed zv\u00fd\u0161enou s\u00edlu, rychlej\u0161\u00ed regeneraci a zachov\u00e1n\u00ed svalov\u00e9 hmoty. Vyberte si Powerock Pharma pro bezkonkuren\u010dn\u00ed kvalitu a spolehliv\u00e9 v\u00fdsledky.<\/p>","protected":false},"featured_media":230,"template":"","meta":{"_acf_changed":false,"rank_math_lock_modified_date":false,"inline_featured_image":false},"product_cat":[18],"product_tag":[],"class_list":{"0":"post-114","1":"product","2":"type-product","3":"status-publish","4":"has-post-thumbnail","6":"product_cat-sarms","9":"first","10":"instock","11":"shipping-taxable","12":"product-type-simple"},"acf":{"chromatogram":649,"metoda":{"acftf":{"v":"1.3.24"},"p":{"o":{"uh":0},"ca":""},"c":[{"p":""}],"h":[{"c":""}],"b":[[{"c":""}]]}},"_links":{"self":[{"href":"https:\/\/powerockpharma.com\/cs\/wp-json\/wp\/v2\/product\/114","targetHints":{"allow":["GET"]}}],"collection":[{"href":"https:\/\/powerockpharma.com\/cs\/wp-json\/wp\/v2\/product"}],"about":[{"href":"https:\/\/powerockpharma.com\/cs\/wp-json\/wp\/v2\/types\/product"}],"wp:featuredmedia":[{"embeddable":true,"href":"https:\/\/powerockpharma.com\/cs\/wp-json\/wp\/v2\/media\/230"}],"wp:attachment":[{"href":"https:\/\/powerockpharma.com\/cs\/wp-json\/wp\/v2\/media?parent=114"}],"wp:term":[{"taxonomy":"product_cat","embeddable":true,"href":"https:\/\/powerockpharma.com\/cs\/wp-json\/wp\/v2\/product_cat?post=114"},{"taxonomy":"product_tag","embeddable":true,"href":"https:\/\/powerockpharma.com\/cs\/wp-json\/wp\/v2\/product_tag?post=114"}],"curies":[{"name":"wp","href":"https:\/\/api.w.org\/{rel}","templated":true}]}}