{"id":115,"date":"2024-08-04T17:28:17","date_gmt":"2024-08-04T15:28:17","guid":{"rendered":"https:\/\/powerockpharma.com\/?post_type=product&#038;p=115"},"modified":"2025-11-12T07:04:52","modified_gmt":"2025-11-12T06:04:52","slug":"gw-0742","status":"publish","type":"product","link":"https:\/\/powerockpharma.com\/cs\/sarms\/gw-0742\/","title":{"rendered":"GW-0742"},"content":{"rendered":"<h2>Vlastnosti:<\/h2>\n<p>GW-0742, zn\u00e1m\u00fd tak\u00e9 jako Cardarine 2.0 nebo GW610742, je zn\u00e1m\u00fd sv\u00fdmi siln\u00fdmi \u00fa\u010dinky na metabolismus tuk\u016f a vytrvalost, co\u017e z n\u011bj \u010din\u00ed vynikaj\u00edc\u00ed volbu pro v\u00fdzkumn\u00edky zam\u011b\u0159en\u00e9 na optimalizaci sportovn\u00edho v\u00fdkonu a slo\u017een\u00ed t\u011bla. Tato slou\u010denina se prim\u00e1rn\u011b zam\u011b\u0159uje na aktivaci peroxizomov\u00e9ho prolifer\u00e1torem aktivovan\u00e9ho receptoru delta (PPAR\u03b4), kter\u00fd hraje kl\u00ed\u010dovou roli v regulaci energetick\u00e9 rovnov\u00e1hy, metabolismu lipid\u016f a z\u00e1n\u011btu. V d\u016fsledku toho GW-0742 pom\u00e1h\u00e1 zvy\u0161ovat fyzickou vytrvalost, podporovat odbour\u00e1v\u00e1n\u00ed tuk\u016f a zlep\u0161ovat celkovou metabolickou \u00fa\u010dinnost.<\/p>\n<h2>Mechanismus \u00fa\u010dinku:<\/h2>\n<p>Mechanismus \u00fa\u010dinku GW-0742 se odv\u00edj\u00ed od jeho schopnosti selektivn\u011b aktivovat receptory PPAR\u03b4, kter\u00e9 jsou vysoce exprimov\u00e1ny v kostern\u00edch svalech a tukov\u00fdch tk\u00e1n\u00edch. Aktivac\u00ed t\u011bchto receptor\u016f zvy\u0161uje GW-0742 expresi gen\u016f zapojen\u00fdch do oxidace mastn\u00fdch kyselin a energetick\u00e9ho v\u00fddeje. To vede k v\u00fdrazn\u00e9mu sn\u00ed\u017een\u00ed tukov\u00fdch z\u00e1sob a sou\u010dasn\u011b ke zlep\u0161en\u00ed dostupnosti energie pro dlouhodobou fyzickou aktivitu. Na rozd\u00edl od anabolick\u00fdch l\u00e1tek dosahuje GW-0742 t\u011bchto \u00fa\u010dink\u016f bez negativn\u00edho ovlivn\u011bn\u00ed hladiny hormon\u016f, co\u017e zaji\u0161\u0165uje bezpe\u010dn\u011bj\u0161\u00ed profil s minimem vedlej\u0161\u00edch \u00fa\u010dink\u016f. Jeho selektivn\u00ed mechanismus nav\u00edc znamen\u00e1, \u017ee neovliv\u0148uje nec\u00edlov\u00e9 tk\u00e1n\u011b, co\u017e z n\u011bj \u010din\u00ed p\u0159esn\u00fd n\u00e1stroj pro v\u00fdzkum zam\u011b\u0159en\u00fd na v\u00fdsledky souvisej\u00edc\u00ed s metabolismem a vytrvalost\u00ed.<\/p>\n<h2>V\u00fdhody:<\/h2>\n<p>D\u016fsledn\u00e9 pou\u017e\u00edv\u00e1n\u00ed p\u0159\u00edpravku GW-0742 ve v\u00fdzkumn\u00e9m prost\u0159ed\u00ed prok\u00e1zalo n\u011bkolik kl\u00ed\u010dov\u00fdch v\u00fdhod:<\/p>\n<ul>\n<li><strong>Zv\u00fd\u0161en\u00e9 odbour\u00e1v\u00e1n\u00ed tuk\u016f<\/strong>: Podporou oxidace mastn\u00fdch kyselin GW-0742 v\u00fdznamn\u011b sni\u017euje mno\u017estv\u00ed t\u011blesn\u00e9ho tuku, co\u017e je ide\u00e1ln\u00ed pro studie zam\u011b\u0159en\u00e9 na regulaci hmotnosti a slo\u017een\u00ed t\u011bla.<\/li>\n<li><strong>Zlep\u0161en\u00e1 vytrvalost<\/strong>: GW-0742 zvy\u0161uje dostupnost energie p\u0159i dlouhodob\u00fdch fyzick\u00fdch aktivit\u00e1ch, zvy\u0161uje vytrvalost a sni\u017euje \u00fanavu.<\/li>\n<li><strong>Metabolick\u00e1 \u00fa\u010dinnost<\/strong>: Slou\u010denina zvy\u0161uje celkovou metabolickou aktivitu, co\u017e vede k lep\u0161\u00edmu vyu\u017eit\u00ed energie a zlep\u0161en\u00ed lipidov\u00fdch profil\u016f.<\/li>\n<li><strong>Bezpe\u010dnostn\u00ed profil<\/strong>: GW-0742 nab\u00edz\u00ed tyto v\u00fdhody bez ne\u017e\u00e1douc\u00edch \u00fa\u010dink\u016f, kter\u00e9 jsou b\u011b\u017en\u011b spojov\u00e1ny s jin\u00fdmi l\u00e1tkami zvy\u0161uj\u00edc\u00edmi v\u00fdkonnost, jako je toxicita jater nebo hormon\u00e1ln\u00ed nerovnov\u00e1ha.<\/li>\n<\/ul>\n<h2>Pro\u010d Powerock Pharma:<\/h2>\n<p>Ve spole\u010dnosti Powerock Pharma je na\u0161e odhodl\u00e1n\u00ed vyr\u00e1b\u011bt v\u00fdzkumn\u00e9 slou\u010deniny nejvy\u0161\u0161\u00ed kvality bezkonkuren\u010dn\u00ed. GW-0742 se vyr\u00e1b\u00ed v nejmodern\u011bj\u0161\u00edch za\u0159\u00edzen\u00edch, kter\u00e1 dodr\u017euj\u00ed p\u0159\u00edsn\u00e9 normy GMP, HACCP a ISO 13485, co\u017e zaji\u0161\u0165uje, \u017ee ka\u017ed\u00e1 kapsle poskytuje konzistentn\u00ed \u00fa\u010dinnost a \u010distotu. Prov\u00e1d\u00edme p\u0159\u00edsn\u00e9 testov\u00e1n\u00ed ve spolupr\u00e1ci s p\u0159edn\u00edmi laborato\u0159emi, abychom ov\u011b\u0159ili kvalitu a \u00fa\u010dinnost na\u0161ich produkt\u016f a poskytli v\u00fdzkumn\u00fdm pracovn\u00edk\u016fm spolehliv\u00e9 n\u00e1stroje pro jejich studie. Kdy\u017e si vyberete spole\u010dnost Powerock Pharma, vol\u00edte z\u00e1vazek k dokonalosti, bezpe\u010dnosti a v\u011bdeck\u00e9 integrit\u011b.<\/p>\n<h3>Shrnut\u00ed:<\/h3>\n<p>Pokud se v\u00e1\u0161 v\u00fdzkum zam\u011b\u0159uje na zv\u00fd\u0161en\u00ed vytrvalosti, podporu odbour\u00e1v\u00e1n\u00ed tuk\u016f nebo zlep\u0161en\u00ed metabolick\u00e9ho zdrav\u00ed, GW-0742 je slou\u010denina, kterou pot\u0159ebujete. Tento produkt, za kter\u00fdm stoj\u00ed p\u0159\u00edsn\u00e9 kontroly kvality spole\u010dnosti Powerock Pharma, je navr\u017een tak, aby podpo\u0159il va\u0161e v\u00fdzkumn\u00e9 c\u00edle spolehliv\u00fdmi a reprodukovateln\u00fdmi v\u00fdsledky. Ned\u011blejte kompromisy v kvalit\u011b - objednejte si GW-0742 je\u0161t\u011b dnes a pozvedn\u011bte sv\u016fj v\u00fdzkum na novou \u00farove\u0148.<\/p>","protected":false},"excerpt":{"rendered":"<p>GW-0742 podporuje odbour\u00e1v\u00e1n\u00ed tuk\u016f a zvy\u0161ov\u00e1n\u00ed vytrvalosti aktivac\u00ed receptor\u016f PPAR\u03b4, \u010d\u00edm\u017e podporuje zv\u00fd\u0161en\u00fd energetick\u00fd v\u00fddej a lep\u0161\u00ed metabolismus lipid\u016f. Za\u017eijte vynikaj\u00edc\u00ed v\u00fdsledky d\u00edky z\u00e1vazku spole\u010dnosti Powerock Pharma ke kvalit\u011b a bezpe\u010dnosti.<\/p>","protected":false},"featured_media":231,"template":"","meta":{"_acf_changed":false,"rank_math_lock_modified_date":false,"inline_featured_image":false},"product_cat":[18],"product_tag":[],"class_list":{"0":"post-115","1":"product","2":"type-product","3":"status-publish","4":"has-post-thumbnail","6":"product_cat-sarms","9":"first","10":"instock","11":"shipping-taxable","12":"product-type-simple"},"acf":{"chromatogram":658,"metoda":""},"_links":{"self":[{"href":"https:\/\/powerockpharma.com\/cs\/wp-json\/wp\/v2\/product\/115","targetHints":{"allow":["GET"]}}],"collection":[{"href":"https:\/\/powerockpharma.com\/cs\/wp-json\/wp\/v2\/product"}],"about":[{"href":"https:\/\/powerockpharma.com\/cs\/wp-json\/wp\/v2\/types\/product"}],"wp:featuredmedia":[{"embeddable":true,"href":"https:\/\/powerockpharma.com\/cs\/wp-json\/wp\/v2\/media\/231"}],"wp:attachment":[{"href":"https:\/\/powerockpharma.com\/cs\/wp-json\/wp\/v2\/media?parent=115"}],"wp:term":[{"taxonomy":"product_cat","embeddable":true,"href":"https:\/\/powerockpharma.com\/cs\/wp-json\/wp\/v2\/product_cat?post=115"},{"taxonomy":"product_tag","embeddable":true,"href":"https:\/\/powerockpharma.com\/cs\/wp-json\/wp\/v2\/product_tag?post=115"}],"curies":[{"name":"wp","href":"https:\/\/api.w.org\/{rel}","templated":true}]}}