{"id":116,"date":"2024-08-04T17:28:48","date_gmt":"2024-08-04T15:28:48","guid":{"rendered":"https:\/\/powerockpharma.com\/?post_type=product&#038;p=116"},"modified":"2025-11-12T06:52:20","modified_gmt":"2025-11-12T05:52:20","slug":"sr-9009","status":"publish","type":"product","link":"https:\/\/powerockpharma.com\/cs\/sarms\/sr-9009\/","title":{"rendered":"SR-9009"},"content":{"rendered":"<h2>Vlastnosti:<\/h2>\n<p>SR-9009, zn\u00e1m\u00fd tak\u00e9 jako Stenabolic, je siln\u00e1 v\u00fdzkumn\u00e1 slou\u010denina zn\u00e1m\u00e1 sv\u00fdmi hlubok\u00fdmi \u00fa\u010dinky na metabolick\u00e9 funkce a vytrvalost. Tato nehormon\u00e1ln\u00ed slou\u010denina je obl\u00edben\u00e1 zejm\u00e9na mezi v\u00fdzkumn\u00edky zam\u011b\u0159en\u00fdmi na odbour\u00e1v\u00e1n\u00ed tuk\u016f, energetick\u00fd metabolismus a svalovou vytrvalost. SR-9009 funguje tak, \u017ee aktivuje protein Rev-ErbA, kter\u00fd hraje kl\u00ed\u010dovou roli v regulaci cirkadi\u00e1nn\u00edho rytmu, metabolismu gluk\u00f3zy a ukl\u00e1d\u00e1n\u00ed tuk\u016f v t\u011ble. Ovlivn\u011bn\u00edm t\u011bchto kritick\u00fdch drah podporuje SR-9009 zv\u00fd\u0161enou oxidaci tuk\u016f, lep\u0161\u00ed hladinu energie a zv\u00fd\u0161enou vytrvalost, co\u017e z n\u011bj \u010din\u00ed neoceniteln\u00fd n\u00e1stroj pro ty, kte\u0159\u00ed studuj\u00ed \u00fa\u010dinky zlep\u0161en\u00ed metabolismu a sportovn\u00edho v\u00fdkonu.<\/p>\n<h2>Mechanismus \u00fa\u010dinku:<\/h2>\n<p>Hlavn\u00edm \u00fa\u010dinkem SR-9009 je aktivace proteinu Rev-ErbA, kter\u00fd n\u00e1sledn\u011b zvy\u0161uje mitochondri\u00e1ln\u00ed aktivitu a energetick\u00fd v\u00fddej. Vazbou na tento protein zvy\u0161uje SR-9009 po\u010det mitochondri\u00ed ve svalov\u00fdch bu\u0148k\u00e1ch, \u010d\u00edm\u017e \u00fa\u010dinn\u011b zvy\u0161uje schopnost t\u011bla produkovat energii. To vede k v\u011bt\u0161\u00ed vytrvalosti a schopnosti vykon\u00e1vat dlouhodobou fyzickou aktivitu bez \u00fanavy. Krom\u011b toho SR-9009 ovliv\u0148uje metabolismus lipid\u016f a gluk\u00f3zy, \u010d\u00edm\u017e podporuje efektivn\u00ed vyu\u017eit\u00ed ulo\u017een\u00fdch tuk\u016f jako zdroje energie a sni\u017euje tvorbu nov\u00fdch tukov\u00fdch bun\u011bk. Tento selektivn\u00ed mechanismus zaji\u0161\u0165uje minim\u00e1ln\u00ed dopad na nec\u00edlov\u00e9 tk\u00e1n\u011b a z\u00e1rove\u0148 maximalizuje p\u0159\u00ednos pro odbour\u00e1v\u00e1n\u00ed tuk\u016f, vytrvalost a metabolick\u00e9 zdrav\u00ed.<\/p>\n<h2>V\u00fdhody:<\/h2>\n<p>D\u016fsledn\u00e9 pou\u017e\u00edv\u00e1n\u00ed p\u0159\u00edpravku SR-9009 ve v\u00fdzkumn\u00fdch podm\u00ednk\u00e1ch prok\u00e1zalo v\u00fdznamn\u00e9 zlep\u0161en\u00ed vytrvalosti, co\u017e z n\u011bj \u010din\u00ed obl\u00edbenou volbu pro studie zahrnuj\u00edc\u00ed sportovce a osoby podstupuj\u00edc\u00ed vysoce intenzivn\u00ed tr\u00e9nink. Schopnost slou\u010deniny zvy\u0161ovat mitochondri\u00e1ln\u00ed aktivitu vede k vy\u0161\u0161\u00ed hladin\u011b energie a rychlej\u0161\u00edmu zotaven\u00ed, co\u017e je pro zv\u00fd\u0161en\u00ed v\u00fdkonnosti rozhoduj\u00edc\u00ed. Vliv SR-9009 na metabolismus lipid\u016f nav\u00edc napom\u00e1h\u00e1 sni\u017eovat mno\u017estv\u00ed t\u011blesn\u00e9ho tuku, zejm\u00e9na v kontextu kalorick\u00e9ho deficitu. V\u00fdzkumn\u00edci zaznamenali tak\u00e9 sekund\u00e1rn\u00ed p\u0159\u00ednosy, jako je lep\u0161\u00ed citlivost na inzul\u00edn, sn\u00ed\u017een\u00ed z\u00e1n\u011btu a lep\u0161\u00ed regulace cirkadi\u00e1nn\u00edch rytm\u016f, co\u017e p\u0159isp\u00edv\u00e1 k celkov\u00e9mu zdrav\u00ed a pohod\u011b. SR-9009 je zvl\u00e1\u0161t\u011b \u00fa\u010dinn\u00fd pro studie zam\u011b\u0159en\u00e9 na pozn\u00e1n\u00ed metabolick\u00fdch onemocn\u011bn\u00ed, obezity a kardiovaskul\u00e1rn\u00edho zdrav\u00ed.<\/p>\n<h2>Pro\u010d Powerock Pharma:<\/h2>\n<p>Ve spole\u010dnosti Powerock Pharma jsme hrd\u00ed na to, \u017ee dod\u00e1v\u00e1me nejkvalitn\u011bj\u0161\u00ed dostupn\u00e9 v\u00fdzkumn\u00e9 slou\u010deniny. Ka\u017ed\u00e1 \u0161ar\u017ee p\u0159\u00edpravku SR-9009 se vyr\u00e1b\u00ed v nejmodern\u011bj\u0161\u00edch za\u0159\u00edzen\u00edch, kter\u00e1 spl\u0148uj\u00ed a p\u0159ekra\u010duj\u00ed normy GMP, HACCP a ISO 13485, \u010d\u00edm\u017e je zaji\u0161t\u011bna nejvy\u0161\u0161\u00ed \u00farove\u0148 bezpe\u010dnosti, \u010distoty a \u00fa\u010dinnosti. Na\u0161e p\u0159\u00edsn\u00e9 procesy kontroly kvality zahrnuj\u00ed komplexn\u00ed testov\u00e1n\u00ed ve spolupr\u00e1ci s p\u0159edn\u00edmi laborato\u0159emi, kter\u00e9 ov\u011b\u0159uj\u00ed \u00fa\u010dinnost ka\u017ed\u00e9 kapsle. Se spole\u010dnost\u00ed Powerock Pharma se m\u016f\u017eete spolehnout, \u017ee dost\u00e1v\u00e1te produkt, kter\u00fd trvale poskytuje spolehliv\u00e9 a reprodukovateln\u00e9 v\u00fdsledky, co\u017e z n\u011bj \u010din\u00ed nejlep\u0161\u00ed volbu pro v\u00fdzkumn\u00e9 pracovn\u00edky po cel\u00e9m sv\u011bt\u011b.<\/p>\n<h3>Shrnut\u00ed:<\/h3>\n<p>Pokud se zam\u011b\u0159ujete na pokrok ve v\u00fdzkumu v oblasti zlep\u0161en\u00ed metabolismu, vytrvalosti a odbour\u00e1v\u00e1n\u00ed tuk\u016f, je SR-9009 z\u00e1kladn\u00edm n\u00e1strojem ve va\u0161em arzen\u00e1lu. Tato slou\u010denina, za kterou stoj\u00ed nekompromisn\u00ed standardy kvality spole\u010dnosti Powerock Pharma, je navr\u017eena tak, aby podporovala \u0161pi\u010dkov\u00fd v\u00fdzkum s bezpe\u010dnost\u00ed a \u00fa\u010dinnost\u00ed na prvn\u00edm m\u00edst\u011b. Ned\u011blejte kompromisy ohledn\u011b v\u00fdsledk\u016f sv\u00e9ho v\u00fdzkumu - objednejte si SR-9009 je\u0161t\u011b dnes a pozvedn\u011bte svou studii na novou \u00farove\u0148.<\/p>","protected":false},"excerpt":{"rendered":"<p>SR-9009 podporuje zv\u00fd\u0161enou vytrvalost a odbour\u00e1v\u00e1n\u00ed tuk\u016f aktivac\u00ed protein\u016f Rev-ErbA, \u010d\u00edm\u017e zvy\u0161uje aktivitu mitochondri\u00ed. Nab\u00edz\u00ed zv\u00fd\u0161en\u00ed energie, zlep\u0161en\u00ed metabolismu a zrychlen\u00ed regenerace. Vyberte si Powerock Pharma pro prvot\u0159\u00eddn\u00ed kvalitu a v\u00fdsledky.<\/p>","protected":false},"featured_media":232,"template":"","meta":{"_acf_changed":false,"rank_math_lock_modified_date":false,"inline_featured_image":false},"product_cat":[18],"product_tag":[],"class_list":{"0":"post-116","1":"product","2":"type-product","3":"status-publish","4":"has-post-thumbnail","6":"product_cat-sarms","9":"first","10":"instock","11":"shipping-taxable","12":"product-type-simple"},"acf":{"chromatogram":615,"metoda":{"acftf":{"v":"1.3.24"},"p":{"o":{"uh":0},"ca":""},"c":[{"p":""}],"h":[{"c":""}],"b":[[{"c":""}]]}},"_links":{"self":[{"href":"https:\/\/powerockpharma.com\/cs\/wp-json\/wp\/v2\/product\/116","targetHints":{"allow":["GET"]}}],"collection":[{"href":"https:\/\/powerockpharma.com\/cs\/wp-json\/wp\/v2\/product"}],"about":[{"href":"https:\/\/powerockpharma.com\/cs\/wp-json\/wp\/v2\/types\/product"}],"wp:featuredmedia":[{"embeddable":true,"href":"https:\/\/powerockpharma.com\/cs\/wp-json\/wp\/v2\/media\/232"}],"wp:attachment":[{"href":"https:\/\/powerockpharma.com\/cs\/wp-json\/wp\/v2\/media?parent=116"}],"wp:term":[{"taxonomy":"product_cat","embeddable":true,"href":"https:\/\/powerockpharma.com\/cs\/wp-json\/wp\/v2\/product_cat?post=116"},{"taxonomy":"product_tag","embeddable":true,"href":"https:\/\/powerockpharma.com\/cs\/wp-json\/wp\/v2\/product_tag?post=116"}],"curies":[{"name":"wp","href":"https:\/\/api.w.org\/{rel}","templated":true}]}}