{"id":117,"date":"2024-08-04T17:29:45","date_gmt":"2024-08-04T15:29:45","guid":{"rendered":"https:\/\/powerockpharma.com\/?post_type=product&#038;p=117"},"modified":"2025-11-12T06:54:28","modified_gmt":"2025-11-12T05:54:28","slug":"rad-150","status":"publish","type":"product","link":"https:\/\/powerockpharma.com\/cs\/sarms\/rad-150\/","title":{"rendered":"RAD-150"},"content":{"rendered":"<h2>Vlastnosti:<\/h2>\n<p>RAD-150, zn\u00e1m\u00fd tak\u00e9 jako TLB-150 benzo\u00e1t, je siln\u00e1 slou\u010denina zn\u00e1m\u00e1 pro sv\u00e9 siln\u00e9 \u00fa\u010dinky na r\u016fst sval\u016f a fyzickou v\u00fdkonnost. Tento pokro\u010dil\u00fd selektivn\u00ed modul\u00e1tor androgenn\u00edch receptor\u016f (SARM) je vysoce cen\u011bn v\u00fdzkumn\u00edky i sportovci pro svou schopnost v\u00fdrazn\u011b zlep\u0161it postavu a sportovn\u00ed schopnosti. RAD-150 funguje tak, \u017ee se v\u00e1\u017ee na androgenn\u00ed receptory ve svalov\u00e9 tk\u00e1ni a podporuje anabolickou aktivitu, kter\u00e1 vede ke zv\u00fd\u0161en\u00e9 synt\u00e9ze b\u00edlkovin a sn\u00ed\u017een\u00ed svalov\u00e9ho katabolismu. V\u00fdsledkem je v\u00fdrazn\u00e9 zlep\u0161en\u00ed svalov\u00e9 hmoty, s\u00edly a vytrvalosti, d\u00edky \u010demu\u017e je RAD-150 preferovanou volbou pro ty, kte\u0159\u00ed cht\u011bj\u00ed posunout sv\u00e9 tr\u00e9ninkov\u00e9 i v\u00fdkonnostn\u00ed limity.<\/p>\n<h2>Mechanismus \u00fa\u010dinku:<\/h2>\n<p>Mechanismus \u00fa\u010dinku p\u0159\u00edpravku RAD-150 spo\u010d\u00edv\u00e1 v selektivn\u00ed modulaci androgenn\u00edch receptor\u016f, co\u017e umo\u017e\u0148uje zv\u00fd\u0161en\u00fd r\u016fst sval\u016f bez typick\u00fdch vedlej\u0161\u00edch \u00fa\u010dink\u016f spojen\u00fdch s tradi\u010dn\u00edmi anabolick\u00fdmi steroidy. T\u00edm, \u017ee se RAD-150 specificky zam\u011b\u0159uje na svalovou tk\u00e1\u0148, minimalizuje dopad na nec\u00edlov\u00e9 oblasti, \u010d\u00edm\u017e sni\u017euje riziko ne\u017e\u00e1douc\u00edch vedlej\u0161\u00edch \u00fa\u010dink\u016f, jako je vypad\u00e1v\u00e1n\u00ed vlas\u016f, akn\u00e9 nebo toxicita pro j\u00e1tra. Tento selektivn\u00ed \u00fa\u010dinek rovn\u011b\u017e zaji\u0161\u0165uje zachov\u00e1n\u00ed svalov\u00e9 hmoty i v obdob\u00ed kalorick\u00e9ho deficitu, co\u017e z RAD-150 \u010din\u00ed vynikaj\u00edc\u00ed volbu pro kulturisty a sportovce podstupuj\u00edc\u00ed cykly sni\u017eov\u00e1n\u00ed.<\/p>\n<h2>V\u00fdhody:<\/h2>\n<p>D\u016fsledn\u00e9 u\u017e\u00edv\u00e1n\u00ed p\u0159\u00edpravku RAD-150 p\u0159in\u00e1\u0161\u00ed \u0159adu v\u00fdhod, v\u010detn\u011b v\u00fdrazn\u00e9ho n\u00e1r\u016fstu svalov\u00e9 hmoty, zv\u00fd\u0161en\u00ed s\u00edly a zrychlen\u00ed regenerace. V\u00fdzkumn\u00edci zaznamenali tak\u00e9 sekund\u00e1rn\u00ed p\u0159\u00ednosy, jako je lep\u0161\u00ed prokrven\u00ed, zv\u00fd\u0161en\u00e1 vytrvalost a lep\u0161\u00ed \u00farove\u0148 energie, co\u017e p\u0159isp\u00edv\u00e1 k definovan\u011bj\u0161\u00ed a siln\u011bj\u0161\u00ed postav\u011b. RAD-150 je obzvl\u00e1\u0161t\u011b \u00fa\u010dinn\u00fd pro jedince zam\u011b\u0159en\u00e9 na maximalizaci sv\u00e9 fyzick\u00e9 v\u00fdkonnosti, a\u0165 u\u017e se jedn\u00e1 o z\u00e1vodn\u00ed sportovce, kulturisty nebo fitness nad\u0161ence usiluj\u00edc\u00ed o \u0161pi\u010dkovou kondici.<\/p>\n<h2>Pro\u010d Powerock Pharma:<\/h2>\n<p>Ve spole\u010dnosti Powerock Pharma se zavazujeme poskytovat pouze produkty nejvy\u0161\u0161\u00ed kvality pro v\u00fdzkum a zvy\u0161ov\u00e1n\u00ed v\u00fdkonnosti. Ka\u017ed\u00e1 \u0161ar\u017ee p\u0159\u00edpravku RAD-150 se vyr\u00e1b\u00ed v za\u0159\u00edzen\u00edch, kter\u00e1 dodr\u017euj\u00ed nejp\u0159\u00edsn\u011bj\u0161\u00ed normy, v\u010detn\u011b GMP, HACCP a ISO 13485. Na\u0161e p\u0159\u00edsn\u00e9 testovac\u00ed protokoly zaji\u0161\u0165uj\u00ed, \u017ee ka\u017ed\u00e1 kapsle obsahuje nej\u010dist\u0161\u00ed a nej\u00fa\u010dinn\u011bj\u0161\u00ed formu RAD-150, kter\u00e1 poskytuje spolehliv\u00e9 a reprodukovateln\u00e9 v\u00fdsledky v ka\u017ed\u00e9 studii. P\u0159i ov\u011b\u0159ov\u00e1n\u00ed \u010distoty a \u00fa\u010dinnosti na\u0161ich produkt\u016f spolupracujeme s p\u0159edn\u00edmi laborato\u0159emi, tak\u017ee se m\u016f\u017eete spolehnout, \u017ee RAD-150 od spole\u010dnosti Powerock Pharma bude trvale spl\u0148ovat va\u0161e v\u00fdzkumn\u00e9 pot\u0159eby.<\/p>\n<h3>Shrnut\u00ed:<\/h3>\n<p>Pokud se sna\u017e\u00edte zv\u00fd\u0161it r\u016fst sval\u016f, s\u00edlu a celkovou v\u00fdkonnost, RAD-150 je ide\u00e1ln\u00edm \u0159e\u0161en\u00edm. Tato slou\u010denina, podpo\u0159en\u00e1 p\u0159\u00edsn\u00fdmi kontrolami kvality spole\u010dnosti Powerock Pharma, je navr\u017eena tak, aby v\u00e1m pomohla bezpe\u010dn\u011b a efektivn\u011b dos\u00e1hnout va\u0161ich v\u00fdzkumn\u00fdch c\u00edl\u016f. Ned\u011blejte kompromisy v kvalit\u011b - objednejte si RAD-150 je\u0161t\u011b dnes a poznejte rozd\u00edl, kter\u00fd mohou p\u0159in\u00e9st \u0161pi\u010dkov\u00e9 v\u00fdzkumn\u00e9 slou\u010deniny.<\/p>","protected":false},"excerpt":{"rendered":"<p>RAD-150 (TLB-150 Benzoate) podporuje r\u016fst sval\u016f a vytrvalost selektivn\u00ed modulac\u00ed androgenn\u00edch receptor\u016f. Nab\u00edz\u00ed zv\u00fd\u0161en\u00ed s\u00edly, rychlej\u0161\u00ed regeneraci a lep\u0161\u00ed udr\u017een\u00ed svalov\u00e9 hmoty. Vyberte si Powerock Pharma pro vynikaj\u00edc\u00ed kvalitu a konzistentn\u00ed v\u00fdsledky.<\/p>","protected":false},"featured_media":233,"template":"","meta":{"_acf_changed":false,"rank_math_lock_modified_date":false,"inline_featured_image":false},"product_cat":[18],"product_tag":[],"class_list":{"0":"post-117","1":"product","2":"type-product","3":"status-publish","4":"has-post-thumbnail","6":"product_cat-sarms","9":"first","10":"instock","11":"shipping-taxable","12":"product-type-simple"},"acf":{"chromatogram":622,"metoda":{"acftf":{"v":"1.3.24"},"p":{"o":{"uh":0},"ca":""},"c":[{"p":""}],"h":[{"c":""}],"b":[[{"c":""}]]}},"_links":{"self":[{"href":"https:\/\/powerockpharma.com\/cs\/wp-json\/wp\/v2\/product\/117","targetHints":{"allow":["GET"]}}],"collection":[{"href":"https:\/\/powerockpharma.com\/cs\/wp-json\/wp\/v2\/product"}],"about":[{"href":"https:\/\/powerockpharma.com\/cs\/wp-json\/wp\/v2\/types\/product"}],"wp:featuredmedia":[{"embeddable":true,"href":"https:\/\/powerockpharma.com\/cs\/wp-json\/wp\/v2\/media\/233"}],"wp:attachment":[{"href":"https:\/\/powerockpharma.com\/cs\/wp-json\/wp\/v2\/media?parent=117"}],"wp:term":[{"taxonomy":"product_cat","embeddable":true,"href":"https:\/\/powerockpharma.com\/cs\/wp-json\/wp\/v2\/product_cat?post=117"},{"taxonomy":"product_tag","embeddable":true,"href":"https:\/\/powerockpharma.com\/cs\/wp-json\/wp\/v2\/product_tag?post=117"}],"curies":[{"name":"wp","href":"https:\/\/api.w.org\/{rel}","templated":true}]}}