{"id":118,"date":"2024-08-04T17:30:25","date_gmt":"2024-08-04T15:30:25","guid":{"rendered":"https:\/\/powerockpharma.com\/?post_type=product&#038;p=118"},"modified":"2025-11-12T06:54:46","modified_gmt":"2025-11-12T05:54:46","slug":"rad-140","status":"publish","type":"product","link":"https:\/\/powerockpharma.com\/cs\/sarms\/rad-140\/","title":{"rendered":"RAD-140"},"content":{"rendered":"<h2>Vlastnosti RAD-140:<\/h2>\n<p>Testolon (RAD-140) je siln\u00fd selektivn\u00ed modul\u00e1tor androgenn\u00edch receptor\u016f (SARM), kter\u00fd je zn\u00e1m\u00fd sv\u00fdmi v\u00fdznamn\u00fdmi \u00fa\u010dinky na r\u016fst sval\u016f a t\u011blesnou stavbu. Je preferovanou volbou pro v\u00fdzkumn\u00edky a sportovce, kte\u0159\u00ed usiluj\u00ed o zv\u00fd\u0161en\u00ed svalov\u00e9 hmoty, s\u00edly a celkov\u00e9 fyzick\u00e9 v\u00fdkonnosti. Tato slou\u010denina funguje tak, \u017ee selektivn\u011b c\u00edl\u00ed na androgenn\u00ed receptory ve svalov\u00fdch a kostn\u00edch tk\u00e1n\u00edch, \u010d\u00edm\u017e podporuje anabolickou aktivitu bez z\u00e1va\u017en\u00fdch vedlej\u0161\u00edch \u00fa\u010dink\u016f spojen\u00fdch s tradi\u010dn\u00edmi anabolick\u00fdmi steroidy. RAD-140 je obzvl\u00e1\u0161t\u011b \u00fa\u010dinn\u00fd p\u0159i stimulaci rychl\u00e9ho n\u00e1r\u016fstu svalov\u00e9 hmoty a s\u00edly, co\u017e z n\u011bj \u010din\u00ed cenn\u00fd n\u00e1stroj pro kulturisty a sportovce podstupuj\u00edc\u00ed intenzivn\u00ed tr\u00e9ninkov\u00e9 nebo reduk\u010dn\u00ed cykly.<\/p>\n<h2>Mechanismus \u00fa\u010dinku RAD-140:<\/h2>\n<p>Prim\u00e1rn\u00ed \u00fa\u010dinek testolonu je zam\u011b\u0159en na selektivn\u00ed modulaci androgenn\u00edho receptoru. Na rozd\u00edl od anabolick\u00fdch steroid\u016f, kter\u00e9 ovliv\u0148uj\u00ed \u0161irokou \u0161k\u00e1lu tk\u00e1n\u00ed, co\u017e vede k ne\u017e\u00e1douc\u00edm vedlej\u0161\u00edm \u00fa\u010dink\u016fm, selektivn\u00ed p\u016fsoben\u00ed RAD-140 zaji\u0161\u0165uje, \u017ee ovliv\u0148uje p\u0159ev\u00e1\u017en\u011b svalovou a kostn\u00ed tk\u00e1\u0148. Toto selektivn\u00ed zac\u00edlen\u00ed vede ke zv\u00fd\u0161en\u00ed r\u016fstu sval\u016f a hustoty kost\u00ed a z\u00e1rove\u0148 minimalizuje dopad na nec\u00edlov\u00e9 tk\u00e1n\u011b, jako je prostata nebo j\u00e1tra. Nav\u00edc bylo prok\u00e1z\u00e1no, \u017ee RAD-140 zvy\u0161uje synt\u00e9zu b\u00edlkovin a sni\u017euje svalov\u00fd katabolismus, co\u017e p\u0159isp\u00edv\u00e1 k jeho \u00fa\u010dinnosti p\u0159i zachov\u00e1n\u00ed svalov\u00e9 hmoty b\u011bhem obdob\u00ed kalorick\u00e9ho deficitu. Tento mechanismus umo\u017e\u0148uje v\u00fdzkumn\u00edk\u016fm zkoumat r\u016fst sval\u016f a zvy\u0161ov\u00e1n\u00ed v\u00fdkonnosti s ni\u017e\u0161\u00edm rizikov\u00fdm profilem ve srovn\u00e1n\u00ed s jin\u00fdmi anabolick\u00fdmi l\u00e1tkami.<\/p>\n<h2>V\u00fdhody pou\u017e\u00edv\u00e1n\u00ed RAD-140:<\/h2>\n<p>D\u016fsledn\u00e9 pou\u017e\u00edv\u00e1n\u00ed Testolonu (RAD-140) ve v\u00fdzkumu prok\u00e1zalo n\u011bkolik v\u00fdznamn\u00fdch p\u0159\u00ednos\u016f. U pokusn\u00fdch osob se projevil znateln\u00fd n\u00e1r\u016fst svalov\u00e9 hmoty, v\u00fdrazn\u00fd n\u00e1r\u016fst s\u00edly a zrychlen\u00ed doby regenerace. RAD-140 je nav\u00edc zn\u00e1m\u00fd svou schopnost\u00ed zvy\u0161ovat vytrvalost, co\u017e umo\u017e\u0148uje del\u0161\u00ed a intenzivn\u011bj\u0161\u00ed tr\u00e9ninky. Mezi sekund\u00e1rn\u00ed pozorovan\u00e9 p\u0159\u00ednosy pat\u0159\u00ed zlep\u0161en\u00ed prokrven\u00ed, lep\u0161\u00ed hladina energie a lep\u0161\u00ed stabilita n\u00e1lady. Testolon je obzvl\u00e1\u0161t\u011b \u00fa\u010dinn\u00fd pro jedince zam\u011b\u0159en\u00e9 na svalovou hypertrofii, zv\u00fd\u0161en\u00ed s\u00edly a t\u011blesnou rekonstituci, co\u017e z n\u011bj \u010din\u00ed nejlep\u0161\u00ed volbu pro v\u00fdzkumn\u00edky studuj\u00edc\u00ed anabolick\u00e9 \u00fa\u010dinky a zvy\u0161ov\u00e1n\u00ed v\u00fdkonnosti.<\/p>\n<h2>Pro\u010d Powerock Pharma:<\/h2>\n<p>Ve spole\u010dnosti Powerock Pharma se sna\u017e\u00edme dod\u00e1vat v\u00fdzkumn\u00e9 slou\u010deniny nejvy\u0161\u0161\u00ed kvality. N\u00e1\u0161 testolon (RAD-140) se vyr\u00e1b\u00ed v nejmodern\u011bj\u0161\u00edch za\u0159\u00edzen\u00edch, kter\u00e1 spl\u0148uj\u00ed a p\u0159ekra\u010duj\u00ed normy GMP, HACCP a ISO 13485, co\u017e zaji\u0161\u0165uje, \u017ee ka\u017ed\u00e1 \u0161ar\u017ee je vyr\u00e1b\u011bna za nejp\u0159\u00edsn\u011bj\u0161\u00edch kontrol kvality. Ka\u017ed\u00fd produkt proch\u00e1z\u00ed p\u0159\u00edsn\u00fdm testov\u00e1n\u00edm ve spolupr\u00e1ci s p\u0159edn\u00edmi laborato\u0159emi, aby se ov\u011b\u0159ila jeho \u010distota, \u00fa\u010dinnost a bezpe\u010dnost. Kdy\u017e si vyberete Testolone od spole\u010dnosti Powerock Pharma, vyb\u00edr\u00e1te si produkt podlo\u017een\u00fd v\u011bdeck\u00fdmi poznatky, vyroben\u00fd s p\u0159esnost\u00ed a navr\u017een\u00fd tak, aby poka\u017ed\u00e9 poskytoval spolehliv\u00e9 v\u00fdsledky. D\u016fv\u011b\u0159ujte spole\u010dnosti Powerock Pharma a z\u00edskejte kvalitu, kterou si ve sv\u00e9m v\u00fdzkumu zaslou\u017e\u00edte.<\/p>\n<h3>Shrnut\u00ed:<\/h3>\n<p>Pokud v\u00e1\u0161 v\u00fdzkum vy\u017eaduje silnou a selektivn\u00ed slou\u010deninu pro zv\u00fd\u0161en\u00ed svalov\u00e9ho r\u016fstu a v\u00fdkonu, Testolone (RAD-140) je \u0159e\u0161en\u00ed, kter\u00e9 pot\u0159ebujete. D\u00edky p\u0159\u00edsn\u00fdm standard\u016fm kvality spole\u010dnosti Powerock Pharma je tento produkt navr\u017een tak, aby v\u00e1m pomohl bezpe\u010dn\u011b a efektivn\u011b dos\u00e1hnout va\u0161ich v\u00fdzkumn\u00fdch c\u00edl\u016f. Ned\u011blejte kompromisy v kvalit\u011b - objednejte si Testolone je\u0161t\u011b dnes a uvoln\u011bte potenci\u00e1l sv\u00e9ho v\u00fdzkumu.<\/p>","protected":false},"excerpt":{"rendered":"<p>Testolon (RAD-140) podporuje rychl\u00fd r\u016fst sval\u016f selektivn\u00ed modulac\u00ed androgenn\u00edch receptor\u016f. Zvy\u0161uje s\u00edlu, regeneraci a udr\u017een\u00ed svalov\u00e9 hmoty. Vyberte si Powerock Pharma pro bezkonkuren\u010dn\u00ed kvalitu a ov\u011b\u0159en\u00e9 v\u00fdsledky.<\/p>","protected":false},"featured_media":234,"template":"","meta":{"_acf_changed":false,"rank_math_lock_modified_date":false,"inline_featured_image":false},"product_cat":[18],"product_tag":[],"class_list":{"0":"post-118","1":"product","2":"type-product","3":"status-publish","4":"has-post-thumbnail","6":"product_cat-sarms","7":"pa_brand-powerock-pharma","10":"first","11":"instock","12":"shipping-taxable","13":"product-type-simple"},"acf":{"chromatogram":623,"metoda":{"acftf":{"v":"1.3.24"},"p":{"o":{"uh":0},"ca":""},"c":[{"p":""}],"h":[{"c":""}],"b":[[{"c":""}]]}},"_links":{"self":[{"href":"https:\/\/powerockpharma.com\/cs\/wp-json\/wp\/v2\/product\/118","targetHints":{"allow":["GET"]}}],"collection":[{"href":"https:\/\/powerockpharma.com\/cs\/wp-json\/wp\/v2\/product"}],"about":[{"href":"https:\/\/powerockpharma.com\/cs\/wp-json\/wp\/v2\/types\/product"}],"wp:featuredmedia":[{"embeddable":true,"href":"https:\/\/powerockpharma.com\/cs\/wp-json\/wp\/v2\/media\/234"}],"wp:attachment":[{"href":"https:\/\/powerockpharma.com\/cs\/wp-json\/wp\/v2\/media?parent=118"}],"wp:term":[{"taxonomy":"product_cat","embeddable":true,"href":"https:\/\/powerockpharma.com\/cs\/wp-json\/wp\/v2\/product_cat?post=118"},{"taxonomy":"product_tag","embeddable":true,"href":"https:\/\/powerockpharma.com\/cs\/wp-json\/wp\/v2\/product_tag?post=118"}],"curies":[{"name":"wp","href":"https:\/\/api.w.org\/{rel}","templated":true}]}}