{"id":119,"date":"2024-08-04T17:31:09","date_gmt":"2024-08-04T15:31:09","guid":{"rendered":"https:\/\/powerockpharma.com\/?post_type=product&#038;p=119"},"modified":"2025-11-12T06:53:44","modified_gmt":"2025-11-12T05:53:44","slug":"s4","status":"publish","type":"product","link":"https:\/\/powerockpharma.com\/cs\/sarms\/s4\/","title":{"rendered":"S4"},"content":{"rendered":"<h2>Vlastnosti:<\/h2>\n<p>Andarin, zn\u00e1m\u00fd tak\u00e9 jako S4, je siln\u00fd selektivn\u00ed modul\u00e1tor androgenn\u00edch receptor\u016f (SARM), kter\u00fd je zn\u00e1m\u00fd sv\u00fdmi v\u00fdznamn\u00fdmi \u00fa\u010dinky na r\u016fst sval\u016f i \u00fabytek tuku. Tato slou\u010denina je velmi vyhled\u00e1van\u00e1 t\u011bmi, kte\u0159\u00ed usiluj\u00ed o zlep\u0161en\u00ed sv\u00e9 postavy a v\u00fdkonnosti. S4 je navr\u017een tak, aby selektivn\u011b c\u00edlil na androgenn\u00ed receptory, zejm\u00e9na ve svalov\u00e9 a kostn\u00ed tk\u00e1ni, co\u017e z n\u011bj \u010din\u00ed vynikaj\u00edc\u00ed volbu pro ty, kte\u0159\u00ed cht\u011bj\u00ed zv\u00fd\u0161it svalovou hmotu a z\u00e1rove\u0148 sn\u00ed\u017eit mno\u017estv\u00ed t\u011blesn\u00e9ho tuku. Tato selektivita umo\u017e\u0148uje dos\u00e1hnout \u017e\u00e1douc\u00edch anabolick\u00fdch \u00fa\u010dink\u016f bez z\u00e1va\u017en\u00fdch vedlej\u0161\u00edch \u00fa\u010dink\u016f, kter\u00e9 jsou s anabolick\u00fdmi steroidy b\u011b\u017en\u011b spojov\u00e1ny.<\/p>\n<h2>Mechanismus \u00fa\u010dinku:<\/h2>\n<p>\u00da\u010dinek andarinu (S4) se odv\u00edj\u00ed od jeho schopnosti selektivn\u011b modulovat androgenn\u00ed receptory. Na rozd\u00edl od tradi\u010dn\u00edch anabolick\u00fdch steroid\u016f, kter\u00e9 ovliv\u0148uj\u00ed cel\u00e9 t\u011blo, se S4 zam\u011b\u0159uje specificky na svalovou a kostn\u00ed tk\u00e1\u0148, podporuje zv\u00fd\u0161en\u00ed synt\u00e9zy b\u00edlkovin a r\u016fst sval\u016f a z\u00e1rove\u0148 zabra\u0148uje katabolismu. Afinita S4 k androgenn\u00edm receptor\u016fm v tukov\u00e9 tk\u00e1ni nav\u00edc usnad\u0148uje \u00fabytek tuku t\u00edm, \u017ee zvy\u0161uje lipol\u00fdzu. Tento mechanismus dvoj\u00edho \u00fa\u010dinku zaji\u0161\u0165uje, \u017ee u\u017eivatel\u00e9 mohou dos\u00e1hnout v\u00fdrazn\u00e9ho n\u00e1r\u016fstu svalov\u00e9 hmoty a redukce tuku, d\u00edky \u010demu\u017e je obzvl\u00e1\u0161t\u011b \u00fa\u010dinn\u00fd b\u011bhem cykl\u016f sni\u017eov\u00e1n\u00ed. Jeho selektivn\u00ed povaha nav\u00edc minimalizuje dopad na nec\u00edlov\u00e9 tk\u00e1n\u011b, \u010d\u00edm\u017e sni\u017euje riziko ne\u017e\u00e1douc\u00edch vedlej\u0161\u00edch \u00fa\u010dink\u016f, jako je zv\u011bt\u0161en\u00ed prostaty nebo vypad\u00e1v\u00e1n\u00ed vlas\u016f.<\/p>\n<h2>V\u00fdhody:<\/h2>\n<p>D\u016fsledn\u00e9 u\u017e\u00edv\u00e1n\u00ed andarinu (S4) ve v\u00fdzkumu uk\u00e1zalo, \u017ee vede k v\u00fdrazn\u00e9mu n\u00e1r\u016fstu svalov\u00e9 hmoty, zlep\u0161en\u00ed s\u00edly a zrychlen\u00ed doby regenerace. Je tak\u00e9 vysoce \u00fa\u010dinn\u00fd p\u0159i podpo\u0159e odbour\u00e1v\u00e1n\u00ed tuk\u016f, co\u017e z n\u011bj \u010din\u00ed ide\u00e1ln\u00ed l\u00e1tku pro ty, kte\u0159\u00ed cht\u011bj\u00ed dos\u00e1hnout definovan\u011bj\u0161\u00ed, c\u00e9vnat\u011bj\u0161\u00ed postavy. Mezi sekund\u00e1rn\u00ed pozorovan\u00e9 p\u0159\u00ednosy pat\u0159\u00ed zv\u00fd\u0161en\u00e1 vytrvalost, zlep\u0161en\u00e1 hladina energie a stabilizace n\u00e1lady, co\u017e p\u0159isp\u00edv\u00e1 k celkov\u011b lep\u0161\u00edmu v\u00fdkonu p\u0159i tr\u00e9ninku a dal\u0161\u00edch fyzick\u00fdch aktivit\u00e1ch. S4 je obzvl\u00e1\u0161t\u011b prosp\u011b\u0161n\u00fd pro kulturisty, sportovce a v\u0161echny, kte\u0159\u00ed podstupuj\u00ed cyklus \u0159ez\u00e1n\u00ed, proto\u017ee pom\u00e1h\u00e1 zachovat svalovou hmotu p\u0159i kalorick\u00e9m deficitu, \u010d\u00edm\u017e zaji\u0161\u0165uje \u0161t\u00edhlej\u0161\u00ed a vyr\u00fdsovan\u011bj\u0161\u00ed vzhled.<\/p>\n<h2>Pro\u010d Powerock Pharma:<\/h2>\n<p>Spole\u010dnost Powerock Pharma se zav\u00e1zala dod\u00e1vat produkty, kter\u00e9 spl\u0148uj\u00ed nejvy\u0161\u0161\u00ed standardy kvality a bezpe\u010dnosti. Ka\u017ed\u00e1 \u0161ar\u017ee p\u0159\u00edpravku Andarine (S4) se vyr\u00e1b\u00ed v nejmodern\u011bj\u0161\u00edch za\u0159\u00edzen\u00edch, kter\u00e1 dodr\u017euj\u00ed p\u0159\u00edsn\u00e9 normy GMP, HACCP a ISO 13485. Na\u0161e p\u0159\u00edsn\u00e9 testovac\u00ed postupy zaji\u0161\u0165uj\u00ed, \u017ee ka\u017ed\u00e1 kapsle obsahuje p\u0159esnou d\u00e1vku Andarinu, bez kontaminant\u016f a ne\u010distot. P\u0159i ov\u011b\u0159ov\u00e1n\u00ed \u010distoty a \u00fa\u010dinnosti na\u0161ich produkt\u016f spolupracujeme s p\u0159edn\u00edmi laborato\u0159emi, tak\u017ee se m\u016f\u017eete spolehnout, \u017ee Andarine (S4) od spole\u010dnosti Powerock Pharma bude poka\u017ed\u00e9 poskytovat konzistentn\u00ed a spolehliv\u00e9 v\u00fdsledky. Pokud jde o va\u0161e v\u00fdzkumn\u00e9 a v\u00fdkonnostn\u00ed c\u00edle, nespokojte se s ni\u010d\u00edm men\u0161\u00edm ne\u017e s t\u00edm nejlep\u0161\u00edm - vyberte si spole\u010dnost Powerock Pharma.<\/p>\n<h3>Shrnut\u00ed:<\/h3>\n<p>Pokud chcete posunout sv\u00e9 \u00fasil\u00ed o r\u016fst sval\u016f a odbour\u00e1v\u00e1n\u00ed tuk\u016f na dal\u0161\u00ed \u00farove\u0148, Andarine (S4) je \u0159e\u0161en\u00ed, kter\u00e9 pot\u0159ebujete. Tento produkt, kter\u00fd je podporov\u00e1n p\u0159\u00edsn\u00fdmi kontrolami kvality spole\u010dnosti Powerock Pharma, je navr\u017een tak, aby v\u00e1m pomohl bezpe\u010dn\u011b a efektivn\u011b dos\u00e1hnout va\u0161ich c\u00edl\u016f. Nespokojte se s men\u0161\u00edm mno\u017estv\u00edm - objednejte si Andarine (S4) je\u0161t\u011b dnes a za\u010dn\u011bte vid\u011bt v\u00fdsledky, kter\u00e9 si zaslou\u017e\u00edte.<\/p>","protected":false},"excerpt":{"rendered":"<p>Andarin (S4) podporuje r\u016fst sval\u016f a \u00fabytek tuku selektivn\u00ed modulac\u00ed androgenn\u00edch receptor\u016f. Nab\u00edz\u00ed zv\u00fd\u0161enou s\u00edlu, zv\u00fd\u0161enou vytrvalost a rychlou regeneraci. Vyberte si Powerock Pharma pro prvot\u0159\u00eddn\u00ed kvalitu a konzistentn\u00ed v\u00fdsledky.<\/p>","protected":false},"featured_media":235,"template":"","meta":{"_acf_changed":false,"rank_math_lock_modified_date":false,"inline_featured_image":false},"product_cat":[18],"product_tag":[],"class_list":{"0":"post-119","1":"product","2":"type-product","3":"status-publish","4":"has-post-thumbnail","6":"product_cat-sarms","9":"first","10":"instock","11":"shipping-taxable","12":"product-type-simple"},"acf":{"chromatogram":619,"metoda":{"acftf":{"v":"1.3.24"},"p":{"o":{"uh":0},"ca":""},"c":[{"p":""}],"h":[{"c":""}],"b":[[{"c":""}]]}},"_links":{"self":[{"href":"https:\/\/powerockpharma.com\/cs\/wp-json\/wp\/v2\/product\/119","targetHints":{"allow":["GET"]}}],"collection":[{"href":"https:\/\/powerockpharma.com\/cs\/wp-json\/wp\/v2\/product"}],"about":[{"href":"https:\/\/powerockpharma.com\/cs\/wp-json\/wp\/v2\/types\/product"}],"wp:featuredmedia":[{"embeddable":true,"href":"https:\/\/powerockpharma.com\/cs\/wp-json\/wp\/v2\/media\/235"}],"wp:attachment":[{"href":"https:\/\/powerockpharma.com\/cs\/wp-json\/wp\/v2\/media?parent=119"}],"wp:term":[{"taxonomy":"product_cat","embeddable":true,"href":"https:\/\/powerockpharma.com\/cs\/wp-json\/wp\/v2\/product_cat?post=119"},{"taxonomy":"product_tag","embeddable":true,"href":"https:\/\/powerockpharma.com\/cs\/wp-json\/wp\/v2\/product_tag?post=119"}],"curies":[{"name":"wp","href":"https:\/\/api.w.org\/{rel}","templated":true}]}}