{"id":120,"date":"2024-08-04T17:31:34","date_gmt":"2024-08-04T15:31:34","guid":{"rendered":"https:\/\/powerockpharma.com\/?post_type=product&#038;p=120"},"modified":"2025-11-12T06:53:56","modified_gmt":"2025-11-12T05:53:56","slug":"s23","status":"publish","type":"product","link":"https:\/\/powerockpharma.com\/cs\/sarms\/s23\/","title":{"rendered":"S23"},"content":{"rendered":"<h2>Vlastnosti:<\/h2>\n<p>Mastorin, zn\u00e1m\u00fd tak\u00e9 jako S23, je vysoce \u00fa\u010dinn\u00fd selektivn\u00ed modul\u00e1tor androgenn\u00edch receptor\u016f (SARM), kter\u00fd je zn\u00e1m\u00fd pro sv\u00e9 v\u00fdznamn\u00e9 \u00fa\u010dinky na r\u016fst sval\u016f, redukci tuku a celkov\u00e9 zlep\u0161en\u00ed t\u011blesn\u00e9ho slo\u017een\u00ed. D\u00edky sv\u00fdm siln\u00fdm anabolick\u00fdm vlastnostem je preferovanou volbou pro v\u00fdzkumn\u00edky zam\u011b\u0159en\u00e9 na v\u00fdvoj pokro\u010dil\u00fdch l\u00e1tek zvy\u0161uj\u00edc\u00edch v\u00fdkonnost. S23 p\u016fsob\u00ed tak, \u017ee se s vysokou afinitou v\u00e1\u017ee na androgenn\u00ed receptory, \u010d\u00edm\u017e podporuje rozvoj svalov\u00e9 hmoty a sou\u010dasn\u011b usnad\u0148uje \u00fabytek tuku. D\u00edky tomuto dvoj\u00edmu p\u016fsoben\u00ed je obzvl\u00e1\u0161t\u011b \u00fa\u010dinn\u00fd pro ty, kte\u0159\u00ed usiluj\u00ed o optimalizaci sv\u00e9 postavy a sportovn\u00edho v\u00fdkonu.<\/p>\n<h2>Mechanismus \u00fa\u010dinku:<\/h2>\n<p>Prim\u00e1rn\u00ed mechanismus \u00fa\u010dinku p\u0159\u00edpravku Mastorin (S23) spo\u010d\u00edv\u00e1 v selektivn\u00ed modulaci androgenn\u00edch receptor\u016f ve svalov\u00e9 a kostn\u00ed tk\u00e1ni. Na rozd\u00edl od tradi\u010dn\u00edch anabolick\u00fdch steroid\u016f je S23 navr\u017een tak, aby p\u016fsobil specificky na tyto c\u00edlov\u00e9 oblasti a minimalizoval ne\u017e\u00e1douc\u00ed interakce s jin\u00fdmi tk\u00e1n\u011bmi, jako je prostata. Aktivac\u00ed androgenn\u00edch receptor\u016f zvy\u0161uje S23 synt\u00e9zu b\u00edlkovin, co\u017e vede ke zv\u00fd\u0161en\u00ed svalov\u00e9 hmoty a s\u00edly. Krom\u011b toho hraje kl\u00ed\u010dovou roli p\u0159i sni\u017eov\u00e1n\u00ed katabolick\u00e9 aktivity b\u011bhem kalorick\u00e9ho deficitu, \u010d\u00edm\u017e zachov\u00e1v\u00e1 svalovou hmotu a z\u00e1rove\u0148 podporuje \u00fabytek tuku. Tato selektivita je nejen hnac\u00edm motorem p\u016fsobiv\u00fdch fyzick\u00fdch v\u00fdsledk\u016f, ale tak\u00e9 sni\u017euje riziko b\u011b\u017en\u00fdch vedlej\u0161\u00edch \u00fa\u010dink\u016f spojen\u00fdch s m\u00e9n\u011b c\u00edlen\u00fdmi androgenn\u00edmi slou\u010deninami.<\/p>\n<h2>V\u00fdhody:<\/h2>\n<p>V\u00fdzkum Mastorinu (S23) prok\u00e1zal konzistentn\u00ed v\u00fdsledky, pokud jde o v\u00fdznamnou svalovou hypertrofii, n\u00e1r\u016fst s\u00edly a redukci tuku. U osob u\u017e\u00edvaj\u00edc\u00edch S23 se obvykle zrychluje doba regenerace, co\u017e umo\u017e\u0148uje \u010dast\u011bj\u0161\u00ed a intenzivn\u011bj\u0161\u00ed tr\u00e9ninky. Krom\u011b toho je zn\u00e1mo, \u017ee S23 zvy\u0161uje prokrven\u00ed, co\u017e p\u0159isp\u00edv\u00e1 k definovan\u011bj\u0161\u00ed a esteti\u010dt\u011bj\u0161\u00ed postav\u011b. D\u00edky sv\u00e9 schopnosti zvy\u0161ovat hustotu kostn\u00edch miner\u00e1l\u016f je tak\u00e9 cenn\u00fd ve studi\u00edch t\u00fdkaj\u00edc\u00edch se zdrav\u00ed kost\u00ed a prevence osteopor\u00f3zy. \u00da\u010dinnost S23 je obzvl\u00e1\u0161t\u011b pozoruhodn\u00e1 b\u011bhem reduk\u010dn\u00edch cykl\u016f, kdy je kl\u00ed\u010dov\u00e9 zachov\u00e1n\u00ed svalov\u00e9 hmoty a urychlen\u00ed \u00fabytku tuku.<\/p>\n<h2>Pro\u010d Powerock Pharma:<\/h2>\n<p>Z\u00e1vazek spole\u010dnosti Powerock Pharma k dokonalosti zaji\u0161\u0165uje, \u017ee ka\u017ed\u00e1 \u0161ar\u017ee p\u0159\u00edpravku Mastorin (S23) je vyrobena podle nejvy\u0161\u0161\u00edch standard\u016f kvality a bezpe\u010dnosti. Na\u0161e produkty jsou vyr\u00e1b\u011bny v nejmodern\u011bj\u0161\u00edch za\u0159\u00edzen\u00edch, kter\u00e1 spl\u0148uj\u00ed certifikace GMP, HACCP a ISO 13485, a proch\u00e1zej\u00ed p\u0159\u00edsn\u00fdm testov\u00e1n\u00edm \u010distoty a \u00fa\u010dinnosti. Spolupracujeme s p\u0159edn\u00edmi laborato\u0159emi, kter\u00e9 ov\u011b\u0159uj\u00ed konzistenci a \u00fa\u010dinnost na\u0161ich slou\u010denin a poskytuj\u00ed v\u00fdzkumn\u00fdm pracovn\u00edk\u016fm spolehliv\u00e9 n\u00e1stroje pro jejich studie. Kdy\u017e si vyberete spole\u010dnost Powerock Pharma, vyb\u00edr\u00e1te si d\u016fv\u011bryhodn\u00fd zdroj, kter\u00fd up\u0159ednost\u0148uje v\u00fdsledky a bezpe\u010dnost va\u0161eho v\u00fdzkumu.<\/p>\n<h3>Shrnut\u00ed:<\/h3>\n<p>Zlep\u0161ete sv\u016fj v\u00fdzkum s Mastorinem (S23), slou\u010deninou ur\u010denou pro ty, kte\u0159\u00ed vy\u017eaduj\u00ed nejvy\u0161\u0161\u00ed standardy v oblasti r\u016fstu svalov\u00e9 hmoty, odbour\u00e1v\u00e1n\u00ed tuk\u016f a zvy\u0161ov\u00e1n\u00ed v\u00fdkonnosti. S23, za kter\u00fdm stoj\u00ed oddanost spole\u010dnosti Powerock Pharma kvalit\u011b, nab\u00edz\u00ed bezpe\u010dn\u00e9 a \u00fa\u010dinn\u00e9 \u0159e\u0161en\u00ed pro dosa\u017een\u00ed va\u0161ich v\u00fdzkumn\u00fdch c\u00edl\u016f. Objednejte si Mastorin (S23) je\u0161t\u011b dnes a vyzkou\u0161ejte v\u00fdhody pe\u010dliv\u011b p\u0159ipraven\u00e9ho produktu, kter\u00fd p\u0159in\u00e1\u0161\u00ed konzistentn\u00ed a spolehliv\u00e9 v\u00fdsledky.<\/p>","protected":false},"excerpt":{"rendered":"<p>Mastorin (S23) podporuje r\u016fst sval\u016f a \u00fabytek tuku selektivn\u00ed modulac\u00ed androgenn\u00edch receptor\u016f. Nab\u00edz\u00ed zv\u00fd\u0161en\u00ed s\u00edly, zlep\u0161en\u00ed vytrvalosti a zrychlen\u00ed regenerace. Vyberte si Powerock Pharma pro nekompromisn\u00ed kvalitu a konzistentn\u00ed v\u00fdsledky.<\/p>","protected":false},"featured_media":236,"template":"","meta":{"_acf_changed":false,"rank_math_lock_modified_date":false,"inline_featured_image":false},"product_cat":[18],"product_tag":[],"class_list":{"0":"post-120","1":"product","2":"type-product","3":"status-publish","4":"has-post-thumbnail","6":"product_cat-sarms","9":"first","10":"instock","11":"shipping-taxable","12":"product-type-simple"},"acf":{"chromatogram":620,"metoda":""},"_links":{"self":[{"href":"https:\/\/powerockpharma.com\/cs\/wp-json\/wp\/v2\/product\/120","targetHints":{"allow":["GET"]}}],"collection":[{"href":"https:\/\/powerockpharma.com\/cs\/wp-json\/wp\/v2\/product"}],"about":[{"href":"https:\/\/powerockpharma.com\/cs\/wp-json\/wp\/v2\/types\/product"}],"wp:featuredmedia":[{"embeddable":true,"href":"https:\/\/powerockpharma.com\/cs\/wp-json\/wp\/v2\/media\/236"}],"wp:attachment":[{"href":"https:\/\/powerockpharma.com\/cs\/wp-json\/wp\/v2\/media?parent=120"}],"wp:term":[{"taxonomy":"product_cat","embeddable":true,"href":"https:\/\/powerockpharma.com\/cs\/wp-json\/wp\/v2\/product_cat?post=120"},{"taxonomy":"product_tag","embeddable":true,"href":"https:\/\/powerockpharma.com\/cs\/wp-json\/wp\/v2\/product_tag?post=120"}],"curies":[{"name":"wp","href":"https:\/\/api.w.org\/{rel}","templated":true}]}}