{"id":121,"date":"2024-08-04T17:32:22","date_gmt":"2024-08-04T15:32:22","guid":{"rendered":"https:\/\/powerockpharma.com\/?post_type=product&#038;p=121"},"modified":"2025-11-12T06:52:02","modified_gmt":"2025-11-12T05:52:02","slug":"sr9011","status":"publish","type":"product","link":"https:\/\/powerockpharma.com\/cs\/sarms\/sr9011\/","title":{"rendered":"SR9011"},"content":{"rendered":"<h2>Vlastnosti:<\/h2>\n<p>SR9011, zn\u00e1m\u00fd tak\u00e9 jako Recardin, je \u00fa\u010dinn\u00e1 v\u00fdzkumn\u00e1 slou\u010denina, kter\u00e1 je zn\u00e1m\u00e1 pro sv\u016fj v\u00fdznamn\u00fd vliv na regulaci metabolismu a energetick\u00fd v\u00fddej. Mezi v\u00fdzkumn\u00edky si z\u00edskala oblibu pro sv\u016fj potenci\u00e1l zvy\u0161ovat odbour\u00e1v\u00e1n\u00ed tuk\u016f, zlep\u0161ovat vytrvalost a regulovat cirkadi\u00e1nn\u00ed rytmy. Tato slou\u010denina je cen\u011bna zejm\u00e9na ve studi\u00edch zam\u011b\u0159en\u00fdch na pochopen\u00ed mechanism\u016f stoj\u00edc\u00edch za metabolick\u00fdmi poruchami a optimalizaci fyzick\u00e9 v\u00fdkonnosti. SR9011 funguje na z\u00e1klad\u011b modulace Rev-ErbA, jadern\u00e9ho receptoru, kter\u00fd hraje kl\u00ed\u010dovou roli v \u0159\u00edzen\u00ed vnit\u0159n\u00edch hodin a energetick\u00e9 homeost\u00e1zy t\u011bla, co\u017e z n\u011bj \u010din\u00ed preferovanou volbu pro ty, kte\u0159\u00ed zkoumaj\u00ed pokro\u010dil\u00e1 \u0159e\u0161en\u00ed pro spalov\u00e1n\u00ed tuk\u016f a zvy\u0161ov\u00e1n\u00ed vytrvalosti.<\/p>\n<h2>Mechanismus \u00fa\u010dinku:<\/h2>\n<p>Hlavn\u00ed \u00fa\u010dinek SR9011 spo\u010d\u00edv\u00e1 v jeho schopnosti aktivovat protein Rev-ErbA, kter\u00fd ovliv\u0148uje expresi gen\u016f pod\u00edlej\u00edc\u00edch se na ukl\u00e1d\u00e1n\u00ed tuk\u016f, produkci gluk\u00f3zy a mitochondri\u00e1ln\u00ed aktivit\u011b. Vazbou na Rev-ErbA SR9011 potla\u010duje produkci gluk\u00f3zy v j\u00e1trech, zvy\u0161uje odbour\u00e1v\u00e1n\u00ed mastn\u00fdch kyselin a zvy\u0161uje po\u010det mitochondri\u00ed ve svalov\u00fdch bu\u0148k\u00e1ch. To vede ke zv\u00fd\u0161en\u00ed energetick\u00e9ho v\u00fddeje a odpov\u00eddaj\u00edc\u00edmu zv\u00fd\u0161en\u00ed vytrvalosti. Modulace cirkadi\u00e1nn\u00edho rytmu pomoc\u00ed SR9011 nav\u00edc pom\u00e1h\u00e1 regulovat cykly sp\u00e1nku a bd\u011bn\u00ed, co\u017e p\u0159isp\u00edv\u00e1 k celkov\u00e9 pohod\u011b. Selektivn\u00ed aktivace Rev-ErbA zaji\u0161\u0165uje c\u00edlen\u00e9 \u00fa\u010dinky na metabolismus a hladinu energie bez ne\u017e\u00e1douc\u00edch vedlej\u0161\u00edch \u00fa\u010dink\u016f, kter\u00e9 jsou obvykle spojeny s \u0161irokospektr\u00e1ln\u00edmi metabolick\u00fdmi stimul\u00e1tory.<\/p>\n<h2>V\u00fdhody:<\/h2>\n<p>V\u00fdzkum s pou\u017eit\u00edm p\u0159\u00edpravku SR9011 d\u016fsledn\u011b prokazuje jeho potenci\u00e1l p\u0159in\u00e9st n\u011bkolik kl\u00ed\u010dov\u00fdch v\u00fdhod. Zejm\u00e9na m\u016f\u017ee v\u00e9st k v\u00fdrazn\u00e9mu sn\u00ed\u017een\u00ed tukov\u00e9 hmoty, co\u017e z n\u011bj \u010din\u00ed \u00fa\u010dinnou l\u00e1tku pro studie zam\u011b\u0159en\u00e9 na regulaci hmotnosti a odbour\u00e1v\u00e1n\u00ed tuk\u016f. Krom\u011b toho SR9011 zvy\u0161uje vytrvalost zv\u00fd\u0161en\u00edm hustoty mitochondri\u00ed a dostupnosti energie ve svalov\u00fdch tk\u00e1n\u00edch, co\u017e je zvl\u00e1\u0161t\u011b prosp\u011b\u0161n\u00e9 pro sportovce a ty, kte\u0159\u00ed cht\u011bj\u00ed zlep\u0161it sv\u016fj fyzick\u00fd v\u00fdkon. Schopnost slou\u010deniny regulovat cirkadi\u00e1nn\u00ed rytmy tak\u00e9 nazna\u010duje potenci\u00e1ln\u00ed vyu\u017eit\u00ed p\u0159i zlep\u0161ov\u00e1n\u00ed kvality sp\u00e1nku a \u0159e\u0161en\u00ed metabolick\u00fdch poruch. U\u017eivatel\u00e9 mohou poc\u00edtit i sekund\u00e1rn\u00ed v\u00fdhody, jako je stabilizovan\u00e1 hladina energie v pr\u016fb\u011bhu dne a pozitivn\u00ed vliv na n\u00e1ladu a kognitivn\u00ed funkce.<\/p>\n<h2>Pro\u010d Powerock Pharma:<\/h2>\n<p>Spole\u010dnost Powerock Pharma se zav\u00e1zala poskytovat v\u00fdzkumn\u00e9 slou\u010deniny nejvy\u0161\u0161\u00ed kvality. Na\u0161e SR9011 se vyr\u00e1b\u00ed v nejmodern\u011bj\u0161\u00edch za\u0159\u00edzen\u00edch, kter\u00e1 dodr\u017euj\u00ed normy GMP, HACCP a ISO 13485, co\u017e zaru\u010duje, \u017ee ka\u017ed\u00e1 \u0161ar\u017ee je \u010dist\u00e1, \u00fa\u010dinn\u00e1 a spolehliv\u00e1. Pro ov\u011b\u0159en\u00ed \u010distoty a konzistence na\u0161ich produkt\u016f jsou zavedeny p\u0159\u00edsn\u00e9 testovac\u00ed procesy, kter\u00e9 umo\u017e\u0148uj\u00ed v\u00fdzkumn\u00fdm pracovn\u00edk\u016fm prov\u00e1d\u011bt sv\u00e9 studie s jistotou. Spolupracujeme s p\u0159edn\u00edmi laborato\u0159emi, abychom zaru\u010dili, \u017ee n\u00e1\u0161 SR9011 spl\u0148uje nejvy\u0161\u0161\u00ed standardy bezpe\u010dnosti a \u00fa\u010dinnosti. V\u00fdb\u011brem spole\u010dnosti Powerock Pharma si vyb\u00edr\u00e1te partnera, kter\u00fd je odd\u00e1n dokonalosti a integrit\u011b ka\u017ed\u00e9ho na\u0161eho produktu.<\/p>\n<h3>Shrnut\u00ed:<\/h3>\n<p>Pokud se v\u00e1\u0161 v\u00fdzkum zam\u011b\u0159uje na zlep\u0161en\u00ed metabolick\u00fdch funkc\u00ed, odbour\u00e1v\u00e1n\u00ed tuk\u016f nebo vytrvalost, je SR9011 ide\u00e1ln\u00ed slou\u010deninou ke zkoum\u00e1n\u00ed. Tento produkt, podpo\u0159en\u00fd p\u0159\u00edsn\u00fdmi kontrolami kvality spole\u010dnosti Powerock Pharma, nab\u00edz\u00ed spolehliv\u00e9 a \u00fa\u010dinn\u00e9 \u0159e\u0161en\u00ed pro pot\u0159eby va\u0161\u00ed studie. Ned\u011blejte kompromisy v kvalit\u011b - objednejte si SR9011 je\u0161t\u011b dnes a ud\u011blejte s jistotou dal\u0161\u00ed krok ve sv\u00e9m v\u00fdzkumu.<\/p>","protected":false},"excerpt":{"rendered":"<p>SR9011 podporuje odbour\u00e1v\u00e1n\u00ed tuk\u016f a zvy\u0161ov\u00e1n\u00ed vytrvalosti aktivac\u00ed Rev-ErbA, kl\u00ed\u010dov\u00e9ho regul\u00e1toru cirkadi\u00e1nn\u00edho rytmu a metabolismu. Nab\u00edz\u00ed zrychlen\u00e9 spalov\u00e1n\u00ed tuk\u016f, zv\u00fd\u0161en\u00ed energie a zlep\u0161en\u00ed vytrvalosti. Vyberte si Powerock Pharma pro prvot\u0159\u00eddn\u00ed kvalitu a spolehliv\u00e9 v\u00fdsledky.<\/p>","protected":false},"featured_media":238,"template":"","meta":{"_acf_changed":false,"rank_math_lock_modified_date":false,"inline_featured_image":false},"product_cat":[18],"product_tag":[],"class_list":{"0":"post-121","1":"product","2":"type-product","3":"status-publish","4":"has-post-thumbnail","6":"product_cat-sarms","9":"first","10":"instock","11":"shipping-taxable","12":"product-type-simple"},"acf":{"chromatogram":614,"metoda":""},"_links":{"self":[{"href":"https:\/\/powerockpharma.com\/cs\/wp-json\/wp\/v2\/product\/121","targetHints":{"allow":["GET"]}}],"collection":[{"href":"https:\/\/powerockpharma.com\/cs\/wp-json\/wp\/v2\/product"}],"about":[{"href":"https:\/\/powerockpharma.com\/cs\/wp-json\/wp\/v2\/types\/product"}],"wp:featuredmedia":[{"embeddable":true,"href":"https:\/\/powerockpharma.com\/cs\/wp-json\/wp\/v2\/media\/238"}],"wp:attachment":[{"href":"https:\/\/powerockpharma.com\/cs\/wp-json\/wp\/v2\/media?parent=121"}],"wp:term":[{"taxonomy":"product_cat","embeddable":true,"href":"https:\/\/powerockpharma.com\/cs\/wp-json\/wp\/v2\/product_cat?post=121"},{"taxonomy":"product_tag","embeddable":true,"href":"https:\/\/powerockpharma.com\/cs\/wp-json\/wp\/v2\/product_tag?post=121"}],"curies":[{"name":"wp","href":"https:\/\/api.w.org\/{rel}","templated":true}]}}