{"id":122,"date":"2024-08-04T17:33:20","date_gmt":"2024-08-04T15:33:20","guid":{"rendered":"https:\/\/powerockpharma.com\/?post_type=product&#038;p=122"},"modified":"2025-11-12T07:02:14","modified_gmt":"2025-11-12T06:02:14","slug":"lgd3033","status":"publish","type":"product","link":"https:\/\/powerockpharma.com\/cs\/sarms\/lgd3033\/","title":{"rendered":"LGD3033"},"content":{"rendered":"<h2>Vlastnosti:<\/h2>\n<p>LGD3033, siln\u00fd selektivn\u00ed modul\u00e1tor androgenn\u00edch receptor\u016f (SARM), je zn\u00e1m\u00fd sv\u00fdmi v\u00fdznamn\u00fdmi \u00fa\u010dinky na r\u016fst svalov\u00e9 hmoty a s\u00edly, co\u017e z n\u011bj \u010din\u00ed ide\u00e1ln\u00ed volbu pro v\u00fdzkumn\u00edky zam\u011b\u0159en\u00e9 na zvy\u0161ov\u00e1n\u00ed fyzick\u00e9 v\u00fdkonnosti a udr\u017eov\u00e1n\u00ed svalov\u00e9 hmoty. Tato slou\u010denina funguje na z\u00e1klad\u011b selektivn\u00ed vazby na androgenn\u00ed receptory, p\u0159edev\u0161\u00edm ve svalov\u00e9 a kostn\u00ed tk\u00e1ni, co\u017e vede k c\u00edlen\u00fdm anabolick\u00fdm \u00fa\u010dink\u016fm s minim\u00e1ln\u00edm dopadem na ostatn\u00ed org\u00e1ny. Tato selektivita zaji\u0161\u0165uje, \u017ee LGD3033 je vysoce \u00fa\u010dinn\u00fd p\u0159i podpo\u0159e svalov\u00e9ho r\u016fstu a z\u00e1rove\u0148 minimalizuje potenci\u00e1ln\u00ed vedlej\u0161\u00ed \u00fa\u010dinky, kter\u00e9 jsou \u010dasto spojov\u00e1ny s tradi\u010dn\u00edmi anabolick\u00fdmi steroidy.<\/p>\n<h2>Mechanismus \u00fa\u010dinku:<\/h2>\n<p>\u00da\u010dinek p\u0159\u00edpravku LGD3033 spo\u010d\u00edv\u00e1 v jeho schopnosti selektivn\u011b modulovat androgenn\u00ed receptory. Na rozd\u00edl od anabolick\u00fdch steroid\u016f, kter\u00e9 ovliv\u0148uj\u00ed v\u0161echny androgenn\u00ed receptory bez rozd\u00edlu, se LGD3033 zam\u011b\u0159uje na specifick\u00e9 receptory ve svalech a kostech, co\u017e vede ke zv\u00fd\u0161en\u00ed synt\u00e9zy b\u00edlkovin a sn\u00ed\u017een\u00ed svalov\u00e9ho katabolismu. Tento selektivn\u00ed mechanismus umo\u017e\u0148uje v\u00fdrazn\u00fd n\u00e1r\u016fst svalov\u00e9 hmoty bez ne\u017e\u00e1douc\u00edch \u00fa\u010dink\u016f, kter\u00e9 se obvykle vyskytuj\u00ed u steroid\u016f, jako je jatern\u00ed toxicita nebo negativn\u00ed dopad na kardiovaskul\u00e1rn\u00ed zdrav\u00ed. LGD3033 nav\u00edc pom\u00e1h\u00e1 zachovat svalovou hmotu b\u011bhem kalorick\u00e9ho deficitu, tak\u017ee je obzvl\u00e1\u0161t\u011b prosp\u011b\u0161n\u00fd b\u011bhem cykl\u016f sni\u017eov\u00e1n\u00ed.<\/p>\n<h2>V\u00fdhody:<\/h2>\n<p>Pravideln\u00e9 u\u017e\u00edv\u00e1n\u00ed p\u0159\u00edpravku LGD3033 ve v\u00fdzkumn\u00fdch studi\u00edch vedlo ke znateln\u00e9mu n\u00e1r\u016fstu svalov\u00e9 hmoty, zv\u00fd\u0161en\u00ed s\u00edly a zrychlen\u00ed doby regenerace. V\u00fdzkumn\u00edci tak\u00e9 pozorovali zlep\u0161en\u00ed vytrvalosti a celkov\u00e9 v\u00fdkonnosti subjekt\u016f. Mezi sekund\u00e1rn\u00ed p\u0159\u00ednosy m\u016f\u017ee pat\u0159it zv\u00fd\u0161en\u00e1 prokrvenost, lep\u0161\u00ed \u00farove\u0148 energie a stabilizace n\u00e1lady. Slou\u010denina je obzvl\u00e1\u0161t\u011b \u00fa\u010dinn\u00e1 pro ty, kte\u0159\u00ed usiluj\u00ed o dosa\u017een\u00ed \u0161t\u00edhl\u00e9, svalnat\u00e9 postavy, co\u017e z n\u00ed \u010din\u00ed obl\u00edbenou volbu mezi kulturisty, sportovci a v\u00fdzkumn\u00edky zam\u011b\u0159en\u00fdmi na fyzick\u00e9 vylep\u0161en\u00ed.<\/p>\n<h2>Pro\u010d Powerock Pharma:<\/h2>\n<p>Ve spole\u010dnosti Powerock Pharma se sna\u017e\u00edme dod\u00e1vat v\u00fdzkumn\u00e9 slou\u010deniny nejvy\u0161\u0161\u00ed kvality. N\u00e1\u0161 p\u0159\u00edpravek LGD3033 se vyr\u00e1b\u00ed v nejmodern\u011bj\u0161\u00edch za\u0159\u00edzen\u00edch, kter\u00e1 spl\u0148uj\u00ed a p\u0159ekra\u010duj\u00ed normy GMP, HACCP a ISO 13485, co\u017e zaji\u0161\u0165uje, \u017ee ka\u017ed\u00e1 \u0161ar\u017ee m\u00e1 nejvy\u0161\u0161\u00ed kvalitu. P\u0159\u00edsn\u00e9 testovac\u00ed a valida\u010dn\u00ed postupy prov\u00e1d\u011bn\u00e9 ve spolupr\u00e1ci s p\u0159edn\u00edmi laborato\u0159emi zaru\u010duj\u00ed \u010distotu a \u00fa\u010dinnost na\u0161ich produkt\u016f. Kdy\u017e si vyberete LGD3033 od spole\u010dnosti Powerock Pharma, m\u016f\u017eete si b\u00fdt jisti, \u017ee pou\u017e\u00edv\u00e1te produkt, kter\u00fd je \u00fa\u010dinn\u00fd a bezpe\u010dn\u00fd pro pot\u0159eby va\u0161eho v\u00fdzkumu.<\/p>\n<h3>Shrnut\u00ed:<\/h3>\n<p>Pokud se v\u00e1\u0161 v\u00fdzkum zam\u011b\u0159uje na r\u016fst svalov\u00e9 hmoty, zv\u00fd\u0161en\u00ed s\u00edly nebo udr\u017een\u00ed svalov\u00e9 hmoty, je LGD3033 slou\u010denina, kterou pot\u0159ebujete. D\u00edky z\u00e1vazku spole\u010dnosti Powerock Pharma ke kvalit\u011b a bezpe\u010dnosti je tento produkt navr\u017een tak, aby v\u00e1m pomohl dos\u00e1hnout spolehliv\u00fdch a konzistentn\u00edch v\u00fdsledk\u016f. Ned\u011blejte kompromisy ve sv\u00e9m v\u00fdzkumu - objednejte si LGD3033 je\u0161t\u011b dnes a ud\u011blejte dal\u0161\u00ed krok k p\u0159evratn\u00fdm objev\u016fm.<\/p>","protected":false},"excerpt":{"rendered":"<p>LGD3033 podporuje r\u016fst sval\u016f selektivn\u00ed modulac\u00ed androgenn\u00edch receptor\u016f, co\u017e vede ke zv\u00fd\u0161en\u00ed synt\u00e9zy b\u00edlkovin a sn\u00ed\u017een\u00ed odbour\u00e1v\u00e1n\u00ed sval\u016f. Nab\u00edz\u00ed zv\u00fd\u0161enou s\u00edlu, zrychlenou regeneraci a udr\u017een\u00ed svalov\u00e9 hmoty. Vyberte si Powerock Pharma pro kvalitu a v\u00fdsledky.<\/p>","protected":false},"featured_media":239,"template":"","meta":{"_acf_changed":false,"rank_math_lock_modified_date":false,"inline_featured_image":false},"product_cat":[18],"product_tag":[],"class_list":{"0":"post-122","1":"product","2":"type-product","3":"status-publish","4":"has-post-thumbnail","6":"product_cat-sarms","9":"first","10":"instock","11":"shipping-taxable","12":"product-type-simple"},"acf":{"chromatogram":648,"metoda":""},"_links":{"self":[{"href":"https:\/\/powerockpharma.com\/cs\/wp-json\/wp\/v2\/product\/122","targetHints":{"allow":["GET"]}}],"collection":[{"href":"https:\/\/powerockpharma.com\/cs\/wp-json\/wp\/v2\/product"}],"about":[{"href":"https:\/\/powerockpharma.com\/cs\/wp-json\/wp\/v2\/types\/product"}],"wp:featuredmedia":[{"embeddable":true,"href":"https:\/\/powerockpharma.com\/cs\/wp-json\/wp\/v2\/media\/239"}],"wp:attachment":[{"href":"https:\/\/powerockpharma.com\/cs\/wp-json\/wp\/v2\/media?parent=122"}],"wp:term":[{"taxonomy":"product_cat","embeddable":true,"href":"https:\/\/powerockpharma.com\/cs\/wp-json\/wp\/v2\/product_cat?post=122"},{"taxonomy":"product_tag","embeddable":true,"href":"https:\/\/powerockpharma.com\/cs\/wp-json\/wp\/v2\/product_tag?post=122"}],"curies":[{"name":"wp","href":"https:\/\/api.w.org\/{rel}","templated":true}]}}