{"id":123,"date":"2024-08-04T17:41:01","date_gmt":"2024-08-04T15:41:01","guid":{"rendered":"https:\/\/powerockpharma.com\/?post_type=product&#038;p=123"},"modified":"2025-11-12T06:42:46","modified_gmt":"2025-11-12T05:42:46","slug":"yohimbine-hcl-10","status":"publish","type":"product","link":"https:\/\/powerockpharma.com\/cs\/yohimbine\/yohimbin-hcl-10\/","title":{"rendered":"YOHIMBINE HCL 10 mg"},"content":{"rendered":"<h2>Vlastnosti:<\/h2>\n<p>Yohimbin HCL je zn\u00e1m\u00fd sv\u00fdmi siln\u00fdmi \u00fa\u010dinky na odbour\u00e1v\u00e1n\u00ed tuk\u016f, co\u017e z n\u011bj \u010din\u00ed volbu pro ty, kte\u0159\u00ed cht\u011bj\u00ed dos\u00e1hnout \u0161t\u00edhlej\u0161\u00ed postavy. Tato slou\u010denina se zam\u011b\u0159uje p\u0159edev\u0161\u00edm na nepoddajn\u00e9 tukov\u00e9 oblasti t\u00edm, \u017ee inhibuje alfa-2 adrenergn\u00ed receptory, kter\u00e9 jsou zodpov\u011bdn\u00e9 za zabr\u00e1n\u011bn\u00ed odbour\u00e1v\u00e1n\u00ed tuku v ur\u010dit\u00fdch \u010d\u00e1stech t\u011bla. Blokov\u00e1n\u00edm t\u011bchto receptor\u016f usnad\u0148uje yohimbin HCL uvol\u0148ov\u00e1n\u00ed mastn\u00fdch kyselin z tukov\u00e9 tk\u00e1n\u011b, \u010d\u00edm\u017e zvy\u0161uje mobilizaci a oxidaci tuku. D\u00edky tomuto mechanismu je obzvl\u00e1\u0161t\u011b \u00fa\u010dinn\u00fd pro jedince, kte\u0159\u00ed cht\u011bj\u00ed optimalizovat slo\u017een\u00ed sv\u00e9ho t\u011bla ve f\u00e1z\u00edch \u0159ez\u00e1n\u00ed, nebo pro ty, kte\u0159\u00ed bojuj\u00ed s rezistentn\u00edmi tukov\u00fdmi z\u00e1sobami.<\/p>\n<h2>Mechanismus \u00fa\u010dinku:<\/h2>\n<p>\u00da\u010dinek yohimbin HCL se soust\u0159ed\u00ed na jeho schopnost blokovat alfa-2 adrenergn\u00ed receptory, kter\u00e9 hraj\u00ed kl\u00ed\u010dovou roli v regulaci metabolismu tuk\u016f. Tyto receptory se nach\u00e1zej\u00ed p\u0159ev\u00e1\u017en\u011b v oblastech, kde je \u00fabytek tuku obvykle pomal\u00fd, jako je b\u0159icho a stehna. Inhibic\u00ed t\u011bchto receptor\u016f podporuje Yohimbine HCL zv\u00fd\u0161enou hladinu noradrenalinu, kter\u00fd n\u00e1sledn\u011b stimuluje lipol\u00fdzu neboli odbour\u00e1v\u00e1n\u00ed tuk\u016f. Tento pos\u00edlen\u00fd proces spalov\u00e1n\u00ed tuk\u016f umo\u017e\u0148uje efektivn\u011bj\u0161\u00ed vyu\u017eit\u00ed ulo\u017een\u00e9ho tuku jako zdroje energie, co\u017e vede ke zlep\u0161en\u00ed slo\u017een\u00ed t\u011bla bez negativn\u00edho dopadu na svalovou hmotu. Krom\u011b toho stimula\u010dn\u00ed vlastnosti Yohimbin HCL p\u0159isp\u00edvaj\u00ed ke zv\u00fd\u0161en\u00ed hladiny energie a du\u0161evn\u00ed koncentrace, co\u017e z n\u011bj \u010din\u00ed vynikaj\u00edc\u00ed pom\u016fcku b\u011bhem diet s omezen\u00fdm p\u0159\u00edsunem kalori\u00ed a intenzivn\u00edch tr\u00e9nink\u016f.<\/p>\n<h2>V\u00fdhody:<\/h2>\n<p>Pravideln\u00e9 u\u017e\u00edv\u00e1n\u00ed yohimbin HCL vede k \u0159ad\u011b v\u00fdhod, v\u010detn\u011b zrychlen\u00e9ho \u00fabytku tuku, zejm\u00e9na v tvrdohlav\u00fdch oblastech, a zlep\u0161en\u00ed hladiny energie b\u011bhem tr\u00e9ninku. U\u017eivatel\u00e9 \u010dasto poci\u0165uj\u00ed lep\u0161\u00ed soust\u0159ed\u011bn\u00ed a bd\u011blost, co\u017e usnad\u0148uje dodr\u017eov\u00e1n\u00ed p\u0159\u00edsn\u00e9 diety a tr\u00e9ninkov\u00e9ho re\u017eimu. Slou\u010denina je zvl\u00e1\u0161t\u011b prosp\u011b\u0161n\u00e1 pro sportovce, kulturisty a fitness nad\u0161ence, kte\u0159\u00ed podstupuj\u00ed cykly \u0159ez\u00e1n\u00ed nebo se sna\u017e\u00ed odstranit zbytkov\u00fd tuk po objemov\u00e9 f\u00e1zi. Mezi sekund\u00e1rn\u00ed v\u00fdhody m\u016f\u017ee pat\u0159it zlep\u0161en\u00ed n\u00e1lady a m\u00edrn\u00fd termogenn\u00ed \u00fa\u010dinek, kter\u00fd d\u00e1le napom\u00e1h\u00e1 redukci tuku.<\/p>\n<h2>Pro\u010d Powerock Pharma:<\/h2>\n<p>Ve spole\u010dnosti Powerock Pharma klademe d\u016fraz na kvalitu a konzistenci. N\u00e1\u0161 yohimbin HCL se vyr\u00e1b\u00ed v nejmodern\u011bj\u0161\u00edch za\u0159\u00edzen\u00edch dodr\u017euj\u00edc\u00edch p\u0159\u00edsn\u00e9 normy GMP, HACCP a ISO 13485. Ka\u017ed\u00e1 \u0161ar\u017ee proch\u00e1z\u00ed p\u0159\u00edsn\u00fdm testov\u00e1n\u00edm, kter\u00e9 zaji\u0161\u0165uje \u010distotu, \u00fa\u010dinnost a bezpe\u010dnost, a poskytuje v\u00fdzkumn\u00fdm pracovn\u00edk\u016fm a spot\u0159ebitel\u016fm produkt, kter\u00e9mu mohou d\u016fv\u011b\u0159ovat. D\u00edky spolupr\u00e1ci s p\u0159edn\u00edmi laborato\u0159emi zaru\u010dujeme, \u017ee n\u00e1\u0161 Yohimbine HCL p\u0159in\u00e1\u0161\u00ed p\u0159esn\u00e9 \u00fa\u010dinky pot\u0159ebn\u00e9 k dosa\u017een\u00ed va\u0161ich c\u00edl\u016f v oblasti odbour\u00e1v\u00e1n\u00ed tuk\u016f, ani\u017e by byla ohro\u017eena bezpe\u010dnost. Kdy\u017e se rozhodnete pro Powerock Pharma, vyb\u00edr\u00e1te si produkt podlo\u017een\u00fd v\u011bdeck\u00fdmi poznatky, vyroben\u00fd poctiv\u011b a prokazateln\u011b p\u0159in\u00e1\u0161ej\u00edc\u00ed v\u00fdsledky.<\/p>\n<h3>Shrnut\u00ed:<\/h3>\n<p>Pokud to mysl\u00edte v\u00e1\u017en\u011b s dosa\u017een\u00edm \u0161t\u00edhlej\u0161\u00ed postavy a p\u0159ekon\u00e1n\u00edm tvrdohlav\u00e9ho tuku, je Yohimbine HCL ide\u00e1ln\u00edm dopl\u0148kem pro podporu va\u0161ich c\u00edl\u016f. Tento produkt je zalo\u017een na pokro\u010dil\u00e9m v\u00fdzkumu a je vyr\u00e1b\u011bn podle nejvy\u0161\u0161\u00edch standard\u016f, co\u017e v\u00e1m zaru\u010d\u00ed, \u017ee dos\u00e1hnete nejlep\u0161\u00edch v\u00fdsledk\u016f bezpe\u010dn\u011b a efektivn\u011b. Ned\u011blejte kompromisy ve sv\u00e9m pokroku - objednejte si Yohimbine HCL od Powerock Pharma je\u0161t\u011b dnes a ud\u011blejte dal\u0161\u00ed krok na sv\u00e9 cest\u011b za kondic\u00ed.<\/p>","protected":false},"excerpt":{"rendered":"<p>Yohimbin HCL podporuje odbour\u00e1v\u00e1n\u00ed tuk\u016f t\u00edm, \u017ee blokuje alfa-2 adrenergn\u00ed receptory a zvy\u0161uje tak lipol\u00fdzu. Nab\u00edz\u00ed zv\u00fd\u0161en\u00ed energie, lep\u0161\u00ed soust\u0159ed\u011bn\u00ed a rychlej\u0161\u00ed redukci tuku. Vyberte si Powerock Pharma pro kvalitn\u00ed a konzistentn\u00ed v\u00fdsledky.<\/p>","protected":false},"featured_media":242,"template":"","meta":{"_acf_changed":false,"rank_math_lock_modified_date":false,"inline_featured_image":false},"product_cat":[20],"product_tag":[],"class_list":{"0":"post-123","1":"product","2":"type-product","3":"status-publish","4":"has-post-thumbnail","6":"product_cat-yohimbine","9":"first","10":"instock","11":"shipping-taxable","12":"product-type-simple"},"acf":{"chromatogram":598,"metoda":""},"_links":{"self":[{"href":"https:\/\/powerockpharma.com\/cs\/wp-json\/wp\/v2\/product\/123","targetHints":{"allow":["GET"]}}],"collection":[{"href":"https:\/\/powerockpharma.com\/cs\/wp-json\/wp\/v2\/product"}],"about":[{"href":"https:\/\/powerockpharma.com\/cs\/wp-json\/wp\/v2\/types\/product"}],"wp:featuredmedia":[{"embeddable":true,"href":"https:\/\/powerockpharma.com\/cs\/wp-json\/wp\/v2\/media\/242"}],"wp:attachment":[{"href":"https:\/\/powerockpharma.com\/cs\/wp-json\/wp\/v2\/media?parent=123"}],"wp:term":[{"taxonomy":"product_cat","embeddable":true,"href":"https:\/\/powerockpharma.com\/cs\/wp-json\/wp\/v2\/product_cat?post=123"},{"taxonomy":"product_tag","embeddable":true,"href":"https:\/\/powerockpharma.com\/cs\/wp-json\/wp\/v2\/product_tag?post=123"}],"curies":[{"name":"wp","href":"https:\/\/api.w.org\/{rel}","templated":true}]}}