{"id":124,"date":"2024-08-04T17:41:46","date_gmt":"2024-08-04T15:41:46","guid":{"rendered":"https:\/\/powerockpharma.com\/?post_type=product&#038;p=124"},"modified":"2025-11-12T07:07:09","modified_gmt":"2025-11-12T06:07:09","slug":"double-yohimbine-hcl","status":"publish","type":"product","link":"https:\/\/powerockpharma.com\/cs\/yohimbine\/dvojity-yohimbin-hcl\/","title":{"rendered":"DVOJIT\u00dd YOHIMBIN HCL"},"content":{"rendered":"<h2>Vlastnosti:<\/h2>\n<p>Double Yohimbine HCL kombinuje dv\u011b siln\u00e9 formy yohimbin-hydrochloridu a alfa-johimbin, aby dos\u00e1hl jedine\u010dn\u00fdch \u00fa\u010dink\u016f na odbour\u00e1v\u00e1n\u00ed tuk\u016f a zvy\u0161ov\u00e1n\u00ed energie. Tento produkt s dvoj\u00edm \u00fa\u010dinkem je speci\u00e1ln\u011b navr\u017een pro ty, kte\u0159\u00ed usiluj\u00ed o urychlen\u00ed spalov\u00e1n\u00ed tuk\u016f a z\u00e1rove\u0148 o udr\u017een\u00ed svalov\u00e9 hmoty. Yohimbin hydrochlorid p\u016fsob\u00ed tak, \u017ee stimuluje uvol\u0148ov\u00e1n\u00ed noradrenalinu, hormonu zodpov\u011bdn\u00e9ho za mobilizaci tukov\u00fdch z\u00e1sob a zv\u00fd\u0161en\u00ed rychlosti metabolismu. Alfa-johimbin je naproti tomu siln\u011bj\u0161\u00ed variantou, kter\u00e1 se zam\u011b\u0159uje na \u00faporn\u00e9 tukov\u00e9 z\u00e1soby, zejm\u00e9na v oblastech, jako je b\u0159icho a stehna, kde je odbour\u00e1v\u00e1n\u00ed tuku \u010dasto nejn\u00e1ro\u010dn\u011bj\u0161\u00ed.<\/p>\n<h2>Mechanismus \u00fa\u010dinku:<\/h2>\n<p>\u00da\u010dinek p\u0159\u00edpravku Double Yohimbine HCL se soust\u0159e\u010fuje na jeho schopnost blokovat alfa-2 adrenergn\u00ed receptory, kter\u00e9 obvykle inhibuj\u00ed odbour\u00e1v\u00e1n\u00ed tuk\u016f v t\u011ble. Antagonizac\u00ed t\u011bchto receptor\u016f zvy\u0161uje Yohimbin hladinu noradrenalinu a dopaminu, co\u017e n\u00e1sledn\u011b zvy\u0161uje lipol\u00fdzu neboli odbour\u00e1v\u00e1n\u00ed tukov\u00fdch z\u00e1sob. Tento proces nejen usnad\u0148uje rychl\u00e9 odbour\u00e1v\u00e1n\u00ed tuk\u016f, ale tak\u00e9 v\u00fdrazn\u011b zvy\u0161uje energii a soust\u0159ed\u011bn\u00ed, tak\u017ee je ide\u00e1ln\u00ed pro ty, kte\u0159\u00ed cht\u011bj\u00ed zv\u00fd\u0161it svou fyzickou v\u00fdkonnost. Selektivn\u00ed p\u016fsoben\u00ed alfa-johimbinu na tukov\u00e9 tk\u00e1n\u011b nav\u00edc zaji\u0161\u0165uje, \u017ee \u00fa\u010dinky spalov\u00e1n\u00ed tuk\u016f jsou maximalizov\u00e1ny bez v\u00fdrazn\u00e9ho ovlivn\u011bn\u00ed jin\u00fdch t\u011blesn\u00fdch syst\u00e9m\u016f, co\u017e sni\u017euje riziko vedlej\u0161\u00edch \u00fa\u010dink\u016f, kter\u00e9 jsou b\u011b\u017en\u011b spojov\u00e1ny se stimulanty.<\/p>\n<h2>V\u00fdhody:<\/h2>\n<p>Pravideln\u00e9 u\u017e\u00edv\u00e1n\u00ed p\u0159\u00edpravku Double Yohimbine HCL m\u016f\u017ee v\u00e9st ke znateln\u00e9mu \u00fabytku tuku, zejm\u00e9na v oblastech odoln\u00fdch v\u016f\u010di diet\u011b a cvi\u010den\u00ed. U\u017eivatel\u00e9 \u010dasto uv\u00e1d\u011bj\u00ed zlep\u0161en\u00ed hladiny energie, zv\u00fd\u0161en\u00ed du\u0161evn\u00ed jasnosti a zv\u00fd\u0161en\u00fd smysl pro soust\u0159ed\u011bn\u00ed, co\u017e m\u016f\u017ee b\u00fdt zvl\u00e1\u0161t\u011b prosp\u011b\u0161n\u00e9 b\u011bhem kalorick\u00e9ho deficitu nebo intenzivn\u00edch tr\u00e9ninkov\u00fdch obdob\u00ed. V\u00fdrobek je tak\u00e9 zn\u00e1m\u00fd svou schopnost\u00ed podporovat stabilizaci n\u00e1lady, co\u017e usnad\u0148uje udr\u017een\u00ed konzistentn\u00edho dietn\u00edho a cvi\u010debn\u00edho re\u017eimu. Double Yohimbine HCL je obzvl\u00e1\u0161t\u011b \u00fa\u010dinn\u00fd pro kulturisty, sportovce a jedince podstupuj\u00edc\u00ed \u0159ezac\u00ed cykly, kte\u0159\u00ed pot\u0159ebuj\u00ed shodit tuk a z\u00e1rove\u0148 si zachovat svalovou hmotu.<\/p>\n<h2>Pro\u010d Powerock Pharma:<\/h2>\n<p>Ve spole\u010dnosti Powerock Pharma klademe d\u016fraz na kvalitu a bezpe\u010dnost ka\u017ed\u00e9ho v\u00fdrobku, kter\u00fd vyr\u00e1b\u00edme. Double Yohimbine HCL se vyr\u00e1b\u00ed v nejmodern\u011bj\u0161\u00edch za\u0159\u00edzen\u00edch, kter\u00e1 dodr\u017euj\u00ed nejvy\u0161\u0161\u00ed standardy spr\u00e1vn\u00e9 v\u00fdrobn\u00ed praxe (GMP), anal\u00fdzy rizik a kritick\u00fdch kontroln\u00edch bod\u016f (HACCP) a normy ISO 13485. Na\u0161e p\u0159\u00edsn\u00e9 procesy kontroly kvality zaji\u0161\u0165uj\u00ed, \u017ee ka\u017ed\u00e1 \u0161ar\u017ee p\u0159\u00edpravku Double Yohimbine HCL je testov\u00e1na na \u010distotu, \u00fa\u010dinnost a konzistenci, tak\u017ee se m\u016f\u017eete spolehnout, \u017ee dost\u00e1v\u00e1te \u00fa\u010dinn\u00fd a bezpe\u010dn\u00fd produkt. P\u0159i ov\u011b\u0159ov\u00e1n\u00ed kvality na\u0161ich produkt\u016f spolupracujeme se \u0161pi\u010dkov\u00fdmi laborato\u0159emi, kter\u00e9 zaji\u0161\u0165uj\u00ed, \u017ee na\u0161e produkty spl\u0148uj\u00ed nejp\u0159\u00edsn\u011bj\u0161\u00ed pr\u016fmyslov\u00e9 normy. Vyberte si spole\u010dnost Powerock Pharma pro spolehliv\u00e9 v\u00fdsledky a klid na du\u0161i.<\/p>\n<h3>Shrnut\u00ed:<\/h3>\n<p>Pokud to s urychlen\u00edm odbour\u00e1v\u00e1n\u00ed tuk\u016f a zv\u00fd\u0161en\u00edm energetick\u00e9 hladiny mysl\u00edte v\u00e1\u017en\u011b, Double Yohimbine HCL je \u0159e\u0161en\u00ed, kter\u00e9 pot\u0159ebujete. Tento produkt, za kter\u00fdm stoj\u00ed z\u00e1vazek spole\u010dnosti Powerock Pharma k dokonalosti, je navr\u017een tak, aby v\u00e1m pomohl bezpe\u010dn\u011b a efektivn\u011b dos\u00e1hnout va\u0161ich fitness c\u00edl\u016f. Ned\u011blejte kompromisy v kvalit\u011b - objednejte si Double Yohimbine HCL je\u0161t\u011b dnes a za\u010dn\u011bte dosahovat v\u00fdsledk\u016f, kter\u00e9 si zaslou\u017e\u00edte.<\/p>","protected":false},"excerpt":{"rendered":"<p>Dvojit\u00fd yohimbin HCL podporuje odbour\u00e1v\u00e1n\u00ed tuk\u016f t\u00edm, \u017ee zvy\u0161uje uvol\u0148ov\u00e1n\u00ed noradrenalinu a blokuje alfa-2 adrenergn\u00ed receptory. Nab\u00edz\u00ed rychl\u00e9 sn\u00ed\u017een\u00ed hmotnosti, zlep\u0161en\u00ed energie a lep\u0161\u00ed soust\u0159ed\u011bn\u00ed. Vyberte si Powerock Pharma pro konzistentn\u00ed a vysoce kvalitn\u00ed v\u00fdsledky.<\/p>","protected":false},"featured_media":243,"template":"","meta":{"_acf_changed":false,"rank_math_lock_modified_date":false,"inline_featured_image":false},"product_cat":[20],"product_tag":[],"class_list":{"0":"post-124","1":"product","2":"type-product","3":"status-publish","4":"has-post-thumbnail","6":"product_cat-yohimbine","9":"first","10":"instock","11":"shipping-taxable","12":"product-type-simple"},"acf":{"chromatogram":666,"metoda":""},"_links":{"self":[{"href":"https:\/\/powerockpharma.com\/cs\/wp-json\/wp\/v2\/product\/124","targetHints":{"allow":["GET"]}}],"collection":[{"href":"https:\/\/powerockpharma.com\/cs\/wp-json\/wp\/v2\/product"}],"about":[{"href":"https:\/\/powerockpharma.com\/cs\/wp-json\/wp\/v2\/types\/product"}],"wp:featuredmedia":[{"embeddable":true,"href":"https:\/\/powerockpharma.com\/cs\/wp-json\/wp\/v2\/media\/243"}],"wp:attachment":[{"href":"https:\/\/powerockpharma.com\/cs\/wp-json\/wp\/v2\/media?parent=124"}],"wp:term":[{"taxonomy":"product_cat","embeddable":true,"href":"https:\/\/powerockpharma.com\/cs\/wp-json\/wp\/v2\/product_cat?post=124"},{"taxonomy":"product_tag","embeddable":true,"href":"https:\/\/powerockpharma.com\/cs\/wp-json\/wp\/v2\/product_tag?post=124"}],"curies":[{"name":"wp","href":"https:\/\/api.w.org\/{rel}","templated":true}]}}