{"id":290,"date":"2024-08-12T06:09:57","date_gmt":"2024-08-12T04:09:57","guid":{"rendered":"https:\/\/powerockpharma.com\/?post_type=product&#038;p=290"},"modified":"2025-11-12T06:41:57","modified_gmt":"2025-11-12T05:41:57","slug":"yohimbine-hcl-5","status":"publish","type":"product","link":"https:\/\/powerockpharma.com\/cs\/yohimbine\/yohimbin-hcl-5\/","title":{"rendered":"YOHIMBINE HCL 5mg"},"content":{"rendered":"<h2>Vlastnosti Yohimbin HCL 5 mg:<\/h2>\n<p>Yohimbin HCL, zn\u00e1m\u00fd tak\u00e9 jako hydrochlorid johimbinu, je siln\u00fd alkaloid s dob\u0159e zdokumentovan\u00fdmi \u00fa\u010dinky na odbour\u00e1v\u00e1n\u00ed tuk\u016f a zvy\u0161ov\u00e1n\u00ed energie. Yohimbin HCL, z\u00edsk\u00e1van\u00fd z k\u016fry stromu Yohimbe, je ve v\u00fdzkumn\u00e9 komunit\u011b vysoce cen\u011bn pro svou schopnost zam\u011b\u0159it se na odoln\u00fd tuk, co\u017e z n\u011bj \u010din\u00ed preferovanou volbu pro ty, kte\u0159\u00ed cht\u011bj\u00ed zdokonalit svou postavu a zlep\u0161it v\u00fdkonnost. Tato slou\u010denina funguje p\u0159edev\u0161\u00edm tak, \u017ee blokuje alfa-2 adrenergn\u00ed receptory, kter\u00e9 se nach\u00e1zej\u00ed ve vysok\u00e9 koncentraci v oblastech t\u011bla, kter\u00e9 jsou odoln\u00e9 v\u016f\u010di odbour\u00e1v\u00e1n\u00ed tuku, jako je b\u0159icho a stehna. Inhibic\u00ed t\u011bchto receptor\u016f podporuje yohimbin HCL uvol\u0148ov\u00e1n\u00ed noradrenalinu, hormonu, kter\u00fd stimuluje odbour\u00e1v\u00e1n\u00ed tuk\u016f neboli lipol\u00fdzu a zvy\u0161uje energetick\u00fd v\u00fddej prost\u0159ednictv\u00edm termogeneze.<\/p>\n<h2>Mechanismus \u00fa\u010dinku:<\/h2>\n<p>\u00da\u010dinek yohimbin HCL se soust\u0159e\u010fuje na jeho schopnost inhibovat alfa-2 adrenergn\u00ed receptory. Tato inhibice br\u00e1n\u00ed t\u011bmto receptor\u016fm ve vazb\u011b s noradrenalinem, co\u017e umo\u017e\u0148uje v\u011bt\u0161\u00edmu mno\u017estv\u00ed tohoto hormonu spaluj\u00edc\u00edho tuky v krevn\u00edm ob\u011bhu. Zv\u00fd\u0161en\u00e1 hladina noradrenalinu n\u00e1sledn\u011b aktivuje beta receptory, kter\u00e9 jsou zodpov\u011bdn\u00e9 za spu\u0161t\u011bn\u00ed lipol\u00fdzy a termogeneze. Tento selektivn\u00ed mechanismus zaji\u0161\u0165uje, \u017ee se Yohimbine HCL nejen \u00fa\u010dinn\u011b zam\u011b\u0159uje na tukov\u00e9 z\u00e1soby, ale tak\u00e9 zvy\u0161uje celkovou hladinu energie, co\u017e je obzvl\u00e1\u0161t\u011b u\u017eite\u010dn\u00e9 b\u011bhem cykl\u016f \u0159ez\u00e1n\u00ed nebo p\u0159i snaze o \u0161t\u00edhlej\u0161\u00ed postavu. \u00da\u010dinky Yohimbin HCL nav\u00edc p\u0159esahuj\u00ed r\u00e1mec odbour\u00e1v\u00e1n\u00ed tuk\u016f; je tak\u00e9 zn\u00e1mo, \u017ee d\u00edky stimula\u010dn\u00edmu vlivu na centr\u00e1ln\u00ed nervov\u00fd syst\u00e9m zlep\u0161uje n\u00e1ladu a kognitivn\u00ed funkce.<\/p>\n<h2>V\u00fdhody:<\/h2>\n<p>D\u016fsledn\u00e9 v\u00fdzkumn\u00e9 u\u017e\u00edv\u00e1n\u00ed yohimbin HCL vede k v\u00fdrazn\u00e9mu \u00fabytku tuku, zejm\u00e9na v tvrdohlav\u00fdch oblastech, ke zv\u00fd\u0161en\u00ed hladiny energie a ke zlep\u0161en\u00ed v\u00fdkonnosti p\u0159i cvi\u010den\u00ed. V\u00fdzkumn\u00edci mohou pozorovat zv\u00fd\u0161enou termogenezi, kter\u00e1 vede k v\u011bt\u0161\u00edmu spalov\u00e1n\u00ed kalori\u00ed i v klidu, a zlep\u0161en\u00ed n\u00e1lady a soust\u0159ed\u011bn\u00ed d\u00edky stimulaci centr\u00e1ln\u00edho nervov\u00e9ho syst\u00e9mu. Tato slou\u010denina je obzvl\u00e1\u0161t\u011b \u00fa\u010dinn\u00e1 pro jedince zapojen\u00e9 do n\u00e1ro\u010dn\u00fdch tr\u00e9ninkov\u00fdch re\u017eim\u016f, sportovce usiluj\u00edc\u00ed o zlep\u0161en\u00ed t\u011blesn\u00e9 kompozice a ty, kte\u0159\u00ed proch\u00e1zej\u00ed f\u00e1z\u00ed redukce. Yohimbin HCL m\u016f\u017ee nav\u00edc d\u00edky sv\u00fdm vazodilata\u010dn\u00edm \u00fa\u010dink\u016fm p\u0159in\u00e1\u0161et i sekund\u00e1rn\u00ed v\u00fdhody, jako je zlep\u0161en\u00ed pr\u016ftoku krve a zv\u00fd\u0161en\u00ed sexu\u00e1ln\u00ed v\u00fdkonnosti.<\/p>\n<h2>Pro\u010d Powerock Pharma:<\/h2>\n<p>Ve spole\u010dnosti Powerock Pharma se zavazujeme dod\u00e1vat pouze produkty nejvy\u0161\u0161\u00ed kvality na podporu va\u0161eho v\u00fdzkumu. N\u00e1\u0161 yohimbin HCL se vyr\u00e1b\u00ed v za\u0159\u00edzen\u00edch, kter\u00e1 p\u0159\u00edsn\u011b dodr\u017euj\u00ed normy GMP, HACCP a ISO 13485, co\u017e zaji\u0161\u0165uje, \u017ee ka\u017ed\u00e1 kapsle obsahuje nej\u010dist\u0161\u00ed a nej\u00fa\u010dinn\u011bj\u0161\u00ed formu t\u00e9to slou\u010deniny. Spolupracujeme se \u0161pi\u010dkov\u00fdmi laborato\u0159emi, kter\u00e9 prov\u00e1d\u011bj\u00ed p\u0159\u00edsn\u00e9 testov\u00e1n\u00ed ka\u017ed\u00e9 \u0161ar\u017ee, co\u017e zaru\u010duje, \u017ee na\u0161e produkty spl\u0148uj\u00ed nejp\u0159\u00edsn\u011bj\u0161\u00ed normy \u010distoty a \u00fa\u010dinnosti. Kdy\u017e si vyberete Yohimbin HCL od spole\u010dnosti Powerock Pharma, vyb\u00edr\u00e1te si produkt podlo\u017een\u00fd v\u011bdeck\u00fdmi poznatky, precizn\u011b vyroben\u00fd a navr\u017een\u00fd tak, aby poskytoval spolehliv\u00e9 a konzistentn\u00ed v\u00fdsledky ve va\u0161em v\u00fdzkumn\u00e9m \u00fasil\u00ed.<\/p>\n<h3>Souhrn<\/h3>\n<p>Pokud se v\u00e1\u0161 v\u00fdzkum zam\u011b\u0159uje na odbour\u00e1v\u00e1n\u00ed tuk\u016f, zvy\u0161ov\u00e1n\u00ed energie nebo kognitivn\u00ed funkce, je Yohimbine HCL od spole\u010dnosti Powerock Pharma \u0159e\u0161en\u00edm, kter\u00e9 pot\u0159ebujete. D\u00edky na\u0161im p\u0159\u00edsn\u00fdm kontrol\u00e1m kvality a z\u00e1vazku k dokonalosti je tento produkt navr\u017een tak, aby v\u00e1m pomohl dos\u00e1hnout spolehliv\u00fdch a smyslupln\u00fdch v\u00fdsledk\u016f. Nespokojte se s men\u0161\u00edm mno\u017estv\u00edm - objednejte si Yohimbine HCL je\u0161t\u011b dnes a posu\u0148te sv\u016fj v\u00fdzkum na vy\u0161\u0161\u00ed \u00farove\u0148.<\/p>\n<div id=\"gtx-trans\" style=\"position: absolute; left: 98px; top: 453.531px;\">\n<div class=\"gtx-trans-icon\"><\/div>\n<\/div>","protected":false},"excerpt":{"rendered":"<p>Yohimbin HCL podporuje odbour\u00e1v\u00e1n\u00ed tuk\u016f zv\u00fd\u0161en\u00edm hladiny noradrenalinu, \u010d\u00edm\u017e zvy\u0161uje termogenezi a lipol\u00fdzu. M\u00e1 siln\u00e9 \u00fa\u010dinky na spalov\u00e1n\u00ed tuk\u016f a zvy\u0161ov\u00e1n\u00ed energie. Vyberte si Powerock Pharma pro \u010distotu a \u00fa\u010dinnost.<\/p>\n<div id=\"gtx-trans\" style=\"position: absolute; left: -6px; top: -10px;\">\n<div class=\"gtx-trans-icon\"><\/div>\n<\/div>","protected":false},"featured_media":241,"template":"","meta":{"_acf_changed":false,"rank_math_lock_modified_date":false,"inline_featured_image":false},"product_cat":[20],"product_tag":[],"class_list":{"0":"post-290","1":"product","2":"type-product","3":"status-publish","4":"has-post-thumbnail","6":"product_cat-yohimbine","9":"first","10":"instock","11":"shipping-taxable","12":"product-type-simple"},"acf":{"chromatogram":597,"metoda":""},"_links":{"self":[{"href":"https:\/\/powerockpharma.com\/cs\/wp-json\/wp\/v2\/product\/290","targetHints":{"allow":["GET"]}}],"collection":[{"href":"https:\/\/powerockpharma.com\/cs\/wp-json\/wp\/v2\/product"}],"about":[{"href":"https:\/\/powerockpharma.com\/cs\/wp-json\/wp\/v2\/types\/product"}],"wp:featuredmedia":[{"embeddable":true,"href":"https:\/\/powerockpharma.com\/cs\/wp-json\/wp\/v2\/media\/241"}],"wp:attachment":[{"href":"https:\/\/powerockpharma.com\/cs\/wp-json\/wp\/v2\/media?parent=290"}],"wp:term":[{"taxonomy":"product_cat","embeddable":true,"href":"https:\/\/powerockpharma.com\/cs\/wp-json\/wp\/v2\/product_cat?post=290"},{"taxonomy":"product_tag","embeddable":true,"href":"https:\/\/powerockpharma.com\/cs\/wp-json\/wp\/v2\/product_tag?post=290"}],"curies":[{"name":"wp","href":"https:\/\/api.w.org\/{rel}","templated":true}]}}