{"id":475,"date":"2025-01-29T13:37:34","date_gmt":"2025-01-29T12:37:34","guid":{"rendered":"https:\/\/powerockpharma.com\/?post_type=product&#038;p=475"},"modified":"2025-11-12T07:09:01","modified_gmt":"2025-11-12T06:09:01","slug":"bpc-157-arg","status":"publish","type":"product","link":"https:\/\/powerockpharma.com\/cs\/peptide-lyophilizates\/bpc-157-arg\/","title":{"rendered":"BPC-157 ARG"},"content":{"rendered":"<h2><strong>Vlastnosti BPC-157 ARG:<\/strong><\/h2>\n<p><strong>BPC-157 ARG<\/strong>\u00a0je siln\u00fd syntetick\u00fd peptid zn\u00e1m\u00fd sv\u00fdmi regenera\u010dn\u00edmi \u00fa\u010dinky, zejm\u00e9na p\u0159i hojen\u00ed sval\u016f, kloub\u016f a st\u0159evn\u00ed tk\u00e1n\u011b. Tato slou\u010denina hraje kl\u00ed\u010dovou roli p\u0159i podpo\u0159e bun\u011b\u010dn\u00e9 obnovy, d\u00edky \u010demu\u017e je velmi vyhled\u00e1van\u00e1 v\u00fdzkumn\u00edky, kte\u0159\u00ed se zab\u00fdvaj\u00ed regenerac\u00ed tk\u00e1n\u00ed, urychlen\u00edm regenerace a sn\u00ed\u017een\u00edm z\u00e1n\u011btu.\u00a0<strong>BPC-157 ARG<\/strong>\u00a0bylo zji\u0161t\u011bno, \u017ee zvy\u0161uje synt\u00e9zu kolagenu, sni\u017euje oxida\u010dn\u00ed stres a zlep\u0161uje tvorbu krevn\u00edch c\u00e9v, co\u017e p\u0159isp\u00edv\u00e1 k jeho \u0161irok\u00e9 \u0161k\u00e1le l\u00e9\u010debn\u00fdch \u00fa\u010dink\u016f.<\/p>\n<h2><strong>Mechanismus \u00fa\u010dinku:<\/strong><\/h2>\n<p>Prim\u00e1rn\u00edm \u00fa\u010dinkem\u00a0<strong>BPC-157 ARG<\/strong>\u00a0spo\u010d\u00edv\u00e1 v jeho schopnosti zvy\u0161ovat angiogenezi (tvorbu nov\u00fdch c\u00e9v) a regulovat r\u016fstov\u00e9 faktory zodpov\u011bdn\u00e9 za obnovu tk\u00e1n\u00ed. P\u016fsob\u00ed tak, \u017ee stimuluje produkci\u00a0<strong>vaskul\u00e1rn\u00ed endoteli\u00e1ln\u00ed r\u016fstov\u00fd faktor (VEGF).<\/strong>, zv\u00fd\u0161en\u00ed hladiny oxidu dusnat\u00e9ho pro zlep\u0161en\u00ed krevn\u00edho ob\u011bhu a modulaci z\u00e1n\u011btliv\u00fdch cytokin\u016f pro vytvo\u0159en\u00ed optim\u00e1ln\u00edho hojiv\u00e9ho prost\u0159ed\u00ed. Tyto procesy spole\u010dn\u011b vedou k rychlej\u0161\u00edmu zotaven\u00ed ze zran\u011bn\u00ed, sn\u00ed\u017een\u00ed z\u00e1n\u011btu a zlep\u0161en\u00ed bun\u011b\u010dn\u00e9 regenerace. Krom\u011b toho,\u00a0<strong>BPC-157 ARG<\/strong>\u00a0p\u016fsob\u00ed na osu st\u0159evo-mozek, podporuje zdrav\u00ed st\u0159ev a sni\u017euje po\u0161kozen\u00ed zp\u016fsoben\u00e9 NSAID a stresem vyvolan\u00e9 \u017ealude\u010dn\u00ed l\u00e9ze.<\/p>\n<h2><strong>V\u00fdhody:<\/strong><\/h2>\n<p>D\u016fsledn\u00fd v\u00fdzkum zahrnuj\u00edc\u00ed\u00a0<strong>BPC-157 ARG<\/strong>\u00a0nab\u00edz\u00ed \u0159adu v\u00fdhod, v\u010detn\u011b:<br \/>\n\u2714\u00a0<strong>Urychlen\u00e9 hojen\u00ed sval\u016f, \u0161lach a vaz\u016f.<\/strong>\u00a0- Podporuje rychlej\u0161\u00ed zotaven\u00ed po zran\u011bn\u00ed a nam\u00e1hav\u00e9 \u010dinnosti.<br \/>\n\u2714\u00a0<strong>Ochrana kloub\u016f a chrupavek<\/strong>\u00a0- Pom\u00e1h\u00e1 sni\u017eovat bolest kloub\u016f a zlep\u0161uje pohyblivost.<br \/>\n\u2714\u00a0<strong>Hojiv\u00e9 vlastnosti st\u0159ev<\/strong>\u00a0- Pom\u00e1h\u00e1 obnovit st\u0159evn\u00ed sliznici, sni\u017euje z\u00e1n\u011bt v p\u0159\u00edpad\u011b v\u0159ed\u016f, d\u011brav\u00fdch st\u0159ev nebo IBS.<br \/>\n\u2714\u00a0<strong>Sn\u00ed\u017een\u00ed z\u00e1n\u011btu<\/strong>\u00a0- Moduluje z\u00e1n\u011btliv\u00e9 dr\u00e1hy pro rychlej\u0161\u00ed zotaven\u00ed po poran\u011bn\u00ed a zran\u011bn\u00ed.<br \/>\n\u2714\u00a0<strong>Zv\u00fd\u0161en\u00e1 neuroprotekce<\/strong>\u00a0- M\u016f\u017ee napom\u00e1hat regeneraci nerv\u016f a zlep\u0161en\u00ed kognitivn\u00edch funkc\u00ed.<br \/>\n\u2714\u00a0<strong>Zlep\u0161en\u00e1 funkce c\u00e9v<\/strong>\u00a0- Stimuluje pr\u016ftok krve a podporuje celkov\u00e9 zdrav\u00ed kardiovaskul\u00e1rn\u00edho syst\u00e9mu.<br \/>\n\u2714\u00a0<strong>Potenci\u00e1ln\u00ed ochrann\u00e9 \u00fa\u010dinky na org\u00e1ny<\/strong>\u00a0- Vykazuje slibn\u00e9 \u00fa\u010dinky na zm\u00edrn\u011bn\u00ed po\u0161kozen\u00ed jater, ledvin a srdce.<\/p>\n<h2><strong>Pro\u010d Powerock Pharma?<\/strong><\/h2>\n<p>Na adrese\u00a0<strong>Powerock Pharma<\/strong>, up\u0159ednost\u0148ujeme\u00a0<strong>bezpe\u010dnost, \u010distota a v\u00fdzkumn\u00e1 kvalita<\/strong>. Na\u0161e\u00a0<strong>BPC-157 ARG<\/strong>\u00a0se vyr\u00e1b\u00ed v\u00a0<strong>Certifikace GMP, HACCP a ISO 13485<\/strong>\u00a0za\u0159\u00edzen\u00ed, zaji\u0161t\u011bn\u00ed\u00a0<strong>p\u0159\u00edsn\u00e1 kontrola kvality<\/strong>\u00a0a\u00a0<strong>testov\u00e1n\u00ed t\u0159et\u00ed stranou<\/strong>\u00a0pro \u00fa\u010dinnost a \u010distotu. V\u00fdb\u011brem\u00a0<strong>Powerock Pharma<\/strong>, mohou v\u00fdzkumn\u00ed pracovn\u00edci v\u011b\u0159it, \u017ee pou\u017e\u00edvaj\u00ed produkt, kter\u00fd spl\u0148uje nejvy\u0161\u0161\u00ed pr\u016fmyslov\u00e9 standardy pro\u00a0<strong>spolehlivost a konzistence<\/strong>.<\/p>\n<h3><strong>Shrnut\u00ed:<\/strong><\/h3>\n<p>Pro ty, kte\u0159\u00ed se zab\u00fdvaj\u00ed obnovou tk\u00e1n\u00ed, zdrav\u00edm st\u0159ev a z\u00e1n\u011btlivou modulac\u00ed,\u00a0<strong>BPC-157 ARG<\/strong>\u00a0je nepostradateln\u00fdm n\u00e1strojem. Jeho schopnost\u00a0<strong>urychlit hojen\u00ed a zotaven\u00ed<\/strong>\u00a0je to nejlep\u0161\u00ed volba pro v\u011bdeck\u00fd v\u00fdzkum. S podporou\u00a0<strong>Powerock Pharma<\/strong>\u00a0p\u0159\u00edsn\u00e1 kontrola kvality,\u00a0<strong>BPC-157 ARG<\/strong>\u00a0p\u0159in\u00e1\u0161\u00ed\u00a0<strong>konzistentn\u00ed a spolehliv\u00e9<\/strong>\u00a0v\u00fdsledky.\u00a0<strong>Objednejte si je\u0161t\u011b dnes<\/strong>\u00a0za\u017e\u00edt\u00a0<strong>nejvy\u0161\u0161\u00ed standard peptid\u016f pro v\u00fdzkum<\/strong>.<\/p>\n<div id=\"gtx-trans\" style=\"position: absolute; left: 246px; top: 788.969px;\">\n<div class=\"gtx-trans-icon\"><\/div>\n<\/div>","protected":false},"excerpt":{"rendered":"<p>BPC-157 ARG podporuje obnovu a regeneraci tk\u00e1n\u00ed t\u00edm, \u017ee urychluje procesy hojen\u00ed a sni\u017euje z\u00e1n\u011bt. Podporuje zdrav\u00ed kloub\u016f, regeneraci sval\u016f a hojen\u00ed st\u0159ev. Vyberte si Powerock Pharma pro \u010distotu, bezpe\u010dnost a kvalitu na \u00farovni v\u00fdzkumu.<\/p>","protected":false},"featured_media":484,"template":"","meta":{"_acf_changed":false,"rank_math_lock_modified_date":false,"inline_featured_image":false},"product_cat":[17],"product_tag":[],"class_list":{"0":"post-475","1":"product","2":"type-product","3":"status-publish","4":"has-post-thumbnail","6":"product_cat-peptide-lyophilizates","9":"first","10":"instock","11":"shipping-taxable","12":"product-type-simple"},"acf":{"chromatogram":675,"metoda":""},"_links":{"self":[{"href":"https:\/\/powerockpharma.com\/cs\/wp-json\/wp\/v2\/product\/475","targetHints":{"allow":["GET"]}}],"collection":[{"href":"https:\/\/powerockpharma.com\/cs\/wp-json\/wp\/v2\/product"}],"about":[{"href":"https:\/\/powerockpharma.com\/cs\/wp-json\/wp\/v2\/types\/product"}],"wp:featuredmedia":[{"embeddable":true,"href":"https:\/\/powerockpharma.com\/cs\/wp-json\/wp\/v2\/media\/484"}],"wp:attachment":[{"href":"https:\/\/powerockpharma.com\/cs\/wp-json\/wp\/v2\/media?parent=475"}],"wp:term":[{"taxonomy":"product_cat","embeddable":true,"href":"https:\/\/powerockpharma.com\/cs\/wp-json\/wp\/v2\/product_cat?post=475"},{"taxonomy":"product_tag","embeddable":true,"href":"https:\/\/powerockpharma.com\/cs\/wp-json\/wp\/v2\/product_tag?post=475"}],"curies":[{"name":"wp","href":"https:\/\/api.w.org\/{rel}","templated":true}]}}