{"id":476,"date":"2025-01-29T13:55:00","date_gmt":"2025-01-29T12:55:00","guid":{"rendered":"https:\/\/powerockpharma.com\/?post_type=product&#038;p=476"},"modified":"2025-11-12T07:08:01","modified_gmt":"2025-11-12T06:08:01","slug":"cortagen","status":"publish","type":"product","link":"https:\/\/powerockpharma.com\/cs\/peptide-lyophilizates\/cortagen\/","title":{"rendered":"Cortagen"},"content":{"rendered":"<h2><strong>Vlastnosti Cortagen:<\/strong><\/h2>\n<p>Cortagen je neuropeptid zn\u00e1m\u00fd sv\u00fdmi siln\u00fdmi regenera\u010dn\u00edmi \u00fa\u010dinky na funkci mozku a zdrav\u00ed nervov\u00e9ho syst\u00e9mu. Je \u0161iroce pou\u017e\u00edv\u00e1n pro zlep\u0161en\u00ed kognitivn\u00edch funkc\u00ed, neuroprotekci a bun\u011b\u010dnou obnovu. Tato slou\u010denina p\u016fsob\u00ed tak, \u017ee stimuluje r\u016fst neuron\u016f a podporuje synaptickou plasticitu, co\u017e vede ke zlep\u0161en\u00ed pam\u011bti, schopnosti u\u010den\u00ed a du\u0161evn\u00ed jasnosti. Cortagen byl tak\u00e9 zkoum\u00e1n pro sv\u016fj potenci\u00e1l v ochran\u011b p\u0159ed neurodegenerativn\u00edmi onemocn\u011bn\u00edmi a sni\u017eov\u00e1n\u00ed poklesu kognitivn\u00edch funkc\u00ed.<\/p>\n<h2><strong>Mechanismus \u00fa\u010dinku:<\/strong><\/h2>\n<p>Cortagen p\u016fsob\u00ed tak, \u017ee stimuluje r\u016fst neuron\u016f a moduluje neurotrofick\u00e9 faktory, jako je neurotrofick\u00fd faktor odvozen\u00fd od mozku (BDNF). Tento mechanismus zvy\u0161uje synaptickou plasticitu, urychluje opravu neuron\u016f a optimalizuje funkci mozku. Na rozd\u00edl od syntetick\u00fdch stimulant\u016f poskytuje p\u0159\u00edpravek Cortagen dlouhodob\u00e9 v\u00fdhody t\u00edm, \u017ee zlep\u0161uje bun\u011b\u010dnou odolnost a podporuje mitochondri\u00e1ln\u00ed aktivitu, \u010d\u00edm\u017e zaji\u0161\u0165uje trval\u00e9 zlep\u0161en\u00ed kognitivn\u00edch funkc\u00ed bez nadm\u011brn\u00e9 stimulace nebo neurotoxicity.<\/p>\n<h2><strong>V\u00fdhody:<\/strong><\/h2>\n<ul>\n<li><strong>Zlep\u0161en\u00e9 kognitivn\u00ed funkce<\/strong> - Zlep\u0161uje pam\u011b\u0165, schopnost u\u010den\u00ed a du\u0161evn\u00ed bystrost.<\/li>\n<li><strong>Neuroprotekce<\/strong> - Podporuje zdrav\u00ed mozku t\u00edm, \u017ee podporuje obnovu neuron\u016f a sni\u017euje oxida\u010dn\u00ed stres.<\/li>\n<li><strong>Zv\u00fd\u0161en\u00e1 synaptick\u00e1 plasticita<\/strong> - Zlep\u0161uje komunikaci mezi neurony pro lep\u0161\u00ed kognitivn\u00ed zpracov\u00e1n\u00ed.<\/li>\n<li><strong>Stabilizace n\u00e1lady<\/strong> - M\u016f\u017ee pom\u00e1hat sni\u017eovat \u00fazkost a stres a podporovat emocion\u00e1ln\u00ed pohodu.<\/li>\n<li><strong>\u00da\u010dinky proti st\u00e1rnut\u00ed<\/strong> - Podporuje bun\u011b\u010dnou dlouhov\u011bkost a bojuje proti \u00fabytku kognitivn\u00edch funkc\u00ed spojen\u00fdch se st\u00e1rnut\u00edm.<\/li>\n<\/ul>\n<h2><strong>Pro\u010d Powerock Pharma?<\/strong><\/h2>\n<p>Ve spole\u010dnosti Powerock Pharma se sna\u017e\u00edme poskytovat v\u00fdzkumn\u00e9 slou\u010deniny nejvy\u0161\u0161\u00ed kvality. N\u00e1\u0161 Cortagen je vyr\u00e1b\u011bn podle p\u0159\u00edsn\u00fdch norem GMP, HACCP a ISO 13485, aby byla zaji\u0161t\u011bna \u010distota, \u00fa\u010dinnost a bezpe\u010dnost. Ka\u017ed\u00e1 \u0161ar\u017ee proch\u00e1z\u00ed p\u0159\u00edsn\u00fdm testov\u00e1n\u00edm v certifikovan\u00fdch laborato\u0159\u00edch, aby byla zaru\u010dena st\u00e1l\u00e1 kvalita a \u00fa\u010dinnost. Kdy\u017e se rozhodnete pro spole\u010dnost Powerock Pharma, investujete do d\u016fv\u011bryhodn\u00e9, v\u00fdzkumn\u00e9 kvality.<\/p>\n<h3><strong>Shrnut\u00ed:<\/strong><\/h3>\n<p>Pokud se sna\u017e\u00edte zlep\u0161it kognitivn\u00ed funkce, chr\u00e1nit mozek a optimalizovat du\u0161evn\u00ed v\u00fdkon, Cortagen je pro v\u00e1s \u0159e\u0161en\u00edm. Tento produkt, za kter\u00fdm stoj\u00ed p\u0159\u00edsn\u00e9 standardy kvality spole\u010dnosti Powerock Pharma, zaru\u010duje spolehliv\u00e9 a \u00fa\u010dinn\u00e9 v\u00fdsledky. Posu\u0148te sv\u00e9 kognitivn\u00ed schopnosti na vy\u0161\u0161\u00ed \u00farove\u0148 - objednejte si Cortagen je\u0161t\u011b dnes a za\u017eijte vynikaj\u00edc\u00ed zdrav\u00ed mozku.<\/p>\n<div id=\"gtx-trans\" style=\"position: absolute; left: 93px; top: 692.969px;\">\n<div class=\"gtx-trans-icon\"><\/div>\n<\/div>","protected":false},"excerpt":{"rendered":"<p>Cortagen podporuje kognitivn\u00ed funkce a neuroprotekci t\u00edm, \u017ee podporuje r\u016fst a obnovu neuron\u016f. Zlep\u0161uje pam\u011b\u0165, soust\u0159ed\u011bn\u00ed a celkov\u00e9 zdrav\u00ed mozku. Vyberte si Powerock Pharma pro kvalitn\u00ed a v\u011bdecky podlo\u017een\u00e9 v\u00fdsledky.<\/p>","protected":false},"featured_media":485,"template":"","meta":{"_acf_changed":false,"rank_math_lock_modified_date":false,"inline_featured_image":false},"product_cat":[17],"product_tag":[],"class_list":{"0":"post-476","1":"product","2":"type-product","3":"status-publish","4":"has-post-thumbnail","6":"product_cat-peptide-lyophilizates","9":"first","10":"instock","11":"shipping-taxable","12":"product-type-simple"},"acf":{"chromatogram":670,"metoda":""},"_links":{"self":[{"href":"https:\/\/powerockpharma.com\/cs\/wp-json\/wp\/v2\/product\/476","targetHints":{"allow":["GET"]}}],"collection":[{"href":"https:\/\/powerockpharma.com\/cs\/wp-json\/wp\/v2\/product"}],"about":[{"href":"https:\/\/powerockpharma.com\/cs\/wp-json\/wp\/v2\/types\/product"}],"wp:featuredmedia":[{"embeddable":true,"href":"https:\/\/powerockpharma.com\/cs\/wp-json\/wp\/v2\/media\/485"}],"wp:attachment":[{"href":"https:\/\/powerockpharma.com\/cs\/wp-json\/wp\/v2\/media?parent=476"}],"wp:term":[{"taxonomy":"product_cat","embeddable":true,"href":"https:\/\/powerockpharma.com\/cs\/wp-json\/wp\/v2\/product_cat?post=476"},{"taxonomy":"product_tag","embeddable":true,"href":"https:\/\/powerockpharma.com\/cs\/wp-json\/wp\/v2\/product_tag?post=476"}],"curies":[{"name":"wp","href":"https:\/\/api.w.org\/{rel}","templated":true}]}}