{"id":477,"date":"2025-01-29T13:55:27","date_gmt":"2025-01-29T12:55:27","guid":{"rendered":"https:\/\/powerockpharma.com\/?post_type=product&#038;p=477"},"modified":"2025-11-12T07:06:35","modified_gmt":"2025-11-12T06:06:35","slug":"epithalon","status":"publish","type":"product","link":"https:\/\/powerockpharma.com\/cs\/peptide-lyophilizates\/epithalon\/","title":{"rendered":"Epithalon"},"content":{"rendered":"<h2><strong>Vlastnosti Epithalon:<\/strong><\/h2>\n<p>Epitalon (epitalamin) je syntetick\u00fd tetrapeptid zn\u00e1m\u00fd sv\u00fdmi siln\u00fdmi anti-aging a regenera\u010dn\u00edmi vlastnostmi. Byl podrobn\u011b studov\u00e1n pro svou schopnost zvy\u0161ovat aktivitu telomer\u00e1zy, kter\u00e1 hraje kl\u00ed\u010dovou roli v ochran\u011b DNA a dlouhov\u011bkosti bun\u011bk. D\u00edky regulaci epif\u00fdzy Epitalon pom\u00e1h\u00e1 vyrovn\u00e1vat hladinu melatoninu, zlep\u0161uje kvalitu sp\u00e1nku, funkci imunitn\u00edho syst\u00e9mu a celkovou pohodu. Tento peptid je \u0161iroce uzn\u00e1v\u00e1n pro sv\u016fj potenci\u00e1l p\u0159i podpo\u0159e dlouhov\u011bkosti, sni\u017eov\u00e1n\u00ed oxida\u010dn\u00edho stresu a podpo\u0159e neuroprotekce.<\/p>\n<h2><strong>Mechanismus \u00fa\u010dinku:<\/strong><\/h2>\n<p>Hlavn\u00ed mechanismus p\u016fsoben\u00ed p\u0159\u00edpravku Epitalon spo\u010d\u00edv\u00e1 v jeho schopnosti stimulovat produkci telomer\u00e1zy, enzymu zodpov\u011bdn\u00e9ho za udr\u017eov\u00e1n\u00ed a prodlu\u017eov\u00e1n\u00ed telomer. Telomery, ochrann\u00e9 obaly chromozom\u016f, se s v\u011bkem p\u0159irozen\u011b zkracuj\u00ed, co\u017e vede k bun\u011b\u010dn\u00e9mu st\u00e1rnut\u00ed a dysfunkci. Podporou aktivity telomer\u00e1zy pom\u00e1h\u00e1 Epitalon zpomalovat bun\u011b\u010dnou senescenci, \u010d\u00edm\u017e prodlu\u017euje \u017eivotnost bun\u011bk a zlep\u0161uje celkov\u00fd zdravotn\u00ed stav. Epitalon nav\u00edc reguluje sekreci melatoninu, optimalizuje cirkadi\u00e1nn\u00ed rytmy a zvy\u0161uje kvalitu sp\u00e1nku, kter\u00fd je nezbytn\u00fd pro fyzick\u00e9 a kognitivn\u00ed zdrav\u00ed.<\/p>\n<h2><strong>V\u00fdhody:<\/strong><\/h2>\n<ul>\n<li><strong>Podporuje dlouhov\u011bkost a boj proti st\u00e1rnut\u00ed:<\/strong>\u00a0Zvy\u0161uje aktivitu telomer\u00e1zy, \u010d\u00edm\u017e zpomaluje st\u00e1rnut\u00ed bun\u011bk a zlep\u0161uje integritu DNA.<\/li>\n<li><strong>Zlep\u0161uje kvalitu sp\u00e1nku:<\/strong>\u00a0Reguluje produkci melatoninu, co\u017e vede k hlub\u0161\u00edmu a regenera\u010dn\u00edmu sp\u00e1nku.<\/li>\n<li><strong>Posiluje imunitn\u00ed syst\u00e9m:<\/strong>\u00a0Pom\u00e1h\u00e1 posilovat imunitn\u00ed syst\u00e9m optimalizac\u00ed endokrinn\u00edho syst\u00e9mu.<\/li>\n<li><strong>Zlep\u0161uje kognitivn\u00ed funkce:<\/strong>\u00a0M\u016f\u017ee zlep\u0161it pam\u011b\u0165, soust\u0159ed\u011bn\u00ed a celkov\u00e9 zdrav\u00ed mozku sn\u00ed\u017een\u00edm oxida\u010dn\u00edho stresu.<\/li>\n<li><strong>Sni\u017euje oxida\u010dn\u00ed stres:<\/strong>\u00a0P\u016fsob\u00ed jako antioxidant a chr\u00e1n\u00ed bu\u0148ky p\u0159ed po\u0161kozen\u00edm voln\u00fdmi radik\u00e1ly.<\/li>\n<li><strong>Podporuje bun\u011b\u010dnou obnovu a regeneraci:<\/strong>\u00a0Podporuje hojen\u00ed tk\u00e1n\u00ed a celkov\u00e9 zdrav\u00ed bun\u011bk.<\/li>\n<li><strong>Podporuje hormon\u00e1ln\u00ed rovnov\u00e1hu:<\/strong>\u00a0Pom\u00e1h\u00e1 optimalizovat endokrinn\u00ed funkce a p\u0159isp\u00edv\u00e1 k dobr\u00e9 kondici a vitalit\u011b.<\/li>\n<\/ul>\n<h2><strong>Pro\u010d Powerock Pharma?<\/strong><\/h2>\n<p>Na adrese\u00a0<strong>Powerock Pharma<\/strong>, je pro n\u00e1s prioritou kvalita, bezpe\u010dnost a \u00fa\u010dinnost. Na\u0161e str\u00e1nky\u00a0<strong>Epitalon<\/strong>\u00a0proch\u00e1z\u00ed p\u0159\u00edsn\u00fdm testov\u00e1n\u00edm a je vyr\u00e1b\u011bn v za\u0159\u00edzen\u00edch s certifikac\u00ed GMP, aby byla zaji\u0161t\u011bna jeho \u010distota a \u00fa\u010dinnost. Ka\u017ed\u00e1 \u0161ar\u017ee je validov\u00e1na \u0161pi\u010dkov\u00fdmi laborato\u0159emi, co\u017e zaru\u010duje konzistenci a spolehlivost. V\u00fdb\u011brem\u00a0<strong>Powerock Pharma<\/strong>, investujete do produktu, kter\u00fd je podlo\u017een v\u011bdeck\u00fdm v\u00fdzkumem a je vyr\u00e1b\u011bn podle nejvy\u0161\u0161\u00edch pr\u016fmyslov\u00fdch standard\u016f.<\/p>\n<h3><strong>Shrnut\u00ed:<\/strong><\/h3>\n<p>Pokud chcete podpo\u0159it dlouhov\u011bkost, zlep\u0161it sp\u00e1nek a celkovou pohodu,\u00a0<strong>Epitalon<\/strong>\u00a0je ide\u00e1ln\u00edm \u0159e\u0161en\u00edm. D\u00edky sv\u00fdm v\u011bdecky podlo\u017een\u00fdm v\u00fdhod\u00e1m a\u00a0<strong>Powerock Pharma<\/strong>\u00a0nekompromisn\u00ed standardy kvality, m\u016f\u017eete tomuto peptidu d\u016fv\u011b\u0159ovat pro sv\u00e9 v\u00fdzkumn\u00e9 pot\u0159eby.\u00a0<strong>Objednejte si Epitalon je\u0161t\u011b dnes a vyzkou\u0161ejte v\u00fdhody pokro\u010dil\u00e9ho bun\u011b\u010dn\u00e9ho omlazen\u00ed!<\/strong><\/p>\n<div id=\"gtx-trans\" style=\"position: absolute; left: 92px; top: 714.969px;\">\n<div class=\"gtx-trans-icon\"><\/div>\n<\/div>","protected":false},"excerpt":{"rendered":"<p>Epitalon (epitalamin) podporuje dlouhov\u011bkost a omlazen\u00ed bun\u011bk t\u00edm, \u017ee reguluje produkci melatoninu a zvy\u0161uje aktivitu telomer\u00e1zy. Podporuje \u00fa\u010dinky proti st\u00e1rnut\u00ed, zlep\u0161uje sp\u00e1nek a celkovou pohodu. Vyberte si Powerock Pharma pro kvalitu a v\u00fdsledky.<\/p>","protected":false},"featured_media":490,"template":"","meta":{"_acf_changed":false,"rank_math_lock_modified_date":false,"inline_featured_image":false},"product_cat":[17],"product_tag":[],"class_list":{"0":"post-477","1":"product","2":"type-product","3":"status-publish","4":"has-post-thumbnail","6":"product_cat-peptide-lyophilizates","9":"first","10":"instock","11":"shipping-taxable","12":"product-type-simple"},"acf":{"chromatogram":664,"metoda":""},"_links":{"self":[{"href":"https:\/\/powerockpharma.com\/cs\/wp-json\/wp\/v2\/product\/477","targetHints":{"allow":["GET"]}}],"collection":[{"href":"https:\/\/powerockpharma.com\/cs\/wp-json\/wp\/v2\/product"}],"about":[{"href":"https:\/\/powerockpharma.com\/cs\/wp-json\/wp\/v2\/types\/product"}],"wp:featuredmedia":[{"embeddable":true,"href":"https:\/\/powerockpharma.com\/cs\/wp-json\/wp\/v2\/media\/490"}],"wp:attachment":[{"href":"https:\/\/powerockpharma.com\/cs\/wp-json\/wp\/v2\/media?parent=477"}],"wp:term":[{"taxonomy":"product_cat","embeddable":true,"href":"https:\/\/powerockpharma.com\/cs\/wp-json\/wp\/v2\/product_cat?post=477"},{"taxonomy":"product_tag","embeddable":true,"href":"https:\/\/powerockpharma.com\/cs\/wp-json\/wp\/v2\/product_tag?post=477"}],"curies":[{"name":"wp","href":"https:\/\/api.w.org\/{rel}","templated":true}]}}