{"id":478,"date":"2025-01-29T13:55:28","date_gmt":"2025-01-29T12:55:28","guid":{"rendered":"https:\/\/powerockpharma.com\/?post_type=product&#038;p=478"},"modified":"2025-11-12T07:05:48","modified_gmt":"2025-11-12T06:05:48","slug":"ghk-cu-caps","status":"publish","type":"product","link":"https:\/\/powerockpharma.com\/cs\/peptide-lyophilizates\/ghk-cu-caps\/","title":{"rendered":"GHK-CU"},"content":{"rendered":"<h2><strong>Vlastnosti GHK-CU:<\/strong><\/h2>\n<p>Glycyl-L-histidyl-L-lysin-m\u011b\u010f (GHK-CU) je \u00fa\u010dinn\u00fd m\u011b\u010fnat\u00fd peptid zn\u00e1m\u00fd sv\u00fdmi siln\u00fdmi regenera\u010dn\u00edmi \u00fa\u010dinky a \u00fa\u010dinky proti st\u00e1rnut\u00ed. Tento bioaktivn\u00ed tripeptid zlep\u0161uje omlazov\u00e1n\u00ed pleti, hojen\u00ed ran a bun\u011b\u010dnou obnovu t\u00edm, \u017ee stimuluje tvorbu kolagenu a elastinu. GHK-CU je \u0161iroce uzn\u00e1v\u00e1n pro svou roli p\u0159i regeneraci poko\u017eky, podporuje mladistvou a pevn\u011bj\u0161\u00ed ple\u0165 a z\u00e1rove\u0148 redukuje vr\u00e1sky a zn\u00e1mky st\u00e1rnut\u00ed. Krom\u011b toho hraje kl\u00ed\u010dovou roli p\u0159i modulaci z\u00e1n\u011btu, urychlov\u00e1n\u00ed hojen\u00ed tk\u00e1n\u00ed a ochran\u011b bun\u011bk p\u0159ed oxida\u010dn\u00edm stresem, co\u017e z n\u011bj \u010din\u00ed vyhled\u00e1vanou slo\u017eku v dermatologick\u00e9m a terapeutick\u00e9m v\u00fdzkumu.<\/p>\n<h2><strong>Mechanismus \u00fa\u010dinku:<\/strong><\/h2>\n<p>GHK-CU funguje tak, \u017ee v\u00e1\u017ee ionty m\u011bdi a vytv\u00e1\u0159\u00ed biologicky aktivn\u00ed komplex, kter\u00fd interaguje s bu\u0148kami a podporuje jejich hojen\u00ed a regeneraci. Tento mechanismus zvy\u0161uje aktivaci fibroblast\u016f, kter\u00e9 jsou kl\u00ed\u010dov\u00e9 pro synt\u00e9zu kolagenu a elastinu, co\u017e vede k pevn\u011bj\u0161\u00ed a pru\u017en\u011bj\u0161\u00ed poko\u017ece. GHK-CU nav\u00edc pom\u00e1h\u00e1 p\u0159i sni\u017eov\u00e1n\u00ed z\u00e1n\u011btu t\u00edm, \u017ee sni\u017euje hladinu proz\u00e1n\u011btliv\u00fdch cytokin\u016f, co\u017e p\u0159isp\u00edv\u00e1 k jeho vlastnostem hojen\u00ed ran a obnovy poko\u017eky. Nav\u00edc stimuluje tvorbu glykosaminoglykan\u016f, \u010d\u00edm\u017e d\u00e1le zlep\u0161uje hydrataci a pru\u017enost poko\u017eky. D\u00edky t\u011bmto kombinovan\u00fdm \u00fa\u010dink\u016fm je GHK-CU z\u00e1kladn\u00ed l\u00e1tkou podporuj\u00edc\u00ed regeneraci tk\u00e1n\u00ed, vitalitu poko\u017eky a celkov\u00e9 zdrav\u00ed bun\u011bk.<\/p>\n<h2><strong>V\u00fdhody:<\/strong><\/h2>\n<p>Pravideln\u00e9 u\u017e\u00edv\u00e1n\u00ed GHK-CU vede k:<\/p>\n<ul>\n<li><strong>Zlep\u0161en\u00e1 regenerace poko\u017eky<\/strong>\u00a0- Stimuluje tvorbu kolagenu a elastinu, zlep\u0161uje pevnost pleti a redukuje vr\u00e1sky.<\/li>\n<li><strong>Urychlen\u00e9 hojen\u00ed ran<\/strong>\u00a0- Podporuje rychlej\u0161\u00ed obnovu tk\u00e1n\u00ed t\u00edm, \u017ee sni\u017euje z\u00e1n\u011bt a posiluje bun\u011b\u010dnou regeneraci.<\/li>\n<li><strong>Vlastnosti proti st\u00e1rnut\u00ed<\/strong>\u00a0- Redukuje jemn\u00e9 linky, vr\u00e1sky a hyperpigmentaci, co\u017e vede k mladistv\u00e9mu vzhledu.<\/li>\n<li><strong>Stimulace r\u016fstu vlas\u016f<\/strong>\u00a0- Podporuje zdrav\u00ed vlasov\u00fdch folikul\u016f a zlep\u0161uje hustotu vlas\u016f.<\/li>\n<li><strong>Antioxida\u010dn\u00ed a protiz\u00e1n\u011btliv\u00e9 \u00fa\u010dinky<\/strong>\u00a0- Chr\u00e1n\u00ed bu\u0148ky p\u0159ed oxida\u010dn\u00edm po\u0161kozen\u00edm a z\u00e1n\u011bty, \u010d\u00edm\u017e zaji\u0161\u0165uje dlouhodob\u00e9 zdrav\u00ed poko\u017eky.<\/li>\n<li><strong>Oprava tk\u00e1n\u00ed a sval\u016f<\/strong>\u00a0- Pom\u00e1h\u00e1 p\u0159i regeneraci sval\u016f a hojen\u00ed zran\u011bn\u00ed t\u00edm, \u017ee podporuje regeneraci bun\u011bk.<\/li>\n<\/ul>\n<p>GHK-CU je zvl\u00e1\u0161t\u011b prosp\u011b\u0161n\u00fd pro osoby, kter\u00e9 cht\u011bj\u00ed zlep\u0161it strukturu pleti, redukovat jizvy a urychlit hojen\u00ed po chirurgick\u00fdch z\u00e1kroc\u00edch nebo po \u00farazech.<\/p>\n<h2><strong>Pro\u010d Powerock Pharma?<\/strong><\/h2>\n<p>Ve spole\u010dnosti Powerock Pharma jsou kvalita a bezpe\u010dnost na\u0161imi hlavn\u00edmi prioritami. Na\u0161e GHK-CU je p\u0159ipravov\u00e1na v p\u0159\u00edsn\u00fdch podm\u00ednk\u00e1ch GMP, HACCP a v za\u0159\u00edzen\u00edch certifikovan\u00fdch podle ISO 13485, aby byla zaji\u0161t\u011bna nejvy\u0161\u0161\u00ed \u010distota a \u00fa\u010dinnost. Ka\u017ed\u00e1 \u0161ar\u017ee proch\u00e1z\u00ed p\u0159\u00edsn\u00fdm laboratorn\u00edm testov\u00e1n\u00edm, kter\u00e9 ov\u011b\u0159uje jej\u00ed \u00fa\u010dinnost, co\u017e zaru\u010duje, \u017ee obdr\u017e\u00edte spolehliv\u00fd a v\u00fdzkumn\u00fd produkt. Sv\u011b\u0159te se spole\u010dnosti Powerock Pharma, kter\u00e1 nab\u00edz\u00ed slou\u010deniny prvot\u0159\u00eddn\u00ed kvality ur\u010den\u00e9 k dosa\u017een\u00ed skute\u010dn\u00fdch v\u00fdsledk\u016f.<\/p>\n<h3><strong>Shrnut\u00ed:<\/strong><\/h3>\n<p>Pokud chcete zlep\u0161it regeneraci poko\u017eky, urychlit hojen\u00ed ran a podpo\u0159it boj proti st\u00e1rnut\u00ed, GHK-CU je ide\u00e1ln\u00edm \u0159e\u0161en\u00edm. Tento peptid v\u00fdzkumn\u00e9 kvality, za kter\u00fdm stoj\u00ed p\u0159\u00edsn\u00e9 standardy kvality spole\u010dnosti Powerock Pharma, zaru\u010duje bezpe\u010dn\u00e9 a \u00fa\u010dinn\u00e9 v\u00fdsledky. Ned\u011blejte kompromisy v kvalit\u011b - objednejte si GHK-CU je\u0161t\u011b dnes a za\u017eijte dal\u0161\u00ed \u00farove\u0148 omlazen\u00ed poko\u017eky a tk\u00e1n\u00ed.<\/p>\n<div id=\"gtx-trans\" style=\"position: absolute; left: 89px; top: 844.969px;\">\n<div class=\"gtx-trans-icon\"><\/div>\n<\/div>","protected":false},"excerpt":{"rendered":"<p>GHK-CU podporuje regeneraci poko\u017eky, hojen\u00ed ran a boj proti st\u00e1rnut\u00ed t\u00edm, \u017ee zvy\u0161uje produkci kolagenu a sni\u017euje z\u00e1n\u011bt. Nab\u00edz\u00ed lep\u0161\u00ed pru\u017enost poko\u017eky, rychlej\u0161\u00ed regeneraci a obnovu bun\u011bk. Vyberte si Powerock Pharma pro vynikaj\u00edc\u00ed kvalitu a v\u00fdsledky.<\/p>","protected":false},"featured_media":492,"template":"","meta":{"_acf_changed":false,"rank_math_lock_modified_date":false,"inline_featured_image":false},"product_cat":[17],"product_tag":[],"class_list":{"0":"post-478","1":"product","2":"type-product","3":"status-publish","4":"has-post-thumbnail","6":"product_cat-peptide-lyophilizates","9":"first","10":"instock","11":"shipping-taxable","12":"product-type-simple"},"acf":{"chromatogram":661,"metoda":""},"_links":{"self":[{"href":"https:\/\/powerockpharma.com\/cs\/wp-json\/wp\/v2\/product\/478","targetHints":{"allow":["GET"]}}],"collection":[{"href":"https:\/\/powerockpharma.com\/cs\/wp-json\/wp\/v2\/product"}],"about":[{"href":"https:\/\/powerockpharma.com\/cs\/wp-json\/wp\/v2\/types\/product"}],"wp:featuredmedia":[{"embeddable":true,"href":"https:\/\/powerockpharma.com\/cs\/wp-json\/wp\/v2\/media\/492"}],"wp:attachment":[{"href":"https:\/\/powerockpharma.com\/cs\/wp-json\/wp\/v2\/media?parent=478"}],"wp:term":[{"taxonomy":"product_cat","embeddable":true,"href":"https:\/\/powerockpharma.com\/cs\/wp-json\/wp\/v2\/product_cat?post=478"},{"taxonomy":"product_tag","embeddable":true,"href":"https:\/\/powerockpharma.com\/cs\/wp-json\/wp\/v2\/product_tag?post=478"}],"curies":[{"name":"wp","href":"https:\/\/api.w.org\/{rel}","templated":true}]}}