{"id":479,"date":"2025-01-29T13:55:30","date_gmt":"2025-01-29T12:55:30","guid":{"rendered":"https:\/\/powerockpharma.com\/?post_type=product&#038;p=479"},"modified":"2025-11-12T06:50:19","modified_gmt":"2025-11-12T05:50:19","slug":"tb-500-caps","status":"publish","type":"product","link":"https:\/\/powerockpharma.com\/cs\/peptide-lyophilizates\/tb-500-caps\/","title":{"rendered":"TB-500"},"content":{"rendered":"<h2><strong>Vlastnosti TB-500:<\/strong><\/h2>\n<p><strong>Thymosin beta-4 acet\u00e1t (TB-500)<\/strong>\u00a0je siln\u00fd peptid zn\u00e1m\u00fd sv\u00fdmi regenera\u010dn\u00edmi vlastnostmi, d\u00edky nim\u017e je obl\u00edbenou volbou pro osoby, kter\u00e9 cht\u011bj\u00ed urychlit obnovu tk\u00e1n\u00ed, zlep\u0161it regeneraci sval\u016f a celkovou fyzickou v\u00fdkonnost. Tento peptid hraje kl\u00ed\u010dovou roli v mechanismech bun\u011b\u010dn\u00e9 obnovy t\u00edm, \u017ee podporuje migraci bun\u011bk, zvy\u0161uje angiogenezi (tvorbu krevn\u00edch c\u00e9v) a sni\u017euje z\u00e1n\u011bt. TB-500 je \u0161iroce vyu\u017e\u00edv\u00e1n ve v\u00fdzkumu zam\u011b\u0159en\u00e9m na regeneraci sval\u016f, zdrav\u00ed kloub\u016f a celkovou fyzickou rehabilitaci.<\/p>\n<h2><strong>Mechanismus \u00fa\u010dinku:<\/strong><\/h2>\n<p>TB-500 p\u016fsob\u00ed p\u0159edev\u0161\u00edm regulac\u00ed\u00a0<strong>aktin<\/strong>, b\u00edlkovina nezbytn\u00e1 pro pohyb, opravu a regeneraci bun\u011bk. Modulac\u00ed dynamiky aktinu tento peptid zlep\u0161uje hojen\u00ed ran, r\u016fst sval\u016f a regeneraci tk\u00e1n\u00ed. Krom\u011b toho TB-500 podporuje angiogenezi, \u010d\u00edm\u017e zaji\u0161\u0165uje st\u00e1l\u00fd p\u0159\u00edsun kysl\u00edku a \u017eivin do po\u0161kozen\u00fdch tk\u00e1n\u00ed, co\u017e vede k rychlej\u0161\u00edmu zotaven\u00ed. Sni\u017euje tak\u00e9 z\u00e1n\u011bt a fibr\u00f3zu, co\u017e z n\u011bj \u010din\u00ed vynikaj\u00edc\u00ed volbu pro v\u00fdzkum chronick\u00fdch zran\u011bn\u00ed a z\u00e1n\u011btliv\u00fdch stav\u016f.<\/p>\n<h2><strong>V\u00fdhody:<\/strong><\/h2>\n<p>D\u016fsledn\u00e9 pou\u017e\u00edv\u00e1n\u00ed\u00a0<strong>TB-500<\/strong>\u00a0ve v\u00fdzkumn\u00fdch aplikac\u00edch prok\u00e1zal n\u00e1sleduj\u00edc\u00ed potenci\u00e1ln\u00ed v\u00fdhody:<\/p>\n<ul>\n<li><strong>Urychlen\u00e1 obnova tk\u00e1n\u00ed a hojen\u00ed ran<\/strong>\u00a0- Podporuje rychlej\u0161\u00ed zotaven\u00ed po zran\u011bn\u00edch, operac\u00edch a namo\u017een\u00ed sval\u016f.<\/li>\n<li><strong>Zv\u00fd\u0161en\u00fd r\u016fst a regenerace sval\u016f<\/strong>\u00a0- Podporuje obnovu sval\u016f, tak\u017ee je prosp\u011b\u0161n\u00fd pro sportovce a kulturisty.<\/li>\n<li><strong>Sn\u00ed\u017een\u00ed z\u00e1n\u011btu a fibr\u00f3zy<\/strong>\u00a0- Pom\u00e1h\u00e1 p\u0159i stavech souvisej\u00edc\u00edch s nadm\u011brn\u00fdm jizven\u00edm a chronick\u00fdm z\u00e1n\u011btem.<\/li>\n<li><strong>Zlep\u0161en\u00ed flexibility a zdrav\u00ed kloub\u016f<\/strong>\u00a0- P\u0159\u00edzniv\u011b p\u016fsob\u00ed na obnovu pojivov\u00e9 tk\u00e1n\u011b a udr\u017een\u00ed pohyblivosti.<\/li>\n<li><strong>Kardiovaskul\u00e1rn\u00ed podpora<\/strong>\u00a0- Stimuluje tvorbu krevn\u00edch c\u00e9v, \u010d\u00edm\u017e napom\u00e1h\u00e1 krevn\u00edmu ob\u011bhu a celkov\u00e9 kardiovaskul\u00e1rn\u00ed funkci.<\/li>\n<li><strong>Neurologick\u00e1 ochrana<\/strong>\u00a0- V\u00fdzkum nazna\u010duje potenci\u00e1ln\u00ed p\u0159\u00ednos pro neuroprotekci a zlep\u0161en\u00ed kognitivn\u00edch funkc\u00ed.<\/li>\n<\/ul>\n<p>TB-500 je \u0161iroce zkoum\u00e1n pro sv\u00e9 vyu\u017eit\u00ed v regenerativn\u00ed medic\u00edn\u011b, p\u0159i sportovn\u00ed regeneraci a optimalizaci v\u00fdkonu.<\/p>\n<h2><strong>Pro\u010d Powerock Pharma?<\/strong><\/h2>\n<p>Na adrese\u00a0<strong>Powerock Pharma<\/strong>, dodr\u017eujeme nejvy\u0161\u0161\u00ed standardy kvality a \u010distoty. N\u00e1\u0161 TB-500 se vyr\u00e1b\u00ed v\u00a0<strong>GMP, HACCP a ISO 13485<\/strong>-certifikovan\u00e1 za\u0159\u00edzen\u00ed, kter\u00e1 zaji\u0161\u0165uj\u00ed bezpe\u010dnost, konzistenci a \u00fa\u010dinnost. Ka\u017ed\u00e1 \u0161ar\u017ee proch\u00e1z\u00ed p\u0159\u00edsn\u00fdm testov\u00e1n\u00edm v nez\u00e1visl\u00fdch laborato\u0159\u00edch, aby se ov\u011b\u0159ila jej\u00ed \u00fa\u010dinnost a \u010distota. Se spole\u010dnost\u00ed Powerock Pharma se m\u016f\u017eete spolehnout, \u017ee dost\u00e1v\u00e1te prvot\u0159\u00eddn\u00ed TB-500 navr\u017een\u00fd pro maxim\u00e1ln\u00ed \u00fa\u010dinnost v\u00fdzkumu.<\/p>\n<h3><strong>Souhrn<\/strong><\/h3>\n<p>Pokud hled\u00e1te\u00a0<strong>\u0161pi\u010dkov\u00fd peptid pro v\u00fdzkum regenerace tk\u00e1n\u00ed, obnovy sval\u016f a redukce z\u00e1n\u011btu.<\/strong>, TB-500 je ide\u00e1ln\u00edm \u0159e\u0161en\u00edm. Podporov\u00e1no\u00a0<strong>Powerock Pharma<\/strong>\u00a0p\u0159\u00edsn\u00e9 normy kvality, tento v\u00fdrobek zaru\u010duje spolehlivost a \u00fa\u010dinnost. Ned\u011blejte kompromisy - objednejte si\u00a0<strong>TB-500<\/strong>\u00a0a poznejte rozd\u00edl v\u00a0<strong>v\u00fdkon, zotaven\u00ed a l\u00e9\u010den\u00ed<\/strong>.<\/p>\n<div id=\"gtx-trans\" style=\"position: absolute; left: 94px; top: 746.969px;\">\n<div class=\"gtx-trans-icon\"><\/div>\n<\/div>","protected":false},"excerpt":{"rendered":"<p><strong>Thymosin beta-4 acet\u00e1t (TB-500)<\/strong> podporuje obnovu a regeneraci tk\u00e1n\u00ed t\u00edm, \u017ee podporuje migraci bun\u011bk a sni\u017euje z\u00e1n\u011bt. Zlep\u0161uje regeneraci sval\u016f, urychluje hojen\u00ed a zlep\u0161uje pru\u017enost. Vyberte si Powerock Pharma pro kvalitu a v\u00fdsledky.<\/p>","protected":false},"featured_media":496,"template":"","meta":{"_acf_changed":false,"rank_math_lock_modified_date":false,"inline_featured_image":false},"product_cat":[17],"product_tag":[],"class_list":{"0":"post-479","1":"product","2":"type-product","3":"status-publish","4":"has-post-thumbnail","6":"product_cat-peptide-lyophilizates","9":"first","10":"instock","11":"shipping-taxable","12":"product-type-simple"},"acf":{"chromatogram":610,"metoda":""},"_links":{"self":[{"href":"https:\/\/powerockpharma.com\/cs\/wp-json\/wp\/v2\/product\/479","targetHints":{"allow":["GET"]}}],"collection":[{"href":"https:\/\/powerockpharma.com\/cs\/wp-json\/wp\/v2\/product"}],"about":[{"href":"https:\/\/powerockpharma.com\/cs\/wp-json\/wp\/v2\/types\/product"}],"wp:featuredmedia":[{"embeddable":true,"href":"https:\/\/powerockpharma.com\/cs\/wp-json\/wp\/v2\/media\/496"}],"wp:attachment":[{"href":"https:\/\/powerockpharma.com\/cs\/wp-json\/wp\/v2\/media?parent=479"}],"wp:term":[{"taxonomy":"product_cat","embeddable":true,"href":"https:\/\/powerockpharma.com\/cs\/wp-json\/wp\/v2\/product_cat?post=479"},{"taxonomy":"product_tag","embeddable":true,"href":"https:\/\/powerockpharma.com\/cs\/wp-json\/wp\/v2\/product_tag?post=479"}],"curies":[{"name":"wp","href":"https:\/\/api.w.org\/{rel}","templated":true}]}}