{"id":480,"date":"2025-01-29T13:55:30","date_gmt":"2025-01-29T12:55:30","guid":{"rendered":"https:\/\/powerockpharma.com\/?post_type=product&#038;p=480"},"modified":"2025-11-12T06:53:23","modified_gmt":"2025-11-12T05:53:23","slug":"selank","status":"publish","type":"product","link":"https:\/\/powerockpharma.com\/cs\/peptide-lyophilizates\/selank\/","title":{"rendered":"Selank"},"content":{"rendered":"<h2><strong>Vlastnosti Selank:<\/strong><\/h2>\n<p>Selank je syntetick\u00fd heptapeptid navr\u017een\u00fd pro sv\u00e9 siln\u00e9 nootropn\u00ed a anxiolytick\u00e9 \u00fa\u010dinky. Je \u0161iroce vyu\u017e\u00edv\u00e1n ve v\u00fdzkumu pro svou schopnost zlep\u0161ovat kognitivn\u00ed funkce, sni\u017eovat \u00fazkost a podporovat celkovou du\u0161evn\u00ed pohodu. Tento peptid ovliv\u0148uje nervov\u00fd syst\u00e9m regulac\u00ed kl\u00ed\u010dov\u00fdch neurotransmiter\u016f, co\u017e vede ke zlep\u0161en\u00ed u\u010den\u00ed, udr\u017een\u00ed pam\u011bti a emo\u010dn\u00ed stability. V\u011bdci tak\u00e9 pozorovali imunomodula\u010dn\u00ed vlastnosti, co\u017e ze Selanku \u010din\u00ed univerz\u00e1ln\u00ed slou\u010deninu v neurofarmakologick\u00fdch studi\u00edch.<\/p>\n<h2><strong>Mechanismus \u00fa\u010dinku:<\/strong><\/h2>\n<p>Selank p\u016fsob\u00ed p\u0159edev\u0161\u00edm prost\u0159ednictv\u00edm modulace aktivity enkefalin\u016f - p\u0159\u00edrodn\u00edch peptid\u016f, kter\u00e9 se pod\u00edlej\u00ed na regulaci n\u00e1lady a reakce na stres. Inhibuje enzym zodpov\u011bdn\u00fd za jejich odbour\u00e1v\u00e1n\u00ed, \u010d\u00edm\u017e prodlu\u017euje jejich \u00fa\u010dinky a vede ke zv\u00fd\u0161en\u00ed emo\u010dn\u00ed stability a kognitivn\u00ed jasnosti. Selank nav\u00edc ovliv\u0148uje expresi neurotrofick\u00e9ho faktoru odvozen\u00e9ho od mozku (BDNF), kter\u00fd je kl\u00ed\u010dov\u00fd pro neuroplasticitu, u\u010den\u00ed a tvorbu pam\u011bti.<\/p>\n<p>Stabilizac\u00ed rovnov\u00e1hy excita\u010dn\u00edch a inhibi\u010dn\u00edch neurotransmiter\u016f sni\u017euje Selank \u00fazkost bez sedativn\u00edch \u00fa\u010dink\u016f, \u010d\u00edm\u017e se odli\u0161uje od tradi\u010dn\u00edch anxiolytik. D\u00e1le bylo prok\u00e1z\u00e1no, \u017ee zvy\u0161uje p\u0159enos dopaminu a serotoninu, co\u017e p\u0159isp\u00edv\u00e1 k lep\u0161\u00edmu soust\u0159ed\u011bn\u00ed a regulaci n\u00e1lady.<\/p>\n<h2><strong>V\u00fdhody:<\/strong><\/h2>\n<p>D\u016fsledn\u00e9 pou\u017e\u00edv\u00e1n\u00ed Selanku ve v\u00fdzkumu prok\u00e1zalo:<\/p>\n<ul>\n<li><strong>Zlep\u0161en\u00ed kognitivn\u00edch funkc\u00ed<\/strong>\u00a0- Zlep\u0161en\u00ed u\u010den\u00ed, udr\u017een\u00ed pam\u011bti a soust\u0159ed\u011bn\u00ed.<\/li>\n<li><strong>Anxiolytick\u00e9 \u00fa\u010dinky<\/strong>\u00a0- Sn\u00ed\u017een\u00ed stresu, \u00fazkosti a emo\u010dn\u00ed nestability.<\/li>\n<li><strong>Neuroprotekce<\/strong>\u00a0- Podpora zdrav\u00ed mozku prost\u0159ednictv\u00edm regulace neurotransmiter\u016f a exprese BDNF.<\/li>\n<li><strong>Modulace imunitn\u00edho syst\u00e9mu<\/strong>\u00a0- Zlep\u0161en\u00e1 funkce imunitn\u00edho syst\u00e9mu a kontrola z\u00e1n\u011btu.<\/li>\n<li><strong>Stabilizace n\u00e1lady<\/strong>\u00a0- Zlep\u0161en\u00ed hladiny serotoninu a dopaminu pro lep\u0161\u00ed emo\u010dn\u00ed rovnov\u00e1hu.<\/li>\n<li><strong>Nesedativn\u00ed sn\u00ed\u017een\u00ed \u00fazkosti<\/strong>\u00a0- Na rozd\u00edl od benzodiazepin\u016f sni\u017euje Selank \u00fazkost, ani\u017e by zp\u016fsoboval ospalost nebo z\u00e1vislost.<\/li>\n<\/ul>\n<p>Selank je zvl\u00e1\u0161t\u011b \u00fa\u010dinn\u00fd pro osoby, kter\u00e9 se pohybuj\u00ed v prost\u0159ed\u00ed s vysok\u00fdm v\u00fdkonem, jako jsou studenti, profesion\u00e1lov\u00e9 a v\u00fdzkumn\u00ed pracovn\u00edci, kte\u0159\u00ed se zam\u011b\u0159uj\u00ed na kognitivn\u00ed odolnost a emo\u010dn\u00ed regulaci.<\/p>\n<h2><strong>Pro\u010d Powerock Pharma?<\/strong><\/h2>\n<p>Ve spole\u010dnosti Powerock Pharma zaji\u0161\u0165ujeme, \u017ee ka\u017ed\u00e1 \u0161ar\u017ee p\u0159\u00edpravku Selank je vyr\u00e1b\u011bna za p\u0159\u00edsn\u00fdch kontrol kvality, kter\u00e9 spl\u0148uj\u00ed a p\u0159ekra\u010duj\u00ed normy GMP, HACCP a ISO 13485. Na\u0161e pokro\u010dil\u00e9 testovac\u00ed protokoly zaru\u010duj\u00ed \u010distotu, \u00fa\u010dinnost a konzistenci na\u0161ich produkt\u016f a zaji\u0161\u0165uj\u00ed spolehliv\u00e9 v\u00fdsledky pro v\u00fdzkumn\u00e9 aplikace. Spolupracujeme s p\u0159edn\u00edmi laborato\u0159emi na ov\u011b\u0159ov\u00e1n\u00ed integrity na\u0161ich slou\u010denin, co\u017e v\u00e1m d\u00e1v\u00e1 jistotu p\u0159i v\u00fdb\u011bru spole\u010dnosti Selank pro va\u0161e studie.<\/p>\n<h3><strong>Shrnut\u00ed:<\/strong><\/h3>\n<p>Pokud chcete podpo\u0159it kognitivn\u00ed funkce, sn\u00ed\u017eit \u00fazkost a pos\u00edlit neuroprotekci, Selank je pro v\u00e1s \u0159e\u0161en\u00edm. Tento produkt, za kter\u00fdm stoj\u00ed p\u0159\u00edsn\u00e9 standardy kvality spole\u010dnosti Powerock Pharma, poskytuje spolehliv\u00e9 a \u00fa\u010dinn\u00e9 v\u00fdsledky pro v\u00fdzkumn\u00e9 \u00fa\u010dely. Zvy\u0161te \u00farove\u0148 sv\u00fdch studi\u00ed pomoc\u00ed p\u0159\u00edpravku Selank pr\u00e9miov\u00e9 kvality - objednejte si jej je\u0161t\u011b dnes a odhalte potenci\u00e1l v\u00fdzkumu zalo\u017een\u00e9ho na neuropeptidech.<\/p>\n<div id=\"gtx-trans\" style=\"position: absolute; left: 270px; top: 834.969px;\">\n<div class=\"gtx-trans-icon\"><\/div>\n<\/div>","protected":false},"excerpt":{"rendered":"<p>Selank (syntetick\u00fd heptapeptid: Thr-Lys-Pro-Arg-Pro-Gly-Pro) podporuje zlep\u0161en\u00ed kognitivn\u00edch funkc\u00ed, sn\u00ed\u017een\u00ed \u00fazkosti a neuroprotekci modulac\u00ed imunitn\u00edho syst\u00e9mu a neurotransmiter\u016f. Nab\u00edz\u00ed lep\u0161\u00ed soust\u0159ed\u011bn\u00ed, stabilizaci n\u00e1lady a odolnost v\u016f\u010di stresu. Vyberte si Powerock Pharma pro kvalitu a v\u00fdsledky.<\/p>","protected":false},"featured_media":494,"template":"","meta":{"_acf_changed":false,"rank_math_lock_modified_date":false,"inline_featured_image":false},"product_cat":[17],"product_tag":[],"class_list":{"0":"post-480","1":"product","2":"type-product","3":"status-publish","4":"has-post-thumbnail","6":"product_cat-peptide-lyophilizates","9":"first","10":"instock","11":"shipping-taxable","12":"product-type-simple"},"acf":{"chromatogram":618,"metoda":""},"_links":{"self":[{"href":"https:\/\/powerockpharma.com\/cs\/wp-json\/wp\/v2\/product\/480","targetHints":{"allow":["GET"]}}],"collection":[{"href":"https:\/\/powerockpharma.com\/cs\/wp-json\/wp\/v2\/product"}],"about":[{"href":"https:\/\/powerockpharma.com\/cs\/wp-json\/wp\/v2\/types\/product"}],"wp:featuredmedia":[{"embeddable":true,"href":"https:\/\/powerockpharma.com\/cs\/wp-json\/wp\/v2\/media\/494"}],"wp:attachment":[{"href":"https:\/\/powerockpharma.com\/cs\/wp-json\/wp\/v2\/media?parent=480"}],"wp:term":[{"taxonomy":"product_cat","embeddable":true,"href":"https:\/\/powerockpharma.com\/cs\/wp-json\/wp\/v2\/product_cat?post=480"},{"taxonomy":"product_tag","embeddable":true,"href":"https:\/\/powerockpharma.com\/cs\/wp-json\/wp\/v2\/product_tag?post=480"}],"curies":[{"name":"wp","href":"https:\/\/api.w.org\/{rel}","templated":true}]}}