{"id":481,"date":"2025-01-29T13:55:31","date_gmt":"2025-01-29T12:55:31","guid":{"rendered":"https:\/\/powerockpharma.com\/?post_type=product&#038;p=481"},"modified":"2025-11-12T06:52:48","modified_gmt":"2025-11-12T05:52:48","slug":"semax","status":"publish","type":"product","link":"https:\/\/powerockpharma.com\/cs\/peptide-lyophilizates\/semax\/","title":{"rendered":"Semax"},"content":{"rendered":"<h2><strong>Vlastnosti Semax:<\/strong><\/h2>\n<p>Semax je syntetick\u00fd peptid odvozen\u00fd od adrenokortikotropn\u00edho hormonu (ACTH) a je zn\u00e1m\u00fd sv\u00fdmi hlubok\u00fdmi \u00fa\u010dinky na kognitivn\u00ed funkce a neuroprotekci. Je \u0161iroce pou\u017e\u00edv\u00e1n ke zv\u00fd\u0161en\u00ed ment\u00e1ln\u00ed v\u00fdkonnosti, pam\u011bti a odolnosti v\u016f\u010di stresu a neurologick\u00fdm poruch\u00e1m. Tato slou\u010denina p\u016fsob\u00ed prost\u0159ednictv\u00edm modulace BDNF a neurotransmiterov\u00fdch syst\u00e9m\u016f, co\u017e vede ke zlep\u0161en\u00ed synaptick\u00e9 plasticity, neurogeneze a du\u0161evn\u00ed jasnosti.<\/p>\n<h2><strong>Mechanismus \u00fa\u010dinku:<\/strong><\/h2>\n<p>\u00da\u010dinek p\u0159\u00edpravku Semax se soust\u0159ed\u00ed na jeho schopnost regulovat BDNF, co\u017e je kl\u00ed\u010dov\u00fd protein, kter\u00fd se pod\u00edl\u00ed na p\u0159e\u017eit\u00ed neuron\u016f, jejich r\u016fstu a kognitivn\u00edch funkc\u00edch. Zv\u00fd\u0161en\u00edm hladiny BDNF zvy\u0161uje Semax schopnost u\u010den\u00ed, konsolidaci pam\u011bti a neuroplasticitu a z\u00e1rove\u0148 chr\u00e1n\u00ed neurony p\u0159ed oxidativn\u00edm stresem a z\u00e1n\u011btem. Tento mechanismus zaji\u0161\u0165uje zlep\u0161en\u00ed kognitivn\u00edch funkc\u00ed bez b\u011b\u017en\u00fdch vedlej\u0161\u00edch \u00fa\u010dink\u016f spojen\u00fdch s tradi\u010dn\u00edmi nootropiky. Nav\u00edc hraje roli p\u0159i regulaci hladin dopaminu a serotoninu, \u010d\u00edm\u017e p\u0159isp\u00edv\u00e1 ke zlep\u0161en\u00ed n\u00e1lady a motivace.<\/p>\n<h2><strong>V\u00fdhody:<\/strong><\/h2>\n<p>D\u016fsledn\u00e9 u\u017e\u00edv\u00e1n\u00ed p\u0159\u00edpravku Semax vede ke znateln\u00e9mu zlep\u0161en\u00ed kognitivn\u00edch funkc\u00ed, udr\u017een\u00ed pam\u011bti a du\u0161evn\u00ed odolnosti. Mezi dal\u0161\u00ed p\u0159\u00ednosy pat\u0159\u00ed zv\u00fd\u0161en\u00e9 soust\u0159ed\u011bn\u00ed, rychlej\u0161\u00ed schopnost u\u010den\u00ed a v\u011bt\u0161\u00ed odolnost v\u016f\u010di du\u0161evn\u00ed \u00fanav\u011b. Je zvl\u00e1\u0161t\u011b \u00fa\u010dinn\u00fd pro jedince usiluj\u00edc\u00ed o optimalizaci kognitivn\u00edho v\u00fdkonu, studenty, odborn\u00edky a v\u00fdzkumn\u00edky zab\u00fdvaj\u00edc\u00ed se psychicky n\u00e1ro\u010dn\u00fdmi \u00fakoly. Semax se rovn\u011b\u017e osv\u011bd\u010dil p\u0159i zm\u00edr\u0148ov\u00e1n\u00ed \u00fa\u010dink\u016f stresu a podpo\u0159e neurologick\u00e9ho zotaven\u00ed ve v\u00fdzkumn\u00fdch za\u0159\u00edzen\u00edch.<\/p>\n<h2><strong>Pro\u010d Powerock Pharma:<\/strong><\/h2>\n<p>Ve spole\u010dnosti Powerock Pharma je pro n\u00e1s prioritou kvalita, bezpe\u010dnost a \u00fa\u010dinnost. N\u00e1\u0161 p\u0159\u00edpravek Semax se vyr\u00e1b\u00ed v za\u0159\u00edzen\u00edch, kter\u00e1 p\u0159ekra\u010duj\u00ed normy GMP, HACCP a ISO 13485, co\u017e zaji\u0161\u0165uje \u010distotu a \u00fa\u010dinnost farmaceutick\u00e9 kvality. Ka\u017ed\u00e1 \u0161ar\u017ee proch\u00e1z\u00ed p\u0159\u00edsn\u00fdmi testy p\u0159edn\u00edch laborato\u0159\u00ed, kter\u00e9 ov\u011b\u0159uj\u00ed jej\u00ed integritu a konzistenci. N\u00e1\u0161 z\u00e1vazek k dokonalosti znamen\u00e1, \u017ee dost\u00e1v\u00e1te jen to nejlep\u0161\u00ed, co p\u0159in\u00e1\u0161\u00ed bezkonkuren\u010dn\u00ed v\u00fdsledky p\u0159i ka\u017ed\u00e9m pou\u017eit\u00ed.<\/p>\n<h3><strong>Shrnut\u00ed:<\/strong><\/h3>\n<p>Pokud chcete zv\u00fd\u0161it sv\u00e9 kognitivn\u00ed schopnosti a du\u0161evn\u00ed v\u00fdkonnost, Semax je \u0159e\u0161en\u00ed, kter\u00e9 pot\u0159ebujete. Tento produkt, za kter\u00fdm stoj\u00ed p\u0159\u00edsn\u00e9 kontroly kvality spole\u010dnosti Powerock Pharma, je navr\u017een tak, aby v\u00e1m pomohl bezpe\u010dn\u011b a efektivn\u011b dos\u00e1hnout optim\u00e1ln\u00edho soust\u0159ed\u011bn\u00ed, pam\u011bti a odolnosti. Nespokojte se s men\u0161\u00edm mno\u017estv\u00edm - objednejte si Semax je\u0161t\u011b dnes a za\u010dn\u011bte za\u017e\u00edvat lep\u0161\u00ed pozn\u00e1v\u00e1n\u00ed a du\u0161evn\u00ed jasnost.<\/p>\n<div id=\"gtx-trans\" style=\"position: absolute; left: 265px; top: 618.969px;\">\n<div class=\"gtx-trans-icon\"><\/div>\n<\/div>","protected":false},"excerpt":{"rendered":"<p data-pm-slice=\"1 1 []\">Semax podporuje zlep\u0161en\u00ed kognitivn\u00edch funkc\u00ed a neuroprotekci t\u00edm, \u017ee moduluje hladinu neurotrofick\u00e9ho faktoru odvozen\u00e9ho od mozku (BDNF). Zlep\u0161uje soust\u0159ed\u011bn\u00ed, udr\u017een\u00ed pam\u011bti a odolnost v\u016f\u010di stresu. Vyberte si Powerock Pharma pro kvalitu a v\u00fdsledky.<\/p>","protected":false},"featured_media":499,"template":"","meta":{"_acf_changed":false,"rank_math_lock_modified_date":false,"inline_featured_image":false},"product_cat":[17],"product_tag":[],"class_list":{"0":"post-481","1":"product","2":"type-product","3":"status-publish","4":"has-post-thumbnail","6":"product_cat-peptide-lyophilizates","9":"first","10":"instock","11":"shipping-taxable","12":"product-type-simple"},"acf":{"chromatogram":617,"metoda":""},"_links":{"self":[{"href":"https:\/\/powerockpharma.com\/cs\/wp-json\/wp\/v2\/product\/481","targetHints":{"allow":["GET"]}}],"collection":[{"href":"https:\/\/powerockpharma.com\/cs\/wp-json\/wp\/v2\/product"}],"about":[{"href":"https:\/\/powerockpharma.com\/cs\/wp-json\/wp\/v2\/types\/product"}],"wp:featuredmedia":[{"embeddable":true,"href":"https:\/\/powerockpharma.com\/cs\/wp-json\/wp\/v2\/media\/499"}],"wp:attachment":[{"href":"https:\/\/powerockpharma.com\/cs\/wp-json\/wp\/v2\/media?parent=481"}],"wp:term":[{"taxonomy":"product_cat","embeddable":true,"href":"https:\/\/powerockpharma.com\/cs\/wp-json\/wp\/v2\/product_cat?post=481"},{"taxonomy":"product_tag","embeddable":true,"href":"https:\/\/powerockpharma.com\/cs\/wp-json\/wp\/v2\/product_tag?post=481"}],"curies":[{"name":"wp","href":"https:\/\/api.w.org\/{rel}","templated":true}]}}