{"id":69,"date":"2024-08-04T16:46:41","date_gmt":"2024-08-04T14:46:41","guid":{"rendered":"https:\/\/powerockpharma.com\/?post_type=product&#038;p=69"},"modified":"2025-11-12T07:11:02","modified_gmt":"2025-11-12T06:11:02","slug":"5-amino-1mq","status":"publish","type":"product","link":"https:\/\/powerockpharma.com\/cs\/nootropics\/5-amino-1mq\/","title":{"rendered":"5-AMINO-1MQ"},"content":{"rendered":"<h2>Vlastnosti:<\/h2>\n<p>5-Amino-1-methylchinolinium (5-AMINO-1MQ) je \u00fa\u010dinn\u00e1 slou\u010denina, kter\u00e1 je zn\u00e1m\u00e1 pro svou schopnost \u00fa\u010dinn\u011b se zam\u011b\u0159it na odbour\u00e1v\u00e1n\u00ed tuk\u016f, a proto je vyhled\u00e1van\u00e1 mezi v\u00fdzkumn\u00edky, kte\u0159\u00ed se zam\u011b\u0159uj\u00ed na metabolick\u00e9 zdrav\u00ed a slo\u017een\u00ed t\u011bla. Tato inovativn\u00ed slou\u010denina p\u016fsob\u00ed tak, \u017ee inhibuje nikotinamid N-methyltransfer\u00e1zu (NNMT), enzym, kter\u00fd reguluje metabolismus tukov\u00fdch bun\u011bk. T\u00edm, \u017ee se zam\u011b\u0159uje na NNMT, 5-AMINO-1MQ naru\u0161uje norm\u00e1ln\u00ed procesy ukl\u00e1d\u00e1n\u00ed tuk\u016f, co\u017e vede k v\u00fdrazn\u00e9mu sn\u00ed\u017een\u00ed hromad\u011bn\u00ed tuk\u016f a zv\u00fd\u0161en\u00ed celkov\u00e9ho energetick\u00e9ho v\u00fddeje. V d\u016fsledku toho je slibnou l\u00e1tkou pro studie zam\u011b\u0159en\u00e9 na zlep\u0161en\u00ed \u00fabytku tuku a metabolick\u00e9 \u00fa\u010dinnosti.<\/p>\n<h2>Mechanismus \u00fa\u010dinku:<\/h2>\n<p>Mechanismus \u00fa\u010dinku 5-AMINO-1MQ je zalo\u017een na selektivn\u00ed inhibici enzymu NNMT, kter\u00fd se v\u00fdznamn\u011b pod\u00edl\u00ed na metabolismu tukov\u00fdch bun\u011bk (adipocyt\u016f). NNMT moduluje dostupnost nikotinamidu, kter\u00fd je \u017eivotn\u011b d\u016fle\u017eitou slo\u017ekou p\u0159i produkci bun\u011b\u010dn\u00e9 energie a metabolismu tuk\u016f. Inhibic\u00ed NNMT 5-AMINO-1MQ \u00fa\u010dinn\u011b zvy\u0161uje intracelul\u00e1rn\u00ed hladiny nikotinamidu, co\u017e n\u00e1sledn\u011b zvy\u0161uje produkci bun\u011b\u010dn\u00e9 energie a sni\u017euje \u00fa\u010dinnost mechanism\u016f ukl\u00e1d\u00e1n\u00ed tuk\u016f. To vede k \u00fabytku tukov\u00e9 tk\u00e1n\u011b a podporuje \u0161t\u00edhlej\u0161\u00ed t\u011blesnou stavbu. Inhibice NNMT je nav\u00edc spojena se zlep\u0161en\u00edm citlivosti na inzulin a metabolick\u00fdch funkc\u00ed, co\u017e z n\u011bj \u010din\u00ed cennou slou\u010deninu pro metabolick\u00fd v\u00fdzkum.<\/p>\n<h2>V\u00fdhody:<\/h2>\n<p>D\u016fsledn\u00e9 u\u017e\u00edv\u00e1n\u00ed 5-AMINO-1MQ ve v\u00fdzkumn\u00fdch podm\u00ednk\u00e1ch p\u0159ineslo v\u00fdznamn\u00e9 v\u00fdhody, v\u010detn\u011b v\u00fdrazn\u00e9ho sn\u00ed\u017een\u00ed tukov\u00e9 hmoty, zv\u00fd\u0161en\u00ed energetick\u00e9 hladiny a zlep\u0161en\u00ed celkov\u00e9ho slo\u017een\u00ed t\u011bla. V\u00fdzkumn\u00edci zaznamenali tak\u00e9 sekund\u00e1rn\u00ed p\u0159\u00ednosy, jako je zv\u00fd\u0161en\u00e1 rychlost metabolismu, lep\u0161\u00ed citlivost na inzul\u00edn a zv\u00fd\u0161en\u00e1 vytrvalost. D\u00edky t\u011bmto \u00fa\u010dink\u016fm je 5-AMINO-1MQ zvl\u00e1\u0161t\u011b \u00fa\u010dinn\u00fd pro studie zam\u011b\u0159en\u00e9 na obezitu, metabolick\u00fd syndrom a regulaci hmotnosti. Krom\u011b toho m\u016f\u017ee m\u00edt tato slou\u010denina d\u00edky sv\u00e9 roli v regulaci bun\u011b\u010dn\u00e9 energie a metabolismu tuk\u016f potenci\u00e1ln\u00ed p\u0159\u00ednos ve v\u00fdzkumu zam\u011b\u0159en\u00e9m na boj proti st\u00e1rnut\u00ed.<\/p>\n<h2>Pro\u010d Powerock Pharma:<\/h2>\n<p>Ve spole\u010dnosti Powerock Pharma se sna\u017e\u00edme dod\u00e1vat v\u00fdzkumn\u00e9 slou\u010deniny nejvy\u0161\u0161\u00ed kvality, kter\u00e9 jsou na trhu k dispozici. Ka\u017ed\u00e1 \u0161ar\u017ee p\u0159\u00edpravku 5-AMINO-1MQ se vyr\u00e1b\u00ed v na\u0161ich nejmodern\u011bj\u0161\u00edch za\u0159\u00edzen\u00edch, kter\u00e1 spl\u0148uj\u00ed normy GMP, HACCP a ISO 13485. Na\u0161e p\u0159\u00edsn\u00e9 procesy kontroly kvality zaji\u0161\u0165uj\u00ed, \u017ee ka\u017ed\u00e1 kapsle obsahuje p\u0159esn\u011b 10 mg \u010dist\u00e9ho, \u00fa\u010dinn\u00e9ho 5-AMINO-1MQ, zapouzd\u0159en\u00e9ho tak, aby byla zachov\u00e1na jeho stabilita a \u00fa\u010dinnost. Spolupracujeme s p\u0159edn\u00edmi laborato\u0159emi na ov\u011b\u0159ov\u00e1n\u00ed \u010distoty a \u00fa\u010dinnosti na\u0161ich produkt\u016f, tak\u017ee se m\u016f\u017eete spolehnout, \u017ee 5-AMINO-1MQ od spole\u010dnosti Powerock Pharma bude trvale poskytovat spolehliv\u00e9 v\u00fdsledky, kter\u00e9 pot\u0159ebujete pro sv\u016fj v\u00fdzkum. Vyberte si spole\u010dnost Powerock Pharma pro vynikaj\u00edc\u00ed kvalitu, bezpe\u010dnost a v\u00fdkon.<\/p>\n<h3>Shrnut\u00ed:<\/h3>\n<p>Pro ty, kte\u0159\u00ed cht\u011bj\u00ed pokro\u010dit ve v\u00fdzkumu v oblasti odbour\u00e1v\u00e1n\u00ed tuk\u016f a metabolick\u00e9ho zdrav\u00ed, je 5-AMINO-1MQ ide\u00e1ln\u00ed slou\u010deninou. Tento produkt je podporov\u00e1n p\u0159\u00edsn\u00fdmi standardy kvality spole\u010dnosti Powerock Pharma a je navr\u017een tak, aby v\u00e1m pomohl dos\u00e1hnout konzistentn\u00edch a smyslupln\u00fdch v\u00fdsledk\u016f ve va\u0161ich studi\u00edch. Ned\u011blejte kompromisy v kvalit\u011b - objednejte si 5-AMINO-1MQ je\u0161t\u011b dnes a podpo\u0159te sv\u016fj v\u00fdzkum t\u00edm nejlep\u0161\u00edm.<\/p>","protected":false},"excerpt":{"rendered":"<p>5-Amino-1-methylchinolinium (5-AMINO-1MQ) podporuje odbour\u00e1v\u00e1n\u00ed tuk\u016f inhibic\u00ed enzymu NNMT, kter\u00fd hraje kl\u00ed\u010dovou roli v metabolismu tukov\u00fdch bun\u011bk. Za\u017eijte zv\u00fd\u0161enou energii, sn\u00ed\u017eenou akumulaci tuk\u016f a lep\u0161\u00ed slo\u017een\u00ed t\u011bla d\u00edky \u0161pi\u010dkov\u00e9 kvalit\u011b Powerock Pharma.<\/p>","protected":false},"featured_media":164,"template":"","meta":{"_acf_changed":false,"rank_math_lock_modified_date":false,"inline_featured_image":false},"product_cat":[19],"product_tag":[],"class_list":{"0":"post-69","1":"product","2":"type-product","3":"status-publish","4":"has-post-thumbnail","6":"product_cat-nootropics","9":"first","10":"instock","11":"shipping-taxable","12":"product-type-simple"},"acf":{"chromatogram":682,"metoda":{"acftf":{"v":"1.3.24"},"p":{"o":{"uh":0},"ca":""},"c":[{"p":""}],"h":[{"c":""}],"b":[[{"c":""}]]}},"_links":{"self":[{"href":"https:\/\/powerockpharma.com\/cs\/wp-json\/wp\/v2\/product\/69","targetHints":{"allow":["GET"]}}],"collection":[{"href":"https:\/\/powerockpharma.com\/cs\/wp-json\/wp\/v2\/product"}],"about":[{"href":"https:\/\/powerockpharma.com\/cs\/wp-json\/wp\/v2\/types\/product"}],"wp:featuredmedia":[{"embeddable":true,"href":"https:\/\/powerockpharma.com\/cs\/wp-json\/wp\/v2\/media\/164"}],"wp:attachment":[{"href":"https:\/\/powerockpharma.com\/cs\/wp-json\/wp\/v2\/media?parent=69"}],"wp:term":[{"taxonomy":"product_cat","embeddable":true,"href":"https:\/\/powerockpharma.com\/cs\/wp-json\/wp\/v2\/product_cat?post=69"},{"taxonomy":"product_tag","embeddable":true,"href":"https:\/\/powerockpharma.com\/cs\/wp-json\/wp\/v2\/product_tag?post=69"}],"curies":[{"name":"wp","href":"https:\/\/api.w.org\/{rel}","templated":true}]}}