{"id":71,"date":"2024-08-04T16:49:00","date_gmt":"2024-08-04T14:49:00","guid":{"rendered":"https:\/\/powerockpharma.com\/?post_type=product&#038;p=71"},"modified":"2025-11-12T07:10:08","modified_gmt":"2025-11-12T06:10:08","slug":"alpha-gpc","status":"publish","type":"product","link":"https:\/\/powerockpharma.com\/cs\/nootropics\/alfa-gpc\/","title":{"rendered":"ALPHA GPC"},"content":{"rendered":"<h2>Vlastnosti:<\/h2>\n<p>L-alfa-glycerofosfocholin, b\u011b\u017en\u011b zn\u00e1m\u00fd jako alfa GPC, je siln\u00e9 nootropikum, kter\u00e9 hraje kl\u00ed\u010dovou roli p\u0159i zlep\u0161ov\u00e1n\u00ed kognitivn\u00edch funkc\u00ed. Je \u0161iroce uzn\u00e1v\u00e1n pro svou schopnost posilovat mozkov\u00e9 funkce, co\u017e z n\u011bj \u010din\u00ed nejlep\u0161\u00ed volbu pro jedince, kte\u0159\u00ed cht\u011bj\u00ed zlep\u0161it pam\u011b\u0165, soust\u0159ed\u011bn\u00ed a celkovou du\u0161evn\u00ed jasnost. Alfa GPC funguje tak, \u017ee zvy\u0161uje hladinu acetylcholinu, neurotransmiteru, kter\u00fd je nezbytn\u00fd pro pam\u011b\u0165 a procesy u\u010den\u00ed. Tato slou\u010denina je obzvl\u00e1\u0161t\u011b \u00fa\u010dinn\u00e1 pro ty, kte\u0159\u00ed se v\u011bnuj\u00ed psychicky n\u00e1ro\u010dn\u00fdm \u00fakol\u016fm, a\u0165 u\u017e v akademick\u00e9m, profesn\u00edm nebo sportovn\u00edm prost\u0159ed\u00ed.<\/p>\n<h2>Mechanismus \u00fa\u010dinku:<\/h2>\n<p>Alfa GPC p\u016fsob\u00ed p\u0159edev\u0161\u00edm prost\u0159ednictv\u00edm sv\u00e9ho vlivu na produkci acetylcholinu. Jako prekurzor tohoto kritick\u00e9ho neurotransmiteru poskytuje alfa GPC cholin pot\u0159ebn\u00fd pro jeho synt\u00e9zu, \u010d\u00edm\u017e zaji\u0161\u0165uje, \u017ee mozek m\u00e1 dostate\u010dn\u00e9 z\u00e1soby pro podporu kognitivn\u00edch funkc\u00ed. P\u0159ekon\u00e1n\u00edm hematoencefalick\u00e9 bari\u00e9ry alfa GPC rychle zvy\u0161uje dostupnost cholinu v mozku, kter\u00fd se n\u00e1sledn\u011b p\u0159em\u011b\u0148uje na acetylcholin. Toto zv\u00fd\u0161en\u00ed acetylcholinu zlep\u0161uje synaptick\u00fd p\u0159enos, a t\u00edm zlep\u0161uje udr\u017een\u00ed pam\u011bti, schopnost u\u010den\u00ed a soust\u0159ed\u011bn\u00ed. Nav\u00edc bylo prok\u00e1z\u00e1no, \u017ee Alpha GPC podporuje uvol\u0148ov\u00e1n\u00ed r\u016fstov\u00e9ho hormonu, co\u017e m\u016f\u017ee m\u00edt dal\u0161\u00ed p\u0159\u00ednosy, jako je zlep\u0161en\u00ed fyzick\u00e9 v\u00fdkonnosti a regenerace.<\/p>\n<h2>V\u00fdhody:<\/h2>\n<p>Pravideln\u00e9 u\u017e\u00edv\u00e1n\u00ed alfa GPC p\u0159in\u00e1\u0161\u00ed v\u00fdznamn\u00e9 kognitivn\u00ed v\u00fdhody, v\u010detn\u011b zlep\u0161en\u00ed pam\u011bti, lep\u0161\u00edho soust\u0159ed\u011bn\u00ed a lep\u0161\u00ed ment\u00e1ln\u00ed jasnosti. Je zvl\u00e1\u0161t\u011b prosp\u011b\u0161n\u00fd pro osoby, kter\u00e9 se v\u011bnuj\u00ed \u010dinnostem vy\u017eaduj\u00edc\u00edm intenzivn\u00ed soust\u0159ed\u011bn\u00ed a du\u0161evn\u00ed vytrvalost, jako jsou studenti, profesion\u00e1lov\u00e9 a sportovci. Krom\u011b kognitivn\u00edch p\u0159\u00ednos\u016f m\u016f\u017ee Alpha GPC p\u0159isp\u00edvat tak\u00e9 k fyzick\u00e9 v\u00fdkonnosti t\u00edm, \u017ee podporuje uvol\u0148ov\u00e1n\u00ed r\u016fstov\u00e9ho hormonu, co\u017e z n\u011bj \u010din\u00ed univerz\u00e1ln\u00ed dopln\u011bk stravy pro mysl i t\u011blo. U\u017eivatel\u00e9 \u010dasto uv\u00e1d\u011bj\u00ed pocit v\u011bt\u0161\u00ed bd\u011blosti a du\u0161evn\u00ed bystrosti, zlep\u0161en\u00ed schopnosti u\u010den\u00ed a rychlosti zapamatov\u00e1n\u00ed. Je tak\u00e9 zn\u00e1mo, \u017ee tato slou\u010denina podporuje zdrav\u00ed mozku a m\u016f\u017ee m\u00edt neuroprotektivn\u00ed \u00fa\u010dinky, kter\u00e9 chr\u00e1n\u00ed p\u0159ed \u00fabytkem kognitivn\u00edch funkc\u00ed s p\u0159ib\u00fdvaj\u00edc\u00edm v\u011bkem.<\/p>\n<h2>Pro\u010d Powerock Pharma:<\/h2>\n<p>Ve spole\u010dnosti Powerock Pharma se v\u011bnujeme v\u00fdrob\u011b nejkvalitn\u011bj\u0161\u00edch dopl\u0148k\u016f pro v\u00fdzkum a zlep\u0161ov\u00e1n\u00ed kognitivn\u00edch funkc\u00ed. Ka\u017ed\u00e1 \u0161ar\u017ee Alpha GPC je vyr\u00e1b\u011bna v na\u0161ich nejmodern\u011bj\u0161\u00edch za\u0159\u00edzen\u00edch, kter\u00e1 dodr\u017euj\u00ed nejp\u0159\u00edsn\u011bj\u0161\u00ed normy GMP, HACCP a ISO 13485. Vyu\u017e\u00edv\u00e1me nejmodern\u011bj\u0161\u00ed testovac\u00ed metody, abychom zajistili, \u017ee ka\u017ed\u00e1 kapsle obsahuje \u010dist\u00fd, siln\u00fd a \u00fa\u010dinn\u00fd Alpha GPC, bez kontaminant\u016f a ne\u010distot. D\u00edky na\u0161emu z\u00e1vazku ke kvalit\u011b se m\u016f\u017eete spolehnout, \u017ee na\u0161e produkty budou poka\u017ed\u00e9 poskytovat konzistentn\u00ed v\u00fdsledky. Spolupracujeme s p\u0159edn\u00edmi laborato\u0159emi, kter\u00e9 ov\u011b\u0159uj\u00ed \u010distotu a \u00fa\u010dinnost na\u0161ich dopl\u0148k\u016f, \u010d\u00edm\u017e zaji\u0161\u0165ujeme, \u017ee obdr\u017e\u00edte nejlep\u0161\u00ed mo\u017en\u00fd produkt pro v\u00e1\u0161 v\u00fdzkum nebo osobn\u00ed pou\u017eit\u00ed.<\/p>\n<h3>Shrnut\u00ed:<\/h3>\n<p>Pokud hled\u00e1te siln\u00fd kognitivn\u00ed stimulant, kter\u00fd zv\u00fd\u0161\u00ed va\u0161i du\u0161evn\u00ed v\u00fdkonnost, L-alfa-glycerofosfocholin (Alpha GPC) je ide\u00e1ln\u00ed volbou. Alpha GPC, za kter\u00fdm stoj\u00ed p\u0159\u00edsn\u00e9 kontroly kvality spole\u010dnosti Powerock Pharma, je navr\u017een tak, aby v\u00e1m pomohl bezpe\u010dn\u011b a efektivn\u011b dos\u00e1hnout va\u0161ich kognitivn\u00edch c\u00edl\u016f. Ned\u011blejte kompromisy v kvalit\u011b - objednejte si Alpha GPC je\u0161t\u011b dnes a poznejte rozd\u00edl, kter\u00fd mohou pr\u00e9miov\u00e9 dopl\u0148ky stravy p\u0159in\u00e9st do va\u0161\u00ed du\u0161evn\u00ed jasnosti, soust\u0159ed\u011bn\u00ed a celkov\u00e9ho zdrav\u00ed mozku.<\/p>","protected":false},"excerpt":{"rendered":"<p>L-alfa-glycerofosfocholin (alfa GPC) podporuje kognitivn\u00ed funkce zv\u00fd\u0161en\u00edm hladiny acetylcholinu v mozku. Zlep\u0161uje soust\u0159ed\u011bn\u00ed, pam\u011b\u0165 a du\u0161evn\u00ed jasnost. Vyberte si Powerock Pharma pro bezkonkuren\u010dn\u00ed kvalitu a v\u00fdsledky.<\/p>","protected":false},"featured_media":166,"template":"","meta":{"_acf_changed":false,"rank_math_lock_modified_date":false,"inline_featured_image":false},"product_cat":[19],"product_tag":[],"class_list":{"0":"post-71","1":"product","2":"type-product","3":"status-publish","4":"has-post-thumbnail","6":"product_cat-nootropics","9":"first","10":"instock","11":"shipping-taxable","12":"product-type-simple"},"acf":{"chromatogram":679,"metoda":""},"_links":{"self":[{"href":"https:\/\/powerockpharma.com\/cs\/wp-json\/wp\/v2\/product\/71","targetHints":{"allow":["GET"]}}],"collection":[{"href":"https:\/\/powerockpharma.com\/cs\/wp-json\/wp\/v2\/product"}],"about":[{"href":"https:\/\/powerockpharma.com\/cs\/wp-json\/wp\/v2\/types\/product"}],"wp:featuredmedia":[{"embeddable":true,"href":"https:\/\/powerockpharma.com\/cs\/wp-json\/wp\/v2\/media\/166"}],"wp:attachment":[{"href":"https:\/\/powerockpharma.com\/cs\/wp-json\/wp\/v2\/media?parent=71"}],"wp:term":[{"taxonomy":"product_cat","embeddable":true,"href":"https:\/\/powerockpharma.com\/cs\/wp-json\/wp\/v2\/product_cat?post=71"},{"taxonomy":"product_tag","embeddable":true,"href":"https:\/\/powerockpharma.com\/cs\/wp-json\/wp\/v2\/product_tag?post=71"}],"curies":[{"name":"wp","href":"https:\/\/api.w.org\/{rel}","templated":true}]}}