{"id":73,"date":"2024-08-04T16:50:40","date_gmt":"2024-08-04T14:50:40","guid":{"rendered":"https:\/\/powerockpharma.com\/?post_type=product&#038;p=73"},"modified":"2025-11-12T06:58:22","modified_gmt":"2025-11-12T05:58:22","slug":"nooglutyl","status":"publish","type":"product","link":"https:\/\/powerockpharma.com\/cs\/nootropics\/nooglutyl\/","title":{"rendered":"NOOGLUTYL"},"content":{"rendered":"<h2>Vlastnosti:<\/h2>\n<p>Nooglutyl, zn\u00e1m\u00fd sv\u00fdmi siln\u00fdmi nootropn\u00edmi \u00fa\u010dinky, je preferovanou volbou pro v\u00fdzkumn\u00edky zam\u011b\u0159en\u00e9 na kognitivn\u00ed zlep\u0161en\u00ed a neuroprotekci. Tato slou\u010denina se zam\u011b\u0159uje na glutam\u00e1tergn\u00ed syst\u00e9m, zejm\u00e9na modulac\u00ed AMPA receptor\u016f, kter\u00e9 jsou kl\u00ed\u010dov\u00e9 pro synaptickou plasticitu a tvorbu pam\u011bti. Nooglutyl je uzn\u00e1v\u00e1n pro svou schopnost zvy\u0161ovat retenci pam\u011bti, zlep\u0161ovat schopnost u\u010den\u00ed a chr\u00e1nit nervov\u00e9 bu\u0148ky p\u0159ed po\u0161kozen\u00edm, co\u017e z n\u011bj \u010din\u00ed cenn\u00fd p\u0159\u00ednos ve studi\u00edch zahrnuj\u00edc\u00edch kognitivn\u00ed poruchy a neurodegenerativn\u00ed stavy.<\/p>\n<h2>Mechanismus \u00fa\u010dinku:<\/h2>\n<p>Prim\u00e1rn\u00ed mechanismus \u00fa\u010dinku nooglutilu spo\u010d\u00edv\u00e1 v modulaci glutam\u00e1tov\u00e9ho syst\u00e9mu, konkr\u00e9tn\u011b ve zv\u00fd\u0161en\u00ed funkce AMPA receptor\u016f. Optimalizac\u00ed t\u011bchto receptor\u016f Nooglutyl usnad\u0148uje \u00fa\u010dinn\u011bj\u0161\u00ed synaptick\u00fd p\u0159enos, kter\u00fd je nezbytn\u00fd pro k\u00f3dov\u00e1n\u00ed a vybavov\u00e1n\u00ed pam\u011bti. Tato modulace vede ke zlep\u0161en\u00ed kognitivn\u00edch funkc\u00ed, jako je u\u010den\u00ed, soust\u0159ed\u011bn\u00ed a celkov\u00e1 du\u0161evn\u00ed jasnost. Nooglutyl nav\u00edc poskytuje neuroprotektivn\u00ed \u00fa\u010dinky, sni\u017euje oxida\u010dn\u00ed stres a zabra\u0148uje po\u0161kozen\u00ed neuron\u016f, \u010d\u00edm\u017e nab\u00edz\u00ed potenci\u00e1ln\u00ed v\u00fdhody p\u0159i studiu stav\u016f, jako je Alzheimerova choroba a dal\u0161\u00ed formy \u00fabytku kognitivn\u00edch funkc\u00ed.<\/p>\n<h2>V\u00fdhody:<\/h2>\n<p>D\u016fsledn\u00e9 u\u017e\u00edv\u00e1n\u00ed nooglutilu ve v\u00fdzkumu uk\u00e1zalo, \u017ee vede k v\u00fdznamn\u00e9mu zlep\u0161en\u00ed kognitivn\u00edch funkc\u00ed, v\u010detn\u011b lep\u0161\u00edho uchov\u00e1n\u00ed pam\u011bti, zrychlen\u00ed u\u010den\u00ed a ost\u0159ej\u0161\u00edho soust\u0159ed\u011bn\u00ed. V\u00fdzkumn\u00edci mohou pozorovat i sekund\u00e1rn\u00ed p\u0159\u00ednosy, jako je zv\u00fd\u0161en\u00e1 neuroprotekce a odolnost v\u016f\u010di neurodegenerativn\u00edm proces\u016fm. Slou\u010denina je obzvl\u00e1\u0161t\u011b \u00fa\u010dinn\u00e1 pro studie t\u00fdkaj\u00edc\u00ed se kognitivn\u00edho zlep\u0161en\u00ed, konsolidace pam\u011bti a neuroprotektivn\u00edch strategi\u00ed, co\u017e z n\u00ed \u010din\u00ed cenn\u00fd n\u00e1stroj pro zkoum\u00e1n\u00ed terapeutick\u00fdch p\u0159\u00edstup\u016f ke zdrav\u00ed mozku.<\/p>\n<h2>Pro\u010d Powerock Pharma:<\/h2>\n<p>Ve spole\u010dnosti Powerock Pharma se sna\u017e\u00edme poskytovat v\u00fdzkumn\u00e9 slou\u010deniny nejvy\u0161\u0161\u00ed kvality. N\u00e1\u0161 nooglutyl se vyr\u00e1b\u00ed za p\u0159\u00edsn\u00fdch podm\u00ednek, kter\u00e9 spl\u0148uj\u00ed a p\u0159ekra\u010duj\u00ed normy GMP, HACCP a ISO 13485, co\u017e zaji\u0161\u0165uje, \u017ee ka\u017ed\u00e1 kapsle je \u010dist\u00e1, \u00fa\u010dinn\u00e1 a bezpe\u010dn\u00e1 pro v\u00fdzkumn\u00e9 \u00fa\u010dely. \u00dazce spolupracujeme s p\u0159edn\u00edmi laborato\u0159emi, abychom ov\u011b\u0159ili integritu na\u0161ich produkt\u016f, co\u017e zaru\u010duje, \u017ee n\u00e1\u0161 Nooglutyl poskytuje spolehliv\u00e9 a reprodukovateln\u00e9 v\u00fdsledky. Kdy\u017e si vyberete spole\u010dnost Powerock Pharma, rozhodujete se pro \u0161pi\u010dkov\u00e9 v\u00fdzkumn\u00e9 slou\u010deniny podpo\u0159en\u00e9 p\u0159\u00edsn\u00fdmi kontrolami kvality a z\u00e1vazkem rozv\u00edjet v\u011bdeck\u00e9 pozn\u00e1n\u00ed.<\/p>\n<h3>Shrnut\u00ed:<\/h3>\n<p>Pokud v\u00e1\u0161 v\u00fdzkum zahrnuje zkoum\u00e1n\u00ed oblasti kognitivn\u00edch funkc\u00ed a neuroprotekce, je nooglutyl nepostradatelnou slou\u010deninou. Tento produkt, za kter\u00fdm stoj\u00ed p\u0159\u00edsn\u00e9 procesy zaji\u0161t\u011bn\u00ed kvality spole\u010dnosti Powerock Pharma, je navr\u017een tak, aby v\u00e1m pomohl dos\u00e1hnout p\u0159esn\u00fdch a smyslupln\u00fdch v\u00fdsledk\u016f. Ned\u011blejte kompromisy v kvalit\u011b sv\u00e9ho v\u00fdzkumu - objednejte si Nooglutyl je\u0161t\u011b dnes a odhalte nov\u00e9 mo\u017enosti v kognitivn\u00edch studi\u00edch.<\/p>","protected":false},"excerpt":{"rendered":"<p>Nooglutyl zlep\u0161uje kognitivn\u00ed funkce modulac\u00ed glutam\u00e1tov\u00fdch receptor\u016f, co\u017e vede k lep\u0161\u00edmu uchov\u00e1n\u00ed pam\u011bti a neuroprotekci. Za\u017eijte ost\u0159ej\u0161\u00ed soust\u0159ed\u011bn\u00ed a lep\u0161\u00ed u\u010den\u00ed s nootropikem pr\u00e9miov\u00e9 kvality od spole\u010dnosti Powerock Pharma.<\/p>","protected":false},"featured_media":168,"template":"","meta":{"_acf_changed":false,"rank_math_lock_modified_date":false,"inline_featured_image":false},"product_cat":[19],"product_tag":[],"class_list":{"0":"post-73","1":"product","2":"type-product","3":"status-publish","4":"has-post-thumbnail","6":"product_cat-nootropics","9":"first","10":"instock","11":"shipping-taxable","12":"product-type-simple"},"acf":{"chromatogram":634,"metoda":""},"_links":{"self":[{"href":"https:\/\/powerockpharma.com\/cs\/wp-json\/wp\/v2\/product\/73","targetHints":{"allow":["GET"]}}],"collection":[{"href":"https:\/\/powerockpharma.com\/cs\/wp-json\/wp\/v2\/product"}],"about":[{"href":"https:\/\/powerockpharma.com\/cs\/wp-json\/wp\/v2\/types\/product"}],"wp:featuredmedia":[{"embeddable":true,"href":"https:\/\/powerockpharma.com\/cs\/wp-json\/wp\/v2\/media\/168"}],"wp:attachment":[{"href":"https:\/\/powerockpharma.com\/cs\/wp-json\/wp\/v2\/media?parent=73"}],"wp:term":[{"taxonomy":"product_cat","embeddable":true,"href":"https:\/\/powerockpharma.com\/cs\/wp-json\/wp\/v2\/product_cat?post=73"},{"taxonomy":"product_tag","embeddable":true,"href":"https:\/\/powerockpharma.com\/cs\/wp-json\/wp\/v2\/product_tag?post=73"}],"curies":[{"name":"wp","href":"https:\/\/api.w.org\/{rel}","templated":true}]}}