{"id":74,"date":"2024-08-04T16:51:12","date_gmt":"2024-08-04T14:51:12","guid":{"rendered":"https:\/\/powerockpharma.com\/?post_type=product&#038;p=74"},"modified":"2025-11-12T06:57:55","modified_gmt":"2025-11-12T05:57:55","slug":"noopept","status":"publish","type":"product","link":"https:\/\/powerockpharma.com\/cs\/nootropics\/noopept\/","title":{"rendered":"NOOPEPT"},"content":{"rendered":"<h2>Vlastnosti:<\/h2>\n<p>Noopept, chemicky zn\u00e1m\u00fd jako N-fenylacetyl-L-prolylglycin ethylester, je vysoce \u00fa\u010dinn\u00fd nootropn\u00ed p\u0159\u00edpravek zn\u00e1m\u00fd sv\u00fdmi hlubok\u00fdmi \u00fa\u010dinky na zlep\u0161en\u00ed kognitivn\u00edch funkc\u00ed. Je cen\u011bn zejm\u00e9na pro svou schopnost zlep\u0161ovat pam\u011b\u0165, u\u010den\u00ed a celkovou du\u0161evn\u00ed v\u00fdkonnost, d\u00edky \u010demu\u017e je obl\u00edbenou volbou mezi v\u00fdzkumn\u00edky zam\u011b\u0159en\u00fdmi na neuroprotekci a kognitivn\u00ed funkce. Tato slou\u010denina p\u016fsob\u00ed tak, \u017ee zvy\u0161uje dostupnost neurotrofick\u00e9ho faktoru odvozen\u00e9ho od mozku (BDNF) a nervov\u00e9ho r\u016fstov\u00e9ho faktoru (NGF), kter\u00e9 jsou nezbytn\u00e9 pro neuroplasticitu, u\u010den\u00ed a konsolidaci pam\u011bti. D\u00edky t\u011bmto vlastnostem je noopept ide\u00e1ln\u00edm kandid\u00e1tem pro studie zam\u011b\u0159en\u00e9 na zkoum\u00e1n\u00ed kognitivn\u00edch vylep\u0161en\u00ed a neuroprotektivn\u00edch strategi\u00ed.<\/p>\n<h2>Mechanismus \u00fa\u010dinku:<\/h2>\n<p>P\u016fsoben\u00ed noopeptu se soust\u0159ed\u00ed na jeho schopnost modulovat glutam\u00e1tov\u00e9 receptory, zejm\u00e9na AMPA a NMDA receptory, kter\u00e9 jsou rozhoduj\u00edc\u00ed pro synaptickou plasticitu a dlouhodobou potenciaci (LTP) v mozku. Zv\u00fd\u0161en\u00edm \u00fa\u010dinnosti t\u011bchto receptor\u016f podporuje Noopept tvorbu a posilov\u00e1n\u00ed synaptick\u00fdch spojen\u00ed, co\u017e je kl\u00ed\u010dov\u00e9 pro pam\u011b\u0165 a u\u010den\u00ed. Noopept nav\u00edc zvy\u0161uje hladinu acetylcholinu, neurotransmiteru spojen\u00e9ho s pozornost\u00ed a kognitivn\u00edm zpracov\u00e1n\u00edm. Tento dvoj\u00ed mechanismus zaji\u0161\u0165uje, \u017ee Noopept nejen zlep\u0161uje kognitivn\u00ed funkce, ale tak\u00e9 poskytuje neuroprotektivn\u00ed \u00fa\u010dinky t\u00edm, \u017ee sni\u017euje oxida\u010dn\u00ed stres a chr\u00e1n\u00ed neurony p\u0159ed po\u0161kozen\u00edm.<\/p>\n<h2>V\u00fdhody:<\/h2>\n<p>D\u016fsledn\u00e9 u\u017e\u00edv\u00e1n\u00ed p\u0159\u00edpravku Noopept ve v\u00fdzkumn\u00fdch podm\u00ednk\u00e1ch p\u0159ineslo v\u00fdznamn\u00e9 zlep\u0161en\u00ed kognitivn\u00edch funkc\u00ed, v\u010detn\u011b lep\u0161\u00edho uchov\u00e1n\u00ed pam\u011bti, rychlej\u0161\u00edho u\u010den\u00ed a lep\u0161\u00ed ment\u00e1ln\u00ed jasnosti. V\u00fdzkumn\u00edci zaznamenali tak\u00e9 sekund\u00e1rn\u00ed p\u0159\u00ednosy, jako je zlep\u0161en\u00ed n\u00e1lady, sn\u00ed\u017een\u00ed \u00fazkosti a zv\u00fd\u0161en\u00ed hladiny energie, kter\u00e9 se p\u0159ipisuj\u00ed vlivu p\u0159\u00edpravku Noopept na neurotransmiterov\u00e9 syst\u00e9my. Tato slou\u010denina je obzvl\u00e1\u0161t\u011b \u00fa\u010dinn\u00e1 p\u0159i studi\u00edch zahrnuj\u00edc\u00edch neurodegenerativn\u00ed stavy, pokles kognitivn\u00edch funkc\u00ed a zlep\u0161en\u00ed kognitivn\u00edch funkc\u00ed u zdrav\u00fdch jedinc\u016f. Noopept je \u0161iroce uzn\u00e1v\u00e1n pro svou schopnost poskytovat rychl\u00e9 a trval\u00e9 kognitivn\u00ed \u00fa\u010dinky bez vedlej\u0161\u00edch \u00fa\u010dink\u016f podobn\u00fdch stimulant\u016fm, kter\u00e9 jsou spojov\u00e1ny s jin\u00fdmi nootropiky.<\/p>\n<h2>Pro\u010d Powerock Pharma:<\/h2>\n<p>Ve spole\u010dnosti Powerock Pharma je pro n\u00e1s nejd\u016fle\u017eit\u011bj\u0161\u00ed kvalita a bezpe\u010dnost. Ka\u017ed\u00e1 \u0161ar\u017ee p\u0159\u00edpravku Noopept se vyr\u00e1b\u00ed v nejmodern\u011bj\u0161\u00edch za\u0159\u00edzen\u00edch, kter\u00e1 dodr\u017euj\u00ed nejp\u0159\u00edsn\u011bj\u0161\u00ed normy, v\u010detn\u011b certifikac\u00ed GMP, HACCP a ISO 13485. K zaji\u0161t\u011bn\u00ed \u010distoty a \u00fa\u010dinnosti na\u0161ich produkt\u016f vyu\u017e\u00edv\u00e1me p\u0159\u00edsn\u00e9 testovac\u00ed protokoly a spolupracujeme s p\u0159edn\u00edmi laborato\u0159emi, abychom ov\u011b\u0159ili, \u017ee ka\u017ed\u00e1 kapsle p\u0159\u00edpravku Noopept p\u0159in\u00e1\u0161\u00ed konzistentn\u00ed a spolehliv\u00e9 v\u00fdsledky. V\u00fdb\u011brem spole\u010dnosti Powerock Pharma si vyb\u00edr\u00e1te produkt podlo\u017een\u00fd pe\u010dliv\u00fdm v\u00fdzkumem a vyroben\u00fd s nejvy\u0161\u0161\u00edmi standardy zaji\u0161t\u011bn\u00ed kvality. D\u016fv\u011b\u0159ujte spole\u010dnosti Powerock Pharma, \u017ee v\u00e1m poskytne n\u00e1stroje pot\u0159ebn\u00e9 k pokroku ve va\u0161em v\u00fdzkumu a dosa\u017een\u00ed smyslupln\u00fdch v\u00fdsledk\u016f.<\/p>\n<h3>Shrnut\u00ed:<\/h3>\n<p>Pokud se v\u00e1\u0161 v\u00fdzkum zam\u011b\u0159uje na kognitivn\u00ed vylep\u0161en\u00ed nebo neuroprotekci, je Noopept tou spr\u00e1vnou l\u00e1tkou. D\u00edky p\u0159\u00edsn\u00fdm kontrol\u00e1m kvality spole\u010dnosti Powerock Pharma a z\u00e1vazku k dokonalosti je tento produkt navr\u017een tak, aby v\u00e1m pomohl dos\u00e1hnout p\u0159esn\u00fdch a spolehliv\u00fdch v\u00fdsledk\u016f ve va\u0161ich studi\u00edch. Ned\u011blejte kompromisy v kvalit\u011b - objednejte si Noopept je\u0161t\u011b dnes a pokro\u010dte ve sv\u00e9m v\u00fdzkumu s jistotou.<\/p>","protected":false},"excerpt":{"rendered":"<p>Noopept (N-fenylacetyl-L-prolylglycin ethyl ester) zlep\u0161uje kognitivn\u00ed funkce t\u00edm, \u017ee zvy\u0161uje neurotrofick\u00e9 faktory a synaptickou plasticitu. Podporuje pam\u011b\u0165, soust\u0159ed\u011bn\u00ed a jasnost my\u0161len\u00ed. Vyberte si Powerock Pharma pro prvot\u0159\u00eddn\u00ed kvalitu a spolehliv\u00e9 v\u00fdsledky.<\/p>","protected":false},"featured_media":170,"template":"","meta":{"_acf_changed":false,"rank_math_lock_modified_date":false,"inline_featured_image":false},"product_cat":[19],"product_tag":[],"class_list":{"0":"post-74","1":"product","2":"type-product","3":"status-publish","4":"has-post-thumbnail","6":"product_cat-nootropics","9":"first","10":"instock","11":"shipping-taxable","12":"product-type-simple"},"acf":{"chromatogram":633,"metoda":{"acftf":{"v":"1.3.24"},"p":{"o":{"uh":0},"ca":""},"c":[{"p":""}],"h":[{"c":""}],"b":[[{"c":""}]]}},"_links":{"self":[{"href":"https:\/\/powerockpharma.com\/cs\/wp-json\/wp\/v2\/product\/74","targetHints":{"allow":["GET"]}}],"collection":[{"href":"https:\/\/powerockpharma.com\/cs\/wp-json\/wp\/v2\/product"}],"about":[{"href":"https:\/\/powerockpharma.com\/cs\/wp-json\/wp\/v2\/types\/product"}],"wp:featuredmedia":[{"embeddable":true,"href":"https:\/\/powerockpharma.com\/cs\/wp-json\/wp\/v2\/media\/170"}],"wp:attachment":[{"href":"https:\/\/powerockpharma.com\/cs\/wp-json\/wp\/v2\/media?parent=74"}],"wp:term":[{"taxonomy":"product_cat","embeddable":true,"href":"https:\/\/powerockpharma.com\/cs\/wp-json\/wp\/v2\/product_cat?post=74"},{"taxonomy":"product_tag","embeddable":true,"href":"https:\/\/powerockpharma.com\/cs\/wp-json\/wp\/v2\/product_tag?post=74"}],"curies":[{"name":"wp","href":"https:\/\/api.w.org\/{rel}","templated":true}]}}