{"id":75,"date":"2024-08-04T16:53:33","date_gmt":"2024-08-04T14:53:33","guid":{"rendered":"https:\/\/powerockpharma.com\/?post_type=product&#038;p=75"},"modified":"2025-11-12T06:57:16","modified_gmt":"2025-11-12T05:57:16","slug":"pea-hordenine","status":"publish","type":"product","link":"https:\/\/powerockpharma.com\/cs\/nootropics\/pea-hordenine\/","title":{"rendered":"PEA HORDENINE"},"content":{"rendered":"<h2>Vlastnosti:<\/h2>\n<p>Palmitoylethanolamid (PEA) a N-dimethyltyramin, b\u011b\u017en\u011b zn\u00e1m\u00fd jako hordenin, jsou ve v\u00fdzkumn\u00e9 komunit\u011b dob\u0159e zn\u00e1m\u00e9 pro sv\u00e9 siln\u00e9 \u00fa\u010dinky na zlep\u0161en\u00ed kognitivn\u00edch funkc\u00ed a metabolismus tuk\u016f. PEA je endogenn\u00ed amid mastn\u00fdch kyselin, kter\u00fd p\u016fsob\u00ed p\u0159edev\u0161\u00edm na neuroreceptory a sni\u017euje z\u00e1n\u011bt a bolest, \u010d\u00edm\u017e podporuje celkov\u00fd pocit pohody. Hordenin, p\u0159irozen\u011b se vyskytuj\u00edc\u00ed alkaloid, je zn\u00e1m\u00fd svou schopnost\u00ed stimulovat uvol\u0148ov\u00e1n\u00ed noradrenalinu, \u010d\u00edm\u017e zvy\u0161uje rychlost metabolismu a podporuje odbour\u00e1v\u00e1n\u00ed tuk\u016f. Tyto slou\u010deniny jsou spole\u010dn\u011b ide\u00e1ln\u00ed kombinac\u00ed pro v\u00fdzkumn\u00edky, kte\u0159\u00ed zkoumaj\u00ed vz\u00e1jemn\u00e9 p\u016fsoben\u00ed mezi kognitivn\u00edm v\u00fdkonem, regulac\u00ed n\u00e1lady a metabolismem tuk\u016f.<\/p>\n<h2>Mechanismus \u00fa\u010dinku:<\/h2>\n<p>P\u016fsoben\u00ed palmitoylethanolamidu se odv\u00edj\u00ed od jeho interakce s endokanabinoidn\u00edm syst\u00e9mem, zejm\u00e9na prost\u0159ednictv\u00edm aktivace PPAR-\u03b1, co\u017e vede ke sn\u00ed\u017een\u00ed z\u00e1n\u011btu, \u00falev\u011b od bolesti a neuroprotekci. D\u00edky tomu je PEA cennou slou\u010deninou ve studi\u00edch zam\u011b\u0159en\u00fdch na neuroz\u00e1n\u011bt a l\u00e9\u010dbu chronick\u00e9 bolesti. Hordenin naproti tomu p\u016fsob\u00ed tak, \u017ee inhibuje odbour\u00e1v\u00e1n\u00ed noradrenalinu, kl\u00ed\u010dov\u00e9ho neurotransmiteru, kter\u00fd se pod\u00edl\u00ed na reakci \"bojuj, nebo ute\u010d\". Tato inhibice m\u00e1 za n\u00e1sledek prodlou\u017een\u00ed stimulace, zv\u00fd\u0161en\u00ed du\u0161evn\u00ed jasnosti, soust\u0159ed\u011bn\u00ed a termogenn\u00edch proces\u016f spalov\u00e1n\u00ed tuk\u016f. Selektivn\u00ed p\u016fsoben\u00ed hordeninu zaji\u0161\u0165uje, \u017ee jeho \u00fa\u010dinky jsou siln\u00e9, ale kontrolovan\u00e9, co\u017e minimalizuje riziko nadm\u011brn\u00e9 stimulace.<\/p>\n<h2>V\u00fdhody:<\/h2>\n<p>Pravideln\u00e9 pod\u00e1v\u00e1n\u00ed palmitoylethanolamidu a hordeninu ve v\u00fdzkumn\u00fdch podm\u00ednk\u00e1ch prok\u00e1zalo v\u00fdznamn\u00e9 zlep\u0161en\u00ed kognitivn\u00edch funkc\u00ed, v\u010detn\u011b lep\u0161\u00edho soust\u0159ed\u011bn\u00ed, jasnosti mysli a stabilizace n\u00e1lady. Nav\u00edc vlastnosti hordeninu, kter\u00e9 p\u0159isp\u00edvaj\u00ed ke spalov\u00e1n\u00ed tuk\u016f, p\u0159isp\u00edvaj\u00ed k \u00fa\u010dinn\u011bj\u0161\u00edmu odbour\u00e1v\u00e1n\u00ed tuk\u016f, tak\u017ee tato kombinace je obzvl\u00e1\u0161t\u011b u\u017eite\u010dn\u00e1 ve studi\u00edch zam\u011b\u0159en\u00fdch na regulaci hmotnosti a metabolick\u00e9 zdrav\u00ed. V\u00fdzkumn\u00edci mohou pozorovat i sekund\u00e1rn\u00ed p\u0159\u00ednosy, jako je zv\u00fd\u0161en\u00ed hladiny energie, sn\u00ed\u017een\u00ed z\u00e1n\u011bt\u016f a lep\u0161\u00ed celkov\u00e1 kognitivn\u00ed odolnost. Tento produkt je vhodn\u00fd zejm\u00e9na pro ty, kte\u0159\u00ed zkoumaj\u00ed vz\u00e1jemn\u00e9 vztahy mezi neuroprotekc\u00ed, kognitivn\u00ed v\u00fdkonnost\u00ed a metabolick\u00fdmi procesy.<\/p>\n<h2>Pro\u010d Powerock Pharma:<\/h2>\n<p>Ve spole\u010dnosti Powerock Pharma jsme hrd\u00ed na sv\u016fj z\u00e1vazek ke kvalit\u011b a dokonalosti. Ka\u017ed\u00e1 \u0161ar\u017ee palmitoylethanolamidu a N-dimethyltyraminu se vyr\u00e1b\u00ed v nejmodern\u011bj\u0161\u00edch za\u0159\u00edzen\u00edch, kter\u00e1 spl\u0148uj\u00ed nejp\u0159\u00edsn\u011bj\u0161\u00ed pr\u016fmyslov\u00e9 normy v\u010detn\u011b GMP, HACCP a ISO 13485. Na\u0161e p\u0159\u00edsn\u00e9 testovac\u00ed postupy zaji\u0161\u0165uj\u00ed, \u017ee ka\u017ed\u00e1 kapsle obsahuje nej\u010dist\u0161\u00ed a nej\u00fa\u010dinn\u011bj\u0161\u00ed formu t\u011bchto slou\u010denin, co\u017e zaru\u010duje konzistenci a spolehlivost ve va\u0161em v\u00fdzkumu. P\u0159i ov\u011b\u0159ov\u00e1n\u00ed \u010distoty a \u00fa\u010dinnosti na\u0161ich produkt\u016f spolupracujeme s p\u0159edn\u00edmi laborato\u0159emi, co\u017e v\u00e1m zaru\u010duje d\u016fv\u011bryhodnost v\u00fdsledk\u016f va\u0161ich studi\u00ed. Vyberte si spole\u010dnost Powerock Pharma pro bezkonkuren\u010dn\u00ed kvalitu a klid na du\u0161i.<\/p>\n<h3>Shrnut\u00ed:<\/h3>\n<p>Pokud se v\u00e1\u0161 v\u00fdzkum zam\u011b\u0159uje na zlep\u0161en\u00ed kognitivn\u00edch funkc\u00ed, regulaci n\u00e1lady nebo metabolismus tuk\u016f, pot\u0159ebujete palmitoylethanolamid a hordenin. Tento produkt je podporov\u00e1n p\u0159\u00edsn\u00fdmi kontrolami kvality spole\u010dnosti Powerock Pharma a je navr\u017een tak, aby poskytoval konzistentn\u00ed a spolehliv\u00e9 v\u00fdsledky v ka\u017ed\u00e9 studii. Ned\u011blejte kompromisy v kvalit\u011b - objednejte si palmitoylethanolamid a hordenin je\u0161t\u011b dnes a zvy\u0161te standardy sv\u00e9ho v\u00fdzkumu.<\/p>","protected":false},"excerpt":{"rendered":"<p>Palmitoylethanolamid a N-dimethyltyramin podporuj\u00ed zlep\u0161en\u00ed kognitivn\u00edch funkc\u00ed a metabolismu tuk\u016f modulac\u00ed neuroreceptor\u016f a enzym\u016f. Tato kombinace nab\u00edz\u00ed lep\u0161\u00ed soust\u0159ed\u011bn\u00ed, n\u00e1ladu a odbour\u00e1v\u00e1n\u00ed tuk\u016f. Vyberte si Powerock Pharma pro vynikaj\u00edc\u00ed kvalitu a spolehliv\u00e9 v\u00fdsledky.<\/p>","protected":false},"featured_media":173,"template":"","meta":{"_acf_changed":false,"rank_math_lock_modified_date":false,"inline_featured_image":false},"product_cat":[19],"product_tag":[],"class_list":{"0":"post-75","1":"product","2":"type-product","3":"status-publish","4":"has-post-thumbnail","6":"product_cat-nootropics","9":"first","10":"instock","11":"shipping-taxable","12":"product-type-simple"},"acf":{"chromatogram":631,"metoda":{"acftf":{"v":"1.3.24"},"p":{"o":{"uh":0},"ca":""},"c":[{"p":""}],"h":[{"c":""}],"b":[[{"c":""}]]}},"_links":{"self":[{"href":"https:\/\/powerockpharma.com\/cs\/wp-json\/wp\/v2\/product\/75","targetHints":{"allow":["GET"]}}],"collection":[{"href":"https:\/\/powerockpharma.com\/cs\/wp-json\/wp\/v2\/product"}],"about":[{"href":"https:\/\/powerockpharma.com\/cs\/wp-json\/wp\/v2\/types\/product"}],"wp:featuredmedia":[{"embeddable":true,"href":"https:\/\/powerockpharma.com\/cs\/wp-json\/wp\/v2\/media\/173"}],"wp:attachment":[{"href":"https:\/\/powerockpharma.com\/cs\/wp-json\/wp\/v2\/media?parent=75"}],"wp:term":[{"taxonomy":"product_cat","embeddable":true,"href":"https:\/\/powerockpharma.com\/cs\/wp-json\/wp\/v2\/product_cat?post=75"},{"taxonomy":"product_tag","embeddable":true,"href":"https:\/\/powerockpharma.com\/cs\/wp-json\/wp\/v2\/product_tag?post=75"}],"curies":[{"name":"wp","href":"https:\/\/api.w.org\/{rel}","templated":true}]}}