{"id":76,"date":"2024-08-04T16:54:01","date_gmt":"2024-08-04T14:54:01","guid":{"rendered":"https:\/\/powerockpharma.com\/?post_type=product&#038;p=76"},"modified":"2025-11-12T06:55:55","modified_gmt":"2025-11-12T05:55:55","slug":"phenibut-faa","status":"publish","type":"product","link":"https:\/\/powerockpharma.com\/cs\/nootropics\/fenibut-faa\/","title":{"rendered":"PHENIBUT FAA"},"content":{"rendered":"<h2>Vlastnosti:<\/h2>\n<p>Phenibut FAA neboli kyselina 4-amino-3-fenylbutanov\u00e1 je zn\u00e1m\u00e1 sv\u00fdmi siln\u00fdmi \u00fa\u010dinky na kognitivn\u00ed funkce a relaxaci, co\u017e z n\u00ed \u010din\u00ed preferovanou volbu pro ty, kte\u0159\u00ed cht\u011bj\u00ed zv\u00fd\u0161it du\u0161evn\u00ed jasnost a emo\u010dn\u00ed pohodu. Tato slou\u010denina ve form\u011b voln\u00e9 aminokyseliny p\u016fsob\u00ed tak, \u017ee moduluje aktivitu receptor\u016f GABA (kyselina gama-aminom\u00e1seln\u00e1) v mozku, co\u017e vede k v\u00fdrazn\u00e9mu zlep\u0161en\u00ed n\u00e1lady, sn\u00ed\u017een\u00ed \u00fazkosti a zlep\u0161en\u00ed kvality sp\u00e1nku. Jako nootropikum je Phenibut FAA vysoce cen\u011bn pro svou schopnost podporovat stav klidn\u00e9ho soust\u0159ed\u011bn\u00ed bez ospalosti, kter\u00e1 je obvykle spojena s jin\u00fdmi anxiolytiky.<\/p>\n<h2>Mechanismus \u00fa\u010dinku:<\/h2>\n<p>Phenibut FAA p\u016fsob\u00ed p\u0159edev\u0161\u00edm prost\u0159ednictv\u00edm interakce s receptory GABA-B, co\u017e je typ neurotransmiterov\u00e9ho receptoru v mozku. Pos\u00edlen\u00edm GABAergn\u00ed aktivity p\u016fsob\u00ed Phenibut FAA zklid\u0148uj\u00edc\u00edm \u00fa\u010dinkem na nervov\u00fd syst\u00e9m a sni\u017euje nadm\u011brnou aktivitu, kter\u00e1 \u010dasto vede ke stresu a \u00fazkosti. Tato selektivn\u00ed modulace GABA receptor\u016f pom\u00e1h\u00e1 nejen zm\u00edrnit pocity \u00fazkosti a stresu, ale p\u0159isp\u00edv\u00e1 tak\u00e9 ke zlep\u0161en\u00ed kognitivn\u00edch funkc\u00ed t\u00edm, \u017ee zvy\u0161uje jasnost my\u0161len\u00ed a soust\u0159ed\u011bn\u00ed. Forma voln\u00fdch aminokyselin fenibutu zaji\u0161\u0165uje rychlej\u0161\u00ed vst\u0159eb\u00e1v\u00e1n\u00ed a vy\u0161\u0161\u00ed biologickou dostupnost, d\u00edky \u010demu\u017e \u00fa\u010dinn\u011bji dosahuje zam\u00fd\u0161len\u00fdch \u00fa\u010dink\u016f.<\/p>\n<h2>V\u00fdhody:<\/h2>\n<p>D\u016fsledn\u00e9 u\u017e\u00edv\u00e1n\u00ed p\u0159\u00edpravku Phenibut FAA ve v\u00fdzkumn\u00fdch za\u0159\u00edzen\u00edch bylo spojeno s v\u00fdrazn\u00fdm zlep\u0161en\u00edm n\u00e1lady, sn\u00ed\u017een\u00edm \u00farovn\u011b \u00fazkosti a zlep\u0161en\u00edm kvality sp\u00e1nku. V\u00fdzkumn\u00edci tak\u00e9 pozorovali sekund\u00e1rn\u00ed p\u0159\u00ednosy, jako je lep\u0161\u00ed soust\u0159ed\u011bn\u00ed, zv\u00fd\u0161en\u00e1 sociabilita a celkov\u00e1 emo\u010dn\u00ed stabilita. Slou\u010denina je obzvl\u00e1\u0161t\u011b \u00fa\u010dinn\u00e1 pro jedince nebo subjekty podstupuj\u00edc\u00ed studie n\u00e1ro\u010dn\u00e9 na stres, vy\u017eaduj\u00edc\u00ed zv\u00fd\u0161enou kognitivn\u00ed funkci nebo v situac\u00edch, kdy je stabilizace n\u00e1lady kl\u00ed\u010dov\u00e1.<\/p>\n<h2>Pro\u010d Powerock Pharma:<\/h2>\n<p>Ve spole\u010dnosti Powerock Pharma se n\u00e1\u0161 z\u00e1vazek k dokonalosti odr\u00e1\u017e\u00ed v ka\u017ed\u00e9 \u0161ar\u017ei Phenibutu FAA, kterou vyr\u00e1b\u00edme. N\u00e1\u0161 produkt je vyr\u00e1b\u011bn v nejmodern\u011bj\u0161\u00edch za\u0159\u00edzen\u00edch, kter\u00e1 spl\u0148uj\u00ed a p\u0159ekra\u010duj\u00ed normy GMP, HACCP a ISO 13485, a proch\u00e1z\u00ed p\u0159\u00edsn\u00fdm testov\u00e1n\u00edm, aby byla zaji\u0161t\u011bna jeho \u010distota, \u00fa\u010dinnost a bezpe\u010dnost. Spolupracujeme s p\u0159edn\u00edmi laborato\u0159emi, kter\u00e9 ov\u011b\u0159uj\u00ed kvalitu na\u0161eho p\u0159\u00edpravku Phenibut FAA, \u010d\u00edm\u017e zaji\u0161\u0165ujeme konzistentn\u00ed a spolehliv\u00e9 v\u00fdsledky pro v\u00e1\u0161 v\u00fdzkum. Kdy\u017e se rozhodnete pro spole\u010dnost Powerock Pharma, vyb\u00edr\u00e1te si produkt, kter\u00fd p\u0159in\u00e1\u0161\u00ed nejen \u00fa\u010dinnost, ale tak\u00e9 klid na du\u0161i, podpo\u0159en\u00fd nejvy\u0161\u0161\u00edmi standardy v\u00fdroby a kontroly kvality.<\/p>\n<h3>Shrnut\u00ed:<\/h3>\n<p>Pokud se v\u00e1\u0161 v\u00fdzkum zam\u011b\u0159uje na zlep\u0161en\u00ed kognitivn\u00edch funkc\u00ed, sn\u00ed\u017een\u00ed \u00fazkosti nebo zlep\u0161en\u00ed kvality sp\u00e1nku, je Phenibut FAA ide\u00e1ln\u00ed slou\u010deninou, kterou je t\u0159eba zv\u00e1\u017eit. Tento produkt, za kter\u00fdm stoj\u00ed p\u0159\u00edsn\u00e9 kontroly kvality spole\u010dnosti Powerock Pharma, je navr\u017een tak, aby v\u00e1m pomohl dos\u00e1hnout p\u0159esn\u00fdch a spolehliv\u00fdch v\u00fdsledk\u016f ve va\u0161ich studi\u00edch. Ned\u011blejte kompromisy v kvalit\u011b - objednejte si Phenibut FAA je\u0161t\u011b dnes a zajist\u011bte si \u00fasp\u011bch sv\u00fdch v\u00fdzkumn\u00fdch projekt\u016f s produktem, kter\u00e9mu m\u016f\u017eete d\u016fv\u011b\u0159ovat.<\/p>","protected":false},"excerpt":{"rendered":"<p>Fenibut FAA (kyselina 4-amino-3-fenylbutanov\u00e1) podporuje kognitivn\u00ed funkce a relaxaci modulac\u00ed receptor\u016f GABA. Nab\u00edz\u00ed zlep\u0161en\u00ed n\u00e1lady, sn\u00ed\u017een\u00ed \u00fazkosti a zlep\u0161en\u00ed sp\u00e1nku. Vyberte si Powerock Pharma pro bezkonkuren\u010dn\u00ed kvalitu a konzistentn\u00ed v\u00fdsledky.<\/p>","protected":false},"featured_media":175,"template":"","meta":{"_acf_changed":false,"rank_math_lock_modified_date":false,"inline_featured_image":false},"product_cat":[19],"product_tag":[],"class_list":{"0":"post-76","1":"product","2":"type-product","3":"status-publish","4":"has-post-thumbnail","6":"product_cat-nootropics","9":"first","10":"instock","11":"shipping-taxable","12":"product-type-simple"},"acf":{"chromatogram":627,"metoda":""},"_links":{"self":[{"href":"https:\/\/powerockpharma.com\/cs\/wp-json\/wp\/v2\/product\/76","targetHints":{"allow":["GET"]}}],"collection":[{"href":"https:\/\/powerockpharma.com\/cs\/wp-json\/wp\/v2\/product"}],"about":[{"href":"https:\/\/powerockpharma.com\/cs\/wp-json\/wp\/v2\/types\/product"}],"wp:featuredmedia":[{"embeddable":true,"href":"https:\/\/powerockpharma.com\/cs\/wp-json\/wp\/v2\/media\/175"}],"wp:attachment":[{"href":"https:\/\/powerockpharma.com\/cs\/wp-json\/wp\/v2\/media?parent=76"}],"wp:term":[{"taxonomy":"product_cat","embeddable":true,"href":"https:\/\/powerockpharma.com\/cs\/wp-json\/wp\/v2\/product_cat?post=76"},{"taxonomy":"product_tag","embeddable":true,"href":"https:\/\/powerockpharma.com\/cs\/wp-json\/wp\/v2\/product_tag?post=76"}],"curies":[{"name":"wp","href":"https:\/\/api.w.org\/{rel}","templated":true}]}}