{"id":77,"date":"2024-08-04T16:54:38","date_gmt":"2024-08-04T14:54:38","guid":{"rendered":"https:\/\/powerockpharma.com\/?post_type=product&#038;p=77"},"modified":"2025-11-12T06:55:35","modified_gmt":"2025-11-12T05:55:35","slug":"phenylpiracetam","status":"publish","type":"product","link":"https:\/\/powerockpharma.com\/cs\/nootropics\/phenylpiracetam\/","title":{"rendered":"FENYLPIRACETAM"},"content":{"rendered":"<h2>Vlastnosti:<\/h2>\n<p>Fenylpiracetam, zn\u00e1m\u00fd tak\u00e9 jako 2-oxo-4-fenyl-1-pyrrolidinacetamid, je siln\u00e9 nootropikum zn\u00e1m\u00e9 sv\u00fdmi kognitivn\u00edmi \u00fa\u010dinky. Tuto slou\u010deninu si obl\u00edbili zejm\u00e9na v\u011bdci a jednotlivci usiluj\u00edc\u00ed o zlep\u0161en\u00ed du\u0161evn\u00ed v\u00fdkonnosti, proto\u017ee se zam\u011b\u0159uje na oblasti, jako je udr\u017een\u00ed pam\u011bti, soust\u0159ed\u011bn\u00ed a celkov\u00e1 du\u0161evn\u00ed jasnost. Fenylpiracetam je upraven\u00e1 verze piracetamu, kter\u00e1 je navr\u017eena tak, aby m\u011bla siln\u011bj\u0161\u00ed dopad na kognitivn\u00ed funkce. Funguje na z\u00e1klad\u011b modulace neurotransmiterov\u00fdch syst\u00e9m\u016f v mozku, zejm\u00e9na zv\u00fd\u0161en\u00edm aktivity acetylcholinov\u00fdch a dopaminov\u00fdch receptor\u016f. To vede ke zlep\u0161en\u00ed synaptick\u00e9 plasticity, kter\u00e1 je rozhoduj\u00edc\u00ed pro u\u010den\u00ed, tvorbu pam\u011bti a du\u0161evn\u00ed odolnost.<\/p>\n<h2>Mechanismus \u00fa\u010dinku:<\/h2>\n<p>Fenylpiracetam m\u00e1 sv\u00e9 \u00fa\u010dinky ovlivn\u011bn\u00edm n\u011bkolika kl\u00ed\u010dov\u00fdch neurotransmiterov\u00fdch syst\u00e9m\u016f. Zvy\u0161uje p\u0159edev\u0161\u00edm aktivitu acetylcholinu, neurotransmiteru nezbytn\u00e9ho pro pam\u011b\u0165 a procesy u\u010den\u00ed. Krom\u011b toho m\u00e1 vliv na dopaminov\u00e9 receptory, kter\u00e9 hraj\u00ed v\u00fdznamnou roli p\u0159i regulaci n\u00e1lady a motivace. Zv\u00fd\u0161en\u00e1 aktivita receptor\u016f m\u00e1 za n\u00e1sledek zv\u00fd\u0161enou neuroplasticitu, co\u017e umo\u017e\u0148uje mozku efektivn\u011bji se p\u0159izp\u016fsobovat a u\u010dit. Tento mechanismus poskytuje kognitivn\u00ed v\u00fdhody typick\u00e9 pro nootropika a z\u00e1rove\u0148 nab\u00edz\u00ed neuroprotektivn\u00ed vlastnosti, kter\u00e9 pom\u00e1haj\u00ed chr\u00e1nit mozkov\u00e9 bu\u0148ky p\u0159ed oxida\u010dn\u00edm stresem a po\u0161kozen\u00edm.<\/p>\n<h2>V\u00fdhody:<\/h2>\n<p>Bylo prok\u00e1z\u00e1no, \u017ee d\u016fsledn\u00e9 v\u00fdzkumn\u00e9 u\u017e\u00edv\u00e1n\u00ed fenylpiracetamu vede k v\u00fdznamn\u00fdm kognitivn\u00edm p\u0159\u00ednos\u016fm. U\u017eivatel\u00e9 mohou zaznamenat v\u00fdrazn\u00e9 zlep\u0161en\u00ed pam\u011bti, lep\u0161\u00ed soust\u0159ed\u011bn\u00ed a rychlej\u0161\u00ed zpracov\u00e1n\u00ed informac\u00ed. Fenylpiracetam je nav\u00edc spojov\u00e1n se zv\u00fd\u0161enou du\u0161evn\u00ed energi\u00ed a vytrvalost\u00ed, tak\u017ee je obzvl\u00e1\u0161t\u011b prosp\u011b\u0161n\u00fd pro jedince zab\u00fdvaj\u00edc\u00ed se n\u00e1ro\u010dn\u00fdmi du\u0161evn\u00edmi \u00fakoly nebo studiem. Mezi sekund\u00e1rn\u00ed p\u0159\u00ednosy pat\u0159\u00ed zlep\u0161en\u00ed n\u00e1lady a sn\u00ed\u017een\u00ed p\u0159\u00edznak\u016f \u00fazkosti, a to d\u00edky vlivu na hladinu dopaminu. D\u00edky t\u011bmto \u00fa\u010dink\u016fm je fenylpiracetam obl\u00edbenou volbou mezi studenty, odborn\u00edky a v\u00fdzkumn\u00edky, kte\u0159\u00ed cht\u011bj\u00ed maximalizovat sv\u016fj kognitivn\u00ed potenci\u00e1l.<\/p>\n<h2>Pro\u010d Powerock Pharma:<\/h2>\n<p>Spole\u010dnost Powerock Pharma se zavazuje dod\u00e1vat pouze nejkvalitn\u011bj\u0161\u00ed v\u00fdzkumn\u00e9 slou\u010deniny a fenylpiracetam nen\u00ed v\u00fdjimkou. N\u00e1\u0161 produkt se vyr\u00e1b\u00ed v za\u0159\u00edzen\u00edch, kter\u00e1 dodr\u017euj\u00ed p\u0159\u00edsn\u00e9 normy GMP, HACCP a ISO 13485, co\u017e zaru\u010duje, \u017ee poka\u017ed\u00e9 obdr\u017e\u00edte \u010dist\u00fd a siln\u00fd produkt. Pro potvrzen\u00ed \u010distoty a \u00fa\u010dinnosti na\u0161ich kapsl\u00ed fenylpiracetamu jsou zavedeny p\u0159\u00edsn\u00e9 testovac\u00ed a valida\u010dn\u00ed procesy. V\u00fdb\u011brem spole\u010dnosti Powerock Pharma nez\u00edsk\u00e1v\u00e1te pouze produkt; investujete do spolehliv\u00fdch v\u00fdsledk\u016f podpo\u0159en\u00fdch spole\u010dnost\u00ed, kter\u00e1 up\u0159ednost\u0148uje kvalitu a bezpe\u010dnost nade v\u0161e.<\/p>\n<h3>Shrnut\u00ed:<\/h3>\n<p>Pozvedn\u011bte sv\u016fj kognitivn\u00ed v\u00fdzkum na novou \u00farove\u0148 s fenylpiracetamem od spole\u010dnosti Powerock Pharma. A\u0165 u\u017e studujete zlep\u0161en\u00ed pam\u011bti, soust\u0159ed\u011bn\u00ed nebo ment\u00e1ln\u00ed v\u00fddr\u017e, tato slou\u010denina v\u00e1m poskytne silnou podporu, kterou pot\u0159ebujete. D\u016fv\u011b\u0159ujte oddanosti spole\u010dnosti Powerock Pharma k dokonalosti a za\u0159a\u010fte fenylpiracetam do sv\u00e9ho v\u00fdzkumn\u00e9ho vybaven\u00ed. Objednejte si ho je\u0161t\u011b dnes a poznejte rozd\u00edl, kter\u00fd p\u0159in\u00e1\u0161\u00ed kvalita.<\/p>","protected":false},"excerpt":{"rendered":"<p>Fenylpiracetam zvy\u0161uje kognitivn\u00ed v\u00fdkonnost zv\u00fd\u0161en\u00edm aktivity neurotransmiter\u016f. Podporuje lep\u0161\u00ed pam\u011b\u0165, soust\u0159ed\u011bn\u00ed a du\u0161evn\u00ed jasnost. Vyberte si Powerock Pharma pro prvot\u0159\u00eddn\u00ed kvalitu a konzistentn\u00ed v\u00fdsledky.<\/p>","protected":false},"featured_media":177,"template":"","meta":{"_acf_changed":false,"rank_math_lock_modified_date":false,"inline_featured_image":false},"product_cat":[19],"product_tag":[],"class_list":{"0":"post-77","1":"product","2":"type-product","3":"status-publish","4":"has-post-thumbnail","6":"product_cat-nootropics","9":"first","10":"instock","11":"shipping-taxable","12":"product-type-simple"},"acf":{"chromatogram":626,"metoda":""},"_links":{"self":[{"href":"https:\/\/powerockpharma.com\/cs\/wp-json\/wp\/v2\/product\/77","targetHints":{"allow":["GET"]}}],"collection":[{"href":"https:\/\/powerockpharma.com\/cs\/wp-json\/wp\/v2\/product"}],"about":[{"href":"https:\/\/powerockpharma.com\/cs\/wp-json\/wp\/v2\/types\/product"}],"wp:featuredmedia":[{"embeddable":true,"href":"https:\/\/powerockpharma.com\/cs\/wp-json\/wp\/v2\/media\/177"}],"wp:attachment":[{"href":"https:\/\/powerockpharma.com\/cs\/wp-json\/wp\/v2\/media?parent=77"}],"wp:term":[{"taxonomy":"product_cat","embeddable":true,"href":"https:\/\/powerockpharma.com\/cs\/wp-json\/wp\/v2\/product_cat?post=77"},{"taxonomy":"product_tag","embeddable":true,"href":"https:\/\/powerockpharma.com\/cs\/wp-json\/wp\/v2\/product_tag?post=77"}],"curies":[{"name":"wp","href":"https:\/\/api.w.org\/{rel}","templated":true}]}}