{"id":78,"date":"2024-08-04T16:55:08","date_gmt":"2024-08-04T14:55:08","guid":{"rendered":"https:\/\/powerockpharma.com\/?post_type=product&#038;p=78"},"modified":"2025-11-12T06:51:26","modified_gmt":"2025-11-12T05:51:26","slug":"sunifiram","status":"publish","type":"product","link":"https:\/\/powerockpharma.com\/cs\/nootropics\/sunifiram\/","title":{"rendered":"SUNIFIRAM"},"content":{"rendered":"<h2>Vlastnosti:<\/h2>\n<p>Sunifiram (DM235) je siln\u00e9 nootropikum, kter\u00e9 je zn\u00e1m\u00e9 sv\u00fdmi v\u00fdznamn\u00fdmi \u00fa\u010dinky na zlep\u0161en\u00ed kognitivn\u00edch funkc\u00ed, tak\u017ee je ide\u00e1ln\u00ed volbou pro ty, kte\u0159\u00ed cht\u011bj\u00ed zv\u00fd\u0161it svou ment\u00e1ln\u00ed ostrost a soust\u0159ed\u011bn\u00ed. Jako piperazinov\u00fd deriv\u00e1t piracetamu je sunifiram uzn\u00e1v\u00e1n pro svou schopnost zvy\u0161ovat retenci pam\u011bti, schopnost u\u010den\u00ed a celkov\u00fd kognitivn\u00ed v\u00fdkon. Tato slou\u010denina p\u016fsob\u00ed tak, \u017ee moduluje AMPA receptory v mozku, kter\u00e9 jsou kl\u00ed\u010dov\u00e9 pro synaptick\u00fd p\u0159enos a plasticitu, \u010d\u00edm\u017e usnad\u0148uje lep\u0161\u00ed komunikaci mezi neurony. P\u0159edpokl\u00e1d\u00e1 se, \u017ee p\u016fsoben\u00ed sunifiramu vede k regulaci neurotrofick\u00e9ho faktoru odvozen\u00e9ho od mozku (BDNF), kter\u00fd hraje z\u00e1sadn\u00ed roli v neurogenezi, co\u017e d\u00e1le podporuje jeho kognitivn\u00ed vlastnosti.<\/p>\n<h2>Mechanismus \u00fa\u010dinku:<\/h2>\n<p>Hlavn\u00ed mechanismus \u00fa\u010dinku sunifiramu se soust\u0159ed\u00ed na jeho roli modul\u00e1toru AMPA receptor\u016f, co\u017e je proces zn\u00e1m\u00fd jako \"AMPAkinov\u00e1\" aktivita. Pozitivn\u00ed modulac\u00ed t\u011bchto receptor\u016f sunifiram zvy\u0161uje excitabilitu neuron\u016f, co\u017e je nezbytn\u00e9 pro dlouhodobou potenciaci (LTP) - fyziologick\u00fd proces, kter\u00fd je z\u00e1kladem u\u010den\u00ed a pam\u011bti. Tato modulace vede ke zlep\u0161en\u00ed synaptick\u00e9 plasticity, co\u017e zvy\u0161uje schopnost mozku ukl\u00e1dat a vybavovat si informace. Nav\u00edc bylo prok\u00e1z\u00e1no, \u017ee sunifiram zvy\u0161uje uvol\u0148ov\u00e1n\u00ed acetylcholinu, neurotransmiteru spojen\u00e9ho s u\u010den\u00edm a pam\u011bt\u00ed, co\u017e d\u00e1le p\u0159isp\u00edv\u00e1 k jeho kognitivn\u00edm \u00fa\u010dink\u016fm. Na rozd\u00edl od tradi\u010dn\u00edch stimulant\u016f poskytuje Sunifiram tato kognitivn\u00ed zlep\u0161en\u00ed bez nervozity nebo p\u00e1du, co\u017e z n\u011bj \u010din\u00ed preferovanou volbu pro trval\u00fd du\u0161evn\u00ed v\u00fdkon.<\/p>\n<h2>V\u00fdhody:<\/h2>\n<p>D\u016fsledn\u00e9 u\u017e\u00edv\u00e1n\u00ed p\u0159\u00edpravku Sunifiram vede ke znateln\u00e9mu zlep\u0161en\u00ed pam\u011bti, rychlej\u0161\u00edmu u\u010den\u00ed a zv\u00fd\u0161en\u00e9mu soust\u0159ed\u011bn\u00ed. U\u017eivatel\u00e9 \u010dasto uv\u00e1d\u011bj\u00ed zv\u00fd\u0161en\u00ed du\u0161evn\u00ed jasnosti a rychlej\u0161\u00ed zpracov\u00e1n\u00ed kognitivn\u00edch informac\u00ed, co\u017e je zvl\u00e1\u0161t\u011b prosp\u011b\u0161n\u00e9 pro osoby, kter\u00e9 se v\u011bnuj\u00ed n\u00e1ro\u010dn\u00fdm intelektu\u00e1ln\u00edm \u010dinnostem, nebo pro ty, kte\u0159\u00ed se sna\u017e\u00ed zv\u00fd\u0161it sv\u016fj akademick\u00fd \u010di profesn\u00ed v\u00fdkon. Mezi sekund\u00e1rn\u00ed p\u0159\u00ednosy pat\u0159\u00ed zlep\u0161en\u00ed n\u00e1lady a motivace, pravd\u011bpodobn\u011b d\u00edky vlivu sunifiramu na aktivitu neurotransmiter\u016f v mozku. Tato slou\u010denina je zvl\u00e1\u0161t\u011b \u00fa\u010dinn\u00e1 pro v\u00fdzkumn\u00edky, kte\u0159\u00ed zkoumaj\u00ed pos\u00edlen\u00ed kognitivn\u00edch funkc\u00ed u neurodegenerativn\u00edch stav\u016f nebo studuj\u00ed mechanismy synaptick\u00e9 plasticity.<\/p>\n<h2>Pro\u010d Powerock Pharma:<\/h2>\n<p>Ve spole\u010dnosti Powerock Pharma klademe d\u016fraz na kvalitu a bezpe\u010dnost ka\u017ed\u00e9ho produktu, kter\u00fd vyr\u00e1b\u00edme. Ka\u017ed\u00e1 \u0161ar\u017ee p\u0159\u00edpravku Sunifiram proch\u00e1z\u00ed p\u0159\u00edsn\u00fdm testov\u00e1n\u00edm v za\u0159\u00edzen\u00edch, kter\u00e1 spl\u0148uj\u00ed a p\u0159ekra\u010duj\u00ed normy GMP, HACCP a ISO 13485. Na\u0161e komplexn\u00ed procesy kontroly kvality zaji\u0161\u0165uj\u00ed, \u017ee Sunifiram, kter\u00fd obdr\u017e\u00edte, je nejen \u010dist\u00fd a \u00fa\u010dinn\u00fd, ale tak\u00e9 konzistentn\u00ed v ka\u017ed\u00e9 kapsli. D\u00edky spolupr\u00e1ci s p\u0159edn\u00edmi laborato\u0159emi ov\u011b\u0159ujeme \u010distotu a \u00fa\u010dinnost na\u0161ich produkt\u016f, co\u017e v\u00e1m d\u00e1v\u00e1 jistotu, \u017ee m\u016f\u017eete p\u0159\u00edpravku Sunifiram d\u016fv\u011b\u0159ovat pro pot\u0159eby va\u0161eho v\u00fdzkumu. Vyberte si spole\u010dnost Powerock Pharma pro bezkonkuren\u010dn\u00ed kvalitu a v\u00fdsledky, na kter\u00e9 se m\u016f\u017eete spolehnout.<\/p>\n<h3>Shrnut\u00ed:<\/h3>\n<p>Pokud je va\u0161\u00edm c\u00edlem zv\u00fd\u0161it kognitivn\u00ed v\u00fdkonnost, Sunifiram je \u0159e\u0161en\u00ed, kter\u00e9 jste hledali. Tento nootropik, podporovan\u00fd z\u00e1vazkem spole\u010dnosti Powerock Pharma ke kvalit\u011b, je navr\u017een tak, aby v\u00e1m pomohl bezpe\u010dn\u011b a efektivn\u011b dos\u00e1hnout vynikaj\u00edc\u00ed ment\u00e1ln\u00ed ostrosti. Ned\u011blejte kompromisy p\u0159i pln\u011bn\u00ed sv\u00fdch kognitivn\u00edch c\u00edl\u016f - objednejte si Sunifiram je\u0161t\u011b dnes a poznejte ten rozd\u00edl.<\/p>","protected":false},"excerpt":{"rendered":"<p>Sunifiram (DM235) zvy\u0161uje kognitivn\u00ed v\u00fdkonnost modulac\u00ed AMPA receptor\u016f, co\u017e vede ke zlep\u0161en\u00ed pam\u011bti, soust\u0159ed\u011bn\u00ed a schopnosti u\u010den\u00ed. Vyzkou\u0161ejte \u010distotu a s\u00edlu p\u0159\u00edsn\u00fdch standard\u016f kvality spole\u010dnosti Powerock Pharma.<\/p>","protected":false},"featured_media":179,"template":"","meta":{"_acf_changed":false,"rank_math_lock_modified_date":false,"inline_featured_image":false},"product_cat":[19],"product_tag":[],"class_list":{"0":"post-78","1":"product","2":"type-product","3":"status-publish","4":"has-post-thumbnail","6":"product_cat-nootropics","9":"first","10":"instock","11":"shipping-taxable","12":"product-type-simple"},"acf":{"chromatogram":612,"metoda":{"acftf":{"v":"1.3.24"},"p":{"o":{"uh":0},"ca":""},"c":[{"p":""}],"h":[{"c":""}],"b":[[{"c":""}]]}},"_links":{"self":[{"href":"https:\/\/powerockpharma.com\/cs\/wp-json\/wp\/v2\/product\/78","targetHints":{"allow":["GET"]}}],"collection":[{"href":"https:\/\/powerockpharma.com\/cs\/wp-json\/wp\/v2\/product"}],"about":[{"href":"https:\/\/powerockpharma.com\/cs\/wp-json\/wp\/v2\/types\/product"}],"wp:featuredmedia":[{"embeddable":true,"href":"https:\/\/powerockpharma.com\/cs\/wp-json\/wp\/v2\/media\/179"}],"wp:attachment":[{"href":"https:\/\/powerockpharma.com\/cs\/wp-json\/wp\/v2\/media?parent=78"}],"wp:term":[{"taxonomy":"product_cat","embeddable":true,"href":"https:\/\/powerockpharma.com\/cs\/wp-json\/wp\/v2\/product_cat?post=78"},{"taxonomy":"product_tag","embeddable":true,"href":"https:\/\/powerockpharma.com\/cs\/wp-json\/wp\/v2\/product_tag?post=78"}],"curies":[{"name":"wp","href":"https:\/\/api.w.org\/{rel}","templated":true}]}}