{"id":79,"date":"2024-08-04T16:57:36","date_gmt":"2024-08-04T14:57:36","guid":{"rendered":"https:\/\/powerockpharma.com\/?post_type=product&#038;p=79"},"modified":"2025-11-12T07:03:23","modified_gmt":"2025-11-12T06:03:23","slug":"kisspeptin-10","status":"publish","type":"product","link":"https:\/\/powerockpharma.com\/cs\/peptide-lyophilizates\/kisspeptin-10\/","title":{"rendered":"KISSPEPTIN-10"},"content":{"rendered":"<h2>Vlastnosti:<\/h2>\n<p>Kisspeptin-10, zn\u00e1m\u00fd tak\u00e9 jako metastin (45-54), je \u00fa\u010dinn\u00fd peptid, kter\u00fd je \u0161iroce zn\u00e1m\u00fd pro sv\u016fj v\u00fdznamn\u00fd vliv na reproduk\u010dn\u00ed zdrav\u00ed a hormon\u00e1ln\u00ed regulaci. Hraje kl\u00ed\u010dovou roli p\u0159i stimulaci uvol\u0148ov\u00e1n\u00ed gonadotropin uvol\u0148uj\u00edc\u00edho hormonu (GnRH), kter\u00fd n\u00e1sledn\u011b spou\u0161t\u00ed produkci z\u00e1kladn\u00edch reproduk\u010dn\u00edch hormon\u016f, jako je luteiniza\u010dn\u00ed hormon (LH) a folikuly stimuluj\u00edc\u00ed hormon (FSH). Tento peptid si z\u00edskal pozornost d\u00edky sv\u00e9mu potenci\u00e1ln\u00edmu vyu\u017eit\u00ed ve v\u00fdzkumu plodnosti, tak\u017ee je preferov\u00e1n studenty reproduk\u010dn\u00ed endokrinologie a p\u0159\u00edbuzn\u00fdch obor\u016f.<\/p>\n<h2>Mechanismus \u00fa\u010dinku:<\/h2>\n<p>Kisspeptin-10 p\u016fsob\u00ed na z\u00e1klad\u011b sv\u00e9 schopnosti v\u00e1zat se na receptor GPR54 (Kiss1R), kter\u00fd je p\u0159ev\u00e1\u017en\u011b exprimov\u00e1n v hypotalamu. Po vazb\u011b Kisspeptin-10 aktivuje sign\u00e1ln\u00ed dr\u00e1hy, kter\u00e9 vedou k sekreci GnRH z neuron\u016f hypotalamu. Tato sekrece GnRH je kl\u00ed\u010dov\u00e1 pro regulaci uvol\u0148ov\u00e1n\u00ed LH a FSH z hypof\u00fdzy, co\u017e jsou hormony, kter\u00e9 maj\u00ed z\u00e1sadn\u00ed v\u00fdznam v reproduk\u010dn\u00edm procesu. Tento mechanismus je z\u00e1kladem jeho mo\u017en\u00e9ho vyu\u017eit\u00ed p\u0159i zvy\u0161ov\u00e1n\u00ed plodnosti, regulaci menstrua\u010dn\u00edch cykl\u016f a studiu n\u00e1stupu puberty. Selektivn\u00ed p\u016fsoben\u00ed p\u0159\u00edpravku Kisspeptin-10 na reproduk\u010dn\u00ed osu zaji\u0161\u0165uje, \u017ee se zam\u011b\u0159uje na po\u017eadovan\u00e9 fyziologick\u00e9 v\u00fdsledky, ani\u017e by v\u00fdznamn\u011b ovliv\u0148oval jin\u00e9 hormon\u00e1ln\u00ed dr\u00e1hy, co\u017e z n\u011bj \u010din\u00ed c\u00edlen\u00fd n\u00e1stroj pro v\u00fdzkum v oblasti hormon\u00e1ln\u00ed modulace.<\/p>\n<h2>V\u00fdhody:<\/h2>\n<p>V\u00fdzkum zahrnuj\u00edc\u00ed d\u016fsledn\u00e9 u\u017e\u00edv\u00e1n\u00ed Kisspeptinu-10 uk\u00e1zal potenci\u00e1ln\u00ed p\u0159\u00ednosy v r\u016fzn\u00fdch aspektech reproduk\u010dn\u00edho zdrav\u00ed. Studie nazna\u010duj\u00ed, \u017ee m\u016f\u017ee zlep\u0161it plodnost t\u00edm, \u017ee zvy\u0161uje uvol\u0148ov\u00e1n\u00ed reproduk\u010dn\u00edch hormon\u016f, co\u017e by mohlo b\u00fdt zvl\u00e1\u0161t\u011b prosp\u011b\u0161n\u00e9 v p\u0159\u00edpadech nedostatku hormon\u016f nebo reproduk\u010dn\u00edch poruch. Krom\u011b toho byla zkoum\u00e1na role p\u0159\u00edpravku Kisspeptin-10 p\u0159i regulaci n\u00e1stupu puberty a udr\u017eov\u00e1n\u00ed reproduk\u010dn\u00edch funkc\u00ed, co\u017e z n\u011bj \u010din\u00ed univerz\u00e1ln\u00ed n\u00e1stroj v klinick\u00fdch i v\u00fdzkumn\u00fdch podm\u00ednk\u00e1ch. V\u00fdzkumn\u00edci mohou pozorovat i sekund\u00e1rn\u00ed p\u0159\u00ednosy, jako je zlep\u0161en\u00ed hormon\u00e1ln\u00ed rovnov\u00e1hy a potenci\u00e1ln\u00ed stabilizace n\u00e1lady v d\u016fsledku vlivu peptidu na osu reproduk\u010dn\u00edch hormon\u016f. Kisspeptin-10 je zvl\u00e1\u0161t\u011b cenn\u00fd pro v\u00fdzkumn\u00edky zam\u011b\u0159en\u00e9 na plodnost, reproduk\u010dn\u00ed zdrav\u00ed a hormon\u00e1ln\u00ed terapii.<\/p>\n<h2>Pro\u010d Powerock Pharma:<\/h2>\n<p>Ve spole\u010dnosti Powerock Pharma se zavazujeme, \u017ee ka\u017ed\u00e1 \u0161ar\u017ee p\u0159\u00edpravku Kisspeptin-10 bude dokonal\u00e1. Na\u0161e produkty jsou vyr\u00e1b\u011bny v nejmodern\u011bj\u0161\u00edch za\u0159\u00edzen\u00edch, kter\u00e1 dodr\u017euj\u00ed nejvy\u0161\u0161\u00ed standardy kvality, v\u010detn\u011b certifikac\u00ed GMP, HACCP a ISO 13485. Spolupracujeme s p\u0159edn\u00edmi laborato\u0159emi, abychom zajistili, \u017ee ka\u017ed\u00e1 \u0161ar\u017ee p\u0159\u00edpravku Kisspeptin-10 bude m\u00edt nejvy\u0161\u0161\u00ed \u010distotu a \u00fa\u010dinnost, a poskytli tak v\u00fdzkumn\u00edk\u016fm spolehliv\u00e9 a konzistentn\u00ed v\u00fdsledky. Na\u0161e p\u0159\u00edsn\u00e1 opat\u0159en\u00ed pro kontrolu kvality zaru\u010duj\u00ed, \u017ee obdr\u017e\u00edte produkt, kter\u00fd je nejen \u00fa\u010dinn\u00fd, ale tak\u00e9 bezpe\u010dn\u00fd pro pou\u017eit\u00ed v pokro\u010dil\u00e9m v\u00fdzkumu. Kdy\u017e si vyberete spole\u010dnost Powerock Pharma, vyb\u00edr\u00e1te si partnera, kter\u00fd se v\u011bnuje podpo\u0159e va\u0161eho v\u00fdzkumu s p\u0159esnost\u00ed a spolehlivost\u00ed.<\/p>\n<h3>Shrnut\u00ed:<\/h3>\n<p>Pokud chcete pokro\u010dit ve v\u00fdzkumu reproduk\u010dn\u00edho zdrav\u00ed a hormon\u00e1ln\u00ed rovnov\u00e1hy, je Kisspeptin-10 ide\u00e1ln\u00edm peptidem, kter\u00fd m\u016f\u017eete prozkoumat. Tento produkt, za kter\u00fdm stoj\u00ed p\u0159\u00edsn\u00e9 standardy kvality spole\u010dnosti Powerock Pharma, je navr\u017een tak, aby podpo\u0159il va\u0161e v\u00fdzkumn\u00e9 \u00fasil\u00ed s bezkonkuren\u010dn\u00ed p\u0159esnost\u00ed a \u00fa\u010dinnost\u00ed. Nespokojte se s ni\u010d\u00edm hor\u0161\u00edm - objednejte si Kisspeptin-10 je\u0161t\u011b dnes a posu\u0148te sv\u016fj v\u00fdzkum na vy\u0161\u0161\u00ed \u00farove\u0148.<\/p>","protected":false},"excerpt":{"rendered":"<p>Kisspeptin-10 podporuje reproduk\u010dn\u00ed zdrav\u00ed a hormon\u00e1ln\u00ed rovnov\u00e1hu t\u00edm, \u017ee stimuluje uvol\u0148ov\u00e1n\u00ed hormonu uvol\u0148uj\u00edc\u00edho gonadotropin (GnRH). Nab\u00edz\u00ed potenci\u00e1ln\u00ed v\u00fdhody p\u0159i v\u00fdzkumu plodnosti a regulaci hormon\u016f. Vyberte si spole\u010dnost Powerock Pharma pro bezkonkuren\u010dn\u00ed kvalitu a p\u0159esnost.<\/p>","protected":false},"featured_media":199,"template":"","meta":{"_acf_changed":false,"rank_math_lock_modified_date":false,"inline_featured_image":false},"product_cat":[17],"product_tag":[],"class_list":{"0":"post-79","1":"product","2":"type-product","3":"status-publish","4":"has-post-thumbnail","6":"product_cat-peptide-lyophilizates","9":"first","10":"instock","11":"shipping-taxable","12":"product-type-simple"},"acf":{"chromatogram":653,"metoda":{"acftf":{"v":"1.3.24"},"p":{"o":{"uh":0},"ca":""},"c":[{"p":""}],"h":[{"c":""}],"b":[[{"c":""}]]}},"_links":{"self":[{"href":"https:\/\/powerockpharma.com\/cs\/wp-json\/wp\/v2\/product\/79","targetHints":{"allow":["GET"]}}],"collection":[{"href":"https:\/\/powerockpharma.com\/cs\/wp-json\/wp\/v2\/product"}],"about":[{"href":"https:\/\/powerockpharma.com\/cs\/wp-json\/wp\/v2\/types\/product"}],"wp:featuredmedia":[{"embeddable":true,"href":"https:\/\/powerockpharma.com\/cs\/wp-json\/wp\/v2\/media\/199"}],"wp:attachment":[{"href":"https:\/\/powerockpharma.com\/cs\/wp-json\/wp\/v2\/media?parent=79"}],"wp:term":[{"taxonomy":"product_cat","embeddable":true,"href":"https:\/\/powerockpharma.com\/cs\/wp-json\/wp\/v2\/product_cat?post=79"},{"taxonomy":"product_tag","embeddable":true,"href":"https:\/\/powerockpharma.com\/cs\/wp-json\/wp\/v2\/product_tag?post=79"}],"curies":[{"name":"wp","href":"https:\/\/api.w.org\/{rel}","templated":true}]}}