{"id":80,"date":"2024-08-04T16:57:54","date_gmt":"2024-08-04T14:57:54","guid":{"rendered":"https:\/\/powerockpharma.com\/?post_type=product&#038;p=80"},"modified":"2025-11-12T07:01:47","modified_gmt":"2025-11-12T06:01:47","slug":"ll-37","status":"publish","type":"product","link":"https:\/\/powerockpharma.com\/cs\/peptide-lyophilizates\/ll-37\/","title":{"rendered":"LL-37"},"content":{"rendered":"<h2>Vlastnosti:<\/h2>\n<p>LL-37 (lidsk\u00fd), zn\u00e1m\u00fd tak\u00e9 jako ropokamptid, je siln\u00fd antimikrobi\u00e1ln\u00ed peptid s v\u00fdznamn\u00fdmi \u00fa\u010dinky na regulaci imunity a obnovu tk\u00e1n\u00ed. Tento peptid je p\u0159irozen\u011b produkov\u00e1n v lidsk\u00e9m t\u011ble a je kl\u00ed\u010dovou slo\u017ekou vrozen\u00e9ho imunitn\u00edho syst\u00e9mu. LL-37 je zn\u00e1m\u00fd svou schopnost\u00ed p\u016fsobit na \u0161irokou \u0161k\u00e1lu patogen\u016f, v\u010detn\u011b bakteri\u00ed, pl\u00edsn\u00ed a vir\u016f, co\u017e z n\u011bj \u010din\u00ed z\u00e1kladn\u00ed n\u00e1stroj pro v\u00fdzkum zam\u011b\u0159en\u00fd na kontrolu infekc\u00ed a modulaci imunity. Krom\u011b toho bylo zji\u0161t\u011bno, \u017ee LL-37 hraje kl\u00ed\u010dovou roli p\u0159i hojen\u00ed ran, kdy urychluje proces obnovy t\u00edm, \u017ee podporuje proliferaci bun\u011bk a sni\u017euje z\u00e1n\u011bt. V\u00fdzkumn\u00edci si tohoto peptidu cen\u00ed pro jeho dvoj\u00ed p\u016fsoben\u00ed - jako siln\u00e9ho antimikrobi\u00e1ln\u00edho \u010dinidla i jako stimul\u00e1toru regenerace tk\u00e1n\u00ed.<\/p>\n<h2>Mechanismus \u00fa\u010dinku:<\/h2>\n<p>P\u016fsoben\u00ed LL-37 se soust\u0159e\u010fuje na jeho interakci s mikrobi\u00e1ln\u00edmi membr\u00e1nami a jeho schopnost modulovat imunitn\u00ed odpov\u011b\u010f. LL-37 naru\u0161uje integritu membr\u00e1n mikrobi\u00e1ln\u00edch bun\u011bk, co\u017e vede k jejich rychl\u00e9 destrukci. Krom\u011b antimikrobi\u00e1ln\u00edch vlastnost\u00ed ovliv\u0148uje LL-37 tak\u00e9 imunitn\u00ed syst\u00e9m hostitele t\u00edm, \u017ee moduluje z\u00e1n\u011btliv\u00e9 reakce. Interaguje s r\u016fzn\u00fdmi receptory na imunitn\u00edch bu\u0148k\u00e1ch, nap\u0159\u00edklad s receptory podobn\u00fdmi Toll (TLR), co\u017e vede k vyv\u00e1\u017een\u00e9 z\u00e1n\u011btliv\u00e9 reakci, kter\u00e1 m\u00e1 z\u00e1sadn\u00ed v\u00fdznam pro \u00fa\u010dinn\u00e9 hojen\u00ed. \u0158\u00edzen\u00edm z\u00e1n\u011btu LL-37 minimalizuje po\u0161kozen\u00ed tk\u00e1n\u00ed a sou\u010dasn\u011b posiluje p\u0159irozen\u00e9 mechanismy obnovy organismu. D\u00edky tomu je LL-37 \u00fa\u010dinn\u00fd nejen v boji proti infekc\u00edm, ale je tak\u00e9 neoceniteln\u00fd ve v\u00fdzkumu t\u00fdkaj\u00edc\u00edm se chronick\u00fdch ran a z\u00e1n\u011btliv\u00fdch stav\u016f.<\/p>\n<h2>V\u00fdhody:<\/h2>\n<p>D\u016fsledn\u00e1 aplikace LL-37 ve v\u00fdzkumn\u00fdch podm\u00ednk\u00e1ch prok\u00e1zala v\u00fdznamn\u00e9 p\u0159\u00ednosy, v\u010detn\u011b urychlen\u00ed hojen\u00ed ran, zlep\u0161en\u00ed regenerace tk\u00e1n\u00ed a zlep\u0161en\u00ed imunitn\u00ed ochrany proti \u0161irok\u00e9mu spektru patogen\u016f. LL-37 nav\u00edc prok\u00e1zal potenci\u00e1l p\u0159i sni\u017eov\u00e1n\u00ed chronick\u00e9ho z\u00e1n\u011btu, tak\u017ee je zvl\u00e1\u0161t\u011b u\u017eite\u010dn\u00fd ve studi\u00edch zam\u011b\u0159en\u00fdch na autoimunitn\u00ed onemocn\u011bn\u00ed a chronick\u00e9 z\u00e1n\u011btliv\u00e9 poruchy. LL-37 m\u016f\u017ee b\u00fdt pro v\u00fdzkumn\u00edky p\u0159\u00ednosem tak\u00e9 p\u0159i zkoum\u00e1n\u00ed nov\u00fdch zp\u016fsob\u016f l\u00e9\u010dby ko\u017en\u00edch infekc\u00ed, sepse a dal\u0161\u00edch stav\u016f, kde imunitn\u00ed syst\u00e9m hraje rozhoduj\u00edc\u00ed roli. D\u00edky sv\u00e9 schopnosti podporovat obnovu tk\u00e1n\u00ed a sou\u010dasn\u011b kontrolovat infekci je LL-37 univerz\u00e1ln\u00edm n\u00e1strojem v regenerativn\u00ed medic\u00edn\u011b a imunologick\u00e9m v\u00fdzkumu.<\/p>\n<h2>Pro\u010d Powerock Pharma:<\/h2>\n<p>Ve spole\u010dnosti Powerock Pharma klademe d\u016fraz na kvalitu a p\u0159esnost v ka\u017ed\u00e9m kroku na\u0161eho v\u00fdrobn\u00edho procesu. LL-37, stejn\u011b jako v\u0161echny na\u0161e produkty, se vyr\u00e1b\u00ed v za\u0159\u00edzen\u00edch, kter\u00e1 p\u0159\u00edsn\u011b dodr\u017euj\u00ed normy GMP, HACCP a ISO 13485. T\u00edm je zaji\u0161t\u011bno, \u017ee ka\u017ed\u00e1 \u0161ar\u017ee p\u0159\u00edpravku LL-37 je vyr\u00e1b\u011bna za nejp\u0159\u00edsn\u011bj\u0161\u00edch kontrol kvality, co\u017e zaru\u010duje jeho \u010distotu, \u00fa\u010dinnost a bezpe\u010dnost. K ov\u011b\u0159ov\u00e1n\u00ed \u00fa\u010dinnosti na\u0161ich produkt\u016f pou\u017e\u00edv\u00e1me nejmodern\u011bj\u0161\u00ed analytick\u00e9 techniky, kter\u00e9 v\u00fdzkumn\u00fdm pracovn\u00edk\u016fm poskytuj\u00ed jistotu pot\u0159ebnou k dosa\u017een\u00ed spolehliv\u00fdch v\u00fdsledk\u016f. Kdy\u017e si vyberete LL-37 od spole\u010dnosti Powerock Pharma, vyb\u00edr\u00e1te si produkt, za kter\u00fdm stoj\u00ed p\u0159\u00edsn\u00e1 v\u011bdeck\u00e1 validace a z\u00e1vazek k dokonalosti.<\/p>\n<h3>Shrnut\u00ed:<\/h3>\n<p>Pokud v\u00e1\u0161 v\u00fdzkum zahrnuje zkoum\u00e1n\u00ed imunitn\u00ed modulace, kontrolu infekc\u00ed nebo regeneraci tk\u00e1n\u00ed, je LL-37 nepostradateln\u00fdm n\u00e1strojem. Tento peptid je podporov\u00e1n d\u016frazem spole\u010dnosti Powerock Pharma na kvalitu a bezpe\u010dnost a je navr\u017een tak, aby ve va\u0161ich studi\u00edch poskytoval konzistentn\u00ed a spolehliv\u00e9 v\u00fdsledky. Ned\u011blejte kompromisy ve sv\u00e9m v\u00fdzkumu - objednejte si LL-37 od spole\u010dnosti Powerock Pharma je\u0161t\u011b dnes a posu\u0148te sv\u00e9 v\u00fdzkumy na vy\u0161\u0161\u00ed \u00farove\u0148.<\/p>","protected":false},"excerpt":{"rendered":"<p>LL-37 (ropokamptid) podporuje imunitn\u00ed obranu a obnovu tk\u00e1n\u00ed t\u00edm, \u017ee moduluje z\u00e1n\u011btliv\u00e9 reakce a zvy\u0161uje antimikrobi\u00e1ln\u00ed aktivitu. M\u00e1 siln\u00fd p\u0159\u00ednos pro hojen\u00ed ran a kontrolu infekc\u00ed. Vyberte si spole\u010dnost Powerock Pharma pro \u010distotu a p\u0159esnost.<\/p>","protected":false},"featured_media":200,"template":"","meta":{"_acf_changed":false,"rank_math_lock_modified_date":false,"inline_featured_image":false},"product_cat":[17],"product_tag":[],"class_list":{"0":"post-80","1":"product","2":"type-product","3":"status-publish","4":"has-post-thumbnail","6":"product_cat-peptide-lyophilizates","9":"first","10":"instock","11":"shipping-taxable","12":"product-type-simple"},"acf":{"chromatogram":647,"metoda":""},"_links":{"self":[{"href":"https:\/\/powerockpharma.com\/cs\/wp-json\/wp\/v2\/product\/80","targetHints":{"allow":["GET"]}}],"collection":[{"href":"https:\/\/powerockpharma.com\/cs\/wp-json\/wp\/v2\/product"}],"about":[{"href":"https:\/\/powerockpharma.com\/cs\/wp-json\/wp\/v2\/types\/product"}],"wp:featuredmedia":[{"embeddable":true,"href":"https:\/\/powerockpharma.com\/cs\/wp-json\/wp\/v2\/media\/200"}],"wp:attachment":[{"href":"https:\/\/powerockpharma.com\/cs\/wp-json\/wp\/v2\/media?parent=80"}],"wp:term":[{"taxonomy":"product_cat","embeddable":true,"href":"https:\/\/powerockpharma.com\/cs\/wp-json\/wp\/v2\/product_cat?post=80"},{"taxonomy":"product_tag","embeddable":true,"href":"https:\/\/powerockpharma.com\/cs\/wp-json\/wp\/v2\/product_tag?post=80"}],"curies":[{"name":"wp","href":"https:\/\/api.w.org\/{rel}","templated":true}]}}