{"id":81,"date":"2024-08-04T16:58:26","date_gmt":"2024-08-04T14:58:26","guid":{"rendered":"https:\/\/powerockpharma.com\/?post_type=product&#038;p=81"},"modified":"2025-11-12T07:04:03","modified_gmt":"2025-11-12T06:04:03","slug":"hgh-fragment-176-191","status":"publish","type":"product","link":"https:\/\/powerockpharma.com\/cs\/peptide-lyophilizates\/hgh-fragment-176-191\/","title":{"rendered":"FRAGMENT HGH 176-191"},"content":{"rendered":"<h2>Vlastnosti:<\/h2>\n<p>HGH Fragment 176-191, specifick\u00e1 \u010d\u00e1st lidsk\u00e9ho r\u016fstov\u00e9ho hormonu, je zn\u00e1m\u00fd sv\u00fdmi siln\u00fdmi vlastnostmi p\u0159i spalov\u00e1n\u00ed tuk\u016f, co\u017e z n\u011bj \u010din\u00ed vynikaj\u00edc\u00ed volbu pro v\u00fdzkumn\u00edky zam\u011b\u0159en\u00e9 na odbour\u00e1v\u00e1n\u00ed tuk\u016f a zlep\u0161ov\u00e1n\u00ed slo\u017een\u00ed t\u011bla. Tento peptidov\u00fd fragment funguje tak, \u017ee napodobuje \u00fa\u010dinky p\u0159irozen\u00e9ho lidsk\u00e9ho r\u016fstov\u00e9ho hormonu na spalov\u00e1n\u00ed tuk\u016f, ani\u017e by ovliv\u0148oval hladinu cukru v krvi nebo podporoval ne\u017e\u00e1douc\u00ed r\u016fst sval\u016f. Fragment HGH 176-191 je navr\u017een tak, aby se zam\u011b\u0159il na tukovou tk\u00e1\u0148, stimuloval lipol\u00fdzu a sou\u010dasn\u011b inhiboval lipogenezi, co\u017e vede k v\u00fdrazn\u00e9mu sn\u00ed\u017een\u00ed mno\u017estv\u00ed t\u011blesn\u00e9ho tuku.<\/p>\n<h2>Mechanismus \u00fa\u010dinku:<\/h2>\n<p>Mechanismus \u00fa\u010dinku HGH Fragment 176-191 se soust\u0159e\u010fuje na jeho schopnost selektivn\u011b stimulovat odbour\u00e1v\u00e1n\u00ed tukov\u00fdch bun\u011bk (lipol\u00fdzu) a inhibovat tvorbu nov\u00fdch tukov\u00fdch bun\u011bk (lipogenezi). T\u00edm, \u017ee se tento fragment zam\u011b\u0159uje na C-koncovou oblast molekuly HGH, spou\u0161t\u00ed metabolismus tuk\u016f, ani\u017e by aktivoval \u0161ir\u0161\u00ed syst\u00e9mov\u00e9 \u00fa\u010dinky spojen\u00e9 s hormonem pln\u00e9 d\u00e9lky, jako je zv\u00fd\u0161en\u00e1 inzul\u00ednov\u00e1 rezistence. Tato selektivita zaji\u0161\u0165uje, \u017ee fragment HGH 176-191 prim\u00e1rn\u011b ovliv\u0148uje tukovou tk\u00e1\u0148, co\u017e vede ke zv\u00fd\u0161en\u00e9mu \u00fabytku tuku, zejm\u00e9na v nepoddajn\u00fdch oblastech, jako je b\u0159icho. Krom\u011b toho pom\u00e1h\u00e1 zachovat svalovou hmotu b\u011bhem kalorick\u00e9ho deficitu, tak\u017ee je ide\u00e1ln\u00ed pro cykly sni\u017eov\u00e1n\u00ed a v\u00fdzkumy zam\u011b\u0159en\u00e9 na regulaci hmotnosti.<\/p>\n<h2>V\u00fdhody:<\/h2>\n<p>D\u016fsledn\u00e9 pou\u017e\u00edv\u00e1n\u00ed HGH Fragment 176-191 ve v\u00fdzkumn\u00fdch za\u0159\u00edzen\u00edch m\u016f\u017ee v\u00e9st ke znateln\u00e9mu sn\u00ed\u017een\u00ed t\u011blesn\u00e9ho tuku, zejm\u00e9na v t\u011b\u017eko ztratiteln\u00fdch oblastech. Krom\u011b toho mohou subjekty zaznamenat zlep\u0161en\u00ed metabolismu, lep\u0161\u00ed definici sval\u016f a zv\u00fd\u0161en\u00ed energetick\u00e9 hladiny d\u00edky \u00faloze peptidu p\u0159i optimalizaci vyu\u017eit\u00ed tuk\u016f. Slou\u010denina je obzvl\u00e1\u0161t\u011b \u00fa\u010dinn\u00e1 pro v\u00fdzkumn\u00edky zam\u011b\u0159en\u00e9 na slo\u017een\u00ed t\u011bla, hubnut\u00ed a metabolick\u00e9 zdrav\u00ed. Na rozd\u00edl od plnohodnotn\u00e9ho HGH tento fragment nezvy\u0161uje hladinu cukru v krvi ani nezp\u016fsobuje zadr\u017eov\u00e1n\u00ed vody, co\u017e nab\u00edz\u00ed bezpe\u010dn\u011bj\u0161\u00ed profil pro v\u00fdzkum zam\u011b\u0159en\u00fd na odbour\u00e1v\u00e1n\u00ed tuk\u016f bez b\u011b\u017en\u00fdch vedlej\u0161\u00edch \u00fa\u010dink\u016f.<\/p>\n<h2>Pro\u010d Powerock Pharma:<\/h2>\n<p>Ve spole\u010dnosti Powerock Pharma je n\u00e1\u0161 z\u00e1vazek k dokonalosti patrn\u00fd v ka\u017ed\u00e9m kroku na\u0161eho v\u00fdrobn\u00edho procesu. HGH Fragment 176-191 se syntetizuje a \u010dist\u00ed v za\u0159\u00edzen\u00edch, kter\u00e1 spl\u0148uj\u00ed a p\u0159ekra\u010duj\u00ed p\u0159\u00edsn\u00e9 normy GMP, HACCP a ISO 13485. T\u00edm je zaji\u0161t\u011bno, \u017ee ka\u017ed\u00e1 \u0161ar\u017ee je nejen \u00fa\u010dinn\u00e1, ale tak\u00e9 bezpe\u010dn\u00e1 a spolehliv\u00e1 pro v\u00fdzkumn\u00e9 \u00fa\u010dely. Na\u0161e p\u0159\u00edsn\u00e9 testovac\u00ed postupy prov\u00e1d\u011bn\u00e9 ve spolupr\u00e1ci s p\u0159edn\u00edmi laborato\u0159emi zaru\u010duj\u00ed, \u017ee \u010distota a \u00fa\u010dinnost p\u0159\u00edpravku HGH Fragment 176-191 spl\u0148uj\u00ed nejvy\u0161\u0161\u00ed pr\u016fmyslov\u00e9 standardy. Kdy\u017e se rozhodnete pro spole\u010dnost Powerock Pharma, vyb\u00edr\u00e1te si produkt, za kter\u00fdm stoj\u00ed v\u011bda, kvalita a odhodl\u00e1n\u00ed poskytovat konzistentn\u00ed a reprodukovateln\u00e9 v\u00fdsledky ve va\u0161em v\u00fdzkumu.<\/p>\n<h3>Shrnut\u00ed:<\/h3>\n<p>Pokud je c\u00edlem va\u0161eho v\u00fdzkumu prozkoumat mechanismy odbour\u00e1v\u00e1n\u00ed tuk\u016f a slo\u017een\u00ed t\u011bla, je fragment HGH 176-191 z\u00e1kladn\u00edm n\u00e1strojem. D\u00edky p\u0159\u00edsn\u00fdm kontrol\u00e1m kvality spole\u010dnosti Powerock Pharma a jej\u00edmu z\u00e1vazku k dokonalosti je tento peptid navr\u017een tak, aby ve va\u0161ich studi\u00edch poskytoval p\u0159esn\u00e9 a spolehliv\u00e9 v\u00fdsledky. Ned\u011blejte kompromisy v kvalit\u011b - objednejte si HGH Fragment 176-191 je\u0161t\u011b dnes a posu\u0148te sv\u016fj v\u00fdzkum na vy\u0161\u0161\u00ed \u00farove\u0148 s jistotou.<\/p>","protected":false},"excerpt":{"rendered":"<p>HGH Fragment 176-191 podporuje odbour\u00e1v\u00e1n\u00ed tuk\u016f stimulac\u00ed lipol\u00fdzy a inhibic\u00ed lipogeneze. Nab\u00edz\u00ed v\u00fdhody, jako je zv\u00fd\u0161en\u00e9 spalov\u00e1n\u00ed tuk\u016f, udr\u017een\u00ed svalov\u00e9 hmoty a zlep\u0161en\u00ed metabolismu. Vyberte si Powerock Pharma pro bezkonkuren\u010dn\u00ed kvalitu a v\u00fdsledky.<\/p>","protected":false},"featured_media":197,"template":"","meta":{"_acf_changed":false,"rank_math_lock_modified_date":false,"inline_featured_image":false},"product_cat":[17],"product_tag":[],"class_list":{"0":"post-81","1":"product","2":"type-product","3":"status-publish","4":"has-post-thumbnail","6":"product_cat-peptide-lyophilizates","9":"first","10":"instock","11":"shipping-taxable","12":"product-type-simple"},"acf":{"chromatogram":655,"metoda":{"acftf":{"v":"1.3.24"},"p":{"o":{"uh":0},"ca":""},"c":[{"p":""}],"h":[{"c":""}],"b":[[{"c":""}]]}},"_links":{"self":[{"href":"https:\/\/powerockpharma.com\/cs\/wp-json\/wp\/v2\/product\/81","targetHints":{"allow":["GET"]}}],"collection":[{"href":"https:\/\/powerockpharma.com\/cs\/wp-json\/wp\/v2\/product"}],"about":[{"href":"https:\/\/powerockpharma.com\/cs\/wp-json\/wp\/v2\/types\/product"}],"wp:featuredmedia":[{"embeddable":true,"href":"https:\/\/powerockpharma.com\/cs\/wp-json\/wp\/v2\/media\/197"}],"wp:attachment":[{"href":"https:\/\/powerockpharma.com\/cs\/wp-json\/wp\/v2\/media?parent=81"}],"wp:term":[{"taxonomy":"product_cat","embeddable":true,"href":"https:\/\/powerockpharma.com\/cs\/wp-json\/wp\/v2\/product_cat?post=81"},{"taxonomy":"product_tag","embeddable":true,"href":"https:\/\/powerockpharma.com\/cs\/wp-json\/wp\/v2\/product_tag?post=81"}],"curies":[{"name":"wp","href":"https:\/\/api.w.org\/{rel}","templated":true}]}}