{"id":82,"date":"2024-08-04T16:58:45","date_gmt":"2024-08-04T14:58:45","guid":{"rendered":"https:\/\/powerockpharma.com\/?post_type=product&#038;p=82"},"modified":"2025-11-12T07:06:53","modified_gmt":"2025-11-12T06:06:53","slug":"dsip","status":"publish","type":"product","link":"https:\/\/powerockpharma.com\/cs\/peptide-lyophilizates\/dsip\/","title":{"rendered":"DSIP"},"content":{"rendered":"<h2>Vlastnosti:<\/h2>\n<p>Delta Sleep Inducing Peptide (DSIP) je siln\u00fd neuropeptid, kter\u00fd je zn\u00e1m\u00fd svou schopnost\u00ed podporovat regenera\u010dn\u00ed sp\u00e1nek a sni\u017eovat hladinu stresu. DSIP je zn\u00e1m\u00fd sv\u00fdmi uklid\u0148uj\u00edc\u00edmi \u00fa\u010dinky na centr\u00e1ln\u00ed nervov\u00fd syst\u00e9m a je cenn\u00fd zejm\u00e9na pro v\u00fdzkumn\u00edky, kte\u0159\u00ed studuj\u00ed poruchy sp\u00e1nku, stavy souvisej\u00edc\u00ed se stresem a celkov\u00e9 du\u0161evn\u00ed zdrav\u00ed. Tato slou\u010denina p\u016fsob\u00ed tak, \u017ee ovliv\u0148uje p\u0159irozen\u00fd cyklus sp\u00e1nku a bd\u011bn\u00ed v t\u011ble a pom\u00e1h\u00e1 regulovat sp\u00e1nkov\u00e9 vzorce, kter\u00e9 mohou b\u00fdt naru\u0161eny r\u016fzn\u00fdmi faktory, jako je stres, \u00fazkost nebo nepravideln\u00fd rozvrh. Krom\u011b toho se uk\u00e1zalo, \u017ee DSIP m\u00e1 potenci\u00e1ln\u00ed p\u0159\u00ednos p\u0159i modulaci hormon\u00e1ln\u00edch hladin, zejm\u00e9na t\u011bch, kter\u00e9 souvisej\u00ed se stresem, co\u017e z n\u011bj \u010din\u00ed univerz\u00e1ln\u00ed n\u00e1stroj ve v\u00fdzkumu zam\u011b\u0159en\u00e9m na pochopen\u00ed mechanism\u016f souvisej\u00edc\u00edch se sp\u00e1nkem a stresem.<\/p>\n<h2>Mechanismus \u00fa\u010dinku:<\/h2>\n<p>DSIP p\u016fsob\u00ed p\u0159edev\u0161\u00edm tak, \u017ee moduluje cyklus sp\u00e1nku a bd\u011bn\u00ed v t\u011ble prost\u0159ednictv\u00edm interakc\u00ed s r\u016fzn\u00fdmi neurotransmitery a hormon\u00e1ln\u00edmi dr\u00e1hami. Jedn\u00edm z kl\u00ed\u010dov\u00fdch \u00fa\u010dink\u016f DSIP je jeho vliv na produkci adrenokortikotropn\u00edho hormonu (ACTH), kter\u00fd se pod\u00edl\u00ed na stresov\u00e9 reakci organismu. Inhibic\u00ed nadm\u011brn\u00e9ho uvol\u0148ov\u00e1n\u00ed ACTH pom\u00e1h\u00e1 DSIP sni\u017eovat hladinu stresu, co\u017e n\u00e1sledn\u011b usnad\u0148uje hlub\u0161\u00ed a klidn\u011bj\u0161\u00ed sp\u00e1nek. DSIP nav\u00edc interaguje s endogenn\u00edm opioidn\u00edm syst\u00e9mem t\u011bla, \u010d\u00edm\u017e p\u0159isp\u00edv\u00e1 k \u00fa\u010dink\u016fm na uvoln\u011bn\u00ed stresu a podporu sp\u00e1nku. Toto selektivn\u00ed p\u016fsoben\u00ed zaji\u0161\u0165uje, \u017ee DSIP m\u016f\u017ee podporovat sp\u00e1nek, ani\u017e by zp\u016fsoboval ospalost nebo probl\u00e9my se z\u00e1vislost\u00ed, kter\u00e9 jsou \u010dasto spojov\u00e1ny s tradi\u010dn\u00edmi prost\u0159edky na span\u00ed, co\u017e z n\u011bj \u010din\u00ed bezpe\u010dn\u011bj\u0161\u00ed variantu pro dlouhodob\u00fd v\u00fdzkum.<\/p>\n<h2>V\u00fdhody:<\/h2>\n<p>D\u016fsledn\u00e9 pou\u017e\u00edv\u00e1n\u00ed DSIP ve v\u00fdzkumn\u00fdch za\u0159\u00edzen\u00edch m\u016f\u017ee v\u00e9st k \u0159ad\u011b pozorovan\u00fdch p\u0159\u00ednos\u016f, v\u010detn\u011b zlep\u0161en\u00ed kvality sp\u00e1nku, lep\u0161\u00edho zvl\u00e1d\u00e1n\u00ed stresu a lep\u0161\u00ed celkov\u00e9 stability n\u00e1lady. V\u00fdzkumn\u00edci mohou tak\u00e9 zaznamenat sekund\u00e1rn\u00ed p\u0159\u00ednosy, jako je sn\u00ed\u017een\u00ed \u00fazkosti, zlep\u0161en\u00ed kognitivn\u00edch funkc\u00ed d\u00edky lep\u0161\u00edmu odpo\u010dinku a vyv\u00e1\u017een\u011bj\u0161\u00ed hormon\u00e1ln\u00ed profil, zejm\u00e9na pokud jde o hormony souvisej\u00edc\u00ed se stresem, jako je kortizol. DSIP je zvl\u00e1\u0161t\u011b \u00fa\u010dinn\u00fd pro studie zam\u011b\u0159en\u00e9 na poruchy sp\u00e1nku, zvl\u00e1d\u00e1n\u00ed stresu a souvisej\u00edc\u00ed oblasti, kde je regulace sp\u00e1nku a stresu kl\u00ed\u010dov\u00e1.<\/p>\n<h2>Pro\u010d Powerock Pharma:<\/h2>\n<p>Ve spole\u010dnosti Powerock Pharma se sna\u017e\u00edme poskytovat v\u00fdzkumn\u00e9 slou\u010deniny nejvy\u0161\u0161\u00ed kvality. N\u00e1\u0161 DSIP je vyr\u00e1b\u011bn za p\u0159\u00edsn\u00fdch podm\u00ednek, p\u0159i dodr\u017eov\u00e1n\u00ed standard\u016f GMP, HACCP a ISO 13485, aby byla zaji\u0161t\u011bna bezpe\u010dnost, \u00fa\u010dinnost a \u010distota. Ka\u017ed\u00e1 \u0161ar\u017ee proch\u00e1z\u00ed p\u0159\u00edsn\u00fdm testov\u00e1n\u00edm v nejmodern\u011bj\u0161\u00edch laborato\u0159\u00edch, aby se potvrdila jej\u00ed \u00fa\u010dinnost a konzistence. N\u00e1\u0161 z\u00e1vazek ke kvalit\u011b znamen\u00e1, \u017ee se v\u00fdzkumn\u00edci mohou spolehnout, \u017ee n\u00e1\u0161 DSIP bude poka\u017ed\u00e9 poskytovat spolehliv\u00e9 v\u00fdsledky. Spole\u010dnost Powerock Pharma je va\u0161\u00edm partnerem p\u0159i rozvoji v\u011bdeck\u00fdch znalost\u00ed a nab\u00edz\u00ed pouze ty nejlep\u0161\u00ed produkty pro va\u0161e v\u00fdzkumn\u00e9 pot\u0159eby.<\/p>\n<h3>Shrnut\u00ed:<\/h3>\n<p>Pro ty, kte\u0159\u00ed se sna\u017e\u00ed zlep\u0161it sp\u00e1nek a sn\u00ed\u017eit stres, nab\u00edz\u00ed peptid vyvol\u00e1vaj\u00edc\u00ed delta sp\u00e1nek (DSIP) v\u011bdecky podlo\u017een\u00e9 \u0159e\u0161en\u00ed. P\u0159\u00edsn\u00e9 kontroly kvality spole\u010dnosti Powerock Pharma zaji\u0161\u0165uj\u00ed, \u017ee tento produkt je bezpe\u010dn\u00fd, \u00fa\u010dinn\u00fd a spolehliv\u00fd. Ned\u011blejte kompromisy ve sv\u00e9m v\u00fdzkumu - objednejte si DSIP je\u0161t\u011b dnes a ud\u011blejte dal\u0161\u00ed krok k odhalen\u00ed tajemstv\u00ed sp\u00e1nku a zvl\u00e1d\u00e1n\u00ed stresu.<\/p>","protected":false},"excerpt":{"rendered":"<p>Peptid vyvol\u00e1vaj\u00edc\u00ed delta sp\u00e1nek (DSIP) zvy\u0161uje kvalitu sp\u00e1nku t\u00edm, \u017ee upravuje sp\u00e1nkov\u00e9 vzorce a sni\u017euje hladinu stresu. Nab\u00edz\u00ed lep\u0161\u00ed regenera\u010dn\u00ed sp\u00e1nek a \u00falevu od stresu. Vyberte si Powerock Pharma pro \u010distotu a konzistentn\u00ed v\u00fdsledky.<\/p>","protected":false},"featured_media":188,"template":"","meta":{"_acf_changed":false,"rank_math_lock_modified_date":false,"inline_featured_image":false},"product_cat":[17],"product_tag":[],"class_list":{"0":"post-82","1":"product","2":"type-product","3":"status-publish","4":"has-post-thumbnail","6":"product_cat-peptide-lyophilizates","9":"first","10":"instock","11":"shipping-taxable","12":"product-type-simple"},"acf":{"chromatogram":665,"metoda":{"acftf":{"v":"1.3.24"},"p":{"o":{"uh":0},"ca":""},"c":[{"p":""}],"h":[{"c":""}],"b":[[{"c":""}]]}},"_links":{"self":[{"href":"https:\/\/powerockpharma.com\/cs\/wp-json\/wp\/v2\/product\/82","targetHints":{"allow":["GET"]}}],"collection":[{"href":"https:\/\/powerockpharma.com\/cs\/wp-json\/wp\/v2\/product"}],"about":[{"href":"https:\/\/powerockpharma.com\/cs\/wp-json\/wp\/v2\/types\/product"}],"wp:featuredmedia":[{"embeddable":true,"href":"https:\/\/powerockpharma.com\/cs\/wp-json\/wp\/v2\/media\/188"}],"wp:attachment":[{"href":"https:\/\/powerockpharma.com\/cs\/wp-json\/wp\/v2\/media?parent=82"}],"wp:term":[{"taxonomy":"product_cat","embeddable":true,"href":"https:\/\/powerockpharma.com\/cs\/wp-json\/wp\/v2\/product_cat?post=82"},{"taxonomy":"product_tag","embeddable":true,"href":"https:\/\/powerockpharma.com\/cs\/wp-json\/wp\/v2\/product_tag?post=82"}],"curies":[{"name":"wp","href":"https:\/\/api.w.org\/{rel}","templated":true}]}}