{"id":83,"date":"2024-08-04T16:59:10","date_gmt":"2024-08-04T14:59:10","guid":{"rendered":"https:\/\/powerockpharma.com\/?post_type=product&#038;p=83"},"modified":"2025-11-12T06:48:30","modified_gmt":"2025-11-12T05:48:30","slug":"thymalin","status":"publish","type":"product","link":"https:\/\/powerockpharma.com\/cs\/peptide-lyophilizates\/thymalin\/","title":{"rendered":"THYMALIN"},"content":{"rendered":"<h2>Vlastnosti:<\/h2>\n<p>Thymalin, siln\u00fd thymick\u00fd peptid, je zn\u00e1m\u00fd sv\u00fdmi hlubok\u00fdmi \u00fa\u010dinky na imunitn\u00ed modulaci a regeneraci tk\u00e1n\u00ed, co\u017e z n\u011bj \u010din\u00ed ide\u00e1ln\u00ed volbu pro v\u00fdzkumn\u00edky zam\u011b\u0159en\u00e9 na pos\u00edlen\u00ed bun\u011b\u010dn\u00e9ho zdrav\u00ed a vitality. Tento bioaktivn\u00ed peptid p\u016fsob\u00ed tak, \u017ee obnovuje a normalizuje funkce brzl\u00edku, kter\u00fd hraje kl\u00ed\u010dovou roli v imunitn\u00ed odpov\u011bdi organismu. T\u00edm, \u017ee ovliv\u0148uje produkci a diferenciaci T-bun\u011bk, pom\u00e1h\u00e1 Thymalin udr\u017eovat vyv\u00e1\u017een\u00fd imunitn\u00ed syst\u00e9m, kter\u00fd je rozhoduj\u00edc\u00ed pro zotaven\u00ed, dlouhov\u011bkost a celkovou pohodu.<\/p>\n<h2>Mechanismus \u00fa\u010dinku:<\/h2>\n<p>Mechanismus thymalinu se soust\u0159ed\u00ed na jeho schopnost stimulovat \u010dinnost brzl\u00edku. Tato \u017el\u00e1za je zodpov\u011bdn\u00e1 za zr\u00e1n\u00ed a diferenciaci T-bun\u011bk, kter\u00e9 jsou nezbytn\u00e9 pro adaptivn\u00ed imunitn\u00ed odpov\u011b\u010f. Thymalin moduluje aktivitu brzl\u00edku, co\u017e vede ke zlep\u0161en\u00ed imunitn\u00ed funkce, zlep\u0161en\u00ed obnovy tk\u00e1n\u00ed a sn\u00ed\u017een\u00ed procesu st\u00e1rnut\u00ed bun\u011bk. Podporuje produkci cytokin\u016f, co\u017e jsou sign\u00e1ln\u00ed molekuly, kter\u00e9 reguluj\u00ed z\u00e1n\u011bt a imunitn\u00ed reakce, a zaji\u0161\u0165uje tak vyv\u00e1\u017een\u00fd a \u00fa\u010dinn\u00fd imunitn\u00ed syst\u00e9m. Tato modulace nejen podporuje imunitn\u00ed obranu, ale tak\u00e9 p\u0159isp\u00edv\u00e1 k rychlej\u0161\u00edmu zotaven\u00ed po fyzick\u00e9 n\u00e1maze nebo zran\u011bn\u00ed, lep\u0161\u00ed regeneraci tk\u00e1n\u00ed a celkov\u00e9mu omlazen\u00ed bun\u011bk.<\/p>\n<h2>V\u00fdhody:<\/h2>\n<p>Pravideln\u00e9 u\u017e\u00edv\u00e1n\u00ed thymalinu ve v\u00fdzkumn\u00fdch za\u0159\u00edzen\u00edch p\u0159in\u00e1\u0161\u00ed \u0159adu v\u00fdhod, v\u010detn\u011b siln\u011bj\u0161\u00ed imunitn\u00ed reakce, vy\u0161\u0161\u00ed m\u00edry regenerace a lep\u0161\u00edho stavu tk\u00e1n\u00ed. V\u00fdzkumn\u00edci mohou pozorovat zrychlen\u00ed proces\u016f hojen\u00ed, sn\u00ed\u017een\u00ed zn\u00e1mek st\u00e1rnut\u00ed a celkov\u00e9 zv\u00fd\u0161en\u00ed vitality. Krom\u011b toho je Thymalin d\u00edky sv\u00e9 roli v regulaci imunitn\u00edch funkc\u00ed obzvl\u00e1\u0161t\u011b \u00fa\u010dinn\u00fd pro studie zam\u011b\u0159en\u00e9 na st\u00e1rnut\u00ed, chronick\u00e1 onemocn\u011bn\u00ed a poruchy imunitn\u00edho syst\u00e9mu. Nab\u00edz\u00ed tak\u00e9 sekund\u00e1rn\u00ed v\u00fdhody, jako je zlep\u0161en\u00ed kvality sp\u00e1nku, lep\u0161\u00ed zvl\u00e1d\u00e1n\u00ed stresu a zlep\u0161en\u00ed stability n\u00e1lady, kter\u00e9 jsou z\u00e1sadn\u00ed pro celkovou pohodu a dlouhov\u011bkost.<\/p>\n<h2>Pro\u010d Powerock Pharma:<\/h2>\n<p>Ve spole\u010dnosti Powerock Pharma je na\u0161e oddanost kvalit\u011b nekompromisn\u00ed. Ka\u017ed\u00e1 \u0161ar\u017ee p\u0159\u00edpravku Thymalin se vyr\u00e1b\u00ed v nejmodern\u011bj\u0161\u00edch za\u0159\u00edzen\u00edch, kter\u00e1 dodr\u017euj\u00ed nejp\u0159\u00edsn\u011bj\u0161\u00ed standardy, v\u010detn\u011b certifikac\u00ed GMP, HACCP a ISO 13485. Na\u0161e p\u0159\u00edsn\u00e9 testovac\u00ed protokoly zaji\u0161\u0165uj\u00ed, \u017ee ka\u017ed\u00fd produkt je nejen siln\u00fd, ale tak\u00e9 bezpe\u010dn\u00fd a konzistentn\u00ed ve sv\u00fdch \u00fa\u010dinc\u00edch. Spolupracujeme se \u0161pi\u010dkov\u00fdmi laborato\u0159emi, kter\u00e9 ov\u011b\u0159uj\u00ed \u010distotu a \u00fa\u010dinnost na\u0161ich produkt\u016f, a zaji\u0161\u0165uj\u00ed, \u017ee Thymalin p\u0159in\u00e1\u0161\u00ed v\u00fdsledky, kter\u00e9 v\u011bdci o\u010dek\u00e1vaj\u00ed. Kdy\u017e si vyberete spole\u010dnost Powerock Pharma, vyb\u00edr\u00e1te si spolehlivost, bezpe\u010dnost a dokonalost ka\u017ed\u00e9ho produktu.<\/p>\n<h3>Shrnut\u00ed:<\/h3>\n<p>Pokud chcete pokro\u010dit ve sv\u00e9m v\u00fdzkumu v oblasti modulace imunity, regenerace tk\u00e1n\u00ed nebo boje proti st\u00e1rnut\u00ed, je Thymalin od spole\u010dnosti Powerock Pharma ide\u00e1ln\u00ed volbou. Tento produkt, kter\u00fd se op\u00edr\u00e1 o p\u0159\u00edsn\u00e9 kontroly kvality a ov\u011b\u0159en\u00e9 v\u00fdsledky, je navr\u017een tak, aby v\u00e1m pomohl dos\u00e1hnout p\u0159esn\u00fdch a spolehliv\u00fdch v\u00fdsledk\u016f ve va\u0161ich studi\u00edch. Ned\u011blejte kompromisy v kvalit\u011b - objednejte si Thymalin je\u0161t\u011b dnes a pozvedn\u011bte sv\u016fj v\u00fdzkum na vy\u0161\u0161\u00ed \u00farove\u0148.<\/p>","protected":false},"excerpt":{"rendered":"<p>Thymalin podporuje regulaci imunitn\u00edho syst\u00e9mu a regeneraci tk\u00e1n\u00ed t\u00edm, \u017ee moduluje \u010dinnost brzl\u00edku. Nab\u00edz\u00ed lep\u0161\u00ed regeneraci, bun\u011b\u010dn\u00e9 zdrav\u00ed a vitalitu. Vyberte si Powerock Pharma pro \u010distotu, bezpe\u010dnost a konzistentn\u00ed v\u00fdsledky.<\/p>","protected":false},"featured_media":213,"template":"","meta":{"_acf_changed":false,"rank_math_lock_modified_date":false,"inline_featured_image":false},"product_cat":[17],"product_tag":[],"class_list":{"0":"post-83","1":"product","2":"type-product","3":"status-publish","4":"has-post-thumbnail","6":"product_cat-peptide-lyophilizates","9":"first","10":"instock","11":"shipping-taxable","12":"product-type-simple"},"acf":{"chromatogram":606,"metoda":{"acftf":{"v":"1.3.24"},"p":{"o":{"uh":0},"ca":""},"c":[{"p":""}],"h":[{"c":""}],"b":[[{"c":""}]]}},"_links":{"self":[{"href":"https:\/\/powerockpharma.com\/cs\/wp-json\/wp\/v2\/product\/83","targetHints":{"allow":["GET"]}}],"collection":[{"href":"https:\/\/powerockpharma.com\/cs\/wp-json\/wp\/v2\/product"}],"about":[{"href":"https:\/\/powerockpharma.com\/cs\/wp-json\/wp\/v2\/types\/product"}],"wp:featuredmedia":[{"embeddable":true,"href":"https:\/\/powerockpharma.com\/cs\/wp-json\/wp\/v2\/media\/213"}],"wp:attachment":[{"href":"https:\/\/powerockpharma.com\/cs\/wp-json\/wp\/v2\/media?parent=83"}],"wp:term":[{"taxonomy":"product_cat","embeddable":true,"href":"https:\/\/powerockpharma.com\/cs\/wp-json\/wp\/v2\/product_cat?post=83"},{"taxonomy":"product_tag","embeddable":true,"href":"https:\/\/powerockpharma.com\/cs\/wp-json\/wp\/v2\/product_tag?post=83"}],"curies":[{"name":"wp","href":"https:\/\/api.w.org\/{rel}","templated":true}]}}