{"id":84,"date":"2024-08-04T16:59:43","date_gmt":"2024-08-04T14:59:43","guid":{"rendered":"https:\/\/powerockpharma.com\/?post_type=product&#038;p=84"},"modified":"2025-11-12T06:57:31","modified_gmt":"2025-11-12T05:57:31","slug":"oxytocin","status":"publish","type":"product","link":"https:\/\/powerockpharma.com\/cs\/peptide-lyophilizates\/oxytocin\/","title":{"rendered":"OXYTOCIN"},"content":{"rendered":"<h2>Vlastnosti:<\/h2>\n<p>Oxytocin, \u010dasto ozna\u010dovan\u00fd jako \"hormon l\u00e1sky\", je siln\u00fd neuropeptid zn\u00e1m\u00fd sv\u00fdm v\u00fdznamn\u00fdm vlivem na soci\u00e1ln\u00ed vazby, regulaci emoc\u00ed a sni\u017eov\u00e1n\u00ed stresu. Tato slou\u010denina hraje kl\u00ed\u010dovou roli p\u0159i posilov\u00e1n\u00ed soci\u00e1ln\u00edho chov\u00e1n\u00ed, v\u010detn\u011b d\u016fv\u011bry, empatie a emo\u010dn\u00edho propojen\u00ed, co\u017e z n\u00ed \u010din\u00ed z\u00e1kladn\u00ed n\u00e1stroj ve v\u00fdzkumu zam\u011b\u0159en\u00e9m na soci\u00e1ln\u00ed a emo\u010dn\u00ed pohodu. Oxytocin p\u016fsob\u00ed tak, \u017ee se v\u00e1\u017ee na specifick\u00e9 receptory v mozku, zejm\u00e9na v oblastech spojen\u00fdch s emocemi a soci\u00e1ln\u00edm pozn\u00e1v\u00e1n\u00edm, co\u017e vede ke znateln\u00e9mu zlep\u0161en\u00ed n\u00e1lady a sn\u00ed\u017een\u00ed \u00farovn\u011b \u00fazkosti a stresu.<\/p>\n<h2>Mechanismus \u00fa\u010dinku:<\/h2>\n<p>Hlavn\u00ed \u00fa\u010dinek oxytocinu spo\u010d\u00edv\u00e1 v jeho schopnosti modulovat aktivitu neurotransmiter\u016f a hormon\u016f souvisej\u00edc\u00edch se soci\u00e1ln\u00edm chov\u00e1n\u00edm a regulac\u00ed emoc\u00ed. Vazbou na oxytocinov\u00e9 receptory v mozku ovliv\u0148uje tento neuropeptid uvol\u0148ov\u00e1n\u00ed dopaminu a serotoninu, kter\u00e9 jsou rozhoduj\u00edc\u00ed pro stabilizaci n\u00e1lady a vytv\u00e1\u0159en\u00ed soci\u00e1ln\u00edch vazeb. Krom\u011b toho oxytocin sni\u017euje aktivitu amygdaly, mozkov\u00e9 oblasti spojen\u00e9 se strachem a stresem, co\u017e vede ke zklid\u0148uj\u00edc\u00edmu \u00fa\u010dinku a zv\u00fd\u0161en\u00ed pocitu d\u016fv\u011bry a uvoln\u011bn\u00ed. Toto selektivn\u00ed p\u016fsoben\u00ed zaji\u0161\u0165uje, \u017ee oxytocin poskytuje emocion\u00e1ln\u00ed a soci\u00e1ln\u00ed v\u00fdhody bez v\u00fdznamn\u00fdch vedlej\u0161\u00edch \u00fa\u010dink\u016f, co\u017e z n\u011bj \u010din\u00ed ide\u00e1ln\u00ed slou\u010deninu pro v\u00fdzkum behavior\u00e1ln\u00edch terapi\u00ed a intervenc\u00ed v oblasti du\u0161evn\u00edho zdrav\u00ed.<\/p>\n<h2>V\u00fdhody:<\/h2>\n<p>D\u016fsledn\u00e9 v\u00fdzkumn\u00e9 u\u017e\u00edv\u00e1n\u00ed oxytocinu vede k v\u00fdrazn\u00e9mu zlep\u0161en\u00ed soci\u00e1ln\u00edch interakc\u00ed, stabilizaci n\u00e1lady a zvl\u00e1d\u00e1n\u00ed stresu. Studie prok\u00e1zaly, \u017ee subjekty, kter\u00fdm byl oxytocin pod\u00e1v\u00e1n, vykazuj\u00ed zv\u00fd\u0161enou d\u016fv\u011bru, empatii a emo\u010dn\u00ed odolnost, co\u017e jej \u010din\u00ed obzvl\u00e1\u0161t\u011b \u00fa\u010dinn\u00fdm pro v\u00fdzkum zam\u011b\u0159en\u00fd na stavy, jako jsou \u00fazkost, deprese a soci\u00e1ln\u00ed \u00fazkostn\u00e9 poruchy. Krom\u011b toho bylo pozorov\u00e1no, \u017ee oxytocin podporuje mate\u0159sk\u00e9 chov\u00e1n\u00ed a p\u00e1rov\u00e9 vazby, co\u017e d\u00e1le zd\u016fraz\u0148uje jeho roli v soci\u00e1ln\u00ed a emo\u010dn\u00ed pohod\u011b. V\u00fdzkumn\u00edci mohou tak\u00e9 zaznamenat sekund\u00e1rn\u00ed p\u0159\u00ednosy, jako je zlep\u0161en\u00ed kvality sp\u00e1nku, sn\u00ed\u017een\u00ed agresivity a zv\u00fd\u0161en\u00ed celkov\u00e9 pohody.<\/p>\n<h2>Pro\u010d Powerock Pharma:<\/h2>\n<p>Ve spole\u010dnosti Powerock Pharma se sna\u017e\u00edme poskytovat nejkvalitn\u011bj\u0161\u00ed dostupn\u00e9 v\u00fdzkumn\u00e9 slou\u010deniny. N\u00e1\u0161 oxytocin se vyr\u00e1b\u00ed v nejmodern\u011bj\u0161\u00edch za\u0159\u00edzen\u00edch, kter\u00e1 dodr\u017euj\u00ed nejp\u0159\u00edsn\u011bj\u0161\u00ed normy GMP, HACCP a ISO 13485. Ka\u017ed\u00e1 \u0161ar\u017ee proch\u00e1z\u00ed p\u0159\u00edsn\u00fdm testov\u00e1n\u00edm, kter\u00e9 zaji\u0161\u0165uje \u010distotu, \u00fa\u010dinnost a konzistenci, co\u017e d\u00e1v\u00e1 v\u00fdzkumn\u00fdm pracovn\u00edk\u016fm jistotu, kterou pot\u0159ebuj\u00ed k prov\u00e1d\u011bn\u00ed p\u0159esn\u00fdch a spolehliv\u00fdch studi\u00ed. Spolupracujeme s p\u0159edn\u00edmi laborato\u0159emi, abychom ov\u011b\u0159ili integritu na\u0161ich produkt\u016f a zajistili, \u017ee dostanete jen to nejlep\u0161\u00ed. Kdy\u017e si vyberete spole\u010dnost Powerock Pharma, vyb\u00edr\u00e1te si d\u016fv\u011bryhodn\u00e9ho partnera v oblasti \u0161pi\u010dkov\u00e9ho v\u00fdzkumu.<\/p>\n<h3>Shrnut\u00ed:<\/h3>\n<p>Pro v\u00fdzkumn\u00edky, kte\u0159\u00ed se sna\u017e\u00ed prozkoumat hloubku soci\u00e1ln\u00edho chov\u00e1n\u00ed a emo\u010dn\u00ed pohody, je oxytocin od spole\u010dnosti Powerock Pharma nejlep\u0161\u00ed volbou. D\u00edky sv\u00fdm dob\u0159e zdokumentovan\u00fdm \u00fa\u010dink\u016fm na n\u00e1ladu, stres a soci\u00e1ln\u00ed vazby je tato slou\u010denina nepostradateln\u00e1 pro rozvoj v\u00fdzkumu v t\u011bchto oblastech. D\u00edky p\u0159\u00edsn\u00fdm kontrol\u00e1m kvality a z\u00e1vazku k dokonalosti je oxytocin navr\u017een tak, aby poskytoval konzistentn\u00ed a spolehliv\u00e9 v\u00fdsledky. Ned\u011blejte kompromisy ve sv\u00e9m v\u00fdzkumu - objednejte si oxytocin je\u0161t\u011b dnes a odhalte nov\u00e9 poznatky o lidsk\u00fdch zku\u0161enostech.<\/p>","protected":false},"excerpt":{"rendered":"<p>Oxytocin podporuje soci\u00e1ln\u00ed vazby a emo\u010dn\u00ed pohodu t\u00edm, \u017ee moduluje aktivitu neurotransmiter\u016f. Zlep\u0161uje n\u00e1ladu, sni\u017euje stres a zvy\u0161uje d\u016fv\u011bru v soci\u00e1ln\u00edch interakc\u00edch. Vyberte si Powerock Pharma pro kvalitn\u00ed a konzistentn\u00ed v\u00fdsledky.<\/p>","protected":false},"featured_media":209,"template":"","meta":{"_acf_changed":false,"rank_math_lock_modified_date":false,"inline_featured_image":false},"product_cat":[17],"product_tag":[],"class_list":{"0":"post-84","1":"product","2":"type-product","3":"status-publish","4":"has-post-thumbnail","6":"product_cat-peptide-lyophilizates","9":"first","10":"instock","11":"shipping-taxable","12":"product-type-simple"},"acf":{"chromatogram":632,"metoda":{"acftf":{"v":"1.3.24"},"p":{"o":{"uh":0},"ca":""},"c":[{"p":""}],"h":[{"c":""}],"b":[[{"c":""}]]}},"_links":{"self":[{"href":"https:\/\/powerockpharma.com\/cs\/wp-json\/wp\/v2\/product\/84","targetHints":{"allow":["GET"]}}],"collection":[{"href":"https:\/\/powerockpharma.com\/cs\/wp-json\/wp\/v2\/product"}],"about":[{"href":"https:\/\/powerockpharma.com\/cs\/wp-json\/wp\/v2\/types\/product"}],"wp:featuredmedia":[{"embeddable":true,"href":"https:\/\/powerockpharma.com\/cs\/wp-json\/wp\/v2\/media\/209"}],"wp:attachment":[{"href":"https:\/\/powerockpharma.com\/cs\/wp-json\/wp\/v2\/media?parent=84"}],"wp:term":[{"taxonomy":"product_cat","embeddable":true,"href":"https:\/\/powerockpharma.com\/cs\/wp-json\/wp\/v2\/product_cat?post=84"},{"taxonomy":"product_tag","embeddable":true,"href":"https:\/\/powerockpharma.com\/cs\/wp-json\/wp\/v2\/product_tag?post=84"}],"curies":[{"name":"wp","href":"https:\/\/api.w.org\/{rel}","templated":true}]}}