{"id":85,"date":"2024-08-04T17:00:12","date_gmt":"2024-08-04T15:00:12","guid":{"rendered":"https:\/\/powerockpharma.com\/?post_type=product&#038;p=85"},"modified":"2025-11-12T06:47:58","modified_gmt":"2025-11-12T05:47:58","slug":"thymosin-alpha-1","status":"publish","type":"product","link":"https:\/\/powerockpharma.com\/cs\/peptide-lyophilizates\/thymosin-alfa-1\/","title":{"rendered":"THYMOSIN ALFA 1"},"content":{"rendered":"<h2>Vlastnosti:<\/h2>\n<p>Thymosin alfa 1 (thymalfasin) je siln\u00fd peptid zn\u00e1m\u00fd sv\u00fdmi imunomodula\u010dn\u00edmi \u00fa\u010dinky, co\u017e z n\u011bj \u010din\u00ed z\u00e1kladn\u00ed n\u00e1stroj pro v\u00fdzkum zam\u011b\u0159en\u00fd na pos\u00edlen\u00ed imunitn\u00ed funkce. Tato slou\u010denina si z\u00edskala uzn\u00e1n\u00ed pro svou schopnost posilovat p\u0159irozen\u00e9 obrann\u00e9 mechanismy organismu, d\u00edky \u010demu\u017e je zvl\u00e1\u0161t\u011b cenn\u00e1 ve studi\u00edch t\u00fdkaj\u00edc\u00edch se kontroly infekc\u00ed, l\u00e9\u010dby rakoviny a autoimunitn\u00edch poruch. Thymosin alfa 1 p\u016fsob\u00ed tak, \u017ee aktivuje a zvy\u0161uje produkci T-bun\u011bk, kter\u00e9 jsou rozhoduj\u00edc\u00ed pro imunitn\u00ed dohled a reakci. To vede ke zv\u00fd\u0161en\u00e9 schopnosti identifikovat a eliminovat patogeny, co\u017e m\u00e1 za n\u00e1sledek lep\u0161\u00ed odolnost v\u016f\u010di infekc\u00edm a siln\u011bj\u0161\u00ed imunitn\u00ed syst\u00e9m.<\/p>\n<h2>Mechanismus \u00fa\u010dinku:<\/h2>\n<p>P\u016fsoben\u00ed thymosinu alfa 1 spo\u010d\u00edv\u00e1 v jeho schopnosti modulovat imunitn\u00ed syst\u00e9m, zejm\u00e9na prost\u0159ednictv\u00edm stimulace diferenciace a aktivity T-bun\u011bk. Vazbou na specifick\u00e9 receptory na imunitn\u00edch bu\u0148k\u00e1ch zvy\u0161uje thymosin alfa 1 produkci a aktivitu cytokin\u016f, kter\u00e9 jsou nezbytn\u00e9 pro \u0159\u00edzen\u00ed imunitn\u00ed odpov\u011bdi. Tento peptid tak\u00e9 podporuje dozr\u00e1v\u00e1n\u00ed T-bun\u011bk v brzl\u00edku a zvy\u0161uje jejich schopnost rozpozn\u00e1vat a zam\u011b\u0159ovat se na infikovan\u00e9 nebo malign\u00ed bu\u0148ky. Tyto \u00fa\u010dinky spole\u010dn\u011b vedou k \u00fa\u010dinn\u011bj\u0161\u00edmu a citliv\u011bj\u0161\u00edmu imunitn\u00edmu syst\u00e9mu, co\u017e z thymosinu alfa 1 \u010din\u00ed siln\u00e9ho kandid\u00e1ta pro v\u00fdzkum v oblastech, kde je \u017e\u00e1douc\u00ed pos\u00edlen\u00ed imunitn\u00edch funkc\u00ed.<\/p>\n<h2>V\u00fdhody:<\/h2>\n<p>D\u016fsledn\u00e1 aplikace thymosinu alfa 1 ve v\u00fdzkumu uk\u00e1zala, \u017ee p\u0159in\u00e1\u0161\u00ed \u0159adu v\u00fdhod, v\u010detn\u011b lep\u0161\u00ed regulace imunitn\u00edho syst\u00e9mu, zv\u00fd\u0161en\u00e9 schopnosti bojovat s infekcemi a potenci\u00e1ln\u00edho vyu\u017eit\u00ed v imunoterapii rakoviny. V\u00fdzkumn\u00edci zjistili, \u017ee thymosin alfa 1 m\u016f\u017ee pomoci obnovit imunitn\u00ed funkce u jedinc\u016f s naru\u0161enou imunitou, co\u017e je zvl\u00e1\u0161t\u011b u\u017eite\u010dn\u00e9 ve studi\u00edch zahrnuj\u00edc\u00edch pacienty s chronick\u00fdmi infekcemi, rakovinou nebo imunodeficitem. Nav\u00edc jeho schopnost modulovat imunitn\u00ed reakce bez nadm\u011brn\u00e9 stimulace sni\u017euje riziko autoimunitn\u00edch reakc\u00ed, co\u017e z n\u011bj \u010din\u00ed bezpe\u010dn\u011bj\u0161\u00ed variantu pro dlouhodob\u00fd v\u00fdzkum. Mezi sekund\u00e1rn\u00ed v\u00fdhody m\u016f\u017ee pat\u0159it lep\u0161\u00ed hojen\u00ed ran, sn\u00ed\u017een\u00ed z\u00e1n\u011btu a lep\u0161\u00ed celkov\u00e1 odolnost v\u016f\u010di nemocem.<\/p>\n<h2>Pro\u010d Powerock Pharma:<\/h2>\n<p>Ve spole\u010dnosti Powerock Pharma se n\u00e1\u0161 z\u00e1vazek k dokonalosti odr\u00e1\u017e\u00ed v ka\u017ed\u00e9 \u0161ar\u017ei p\u0159\u00edpravku Thymosin Alpha 1, kterou vyr\u00e1b\u00edme. Dodr\u017eujeme nejvy\u0161\u0161\u00ed standardy kvality, v\u010detn\u011b certifikac\u00ed GMP, HACCP a ISO 13485, abychom zajistili, \u017ee na\u0161e produkty jsou nejen \u00fa\u010dinn\u00e9, ale tak\u00e9 bezpe\u010dn\u00e9 a spolehliv\u00e9. Ka\u017ed\u00e1 \u0161ar\u017ee proch\u00e1z\u00ed p\u0159\u00edsn\u00fdm testov\u00e1n\u00edm, kter\u00e9 ov\u011b\u0159uje jej\u00ed \u010distotu, \u00fa\u010dinnost a konzistenci, co\u017e v\u00fdzkumn\u00edk\u016fm poskytuje jistotu, kterou pot\u0159ebuj\u00ed k dosa\u017een\u00ed p\u0159esn\u00fdch a reprodukovateln\u00fdch v\u00fdsledk\u016f. V\u00fdb\u011brem p\u0159\u00edpravku Thymosin Alpha 1 od spole\u010dnosti Powerock Pharma si vyb\u00edr\u00e1te produkt, kter\u00fd je podlo\u017een v\u011bdeck\u00fdmi poznatky a vyroben s maxim\u00e1ln\u00ed p\u00e9\u010d\u00ed.<\/p>\n<h3>Shrnut\u00ed:<\/h3>\n<p>Pokud se v\u00e1\u0161 v\u00fdzkum zam\u011b\u0159uje na pos\u00edlen\u00ed imunitn\u00ed funkce, je vhodn\u00fdm peptidem thymosin alfa 1. D\u00edky prok\u00e1zan\u00e9 schopnosti modulovat a posilovat imunitn\u00ed syst\u00e9m je tento produkt neoceniteln\u00fdm p\u0159\u00ednosem pro studie v oblasti imunologie, onkologie a infek\u010dn\u00edch chorob. Thymosin Alpha 1 je podporov\u00e1n p\u0159\u00edsn\u00fdmi procesy kontroly kvality spole\u010dnosti Powerock Pharma a zaru\u010duje, \u017ee m\u016f\u017eete sv\u016fj v\u00fdzkum prov\u00e1d\u011bt s d\u016fv\u011brou. Ned\u011blejte kompromisy v kvalit\u011b - objednejte si Thymosin Alpha 1 je\u0161t\u011b dnes a posu\u0148te sv\u016fj v\u00fdzkum na novou \u00farove\u0148.<\/p>","protected":false},"excerpt":{"rendered":"<p>Thymosin alfa 1 (thymalfasin) zvy\u0161uje imunitn\u00ed odpov\u011b\u010f modulac\u00ed aktivity T-bun\u011bk, \u010d\u00edm\u017e zaji\u0161\u0165uje lep\u0161\u00ed obranu proti infekc\u00edm a lep\u0161\u00ed celkovou funkci imunitn\u00edho syst\u00e9mu. Vyberte si Powerock Pharma pro \u010distotu a ov\u011b\u0159en\u00e9 v\u00fdsledky.<\/p>","protected":false},"featured_media":214,"template":"","meta":{"_acf_changed":false,"rank_math_lock_modified_date":false,"inline_featured_image":false},"product_cat":[17],"product_tag":[],"class_list":{"0":"post-85","1":"product","2":"type-product","3":"status-publish","4":"has-post-thumbnail","6":"product_cat-peptide-lyophilizates","9":"first","10":"instock","11":"shipping-taxable","12":"product-type-simple"},"acf":{"chromatogram":605,"metoda":{"acftf":{"v":"1.3.24"},"p":{"o":{"uh":0},"ca":""},"c":[{"p":""}],"h":[{"c":""}],"b":[[{"c":""}]]}},"_links":{"self":[{"href":"https:\/\/powerockpharma.com\/cs\/wp-json\/wp\/v2\/product\/85","targetHints":{"allow":["GET"]}}],"collection":[{"href":"https:\/\/powerockpharma.com\/cs\/wp-json\/wp\/v2\/product"}],"about":[{"href":"https:\/\/powerockpharma.com\/cs\/wp-json\/wp\/v2\/types\/product"}],"wp:featuredmedia":[{"embeddable":true,"href":"https:\/\/powerockpharma.com\/cs\/wp-json\/wp\/v2\/media\/214"}],"wp:attachment":[{"href":"https:\/\/powerockpharma.com\/cs\/wp-json\/wp\/v2\/media?parent=85"}],"wp:term":[{"taxonomy":"product_cat","embeddable":true,"href":"https:\/\/powerockpharma.com\/cs\/wp-json\/wp\/v2\/product_cat?post=85"},{"taxonomy":"product_tag","embeddable":true,"href":"https:\/\/powerockpharma.com\/cs\/wp-json\/wp\/v2\/product_tag?post=85"}],"curies":[{"name":"wp","href":"https:\/\/api.w.org\/{rel}","templated":true}]}}