{"id":86,"date":"2024-08-04T17:00:36","date_gmt":"2024-08-04T15:00:36","guid":{"rendered":"https:\/\/powerockpharma.com\/?post_type=product&#038;p=86"},"modified":"2025-11-12T07:00:37","modified_gmt":"2025-11-12T06:00:37","slug":"mots-c","status":"publish","type":"product","link":"https:\/\/powerockpharma.com\/cs\/peptide-lyophilizates\/mots-c\/","title":{"rendered":"MOTS-C"},"content":{"rendered":"<h2>Vlastnosti:<\/h2>\n<p>MOTS-c (lidsk\u00fd) je \u00fa\u010dinn\u00fd peptid odvozen\u00fd od mitochondri\u00ed, kter\u00fd je zn\u00e1m\u00fd sv\u00fdmi v\u00fdznamn\u00fdmi \u00fa\u010dinky na metabolick\u00e9 zdrav\u00ed a celkovou fyzickou v\u00fdkonnost. Tento peptid hraje kl\u00ed\u010dovou roli v regulaci mitochondri\u00e1ln\u00ed funkce a energetick\u00e9ho v\u00fddeje, co\u017e z n\u011bj \u010din\u00ed preferovanou volbu pro v\u00fdzkumn\u00edky zam\u011b\u0159en\u00e9 na zlep\u0161en\u00ed metabolick\u00fdch proces\u016f, odbour\u00e1v\u00e1n\u00ed tuk\u016f a citlivosti na inzul\u00edn. \u00da\u010dinky t\u00e9to slou\u010deniny p\u0159esahuj\u00ed z\u00e1kladn\u00ed regulaci metabolismu a p\u0159isp\u00edvaj\u00ed ke zlep\u0161en\u00ed vytrvalosti, zv\u00fd\u0161en\u00ed hladiny energie a optimalizaci t\u011blesn\u00e9ho slo\u017een\u00ed. MOTS-c p\u016fsob\u00ed interakc\u00ed s kl\u00ed\u010dov\u00fdmi bun\u011b\u010dn\u00fdmi drahami, kter\u00e9 ovliv\u0148uj\u00ed metabolick\u00e9 funkce, jako je nap\u0159\u00edklad dr\u00e1ha AMP-aktivovan\u00e9 proteinkin\u00e1zy (AMPK), kter\u00e1 je kl\u00ed\u010dov\u00e1 pro udr\u017eov\u00e1n\u00ed energetick\u00e9 rovnov\u00e1hy a podporu zdrav\u00e9ho metabolismu.<\/p>\n<h2>Mechanismus \u00fa\u010dinku:<\/h2>\n<p>MOTS-c p\u016fsob\u00ed p\u0159edev\u0161\u00edm prost\u0159ednictv\u00edm aktivace dr\u00e1hy AMPK, kter\u00e1 je kritick\u00fdm regul\u00e1torem energetick\u00e9 homeost\u00e1zy. Aktivac\u00ed AMPK zvy\u0161uje MOTS-c p\u0159\u00edjem gluk\u00f3zy ve svalov\u00fdch bu\u0148k\u00e1ch, zvy\u0161uje oxidaci mastn\u00fdch kyselin a sni\u017euje akumulaci lipid\u016f. Tento \u00fa\u010dinek vede ke zlep\u0161en\u00ed citlivosti na inzul\u00edn, co\u017e je zvl\u00e1\u0161t\u011b p\u0159\u00ednosn\u00e9 pro v\u00fdzkum zam\u011b\u0159en\u00fd na metabolick\u00e9 poruchy, jako je obezita a diabetes 2. typu. Krom\u011b toho MOTS-c pom\u00e1h\u00e1 regulovat biogenezi mitochondri\u00ed, \u010d\u00edm\u017e zaji\u0161\u0165uje \u00fa\u010dinnou produkci a vyu\u017eit\u00ed energie v bu\u0148k\u00e1ch. Selektivn\u00ed p\u016fsoben\u00ed p\u0159\u00edpravku MOTS-c minimalizuje rizika obvykle spojen\u00e1 s metabolick\u00fdmi intervencemi a nab\u00edz\u00ed c\u00edlen\u00fd p\u0159\u00edstup ke zlep\u0161en\u00ed metabolick\u00e9ho zdrav\u00ed bez negativn\u00edho ovlivn\u011bn\u00ed nec\u00edlov\u00fdch tk\u00e1n\u00ed.<\/p>\n<h2>V\u00fdhody:<\/h2>\n<p>Pravideln\u00e9 pod\u00e1v\u00e1n\u00ed p\u0159\u00edpravku MOTS-c ve v\u00fdzkumn\u00fdch podm\u00ednk\u00e1ch m\u016f\u017ee v\u00e9st ke znateln\u00e9mu zlep\u0161en\u00ed metabolick\u00fdch funkc\u00ed, v\u010detn\u011b zv\u00fd\u0161en\u00e9ho \u00fabytku tuku, zv\u00fd\u0161en\u00e9 citlivosti na inzul\u00edn a lep\u0161\u00ed celkov\u00e9 energetick\u00e9 hladiny. V\u00fdzkumn\u00edci zjistili, \u017ee MOTS-c podporuje trvalou vytrvalost a odolnost, tak\u017ee je ide\u00e1ln\u00ed pro studie t\u00fdkaj\u00edc\u00ed se fyzick\u00e9 v\u00fdkonnosti a metabolick\u00e9ho zdrav\u00ed. Mezi sekund\u00e1rn\u00ed p\u0159\u00ednosy pat\u0159\u00ed zlep\u0161en\u00ed t\u011blesn\u00e9ho slo\u017een\u00ed s posunem ke \u0161t\u00edhlej\u0161\u00ed svalov\u00e9 hmot\u011b a sn\u00ed\u017een\u00ed hromad\u011bn\u00ed tuku. Slou\u010denina je obzvl\u00e1\u0161t\u011b \u00fa\u010dinn\u00e1 pro v\u00fdzkum zam\u011b\u0159en\u00fd na metabolick\u00e9 stavy, \u00fabytek souvisej\u00edc\u00ed s v\u011bkem a zv\u00fd\u0161en\u00ed fyzick\u00e9 v\u00fdkonnosti u sportovc\u016f i st\u00e1rnouc\u00ed populace.<\/p>\n<h2>Pro\u010d Powerock Pharma:<\/h2>\n<p>Ve spole\u010dnosti Powerock Pharma se zavazujeme poskytovat bezkonkuren\u010dn\u00ed kvalitu a spolehlivost ka\u017ed\u00e9ho produktu, kter\u00fd nab\u00edz\u00edme. N\u00e1\u0161 p\u0159\u00edpravek MOTS-c (human) se vyr\u00e1b\u00ed v nejmodern\u011bj\u0161\u00edch za\u0159\u00edzen\u00edch, kter\u00e1 dodr\u017euj\u00ed nejp\u0159\u00edsn\u011bj\u0161\u00ed pr\u016fmyslov\u00e9 normy, v\u010detn\u011b certifikac\u00ed GMP, HACCP a ISO 13485. Ka\u017ed\u00e1 \u0161ar\u017ee proch\u00e1z\u00ed p\u0159\u00edsn\u00fdm testov\u00e1n\u00edm, kter\u00e9 zaji\u0161\u0165uje \u010distotu, \u00fa\u010dinnost a konzistenci, a poskytuje v\u00fdzkumn\u00fdm pracovn\u00edk\u016fm produkt, kter\u00e9mu mohou d\u016fv\u011b\u0159ovat. P\u0159i ov\u011b\u0159ov\u00e1n\u00ed \u00fa\u010dinnosti na\u0161ich produkt\u016f spolupracujeme s p\u0159edn\u00edmi laborato\u0159emi, kter\u00e9 zaji\u0161\u0165uj\u00ed, \u017ee MOTS-c spl\u0148uje p\u0159\u00edsn\u00e9 po\u017eadavky \u0161pi\u010dkov\u00e9ho v\u00fdzkumu. Kdy\u017e si vyberete spole\u010dnost Powerock Pharma, vyb\u00edr\u00e1te si partnera, kter\u00fd je oddan\u00fd dokonalosti, bezpe\u010dnosti a v\u011bdeck\u00e9 integrit\u011b.<\/p>\n<h3>Shrnut\u00ed:<\/h3>\n<p>Pokud je c\u00edlem va\u0161eho v\u00fdzkumu prozkoumat hranice zlep\u0161en\u00ed metabolismu a optimalizace v\u00fdkonu, je MOTS-c (\u010dlov\u011bk) ide\u00e1ln\u00edm n\u00e1strojem. Tento peptid, za kter\u00fdm stoj\u00ed p\u0159\u00edsn\u00e1 opat\u0159en\u00ed spole\u010dnosti Powerock Pharma pro kontrolu kvality, je navr\u017een tak, aby v\u00e1m pomohl dos\u00e1hnout spolehliv\u00fdch a reprodukovateln\u00fdch v\u00fdsledk\u016f. Ned\u011blejte kompromisy v kvalit\u011b - objednejte si MOTS-c je\u0161t\u011b dnes a pokro\u010dte ve sv\u00e9m v\u00fdzkumu s jistotou.<\/p>","protected":false},"excerpt":{"rendered":"<p>MOTS-c (lidsk\u00fd) podporuje zlep\u0161en\u00ed metabolick\u00fdch funkc\u00ed aktivac\u00ed dr\u00e1hy AMPK, podporuje odbour\u00e1v\u00e1n\u00ed tuk\u016f a zlep\u0161uje citlivost na inzul\u00edn. Nab\u00edz\u00ed v\u00fdhody, jako je zv\u00fd\u0161en\u00ed energie, vytrvalosti a zlep\u0161en\u00ed metabolick\u00e9ho zdrav\u00ed. Vyberte si Powerock Pharma pro kvalitu a v\u00fdsledky.<\/p>","protected":false},"featured_media":202,"template":"","meta":{"_acf_changed":false,"rank_math_lock_modified_date":false,"inline_featured_image":false},"product_cat":[17],"product_tag":[],"class_list":{"0":"post-86","1":"product","2":"type-product","3":"status-publish","4":"has-post-thumbnail","6":"product_cat-peptide-lyophilizates","9":"first","10":"instock","11":"shipping-taxable","12":"product-type-simple"},"acf":{"chromatogram":642,"metoda":{"acftf":{"v":"1.3.24"},"p":{"o":{"uh":0},"ca":""},"c":[{"p":""}],"h":[{"c":""}],"b":[[{"c":""}]]}},"_links":{"self":[{"href":"https:\/\/powerockpharma.com\/cs\/wp-json\/wp\/v2\/product\/86","targetHints":{"allow":["GET"]}}],"collection":[{"href":"https:\/\/powerockpharma.com\/cs\/wp-json\/wp\/v2\/product"}],"about":[{"href":"https:\/\/powerockpharma.com\/cs\/wp-json\/wp\/v2\/types\/product"}],"wp:featuredmedia":[{"embeddable":true,"href":"https:\/\/powerockpharma.com\/cs\/wp-json\/wp\/v2\/media\/202"}],"wp:attachment":[{"href":"https:\/\/powerockpharma.com\/cs\/wp-json\/wp\/v2\/media?parent=86"}],"wp:term":[{"taxonomy":"product_cat","embeddable":true,"href":"https:\/\/powerockpharma.com\/cs\/wp-json\/wp\/v2\/product_cat?post=86"},{"taxonomy":"product_tag","embeddable":true,"href":"https:\/\/powerockpharma.com\/cs\/wp-json\/wp\/v2\/product_tag?post=86"}],"curies":[{"name":"wp","href":"https:\/\/api.w.org\/{rel}","templated":true}]}}