{"id":87,"date":"2024-08-04T17:00:58","date_gmt":"2024-08-04T15:00:58","guid":{"rendered":"https:\/\/powerockpharma.com\/?post_type=product&#038;p=87"},"modified":"2025-11-12T06:56:59","modified_gmt":"2025-11-12T05:56:59","slug":"peg-mgf","status":"publish","type":"product","link":"https:\/\/powerockpharma.com\/cs\/peptide-lyophilizates\/peg-mgf\/","title":{"rendered":"PEG MGF"},"content":{"rendered":"<h2>Vlastnosti:<\/h2>\n<p>PEG MGF (pegylovan\u00fd mechano r\u016fstov\u00fd faktor) je siln\u00fd peptid, kter\u00fd je zn\u00e1m\u00fd sv\u00fdm v\u00fdznamn\u00fdm vlivem na r\u016fst a obnovu sval\u016f, co\u017e z n\u011bj \u010din\u00ed \u0161pi\u010dkovou volbu pro v\u00fdzkumn\u00edky zam\u011b\u0159en\u00e9 na zv\u00fd\u0161en\u00ed svalov\u00e9 hypertrofie a regenerace. Tato slou\u010denina funguje tak, \u017ee stimuluje satelitn\u00ed bu\u0148ky, kter\u00e9 hraj\u00ed kl\u00ed\u010dovou roli p\u0159i regeneraci a r\u016fstu sval\u016f. Zah\u00e1jen\u00edm procesu obnovy a zv\u00fd\u0161en\u00edm proliferace t\u011bchto bun\u011bk p\u0159isp\u00edv\u00e1 PEG MGF k rychlej\u0161\u00ed regeneraci, zv\u00fd\u0161en\u00ed svalov\u00e9 hmoty a celkov\u00e9mu zlep\u0161en\u00ed v\u00fdkonnosti.<\/p>\n<h2>Mechanismus \u00fa\u010dinku:<\/h2>\n<p>P\u016fsoben\u00ed PEG MGF spo\u010d\u00edv\u00e1 v jeho schopnosti aktivovat a rekrutovat satelitn\u00ed bu\u0148ky do m\u00edsta po\u0161kozen\u00ed svalu. Tyto bu\u0148ky jsou nezbytn\u00e9 pro opravu a v\u00fdstavbu nov\u00e9 svalov\u00e9 tk\u00e1n\u011b. Kdy\u017e je PEG MGF zaveden, napodobuje p\u0159irozen\u00e9 r\u016fstov\u00e9 faktory uvol\u0148ovan\u00e9 t\u011blem b\u011bhem cvi\u010den\u00ed a c\u00edlen\u011b se zam\u011b\u0159uje na svalov\u00e1 vl\u00e1kna, kter\u00e1 byla vystavena stresu nebo zran\u011bn\u00ed. Tento selektivn\u00ed mechanismus zaji\u0161\u0165uje urychlen\u00ed regenerace sval\u016f bez typick\u00fdch nev\u00fdhod spojen\u00fdch s nec\u00edlen\u00fdmi r\u016fstov\u00fdmi l\u00e1tkami. Proces pegylace nav\u00edc prodlu\u017euje polo\u010das rozpadu MGF v krevn\u00edm \u0159e\u010di\u0161ti, co\u017e umo\u017e\u0148uje trval\u00fd a dlouhodob\u00fd \u00fa\u010dinek, kter\u00fd je z\u00e1sadn\u00ed pro optimalizaci obnovy a r\u016fstu sval\u016f v \u010dase.<\/p>\n<h2>V\u00fdhody:<\/h2>\n<p>V\u00fdzkum s PEG MGF trvale prok\u00e1zal jeho schopnost p\u0159in\u00e1\u0161et znateln\u00fd n\u00e1r\u016fst svalov\u00e9 hmoty, zv\u00fd\u0161en\u00ed s\u00edly a v\u00fdrazn\u00e9 zkr\u00e1cen\u00ed doby regenerace. U\u017eivatel\u00e9 mohou tak\u00e9 pozorovat zlep\u0161en\u00ed svalov\u00e9 hustoty a vytrvalosti, proto\u017ee slou\u010denina nejen urychluje regeneraci, ale tak\u00e9 podporuje tvorbu nov\u00fdch svalov\u00fdch vl\u00e1ken. C\u00edlen\u00fd \u00fa\u010dinek PEG MGF nav\u00edc pom\u00e1h\u00e1 p\u0159edch\u00e1zet svalov\u00e9 atrofii v obdob\u00ed ne\u010dinnosti, tak\u017ee je obzvl\u00e1\u0161t\u011b prosp\u011b\u0161n\u00fd pro ty, kte\u0159\u00ed se zotavuj\u00ed po zran\u011bn\u00ed nebo se zapojuj\u00ed do n\u00e1ro\u010dn\u00fdch tr\u00e9ninkov\u00fdch cykl\u016f. Mezi vedlej\u0161\u00ed uv\u00e1d\u011bn\u00e9 p\u0159\u00ednosy pat\u0159\u00ed zv\u00fd\u0161en\u00e1 prokrvenost, lep\u0161\u00ed celkov\u00e1 \u00farove\u0148 energie a lep\u0161\u00ed definice sval\u016f.<\/p>\n<h2>Pro\u010d Powerock Pharma:<\/h2>\n<p>N\u00e1\u0161 z\u00e1vazek k dokonalosti zaji\u0161\u0165uje, \u017ee ka\u017ed\u00e1 \u0161ar\u017ee PEG MGF je vyr\u00e1b\u011bna v nejmodern\u011bj\u0161\u00edch za\u0159\u00edzen\u00edch, kter\u00e1 spl\u0148uj\u00ed nejp\u0159\u00edsn\u011bj\u0161\u00ed pr\u016fmyslov\u00e9 normy, v\u010detn\u011b GMP, HACCP a ISO 13485. Na\u0161e p\u0159\u00edsn\u00e9 testovac\u00ed protokoly zaru\u010duj\u00ed, \u017ee produkt, kter\u00fd obdr\u017e\u00edte, m\u00e1 nejvy\u0161\u0161\u00ed \u010distotu a \u00fa\u010dinnost, co\u017e zaji\u0161\u0165uje spolehliv\u00e9 a konzistentn\u00ed v\u00fdsledky ve va\u0161em v\u00fdzkumu. Spolupracujeme s p\u0159edn\u00edmi laborato\u0159emi, abychom ov\u011b\u0159ili ka\u017ed\u00fd krok v\u00fdrobn\u00edho procesu, tak\u017ee se m\u016f\u017eete spolehnout, \u017ee PEG MGF od spole\u010dnosti Powerock Pharma poskytne v\u00fdsledky, kter\u00e9 o\u010dek\u00e1v\u00e1te, bez kompromis\u016f. A\u0165 u\u017e se v\u00e1\u0161 v\u00fdzkum zam\u011b\u0159uje na regeneraci sval\u016f, zvy\u0161ov\u00e1n\u00ed v\u00fdkonnosti nebo zotaven\u00ed po zran\u011bn\u00ed, n\u00e1\u0161 PEG MGF je spolehlivou volbou.<\/p>\n<h3>Shrnut\u00ed:<\/h3>\n<p>Pokud chcete pokro\u010dit ve v\u00fdzkumu r\u016fstu a regenerace sval\u016f, PEG MGF nab\u00edz\u00ed v\u011bdecky podlo\u017een\u00e9 \u0159e\u0161en\u00ed, kter\u00e9 je \u00fa\u010dinn\u00e9 a bezpe\u010dn\u00e9. Tento peptid, za kter\u00fdm stoj\u00ed p\u0159\u00edsn\u00e9 kontroly kvality spole\u010dnosti Powerock Pharma, je navr\u017een tak, aby p\u0159esn\u011b a spolehliv\u011b podporoval va\u0161e v\u00fdzkumn\u00e9 c\u00edle. Nespokojte se s hor\u0161\u00edm - objednejte si PEG MGF je\u0161t\u011b dnes a poznejte rozd\u00edl v kvalit\u011b a v\u00fdsledc\u00edch, kter\u00e9 spole\u010dnost Powerock Pharma trvale poskytuje.<\/p>","protected":false},"excerpt":{"rendered":"<p>PEG MGF podporuje r\u016fst sval\u016f aktivac\u00ed satelitn\u00edch bun\u011bk a zlep\u0161uje obnovu sval\u016f. Napom\u00e1h\u00e1 rychlej\u0161\u00ed regeneraci a obnov\u011b sval\u016f. Vyberte si Powerock Pharma pro \u010distotu a konzistentn\u00ed v\u00fdsledky.<\/p>","protected":false},"featured_media":210,"template":"","meta":{"_acf_changed":false,"rank_math_lock_modified_date":false,"inline_featured_image":false},"product_cat":[17],"product_tag":[],"class_list":{"0":"post-87","1":"product","2":"type-product","3":"status-publish","4":"has-post-thumbnail","6":"product_cat-peptide-lyophilizates","9":"first","10":"instock","11":"shipping-taxable","12":"product-type-simple"},"acf":{"chromatogram":630,"metoda":{"acftf":{"v":"1.3.24"},"p":{"o":{"uh":0},"ca":""},"c":[{"p":""}],"h":[{"c":""}],"b":[[{"c":""}]]}},"_links":{"self":[{"href":"https:\/\/powerockpharma.com\/cs\/wp-json\/wp\/v2\/product\/87","targetHints":{"allow":["GET"]}}],"collection":[{"href":"https:\/\/powerockpharma.com\/cs\/wp-json\/wp\/v2\/product"}],"about":[{"href":"https:\/\/powerockpharma.com\/cs\/wp-json\/wp\/v2\/types\/product"}],"wp:featuredmedia":[{"embeddable":true,"href":"https:\/\/powerockpharma.com\/cs\/wp-json\/wp\/v2\/media\/210"}],"wp:attachment":[{"href":"https:\/\/powerockpharma.com\/cs\/wp-json\/wp\/v2\/media?parent=87"}],"wp:term":[{"taxonomy":"product_cat","embeddable":true,"href":"https:\/\/powerockpharma.com\/cs\/wp-json\/wp\/v2\/product_cat?post=87"},{"taxonomy":"product_tag","embeddable":true,"href":"https:\/\/powerockpharma.com\/cs\/wp-json\/wp\/v2\/product_tag?post=87"}],"curies":[{"name":"wp","href":"https:\/\/api.w.org\/{rel}","templated":true}]}}