{"id":88,"date":"2024-08-04T17:01:27","date_gmt":"2024-08-04T15:01:27","guid":{"rendered":"https:\/\/powerockpharma.com\/?post_type=product&#038;p=88"},"modified":"2025-11-12T06:59:38","modified_gmt":"2025-11-12T05:59:38","slug":"n-acetyl-epithalon","status":"publish","type":"product","link":"https:\/\/powerockpharma.com\/cs\/peptide-lyophilizates\/n-acetyl-epithalon\/","title":{"rendered":"N-ACETYL EPITHALON"},"content":{"rendered":"<h2>Vlastnosti:<\/h2>\n<p>N-acetyl epithalon, zn\u00e1m\u00fd tak\u00e9 jako epithalamin nebo epithalon, je syntetick\u00fd peptid se siln\u00fdmi \u00fa\u010dinky proti st\u00e1rnut\u00ed. Je vysoce cen\u011bn pro svou schopnost zvy\u0161ovat bun\u011b\u010dnou dlouhov\u011bkost, d\u00edky \u010demu\u017e je obl\u00edbenou volbou mezi v\u00fdzkumn\u00edky zam\u011b\u0159en\u00fdmi na studie souvisej\u00edc\u00ed s v\u011bkem. Tento peptid p\u016fsob\u00ed p\u0159edev\u0161\u00edm modulac\u00ed aktivity telomer\u00e1zy, enzymu, kter\u00fd hraje kl\u00ed\u010dovou roli p\u0159i udr\u017eov\u00e1n\u00ed d\u00e9lky telomer, co\u017e jsou ochrann\u00e1 v\u00ed\u010dka na konc\u00edch chromozom\u016f. V pr\u016fb\u011bhu \u010dasu se telomery p\u0159i d\u011blen\u00ed bun\u011bk p\u0159irozen\u011b zkracuj\u00ed, co\u017e vede ke st\u00e1rnut\u00ed bun\u011bk a sn\u00ed\u017een\u00ed jejich funk\u010dnosti. N-acetyl epithalon p\u016fsob\u00ed tak, \u017ee stimuluje aktivitu telomer\u00e1zy, \u010d\u00edm\u017e pom\u00e1h\u00e1 udr\u017eovat d\u00e9lku telomer a podporuje zdrav\u00ed a vitalitu bun\u011bk.<\/p>\n<h2>Mechanismus \u00fa\u010dinku:<\/h2>\n<p>\u00da\u010dinek N-acetyl epitalonu se soust\u0159ed\u00ed na jeho schopnost ovliv\u0148ovat aktivitu telomer\u00e1zy, enzymu, kter\u00fd p\u0159\u00edmo ovliv\u0148uje st\u00e1rnut\u00ed bun\u011bk. Podporou aktivity telomer\u00e1zy pom\u00e1h\u00e1 N-acetyl epithalon zachovat d\u00e9lku telomer, \u010d\u00edm\u017e \u00fa\u010dinn\u011b zpomaluje proces st\u00e1rnut\u00ed bun\u011bk. To vede k \u0159ad\u011b v\u00fdhod, v\u010detn\u011b zlep\u0161en\u00ed funkce bun\u011bk, zv\u00fd\u0161en\u00ed imunitn\u00ed odpov\u011bdi a zv\u00fd\u0161en\u00ed celkov\u00e9 vitality. Krom\u011b toho bylo pozorov\u00e1no, \u017ee N-acetyl epithalon zlep\u0161uje p\u0159irozen\u00e9 cirkadi\u00e1nn\u00ed rytmy organismu, co\u017e vede k lep\u0161\u00ed kvalit\u011b sp\u00e1nku a celkov\u00e9 pohod\u011b. Jeho selektivn\u00ed mechanismus zaji\u0161\u0165uje, \u017ee se prim\u00e1rn\u011b zam\u011b\u0159uje na telomery, ani\u017e by zp\u016fsoboval ne\u017e\u00e1douc\u00ed \u00fa\u010dinky na nec\u00edlov\u00e9 tk\u00e1n\u011b, co\u017e z n\u011bj \u010din\u00ed bezpe\u010dn\u011bj\u0161\u00ed variantu pro dlouhodob\u00fd v\u00fdzkum zam\u011b\u0159en\u00fd na st\u00e1rnut\u00ed a dlouhov\u011bkost.<\/p>\n<h2>V\u00fdhody:<\/h2>\n<p>D\u016fsledn\u00e9 u\u017e\u00edv\u00e1n\u00ed N-acetyl epithalonu ve v\u00fdzkumn\u00fdch studi\u00edch vedlo k mnoha p\u0159\u00ednos\u016fm, v\u010detn\u011b prodlou\u017een\u00ed \u017eivotnosti na bun\u011b\u010dn\u00e9 \u00farovni, zlep\u0161en\u00ed sp\u00e1nku, pos\u00edlen\u00ed imunitn\u00ed funkce a celkov\u00e9mu zv\u00fd\u0161en\u00ed vitality a energie. V\u00fdzkumn\u00edci zaznamenali tak\u00e9 sekund\u00e1rn\u00ed p\u0159\u00ednosy, jako je lep\u0161\u00ed stabilizace n\u00e1lady, sn\u00ed\u017een\u00ed oxida\u010dn\u00edho stresu a zlep\u0161en\u00ed metabolick\u00fdch funkc\u00ed. Tato slou\u010denina je obzvl\u00e1\u0161t\u011b \u00fa\u010dinn\u00e1 p\u0159i studi\u00edch t\u00fdkaj\u00edc\u00edch se st\u00e1rnut\u00ed, poruch sp\u00e1nku a funkce imunitn\u00edho syst\u00e9mu, co\u017e z n\u00ed \u010din\u00ed cenn\u00fd n\u00e1stroj pro v\u00fdzkumn\u00edky v t\u011bchto oblastech.<\/p>\n<h2>Pro\u010d Powerock Pharma:<\/h2>\n<p>Ve spole\u010dnosti Powerock Pharma je n\u00e1\u0161 z\u00e1vazek k dokonalosti patrn\u00fd v ka\u017ed\u00e9 \u0161ar\u017ei N-acetyl epithalonu, kterou vyr\u00e1b\u00edme. Na\u0161e za\u0159\u00edzen\u00ed spl\u0148uj\u00ed a p\u0159ekra\u010duj\u00ed nejvy\u0161\u0161\u00ed standardy GMP, HACCP a ISO 13485, co\u017e zaru\u010duje, \u017ee obdr\u017e\u00edte bezpe\u010dn\u00fd a \u00fa\u010dinn\u00fd produkt. K ov\u011b\u0159en\u00ed \u010distoty a \u00fa\u010dinnosti na\u0161ich produkt\u016f pou\u017e\u00edv\u00e1me nejmodern\u011bj\u0161\u00ed testovac\u00ed postupy, tak\u017ee se m\u016f\u017eete spolehnout, \u017ee N-acetyl epithalon bude ve va\u0161em v\u00fdzkumu poka\u017ed\u00e9 poskytovat konzistentn\u00ed v\u00fdsledky. Kdy\u017e si vyberete spole\u010dnost Powerock Pharma, vol\u00edte bezkonkuren\u010dn\u00ed kvalitu, spolehlivost a klid, proto\u017ee v\u00edte, \u017ee v\u00e1\u0161 v\u00fdzkum je podporov\u00e1n t\u011bmi nejlep\u0161\u00edmi dostupn\u00fdmi produkty.<\/p>\n<h3>Shrnut\u00ed:<\/h3>\n<p>Pokud je c\u00edlem va\u0161eho v\u00fdzkumu zkoumat mechanismy st\u00e1rnut\u00ed nebo zlep\u0161it zdrav\u00ed bun\u011bk, je N-acetyl epithalon \u0159e\u0161en\u00edm, kter\u00e9 pot\u0159ebujete. Tento produkt, kter\u00fd je podporov\u00e1n p\u0159\u00edsn\u00fdmi kontrolami kvality spole\u010dnosti Powerock Pharma, je navr\u017een tak, aby v\u00e1m pomohl bezpe\u010dn\u011b a efektivn\u011b dos\u00e1hnout v\u00fdznamn\u00fdch v\u00fdsledk\u016f. Nespokojte se s men\u0161\u00edm mno\u017estv\u00edm - objednejte si N-Acetyl Epithalon je\u0161t\u011b dnes a posu\u0148te sv\u016fj v\u00fdzkum na vy\u0161\u0161\u00ed \u00farove\u0148.<\/p>","protected":false},"excerpt":{"rendered":"<p>N-acetyl epithalon podporuje boj proti st\u00e1rnut\u00ed t\u00edm, \u017ee moduluje aktivitu telomer\u00e1zy a podporuje bun\u011b\u010dnou dlouhov\u011bkost. Nab\u00edz\u00ed v\u00fdhody, jako je zlep\u0161en\u00ed sp\u00e1nku, pos\u00edlen\u00ed imunity a zv\u00fd\u0161en\u00ed vitality. Vyberte si Powerock Pharma pro kvalitn\u00ed a konzistentn\u00ed v\u00fdsledky.<\/p>","protected":false},"featured_media":206,"template":"","meta":{"_acf_changed":false,"rank_math_lock_modified_date":false,"inline_featured_image":false},"product_cat":[17],"product_tag":[],"class_list":{"0":"post-88","1":"product","2":"type-product","3":"status-publish","4":"has-post-thumbnail","6":"product_cat-peptide-lyophilizates","9":"first","10":"instock","11":"shipping-taxable","12":"product-type-simple"},"acf":{"chromatogram":639,"metoda":""},"_links":{"self":[{"href":"https:\/\/powerockpharma.com\/cs\/wp-json\/wp\/v2\/product\/88","targetHints":{"allow":["GET"]}}],"collection":[{"href":"https:\/\/powerockpharma.com\/cs\/wp-json\/wp\/v2\/product"}],"about":[{"href":"https:\/\/powerockpharma.com\/cs\/wp-json\/wp\/v2\/types\/product"}],"wp:featuredmedia":[{"embeddable":true,"href":"https:\/\/powerockpharma.com\/cs\/wp-json\/wp\/v2\/media\/206"}],"wp:attachment":[{"href":"https:\/\/powerockpharma.com\/cs\/wp-json\/wp\/v2\/media?parent=88"}],"wp:term":[{"taxonomy":"product_cat","embeddable":true,"href":"https:\/\/powerockpharma.com\/cs\/wp-json\/wp\/v2\/product_cat?post=88"},{"taxonomy":"product_tag","embeddable":true,"href":"https:\/\/powerockpharma.com\/cs\/wp-json\/wp\/v2\/product_tag?post=88"}],"curies":[{"name":"wp","href":"https:\/\/api.w.org\/{rel}","templated":true}]}}